{"id":3644,"date":"2019-02-08T17:13:33","date_gmt":"2019-02-08T16:13:33","guid":{"rendered":"http:\/\/www.feuerwehr-aigen.at\/?page_id=3644"},"modified":"2019-02-08T17:13:36","modified_gmt":"2019-02-08T16:13:36","slug":"26-01-2019-7-wattturnier","status":"publish","type":"page","link":"https:\/\/www.feuerwehr-aigen.at\/?page_id=3644","title":{"rendered":"26.01.2019 &#8211; 7. Wattturnier"},"content":{"rendered":"<section class=\"av_textblock_section \"  itemscope=\"itemscope\" itemtype=\"https:\/\/schema.org\/CreativeWork\" ><div class='avia_textblock  '   itemprop=\"text\" ><\/div><\/section>\n<section class=\"av_textblock_section \"  itemscope=\"itemscope\" itemtype=\"https:\/\/schema.org\/CreativeWork\" ><div class='avia_textblock  '   itemprop=\"text\" ><p><strong>7. Wattturnier der FF Aigen im Ennstal<br \/>\n<\/strong><\/p>\n<\/div><\/section>\n\n<style type=\"text\/css\" data-created_by=\"avia_inline_auto\" id=\"style-css-av-av_one_third-6126cab7d8fab8d08143dd2dacdf673c\">\n.flex_column.av-av_one_third-6126cab7d8fab8d08143dd2dacdf673c{\nborder-radius:0px 0px 0px 0px;\n-webkit-border-radius:0px 0px 0px 0px;\n-moz-border-radius:0px 0px 0px 0px;\n}\n<\/style>\n<div class='flex_column av-av_one_third-6126cab7d8fab8d08143dd2dacdf673c av_one_third  avia-builder-el-2  el_after_av_textblock  el_before_av_two_third  first flex_column_div av-zero-column-padding column-top-margin'   ><style type=\"text\/css\" data-created_by=\"avia_inline_auto\" id=\"style-css-av-av_image-121880f5a88df6b13a3c21dec8af6a81\">\n.avia-image-container.av-av_image-121880f5a88df6b13a3c21dec8af6a81 .av-image-caption-overlay-center{\ncolor:#ffffff;\n}\n<\/style>\n<div  class='avia-image-container av-av_image-121880f5a88df6b13a3c21dec8af6a81 av-styling- avia-align-center  avia-builder-el-3  avia-builder-el-no-sibling  '  itemprop=\"image\" itemscope=\"itemscope\" itemtype=\"https:\/\/schema.org\/ImageObject\" ><div class=\"avia-image-container-inner\"><div class=\"avia-image-overlay-wrap\"><a href=\"https:\/\/www.feuerwehr-aigen.at\/wp-content\/uploads\/2019\/01\/1_wattturnier_aigen_2019.jpg\" class='avia_image' ><img class='wp-image-3615 avia-img-lazy-loading-not-3615 avia_image' src='https:\/\/www.feuerwehr-aigen.at\/wp-content\/uploads\/2019\/01\/1_wattturnier_aigen_2019-180x180.jpg' alt='' title='1_wattturnier_aigen_2019'  itemprop=\"thumbnailUrl\"  \/><\/a><\/div><\/div><\/div><\/div>\n<style type=\"text\/css\" data-created_by=\"avia_inline_auto\" id=\"style-css-av-av_two_third-0aa7055fe62c3622faec82866afbaeb2\">\n.flex_column.av-av_two_third-0aa7055fe62c3622faec82866afbaeb2{\nborder-radius:0px 0px 0px 0px;\n-webkit-border-radius:0px 0px 0px 0px;\n-moz-border-radius:0px 0px 0px 0px;\n}\n<\/style>\n<div class='flex_column av-av_two_third-0aa7055fe62c3622faec82866afbaeb2 av_two_third  avia-builder-el-4  el_after_av_one_third  el_before_av_one_full  flex_column_div av-zero-column-padding column-top-margin'   ><section class=\"av_textblock_section \"  itemscope=\"itemscope\" itemtype=\"https:\/\/schema.org\/CreativeWork\" ><div class='avia_textblock  '   itemprop=\"text\" ><p>Am Samstag den 26. J\u00e4nner 2019 fand das diesj\u00e4hrige Wattturnier der FF- Aigen\/E statt.<\/p>\n<p>P\u00fcnktlich um 13:00 Uhr konnte Ortskommandant HBI Dietmar Wundersamer, 24 Paarungen im R\u00fcsthaus der FF Aigen\/E willkommen hei\u00dfen. Gleich nach der Begr\u00fc\u00dfung wurde durch die Spielleiterin Gudrun Dicker das Spiel er\u00f6ffnet. Wie auch in den vergangenen Jahren, konnten sich einige bekannte Gesichter aus dem obersteirischen Ennstal, im Starterfeld gegen\u00fcbersitzen.<\/p>\n<p>Nach einigen Stunden, in geselliger Runde, standen die diesj\u00e4hrigen Wattsieger fest. Der Sieg ging an die Paarung Mandlberger\/Moosbrugger, am zweiten Platz landeten H\u00e4mmerle\/Schweiger und der dritte Platz ging an K\u00f6berl\/Messingfeld.<\/p>\n<p>Geb\u00fchrenden Dank sprach der Kommandant den Organisatoren Gudrun Dicker und Josef Kerschhaggl aus, die wie jedes Jahr dieses Turnier Best m\u00f6glichst organisieren und vorbereiten. Ein besonderer Dank ergeht jedoch an alle Sponsoren, die das Turnier mit ihren Geld- und Sachpreisen zu einem gro\u00dfartigen Event machten und somit jeder Teilnehmer einen wertvollen Preis entgegennehmen konnte.<\/p>\n<\/div><\/section><\/div>\n<style type=\"text\/css\" data-created_by=\"avia_inline_auto\" id=\"style-css-av-av_one_full-6126cab7d8fab8d08143dd2dacdf673c\">\n.flex_column.av-av_one_full-6126cab7d8fab8d08143dd2dacdf673c{\nborder-radius:0px 0px 0px 0px;\n-webkit-border-radius:0px 0px 0px 0px;\n-moz-border-radius:0px 0px 0px 0px;\n}\n<\/style>\n<div class='flex_column av-av_one_full-6126cab7d8fab8d08143dd2dacdf673c av_one_full  avia-builder-el-6  el_after_av_two_third  avia-builder-el-last  first flex_column_div av-zero-column-padding column-top-margin'   ><section class=\"av_textblock_section \"  itemscope=\"itemscope\" itemtype=\"https:\/\/schema.org\/CreativeWork\" ><div class='avia_textblock  '   itemprop=\"text\" ><\/div><\/section><\/div><\/p>\n","protected":false},"excerpt":{"rendered":"","protected":false},"author":3,"featured_media":0,"parent":0,"menu_order":0,"comment_status":"closed","ping_status":"closed","template":"","meta":{"footnotes":""},"class_list":["post-3644","page","type-page","status-publish","hentry"],"jetpack_sharing_enabled":true,"_links":{"self":[{"href":"https:\/\/www.feuerwehr-aigen.at\/index.php?rest_route=\/wp\/v2\/pages\/3644","targetHints":{"allow":["GET"]}}],"collection":[{"href":"https:\/\/www.feuerwehr-aigen.at\/index.php?rest_route=\/wp\/v2\/pages"}],"about":[{"href":"https:\/\/www.feuerwehr-aigen.at\/index.php?rest_route=\/wp\/v2\/types\/page"}],"author":[{"embeddable":true,"href":"https:\/\/www.feuerwehr-aigen.at\/index.php?rest_route=\/wp\/v2\/users\/3"}],"replies":[{"embeddable":true,"href":"https:\/\/www.feuerwehr-aigen.at\/index.php?rest_route=%2Fwp%2Fv2%2Fcomments&post=3644"}],"version-history":[{"count":1,"href":"https:\/\/www.feuerwehr-aigen.at\/index.php?rest_route=\/wp\/v2\/pages\/3644\/revisions"}],"predecessor-version":[{"id":3645,"href":"https:\/\/www.feuerwehr-aigen.at\/index.php?rest_route=\/wp\/v2\/pages\/3644\/revisions\/3645"}],"wp:attachment":[{"href":"https:\/\/www.feuerwehr-aigen.at\/index.php?rest_route=%2Fwp%2Fv2%2Fmedia&parent=3644"}],"curies":[{"name":"wp","href":"https:\/\/api.w.org\/{rel}","templated":true}]}}