{"id":3641,"date":"2019-02-08T17:09:09","date_gmt":"2019-02-08T16:09:09","guid":{"rendered":"http:\/\/www.feuerwehr-aigen.at\/?page_id=3641"},"modified":"2019-02-09T08:12:03","modified_gmt":"2019-02-09T07:12:03","slug":"03-02-2019-118-wehrversammlung","status":"publish","type":"page","link":"https:\/\/www.feuerwehr-aigen.at\/?page_id=3641","title":{"rendered":"03.02.2019 &#8211; 118. Wehrversammlung"},"content":{"rendered":"<section class=\"av_textblock_section \"  itemscope=\"itemscope\" itemtype=\"https:\/\/schema.org\/CreativeWork\" ><div class='avia_textblock  '   itemprop=\"text\" ><\/div><\/section>\n<section class=\"av_textblock_section \"  itemscope=\"itemscope\" itemtype=\"https:\/\/schema.org\/CreativeWork\" ><div class='avia_textblock  '   itemprop=\"text\" ><p><strong>118. Wehrversammlung der Freiwilligen Feuerwehr Aigen im Ennstal<br \/>\n<\/strong><\/p>\n<\/div><\/section>\n\n<style type=\"text\/css\" data-created_by=\"avia_inline_auto\" id=\"style-css-av-av_one_third-6126cab7d8fab8d08143dd2dacdf673c\">\n.flex_column.av-av_one_third-6126cab7d8fab8d08143dd2dacdf673c{\nborder-radius:0px 0px 0px 0px;\n-webkit-border-radius:0px 0px 0px 0px;\n-moz-border-radius:0px 0px 0px 0px;\n}\n<\/style>\n<div class='flex_column av-av_one_third-6126cab7d8fab8d08143dd2dacdf673c av_one_third  avia-builder-el-2  el_after_av_textblock  el_before_av_two_third  first flex_column_div av-zero-column-padding column-top-margin'   ><style type=\"text\/css\" data-created_by=\"avia_inline_auto\" id=\"style-css-av-av_image-02d8636e77e1505efc635f05222dc2bf\">\n.avia-image-container.av-av_image-02d8636e77e1505efc635f05222dc2bf .av-image-caption-overlay-center{\ncolor:#ffffff;\n}\n<\/style>\n<div  class='avia-image-container av-av_image-02d8636e77e1505efc635f05222dc2bf av-styling- avia-align-center  avia-builder-el-3  avia-builder-el-no-sibling  '  itemprop=\"image\" itemscope=\"itemscope\" itemtype=\"https:\/\/schema.org\/ImageObject\" ><div class=\"avia-image-container-inner\"><div class=\"avia-image-overlay-wrap\"><a href=\"https:\/\/www.feuerwehr-aigen.at\/?portfolio=03-02-2018-118-wehrversammlung\" class='avia_image'  target=\"_blank\"  rel=\"noopener noreferrer\"><img class='wp-image-3631 avia-img-lazy-loading-not-3631 avia_image' src='https:\/\/www.feuerwehr-aigen.at\/wp-content\/uploads\/2019\/02\/WV-2019-02-03-22-180x180.jpg' alt='' title='WV 2019-02-03 (22)'  itemprop=\"thumbnailUrl\"  \/><\/a><\/div><\/div><\/div><\/div>\n\n<style type=\"text\/css\" data-created_by=\"avia_inline_auto\" id=\"style-css-av-av_two_third-0aa7055fe62c3622faec82866afbaeb2\">\n.flex_column.av-av_two_third-0aa7055fe62c3622faec82866afbaeb2{\nborder-radius:0px 0px 0px 0px;\n-webkit-border-radius:0px 0px 0px 0px;\n-moz-border-radius:0px 0px 0px 0px;\n}\n<\/style>\n<div class='flex_column av-av_two_third-0aa7055fe62c3622faec82866afbaeb2 av_two_third  avia-builder-el-4  el_after_av_one_third  el_before_av_one_full  flex_column_div av-zero-column-padding column-top-margin'   ><section class=\"av_textblock_section \"  itemscope=\"itemscope\" itemtype=\"https:\/\/schema.org\/CreativeWork\" ><div class='avia_textblock  '   itemprop=\"text\" ><p>Am vergangenen Sonntag hielt die FF Aigen ihre diesj\u00e4hrige Wehrversammlung im Gasthaus Dornbusch ab.<\/p>\n<p>Auf das herzlichste konnte HBI Dietmar Wundersamer unseren Bereichskommandant OBR Heinz Hartl, Abschnittskommandant ABI Raimund Rojer unseren Hausherrn Bgm Raimund Hager, die Ehrendienstgrade sowie alle erschienen Feuerwehrkameradinnen und Kameraden begr\u00fc\u00dfen.<\/p>\n<p>Nach den Gru\u00dfworten erfolgte der mit Spannung erwartete Bericht des Feuerwehrkommandanten, aus dem hervorging, dass die FF Aigen\/E im vergangenen Jahr zu 75 Eins\u00e4tzen alarmiert wurde und 174 sonstige T\u00e4tigkeiten wie \u00dcbungen, Kirchg\u00e4nge, Wartungsarbeiten und Besprechungen abhielt. Gesamt wurden somit 273 Aktivit\u00e4ten mit insgesamt 7446 Arbeitsstunden durchgef\u00fchrt.<br \/>\nDerzeit besitzt die FF Aigen 81 Mitglieder.<\/p>\n<p>Nach den Totengedenken erfolgten die Berichte der Sonderbeauftragten.<\/p>\n<p>Atemschutzbeauftragter OLM d.F. Daniel Tiefenbacher berichtete, dass derzeit 25 Atemschutztr\u00e4ger f\u00fcr m\u00f6gliche Eins\u00e4tze bereitstehen und der Ausr\u00fcstungsstand auf aktuellen Stand sei.<br \/>\nFunkbeauftragter LM . F. Alexander Th\u00f6ringer berichtete \u00fcber die umfangreichen T\u00e4tigkeiten des vergangenen Jahres.<br \/>\nIm Bereich Sanit\u00e4tswesen konnte BM Bernd Muckenhofer mit \u00dcberzeugung darlegen, welchen wichtigen Stellenwert Erste Hilfe auch im Feuerwehrdienst hat.<br \/>\nDie FF Aigen verf\u00fcgt derzeit \u00fcber 19 ausgebildete Feuerwehrsanit\u00e4ter.<br \/>\nAuch auf dem Gebiet der Feuerwehrjugend wurden wieder zahlreiche Stunden absolviert. So wurde im vergangenen Jahr an den Bereichsjugendleistungsbewerben, Landesjugendleistungsbewerb sowie beim Wissenstest positiv teilgenommen. Auch konnten zwei Jugendmitglieder die Grundausbildung, um in den Aktivstand \u00fcberstellt zu werden, positiv abschlie\u00dfen.<br \/>\nDie FF Aigen musste im vergangenen Jahr zu 4 Waldbr\u00e4nden ausr\u00fccken, die bestm\u00f6glich bew\u00e4ltigt wurden. Weiters berichtete OBI d.F. Ing. Josef Fritz das neue Funkhelme sowie Bekleidung f\u00fcr die Flughelfer angeschafft wurde.<br \/>\nNach dem Bericht des Kassiers OLM d. V. Martin Reiter konnten sich alle von seiner gewissenhaften Arbeit und einem positiven Kassenstand \u00fcberzeugen.<\/p>\n<p>Nach den Berichten der Sonderbeauftragten erfolgte die Angelobung von Susanne Binder, Antonia Egger, Tobias Kaiser und Elisa Wundersamer welche in den Aktivstand \u00fcberstellt wurden.<\/p>\n<p>Im Rahmen der 118. Wehrversammlung bef\u00f6rdert wurden:<\/p>\n<p>Neuaufnahme: FA Dr. Astrid Doppler<\/p>\n<p>Jugend:<br \/>\nBenedikt Binder, Alexander Fritz, Fabian Maar den Dienstgrad JFM rot mit 1 Streifen<br \/>\nBinder Hannah, Kaiser Elisa, Mehrl Anna und Seggl Anna den Dienstgrad<br \/>\nJFM rot mit 2 Streifen<br \/>\nund Steindacher Christoph zum Gruppenkommandant der Feuerwehrjugend ernannt.<\/p>\n<p>Aktivstand:<br \/>\nOFM Albert Mandlberger, OFM Marvin Th\u00f6ringer, OFM David Komatz und OFM Hannes Winner zu HFM<br \/>\nLM d. F. Daniel Tiefenbacher zum OLM d. F.<\/p>\n<p>Im Anschluss daran erfolgten die Gru\u00dfworte von ABI Raimund Rojer, OBR Heinz Hartl und BGM Raimund Hager, welche die sehr gute Zusammenarbeit innerhalb der Feuerwehr sowie auf Bereichs- und Gemeindeebene w\u00fcrdig hervorhoben und sich f\u00fcr die zahlreichen Einsatzstunden und Hilfeleistungen in dem abgelaufenen Jahr bedankten.<\/p>\n<p>Nach den Schlussworten von HBI Dietmar Wundersamer konnten die Kameradinnen und Kameraden noch einen geselligen Nachmittag miteinander erleben und \u00fcber den einen oder anderen Einsatz das letzten Jahres plaudern.<\/p>\n<p>OBI Gerald Kerschhaggl, Pressebeauftragter FF Aigen<\/p>\n<\/div><\/section><\/div>\n<style type=\"text\/css\" data-created_by=\"avia_inline_auto\" id=\"style-css-av-av_one_full-6126cab7d8fab8d08143dd2dacdf673c\">\n.flex_column.av-av_one_full-6126cab7d8fab8d08143dd2dacdf673c{\nborder-radius:0px 0px 0px 0px;\n-webkit-border-radius:0px 0px 0px 0px;\n-moz-border-radius:0px 0px 0px 0px;\n}\n<\/style>\n<div class='flex_column av-av_one_full-6126cab7d8fab8d08143dd2dacdf673c av_one_full  avia-builder-el-6  el_after_av_two_third  avia-builder-el-last  first flex_column_div av-zero-column-padding column-top-margin'   ><section class=\"av_textblock_section \"  itemscope=\"itemscope\" itemtype=\"https:\/\/schema.org\/CreativeWork\" ><div class='avia_textblock  '   itemprop=\"text\" ><\/div><\/section><\/div><\/p>\n","protected":false},"excerpt":{"rendered":"","protected":false},"author":3,"featured_media":0,"parent":0,"menu_order":0,"comment_status":"closed","ping_status":"closed","template":"","meta":{"footnotes":""},"class_list":["post-3641","page","type-page","status-publish","hentry"],"jetpack_sharing_enabled":true,"_links":{"self":[{"href":"https:\/\/www.feuerwehr-aigen.at\/index.php?rest_route=\/wp\/v2\/pages\/3641","targetHints":{"allow":["GET"]}}],"collection":[{"href":"https:\/\/www.feuerwehr-aigen.at\/index.php?rest_route=\/wp\/v2\/pages"}],"about":[{"href":"https:\/\/www.feuerwehr-aigen.at\/index.php?rest_route=\/wp\/v2\/types\/page"}],"author":[{"embeddable":true,"href":"https:\/\/www.feuerwehr-aigen.at\/index.php?rest_route=\/wp\/v2\/users\/3"}],"replies":[{"embeddable":true,"href":"https:\/\/www.feuerwehr-aigen.at\/index.php?rest_route=%2Fwp%2Fv2%2Fcomments&post=3641"}],"version-history":[{"count":6,"href":"https:\/\/www.feuerwehr-aigen.at\/index.php?rest_route=\/wp\/v2\/pages\/3641\/revisions"}],"predecessor-version":[{"id":3671,"href":"https:\/\/www.feuerwehr-aigen.at\/index.php?rest_route=\/wp\/v2\/pages\/3641\/revisions\/3671"}],"wp:attachment":[{"href":"https:\/\/www.feuerwehr-aigen.at\/index.php?rest_route=%2Fwp%2Fv2%2Fmedia&parent=3641"}],"curies":[{"name":"wp","href":"https:\/\/api.w.org\/{rel}","templated":true}]}}