{"id":358,"date":"2009-07-17T13:43:29","date_gmt":"2009-07-17T13:43:29","guid":{"rendered":"http:\/\/feuerwehr-aigen.d2solution.net\/index.php\/grillen\/"},"modified":"2017-09-07T01:39:50","modified_gmt":"2017-09-07T00:39:50","slug":"grillen","status":"publish","type":"page","link":"https:\/\/www.feuerwehr-aigen.at\/?page_id=358","title":{"rendered":"Grillen"},"content":{"rendered":"<p>Ob in der freien Natur, im Garten oder auf der Terrasse, Grillen stellt f\u00fcr viele Menschen eine beliebte Freizeitbesch\u00e4ftigung dar. Das gem\u00fctliche Beisammensein, kann aber abrupt ein Ende haben, denn j\u00e4hrlich ereignen sich in \u00d6sterreich zahlreiche Unf\u00e4lle beim Grillen. Nicht nur beim Anz\u00fcnden der Kohle, sondern auch beim eigentlichen Grillen, lauern viele Gefahren. Diese k\u00f6nnen aber durch das Einhalten von einigen Sicherheitstipps minimiert werden.<\/p>\n<p><img loading=\"lazy\" decoding=\"async\" title=\"Griller\" src=\"http:\/\/feuerwehr-aigen.at\/wp-content\/uploads\/2009\/07\/Sicherheit_griller.gif\" alt=\"Griller\" width=\"156\" height=\"143\" align=\"right\" border=\"0\" hspace=\"5\" \/><\/p>\n<p><strong>\u2022 Sicherer und stabiler Stand:<\/strong><\/p>\n<p>Achten Sie stets auf einen stabilen Stand Ihres Griller bereits vor dem entz\u00fcnden der Kohle! Nachdem die Kohle angeheizt wurde, sollte der Grill nicht mehr bewegt werden. Beachten Sie weiters, dass Sie gen\u00fcgend Abstand zu leicht entflammbaren Materialien (z.B.: trockene Str\u00e4ucher od. Gras, Spiritus, &#8230;) halten.<\/p>\n<p><strong>\u2022 Grillen nur im Freien:<\/strong><\/p>\n<p>Ben\u00fctzen Sie Kohle- und Gasgriller ausschlie\u00dflich im Freien. F\u00fcr geschlossene R\u00e4ume eignen sich lediglich elektrische Grillger\u00e4te.<\/p>\n<p><strong>\u2022 Verwendung von Anz\u00fcndhilfen:<\/strong><\/p>\n<p>Zum entz\u00fcnden der Kohle sollten Sie auf alle F\u00e4lle Anz\u00fcndhilfen verwenden. Solche Anz\u00fcndhilfen sind zum Beispiel spezielle Grillanz\u00fcnder. Auch ein f\u00fcr diese Aufgabe gefertigter Anz\u00fcndkamin eignet sich hervorragend zum anheizen der Kohle.<span style=\"color: #333333; font-family: helvetica;\"><br \/>\n<\/span><span style=\"color: #c80000;\">Spiritus und Benzin sind auf Grund der Gefahr von unkontrollierbaren Stichflammen\u00a0nicht geeignet, um die Kohle zu entz\u00fcnden.<\/span><span style=\"color: #dc143c;\"><br \/>\n<\/span><span style=\"color: #333333; font-family: helvetica;\">\u00a0<\/span><\/p>\n<p><strong>\u2022 Richtige Bekleidung:<\/strong><\/p>\n<p>Beim Grillen sollten Sie auf Kleidung aus Kunststoff verzichten. Am besten w\u00e4re eine spezielle Grillsch\u00fcrtze geeignet. Weiters sollten Sie w\u00e4hrend des Grillens Grillhandschuhe tragen.<\/p>\n<p><strong>\u2022 Nach dem Grillen:<\/strong><\/p>\n<p>Nach dem Grillen sollte Sie die verbleibende Glut l\u00f6schen, oder zumindest solange im Auge behalten, bis diese von selbst erloschen ist.<\/p>\n<p><strong>\u2022 Vorsorge:<\/strong><\/p>\n<p>Stellen Sie sicher, dass sich L\u00f6schhilfen (z.B.: Feuerl\u00f6scher, Eimer mit Wasser, &#8230;) in der N\u00e4he des Grills befinden, um ein eventuell auftretendes Feuer zu l\u00f6schen.<\/p>\n<p>&nbsp;<\/p>\n<p>&nbsp;<\/p>\n","protected":false},"excerpt":{"rendered":"<p>Ob in der freien Natur, im Garten oder auf der Terrasse, Grillen stellt f\u00fcr viele Menschen eine beliebte Freizeitbesch\u00e4ftigung dar. Das gem\u00fctliche Beisammensein, kann aber abrupt ein Ende haben, denn j\u00e4hrlich ereignen sich in \u00d6sterreich zahlreiche Unf\u00e4lle beim Grillen. Nicht nur beim Anz\u00fcnden der Kohle, sondern auch beim eigentlichen Grillen, lauern viele Gefahren. Diese k\u00f6nnen [&hellip;]<\/p>\n","protected":false},"author":1,"featured_media":0,"parent":308,"menu_order":2,"comment_status":"closed","ping_status":"closed","template":"","meta":{"footnotes":""},"class_list":["post-358","page","type-page","status-publish","hentry"],"jetpack_sharing_enabled":true,"_links":{"self":[{"href":"https:\/\/www.feuerwehr-aigen.at\/index.php?rest_route=\/wp\/v2\/pages\/358","targetHints":{"allow":["GET"]}}],"collection":[{"href":"https:\/\/www.feuerwehr-aigen.at\/index.php?rest_route=\/wp\/v2\/pages"}],"about":[{"href":"https:\/\/www.feuerwehr-aigen.at\/index.php?rest_route=\/wp\/v2\/types\/page"}],"author":[{"embeddable":true,"href":"https:\/\/www.feuerwehr-aigen.at\/index.php?rest_route=\/wp\/v2\/users\/1"}],"replies":[{"embeddable":true,"href":"https:\/\/www.feuerwehr-aigen.at\/index.php?rest_route=%2Fwp%2Fv2%2Fcomments&post=358"}],"version-history":[{"count":4,"href":"https:\/\/www.feuerwehr-aigen.at\/index.php?rest_route=\/wp\/v2\/pages\/358\/revisions"}],"predecessor-version":[{"id":2817,"href":"https:\/\/www.feuerwehr-aigen.at\/index.php?rest_route=\/wp\/v2\/pages\/358\/revisions\/2817"}],"up":[{"embeddable":true,"href":"https:\/\/www.feuerwehr-aigen.at\/index.php?rest_route=\/wp\/v2\/pages\/308"}],"wp:attachment":[{"href":"https:\/\/www.feuerwehr-aigen.at\/index.php?rest_route=%2Fwp%2Fv2%2Fmedia&parent=358"}],"curies":[{"name":"wp","href":"https:\/\/api.w.org\/{rel}","templated":true}]}}