{"id":351,"date":"2009-04-06T19:20:49","date_gmt":"2009-04-06T19:20:49","guid":{"rendered":"http:\/\/feuerwehr-aigen.d2solution.net\/index.php\/elektrizitaet\/"},"modified":"2016-11-07T23:12:33","modified_gmt":"2016-11-07T23:12:33","slug":"elektrizitaet","status":"publish","type":"page","link":"https:\/\/www.feuerwehr-aigen.at\/?page_id=351","title":{"rendered":"Elektrizit\u00e4t"},"content":{"rendered":"<p><strong>Gefahr durch Elektrizit\u00e4t &#8211; Richtiges Handeln kann Leben retten!<\/strong><br \/>\nElektrizit\u00e4t geh\u00f6rt zu den h\u00e4ufigsten Brandursachen in Privathaushalten! Defekte nicht ordnungsgem\u00e4\u00df hergestellte, betriebene oder unterhaltene elektrische Einrichtungen k\u00f6nnen zu Unf\u00e4llen oder Br\u00e4nden f\u00fchren, deshalb:<\/p>\n<p><a title=\"Elektrizit\u00e4t\" href=\"http:\/\/feuerwehr-aigen.at\/wp-content\/uploads\/2009\/04\/Sicherheit_elektrizitaet.jpg\" target=\"_blank\"><img loading=\"lazy\" decoding=\"async\" class=\"wp-image-350 size-full alignright\" title=\"Elektrizit\u00e4t\" src=\"http:\/\/www.feuerwehr-aigen.at\/wp-content\/uploads\/2009\/04\/Sicherheit_elektrizitaet.jpg\" alt=\"Elektrizit\u00e4t\" width=\"160\" height=\"241\" align=\"left\" border=\"0\" hspace=\"10\" \/><\/a><\/p>\n<blockquote><p>\u2022 Beim Kauf neuer Ger\u00e4te auf die Zeichen GS (gepr\u00fcfte Sicherheit) und \u00d6VE (\u00d6sterreichischer Verband f\u00fcr Elektrotechnik)\u00a0achten. Stets vor Gebrauch eines neu gekauften Ger\u00e4tes sollte die Bedienungsanleitung aufmerksam durchgelesen werden. Auch elektrische Ger\u00e4te bed\u00fcrfen der Pflege und sollten in regelm\u00e4\u00dfigen Abst\u00e4nden \u00fcberpr\u00fcft werden. Dies gilt besonders f\u00fcr Kabel und Stecker. Defekte Ger\u00e4te sollte man nie selbst reparieren, sondern dies immer dem Fachmann \u00fcberlassen.<\/p><\/blockquote>\n<blockquote><p>\u2022 Eingeschaltete Elektroger\u00e4te wie B\u00fcgeleisen, Herd oder Heizstrahler, Tauchsieder oder Fritteusen sollten nie unbeaufsichtigt sein, selbst dann nicht, wenn eine Abstellautomatik am Ger\u00e4t vorhanden ist. Nach Benutzen des Ger\u00e4tes sollte der Stecker gezogen werden, dabei den Stecker jedoch nie am Kabel aus der Steckdose herausrei\u00dfen.<\/p><\/blockquote>\n<blockquote><p>\u2022 Fest verlegte Leitungen gegen mechanische Besch\u00e4digungen, z.B. durch Ansto\u00dfen oder Anfahren sch\u00fctzen. Leitungen soweit wie m\u00f6glich unter Putz legen oder Kunststoffrohre verwenden.<\/p><\/blockquote>\n<blockquote><p>\u2022 Bewegliche Leitungen so legen, dass sie nicht zertreten, \u00fcberfahren, eingeklemmt oder von Tieren zerbissen werden k\u00f6nnen.<\/p><\/blockquote>\n<blockquote><p>\u2022 Nur ordnungsgem\u00e4\u00dfe Sicherungen verwenden. Sicherungen niemals flicken oder \u00fcberbr\u00fccken. Das bedeutet Lebens- und Brandgefahr.<\/p><\/blockquote>\n<blockquote><p>\u2022 Ger\u00e4te, die hei\u00df werden wie Kochger\u00e4te, B\u00fcgeleisen oder Tauchsieder, sollten stets nur auf feuerfester Unterlage abgestellt und nur unter Aufsicht verwendet werden. Bei Benutzung eines Heizstrahlers oder eines Heizl\u00fcfters muss besonders darauf geachtet werden, dass sich keine brennbaren Gegenst\u00e4nde in deren N\u00e4he befinden, die sich durch den Betrieb erhitzen und damit entz\u00fcnden k\u00f6nnten. Gleiches gilt f\u00fcr Lampen in Kellern und auf Speichern. Auch diese k\u00f6nnen durch ihren Betrieb soviel W\u00e4rme erzeugen, dass sie in der N\u00e4he liegende brennbare Gegenst\u00e4nde entz\u00fcnden k\u00f6nnen.<\/p><\/blockquote>\n<blockquote><p>\u2022 Eingeschaltete elektrische Ger\u00e4te und Motoren nicht unbeaufsichtigt lassen und nach der Benutzung vom Stromkreis trennen.<\/p><\/blockquote>\n<blockquote><p>\u2022 Festgestellte M\u00e4ngel an elektrischen Anlagen und Motoren unverz\u00fcglich und nur vom Fachmann beseitigen lassen.<\/p><\/blockquote>\n<p>&nbsp;<\/p>\n","protected":false},"excerpt":{"rendered":"<p>Gefahr durch Elektrizit\u00e4t &#8211; Richtiges Handeln kann Leben retten! Elektrizit\u00e4t geh\u00f6rt zu den h\u00e4ufigsten Brandursachen in Privathaushalten! Defekte nicht ordnungsgem\u00e4\u00df hergestellte, betriebene oder unterhaltene elektrische Einrichtungen k\u00f6nnen zu Unf\u00e4llen oder Br\u00e4nden f\u00fchren, deshalb: \u2022 Beim Kauf neuer Ger\u00e4te auf die Zeichen GS (gepr\u00fcfte Sicherheit) und \u00d6VE (\u00d6sterreichischer Verband f\u00fcr Elektrotechnik)\u00a0achten. Stets vor Gebrauch eines neu [&hellip;]<\/p>\n","protected":false},"author":1,"featured_media":0,"parent":308,"menu_order":4,"comment_status":"closed","ping_status":"closed","template":"","meta":{"footnotes":""},"class_list":["post-351","page","type-page","status-publish","hentry"],"jetpack_sharing_enabled":true,"_links":{"self":[{"href":"https:\/\/www.feuerwehr-aigen.at\/index.php?rest_route=\/wp\/v2\/pages\/351","targetHints":{"allow":["GET"]}}],"collection":[{"href":"https:\/\/www.feuerwehr-aigen.at\/index.php?rest_route=\/wp\/v2\/pages"}],"about":[{"href":"https:\/\/www.feuerwehr-aigen.at\/index.php?rest_route=\/wp\/v2\/types\/page"}],"author":[{"embeddable":true,"href":"https:\/\/www.feuerwehr-aigen.at\/index.php?rest_route=\/wp\/v2\/users\/1"}],"replies":[{"embeddable":true,"href":"https:\/\/www.feuerwehr-aigen.at\/index.php?rest_route=%2Fwp%2Fv2%2Fcomments&post=351"}],"version-history":[{"count":8,"href":"https:\/\/www.feuerwehr-aigen.at\/index.php?rest_route=\/wp\/v2\/pages\/351\/revisions"}],"predecessor-version":[{"id":812,"href":"https:\/\/www.feuerwehr-aigen.at\/index.php?rest_route=\/wp\/v2\/pages\/351\/revisions\/812"}],"up":[{"embeddable":true,"href":"https:\/\/www.feuerwehr-aigen.at\/index.php?rest_route=\/wp\/v2\/pages\/308"}],"wp:attachment":[{"href":"https:\/\/www.feuerwehr-aigen.at\/index.php?rest_route=%2Fwp%2Fv2%2Fmedia&parent=351"}],"curies":[{"name":"wp","href":"https:\/\/api.w.org\/{rel}","templated":true}]}}