{"id":343,"date":"2009-04-06T19:20:23","date_gmt":"2009-04-06T19:20:23","guid":{"rendered":"http:\/\/feuerwehr-aigen.d2solution.net\/index.php\/rauchmelder\/"},"modified":"2016-11-07T23:16:45","modified_gmt":"2016-11-07T23:16:45","slug":"rauchmelder","status":"publish","type":"page","link":"https:\/\/www.feuerwehr-aigen.at\/?page_id=343","title":{"rendered":"Rauchmelder"},"content":{"rendered":"<p><strong>Rauchmelder &#8211; Kleine Lebensretter!\u00a0<\/strong><br \/>\n<span style=\"color: #333333; font-family: helvetica;\"><a title=\"Rauchmelder_01\" href=\"http:\/\/feuerwehr-aigen.at\/wp-content\/uploads\/2009\/04\/Sicherheit_rauchmelder.jpg\" target=\"_blank\"><img loading=\"lazy\" decoding=\"async\" class=\"alignleft wp-image-337 size-medium\" title=\"Rauchmelder_01\" src=\"http:\/\/www.feuerwehr-aigen.at\/wp-content\/uploads\/2009\/04\/Sicherheit_rauchmelder-223x300.jpg\" alt=\"Rauchmelder_01\" width=\"223\" height=\"300\" align=\"left\" border=\"0\" hspace=\"5\" srcset=\"https:\/\/www.feuerwehr-aigen.at\/wp-content\/uploads\/2009\/04\/Sicherheit_rauchmelder-223x300.jpg 223w, https:\/\/www.feuerwehr-aigen.at\/wp-content\/uploads\/2009\/04\/Sicherheit_rauchmelder.jpg 265w\" sizes=\"auto, (max-width: 223px) 100vw, 223px\" \/><\/a><\/span>Die gr\u00f6\u00dfte Gefahr eines Brandes ist nicht das Feuer selbst, sondern viel mehr der entwickelte Rauch. Dieser breitet sich schnell und ger\u00e4uschlos aus. Besonders nachts stellt er eine extreme Gefahr dar, da die Geruchsrezeptoren der Nase w\u00e4hrend des Schlafs abgeschaltet sind. Dieses Risiko wird in der Brandstatistik der Feuerwehren besonders deutlich: Lediglich 35 % aller Br\u00e4nde brechen Nachts aus, bei diesen kommt es aber zu 70 % aller Brandtoten. Dass besonders der Bereich der Privathaushalte ein gro\u00dfes Risiko aufweist zeigt folgender Vergleich:<br \/>\nNur 40 % aller Br\u00e4nde brechen in Privathaushalten aus, hier kommt es aber zu 80 % aller Brandtoten.<\/p>\n<p>&nbsp;<\/p>\n<p><strong>WER WECKT SIE ALSO, WENN ES BEI IHNEN BRENNT? <\/strong><\/p>\n<p>Durchschnittlich bleiben Ihnen vier Minuten ab Brandausbruch zur Flucht. Ihre Nachbarn schlafen genau wie Sie und Ihr Hund im Nebenzimmer merkt von nichts. Rauchmelder sind hierbei preiswerte und zuverl\u00e4ssige Lebensretter.<\/p>\n<p>Absolute Sicherheit vor einem Brandausbruch gibt es nicht, auch wenn Sie noch so vorsichtig sind. Besonders h\u00e4ufige Gr\u00fcnde f\u00fcr einen Brandausbruch sind z\u00fcndelnde Kinder, Zigaretten, technische Defekte in elektrischen Ger\u00e4ten wie Fernseher, Videorekorder oder Stereoanlage, Waschmaschinen und W\u00e4schetrockner sowie Unaufmerksamkeiten in der K\u00fcche. Individuelle Risiken wie Nagetiere als Haustier, die Werkstatt im Keller, der Kamin im Wohnzimmer oder die Spraydose mit Insektengift im sonnendurchfluteten Blumenfenster erh\u00f6hen das Risiko weiter. Sollten Sie an dieser Stelle das Risiko einer Brandentstehung noch immer ausschlie\u00dfen k\u00f6nnen, so bleiben Brandstiftungen und Br\u00e4nde in Nachbarwohnungen, auf die Sie keinen Einfluss haben.<\/p>\n<p><strong>WARUM RAUCHMELDER? <\/strong><\/p>\n<p>Die gl\u00fchende Zigarettenasche auf dem Sofa f\u00fchrt nicht sofort zu einem Feuer. Es kann Stunden dauern, bis aus dieser kleinen Glut ein Schwelbrand im F\u00fcllmaterial entsteht, der ohne offene Flammen enorme Rauchmengen entwickelt. Besonders das darin enthaltene Kohlenmonoxid CO ist t\u00f6dlich. Der Rauch breitet sich im Deckenbereich aus, das abk\u00fchlende CO sinkt ab und f\u00fchrt beim Einatmen zum Erstickungstod. Rauchmelder, leicht an der Decke zu installieren, detektieren den Rauch fr\u00fchzeitig und l\u00f6sen einen lauten Alarm aus. Durch die schnelle Meldung werden nicht nur Leben gerettet, oftmals l\u00e4sst sich der Entstehungsbrand noch ohne Risiko l\u00f6schen, was den Sachschaden minimiert.<\/p>\n<p><strong>WIE FUNKTIONIEREN RAUCHMELDER? <\/strong><\/p>\n<p>&nbsp;<\/p>\n<div style=\"text-align: center;\"><a title=\"Rauchmelder_02\" href=\"http:\/\/www.feuerwehr-aigen.at\/wp-content\/uploads\/2009\/04\/Sicherheit_rauchmelder.bmp\" target=\"_blank\"><img loading=\"lazy\" decoding=\"async\" class=\"alignnone wp-image-340 size-full\" title=\"Rauchmelder_02\" src=\"http:\/\/www.feuerwehr-aigen.at\/wp-content\/uploads\/2009\/04\/Sicherheit_rauchmelder.bmp\" alt=\"Rauchmelder_02\" width=\"440\" height=\"200\" border=\"0\" hspace=\"5\" srcset=\"https:\/\/www.feuerwehr-aigen.at\/wp-content\/uploads\/2009\/04\/Sicherheit_rauchmelder.bmp 440w, https:\/\/www.feuerwehr-aigen.at\/wp-content\/uploads\/2009\/04\/Sicherheit_rauchmelder-300x136.bmp 300w\" sizes=\"auto, (max-width: 440px) 100vw, 440px\" \/><\/a><\/div>\n<div align=\"center\">Funktionsweise eines optischen Rauchmelders<\/div>\n<p>Heimrauchmelder arbeiten nach dem optischen Prinzip. Dabei wird in kurzen Intervallen ein Lichtstrahl durch eine Messkammer geleitet. Treten hier Rauchpartikel ein, wird der Lichtstrahl gestreut und f\u00e4llt auf eine Fotozelle, die dann den Alarm in Form eines lauten Signaltons ausl\u00f6st. Die Stromversorgung erfolgt \u00fcber eine 9 V Blockbatterie, die etwa ein Jahr h\u00e4lt. Bevor diese verbraucht ist, gibt der Rauchmelder Signale ab, so dass ein Ausfall durch eine leere Batterie ausgeschlossen werden kann. Ein Pr\u00fcftaster erm\u00f6glicht die regelm\u00e4\u00dfige Kontrolle der Funktion.<\/p>\n<h5><\/h5>\n<p><strong>WO BRAUCHT MAN RAUCHMELDER?<img loading=\"lazy\" decoding=\"async\" class=\"size-medium wp-image-342 alignright\" src=\"http:\/\/www.feuerwehr-aigen.at\/wp-content\/uploads\/2009\/04\/Sicherheit_rauchmelderhaus_01-300x288.gif\" alt=\"Rauchmelderhaus\" width=\"300\" height=\"288\" \/> <\/strong><\/p>\n<p>Besonders wichtig ist ein Rauchmelder im Flur, da dieser der erste Rettungsweg ist und auch eine direkte Verbindung zu den meisten R\u00e4umen der W<br \/>\nohnung hat.<br \/>\nEin weiterer Rauchmelder sollte in jedem Kinderzimmer angebracht werden, bei mehrst\u00f6ckigen Wohnungen\/H\u00e4usern au\u00dferdem im oberen Bereich des Treppenraums. Generell sollte in jeder Etage mindestens ein Rauchmelder angebracht werden.<\/p>\n<p>&nbsp;<\/p>\n<p><strong>WO GIBT ES RAUCHMELDER UND WORAUF MUSS MAN ACHTEN? <\/strong><\/p>\n<p>Rauchmelder werden in Baum\u00e4rkten und Kaufh\u00e4usern verkauft. Immer h\u00e4ufiger werden sie aber auch von Lebensmitteldiscountern angeboten. Die Ger\u00e4te sollten dabei batteriebetrieben, mit dem CE-Zeichen gekennzeichnet und VdS-gepr\u00fcft sein.<br \/>\nDie Kosten belaufen sich dabei ab 10 Euro.<\/p>\n<p>&nbsp;<\/p>\n","protected":false},"excerpt":{"rendered":"<p>Rauchmelder &#8211; Kleine Lebensretter!\u00a0 Die gr\u00f6\u00dfte Gefahr eines Brandes ist nicht das Feuer selbst, sondern viel mehr der entwickelte Rauch. Dieser breitet sich schnell und ger\u00e4uschlos aus. Besonders nachts stellt er eine extreme Gefahr dar, da die Geruchsrezeptoren der Nase w\u00e4hrend des Schlafs abgeschaltet sind. Dieses Risiko wird in der Brandstatistik der Feuerwehren besonders deutlich: [&hellip;]<\/p>\n","protected":false},"author":1,"featured_media":0,"parent":308,"menu_order":5,"comment_status":"closed","ping_status":"closed","template":"","meta":{"footnotes":""},"class_list":["post-343","page","type-page","status-publish","hentry"],"jetpack_sharing_enabled":true,"_links":{"self":[{"href":"https:\/\/www.feuerwehr-aigen.at\/index.php?rest_route=\/wp\/v2\/pages\/343","targetHints":{"allow":["GET"]}}],"collection":[{"href":"https:\/\/www.feuerwehr-aigen.at\/index.php?rest_route=\/wp\/v2\/pages"}],"about":[{"href":"https:\/\/www.feuerwehr-aigen.at\/index.php?rest_route=\/wp\/v2\/types\/page"}],"author":[{"embeddable":true,"href":"https:\/\/www.feuerwehr-aigen.at\/index.php?rest_route=\/wp\/v2\/users\/1"}],"replies":[{"embeddable":true,"href":"https:\/\/www.feuerwehr-aigen.at\/index.php?rest_route=%2Fwp%2Fv2%2Fcomments&post=343"}],"version-history":[{"count":6,"href":"https:\/\/www.feuerwehr-aigen.at\/index.php?rest_route=\/wp\/v2\/pages\/343\/revisions"}],"predecessor-version":[{"id":813,"href":"https:\/\/www.feuerwehr-aigen.at\/index.php?rest_route=\/wp\/v2\/pages\/343\/revisions\/813"}],"up":[{"embeddable":true,"href":"https:\/\/www.feuerwehr-aigen.at\/index.php?rest_route=\/wp\/v2\/pages\/308"}],"wp:attachment":[{"href":"https:\/\/www.feuerwehr-aigen.at\/index.php?rest_route=%2Fwp%2Fv2%2Fmedia&parent=343"}],"curies":[{"name":"wp","href":"https:\/\/api.w.org\/{rel}","templated":true}]}}