{"id":336,"date":"2009-04-06T19:20:05","date_gmt":"2009-04-06T19:20:05","guid":{"rendered":"http:\/\/feuerwehr-aigen.d2solution.net\/index.php\/brandklassen\/"},"modified":"2017-09-07T01:43:28","modified_gmt":"2017-09-07T00:43:28","slug":"brandklassen","status":"publish","type":"page","link":"https:\/\/www.feuerwehr-aigen.at\/?page_id=336","title":{"rendered":"Brandklassen"},"content":{"rendered":"<p>Alle Stoffe die brennen k\u00f6nnen sind in Brandklassen eingeordnet. Aufgrund der Brandklasse wei\u00df der Fachkundige welches L\u00f6schmittel zu verwenden ist. Die Wahl des richtigen L\u00f6schmittels ist wichtig, da es bei Einsatz eines falschen L\u00f6schmittels zu Problemen (siehe Fettbrand) kommen kann.<\/p>\n<p>&nbsp;<\/p>\n<p><strong>Brandklasse A<span style=\"color: #333333; font-family: helvetica;\"><span style=\"color: #dc143c;\"><br \/>\n<\/span><img decoding=\"async\" class=\" alignleft size-full wp-image-331\" title=\"Brandklasse A\" src=\"http:\/\/feuerwehr-aigen.at\/wp-content\/uploads\/2009\/04\/Sicherheit_brandklasse_a.gif\" alt=\"Brandklasse A\" width=\"60\" align=\"left\" border=\"0\" hspace=\"5\" \/><\/span><\/strong>Unter die Brandklasse A fallen alle festen, brennbaren Stoffe. Diese Brennen vor allem mit Glutbildung, daher muss ein L\u00f6schmittel eingesetzt werden, welches die Glut abl\u00f6scht und nicht nur die Flammen. Das Hauptl\u00f6schmittel f\u00fcr diese Klasse ist Wasser. Es k\u00f6nnen aber auch Schaum- und Pulverl\u00f6scher (aber nur mit Glutbrandpulver, Standard ABC L\u00f6scher) verwendet werden.<\/p>\n<p><em><span style=\"text-decoration: underline;\">Beispiele f\u00fcr Brandklasse A<\/span><br \/>\nHolz, Kohle, Papier, Stroh, Faserstoffe, Textilien,&#8230; <\/em><\/p>\n<p>&nbsp;<\/p>\n<p><strong>Brandklasse B<\/strong><span style=\"color: #333333; font-family: helvetica;\"><br \/>\n<img loading=\"lazy\" decoding=\"async\" class=\" alignleft size-full wp-image-332\" title=\"Brandklasse B\" src=\"http:\/\/feuerwehr-aigen.at\/wp-content\/uploads\/2009\/04\/Sicherheit_brandklasse_b.gif\" alt=\"Brandklasse B\" width=\"60\" height=\"63\" align=\"left\" border=\"0\" hspace=\"5\" \/><\/span>Unter die Brandklasse B fallen alle fl\u00fcssig oder fl\u00fcssig werdenden, brennbaren Stoffe. Fl\u00fcssige Stoffe sind z.B.: Benzin, Diesel, usw. fl\u00fcssig werdende Stoffe sind z.B.: Kunstoffe wie PVC welche bei Hitzeeinwirkung schmelzen und dadurch fl\u00fcssig werden. Diese Stoffe brennen ohne Glut nur mit Flammen (es brennt an sich nicht die Fl\u00fcssigkeit selbst, sondern eine Gasschicht an der Oberfl\u00e4che der Fl\u00fcssigkeit). Br\u00e4nde der Brandklasse B d\u00fcrfen keinesfalls mit Wasser gel\u00f6scht werden. Das Wasser w\u00fcrde verdampfen und brennende Fl\u00fcssigkeitsteilchen mitrei\u00dfen und es k\u00e4me zu einer schlagartigen Verpuffung des brennenden Stoffes (siehe <a title=\"Fettbrand\" href=\"index.php?option=com_content&amp;view=article&amp;id=87&amp;Itemid=103\">Fettbrand<\/a>) F\u00fcr die Brandklasse B kommen nur erstickende L\u00f6schmittel wie z.B.: Schaum und CO2 sowie chemische L\u00f6schmittel wie Pulver zum Einsatz.<\/p>\n<p><em><span style=\"text-decoration: underline;\">Beispiele f\u00fcr Brandklasse B<\/span><br \/>\nBenzin, Benzol, Heiz\u00f6l, \u00c4ther, Alkohol, Harze, Teer, PVC,..<span style=\"color: #333333; font-family: helvetica;\">.<\/span><\/em><\/p>\n<p>&nbsp;<\/p>\n<p><strong>Brandklasse C<\/strong><span style=\"color: #333333; font-family: helvetica;\"><br \/>\n<img loading=\"lazy\" decoding=\"async\" class=\" alignleft size-full wp-image-333\" title=\"Brandklasse C\" src=\"http:\/\/feuerwehr-aigen.at\/wp-content\/uploads\/2009\/04\/Sicherheit_brandklasse_c.gif\" alt=\"Brandklasse C\" width=\"60\" height=\"63\" align=\"left\" border=\"0\" hspace=\"5\" \/><\/span>Unter die Brandklasse C fallen alle brennbaren Gase. Diese verbrennen nur unter Flammen ohne Glut. L\u00f6schmittel wie Wasser, Schaum und CO2 sind daher unbrauchbar. Gasbr\u00e4nde lassen sich mit ihnen nicht l\u00f6schen! Hauptl\u00f6schmittel f\u00fcr die Br\u00e4nde von Gasen ist L\u00f6schpulver (Sowohl das universelle ABC Glutbrandpulver wie auch das BC Flammbrandpulver). Im Normalfall sollte ein Gasbrand (wenn keine Gefahr f\u00fcr die Umgebung besteht) nicht abgel\u00f6scht werden, weil solange das Gas austritt, aber auch verbrennt, gilt der Gasbrand als kontrolliert. L\u00f6scht man jetzt das Feuer ohne die Leckstelle abzudichten (oder die Leitung abzudrehen) str\u00f6mt das Gas weiter aus, verbrennt aber nicht und es herrscht akute Explosionsgefahr! Daher einen Gasbrand nach M\u00f6glichkeit (wenn keine gr\u00f6\u00dfere Gefahr besteht) brennen lassen! Au\u00dferdem sollte das Gas nicht einfach abgedreht werden, da sonst die Gefahr besteht, dass das Gas in der Gasleitung weiter brennt.<\/p>\n<p><em><span style=\"text-decoration: underline;\">Beispiele f\u00fcr Brandklasse C<\/span><br \/>\nAcetylen, Wasserstoff, Methan, Propan, Stadtgas, Erdgas,&#8230; <\/em><\/p>\n<p>&nbsp;<\/p>\n<p><strong>Brandklasse D<span style=\"color: #333333; font-family: helvetica;\"><span style=\"color: #dc143c;\"><br \/>\n<\/span><img loading=\"lazy\" decoding=\"async\" class=\" alignleft size-full wp-image-334\" title=\"Brandklasse D\" src=\"http:\/\/feuerwehr-aigen.at\/wp-content\/uploads\/2009\/04\/Sicherheit_brandklasse_d.gif\" alt=\"Brandklasse D\" width=\"60\" height=\"63\" align=\"left\" border=\"0\" hspace=\"5\" \/><\/span><\/strong>Unter die Brandklasse D fallen brennbare Metalle wie: Natrium, Magnesium und Aluminium. Br\u00e4nde dieser Brandklasse sind zum Gl\u00fcck relativ selten. Wenn es aber zu einem Metallbrand kommt, ist dieser umso schwerer zu l\u00f6schen! Metalle verbrennen unter sehr hohen Temperaturen (bei weit \u00fcber 1000\u00b0C). W\u00fcrde man versuchen so einen Brand mit z.B.: Wasser zu l\u00f6schen, spaltet sich das aufgebrachte Wasser in Wasserstoff und Sauerstoff. Also Knallgas, welches in weiterer Folge explodieren kann! Einzig verwendbare L\u00f6schmittel f\u00fcr Metallbr\u00e4nde, sind ein spezielles Metallbrandpulver oder trockener Sand.<\/p>\n<p><em><span style=\"text-decoration: underline;\">Beispiele f\u00fcr Brandklasse D<\/span><br \/>\nAluminium, Magnesium, Natrium, Kalium,&#8230;<br \/>\n<\/em><span style=\"color: #333333; font-family: helvetica;\"><br \/>\n<\/span><\/p>\n<p><strong>Brandklasse F<\/strong><span style=\"color: #333333; font-family: helvetica;\"><br \/>\n<img loading=\"lazy\" decoding=\"async\" class=\" alignleft size-full wp-image-335\" title=\"Brandklasse F\" src=\"http:\/\/feuerwehr-aigen.at\/wp-content\/uploads\/2009\/04\/Sicherheit_brandklasse_f.gif\" alt=\"Brandklasse F\" width=\"60\" height=\"63\" align=\"left\" border=\"0\" hspace=\"5\" \/><\/span>Unter die Brandklasse\u00a0F fallen Br\u00e4nde von Speise\u00f6le und Speisefette. Eigentlich geh\u00f6ren diese Stoffe in die Brandklasse B (Fl\u00fcssigkeiten). Jedoch durch die eigenen Gefahren, die bei Br\u00e4nden hei\u00dfer Fl\u00fcssigkeiten auftreten, wurde eine neu Brandklasse eingerichtet. Anders als bei normalen Fl\u00fcssigkeitsbr\u00e4nden besteht hier eine sehr gro\u00dfe R\u00fcckz\u00fcndungsgefahr aufgrund der Hitze des Fettes. Darum sind Pulverl\u00f6scher bzw. CO2-L\u00f6scher nur bedingt einsetzbar.<br \/>\nWeiters d\u00fcrfen <a title=\"Fettbrand\" href=\"index.php?option=com_content&amp;view=article&amp;id=87&amp;Itemid=103\">Fettbr\u00e4nde<\/a> nicht mit Wasser gel\u00f6scht werden. Da Wasser leichter als das brennende Fett ist, versinkt es sofort. Durch die Hitze des erhitzten Fettes verdampft jedoch das absinkende L\u00f6schwasser schlagartig (siehe <a title=\"Fettbrand\" href=\"index.php?option=com_content&amp;view=article&amp;id=87&amp;Itemid=103\">Fettbrand<\/a>). Wenn man bedenkt, dass aus 1 Liter Wasser ca. 1700 Liter Wasserdampf entsteht, kann man sich die Wirkung dieses Verdampfen sehr leicht vorstellen. Der Wasserdampf steigt schlagartig nach oben, und rei\u00dft dabei brennende Fettpartikel mit sich. Das Ergebnis ist eine sehr hohe Stichflamme.<br \/>\nHauptl\u00f6schmethoden sind Ersticken (Abdecken mit geeigneten Deckel, L\u00f6schdecken sind nur bedingt geeignet !) und Entzug der W\u00e4rmequelle (Abschalten der Kochplatte) Verwendung spezieller Fettbrandl\u00f6scher<\/p>\n<p><span style=\"text-decoration: underline;\"><em>Beispiele f\u00fcr Brandklasse F<\/em><\/span><br \/>\n<em>Pflanzliche und tierische \u00d6le und Fette, Frittier- und Fettbackger\u00e4te&#8230;<span style=\"color: #333333; font-family: helvetica;\">\u00a0<\/span><\/em><\/p>\n<p>&nbsp;<\/p>\n","protected":false},"excerpt":{"rendered":"<p>Alle Stoffe die brennen k\u00f6nnen sind in Brandklassen eingeordnet. Aufgrund der Brandklasse wei\u00df der Fachkundige welches L\u00f6schmittel zu verwenden ist. Die Wahl des richtigen L\u00f6schmittels ist wichtig, da es bei Einsatz eines falschen L\u00f6schmittels zu Problemen (siehe Fettbrand) kommen kann. &nbsp; Brandklasse A Unter die Brandklasse A fallen alle festen, brennbaren Stoffe. Diese Brennen vor [&hellip;]<\/p>\n","protected":false},"author":1,"featured_media":0,"parent":308,"menu_order":7,"comment_status":"closed","ping_status":"closed","template":"","meta":{"footnotes":""},"class_list":["post-336","page","type-page","status-publish","hentry"],"jetpack_sharing_enabled":true,"_links":{"self":[{"href":"https:\/\/www.feuerwehr-aigen.at\/index.php?rest_route=\/wp\/v2\/pages\/336","targetHints":{"allow":["GET"]}}],"collection":[{"href":"https:\/\/www.feuerwehr-aigen.at\/index.php?rest_route=\/wp\/v2\/pages"}],"about":[{"href":"https:\/\/www.feuerwehr-aigen.at\/index.php?rest_route=\/wp\/v2\/types\/page"}],"author":[{"embeddable":true,"href":"https:\/\/www.feuerwehr-aigen.at\/index.php?rest_route=\/wp\/v2\/users\/1"}],"replies":[{"embeddable":true,"href":"https:\/\/www.feuerwehr-aigen.at\/index.php?rest_route=%2Fwp%2Fv2%2Fcomments&post=336"}],"version-history":[{"count":4,"href":"https:\/\/www.feuerwehr-aigen.at\/index.php?rest_route=\/wp\/v2\/pages\/336\/revisions"}],"predecessor-version":[{"id":2819,"href":"https:\/\/www.feuerwehr-aigen.at\/index.php?rest_route=\/wp\/v2\/pages\/336\/revisions\/2819"}],"up":[{"embeddable":true,"href":"https:\/\/www.feuerwehr-aigen.at\/index.php?rest_route=\/wp\/v2\/pages\/308"}],"wp:attachment":[{"href":"https:\/\/www.feuerwehr-aigen.at\/index.php?rest_route=%2Fwp%2Fv2%2Fmedia&parent=336"}],"curies":[{"name":"wp","href":"https:\/\/api.w.org\/{rel}","templated":true}]}}