{"id":3347,"date":"2018-08-13T20:36:16","date_gmt":"2018-08-13T19:36:16","guid":{"rendered":"http:\/\/www.feuerwehr-aigen.at\/?page_id=3347"},"modified":"2018-08-13T20:42:52","modified_gmt":"2018-08-13T19:42:52","slug":"13-08-2018-waldbrand-trisselwand-altaussee","status":"publish","type":"page","link":"https:\/\/www.feuerwehr-aigen.at\/?page_id=3347","title":{"rendered":"13.08.2018 &#8211; Waldbrand Trisselwand Altaussee"},"content":{"rendered":"<section class=\"av_textblock_section \"  itemscope=\"itemscope\" itemtype=\"https:\/\/schema.org\/CreativeWork\" ><div class='avia_textblock  '   itemprop=\"text\" ><\/div><\/section>\n<section class=\"av_textblock_section \"  itemscope=\"itemscope\" itemtype=\"https:\/\/schema.org\/CreativeWork\" ><div class='avia_textblock  '   itemprop=\"text\" ><p><strong>Erneuter Waldbrand in Altaussee<br \/>\n<\/strong><\/p>\n<\/div><\/section>\n\n<style type=\"text\/css\" data-created_by=\"avia_inline_auto\" id=\"style-css-av-av_one_third-6126cab7d8fab8d08143dd2dacdf673c\">\n.flex_column.av-av_one_third-6126cab7d8fab8d08143dd2dacdf673c{\nborder-radius:0px 0px 0px 0px;\n-webkit-border-radius:0px 0px 0px 0px;\n-moz-border-radius:0px 0px 0px 0px;\n}\n<\/style>\n<div class='flex_column av-av_one_third-6126cab7d8fab8d08143dd2dacdf673c av_one_third  avia-builder-el-2  el_after_av_textblock  el_before_av_two_third  first flex_column_div av-zero-column-padding column-top-margin'   ><style type=\"text\/css\" data-created_by=\"avia_inline_auto\" id=\"style-css-av-av_image-dbc1b70dd31972efd87018506071f54c\">\n.avia-image-container.av-av_image-dbc1b70dd31972efd87018506071f54c .av-image-caption-overlay-center{\ncolor:#ffffff;\n}\n<\/style>\n<div  class='avia-image-container av-av_image-dbc1b70dd31972efd87018506071f54c av-styling- avia-align-center  avia-builder-el-3  avia-builder-el-no-sibling  '  itemprop=\"image\" itemscope=\"itemscope\" itemtype=\"https:\/\/schema.org\/ImageObject\" ><div class=\"avia-image-container-inner\"><div class=\"avia-image-overlay-wrap\"><a href=\"https:\/\/www.feuerwehr-aigen.at\/?portfolio=13-08-2018-waldbrand-trisselwand\" class='avia_image'  target=\"_blank\"  rel=\"noopener noreferrer\"><img class='wp-image-3340 avia-img-lazy-loading-not-3340 avia_image' src='https:\/\/www.feuerwehr-aigen.at\/wp-content\/uploads\/2018\/08\/20180813_123443-300x225.jpg' alt='' title='20180813_123443'  itemprop=\"thumbnailUrl\"  \/><\/a><\/div><\/div><\/div><\/div>\n\n<style type=\"text\/css\" data-created_by=\"avia_inline_auto\" id=\"style-css-av-av_two_third-0aa7055fe62c3622faec82866afbaeb2\">\n.flex_column.av-av_two_third-0aa7055fe62c3622faec82866afbaeb2{\nborder-radius:0px 0px 0px 0px;\n-webkit-border-radius:0px 0px 0px 0px;\n-moz-border-radius:0px 0px 0px 0px;\n}\n<\/style>\n<div class='flex_column av-av_two_third-0aa7055fe62c3622faec82866afbaeb2 av_two_third  avia-builder-el-4  el_after_av_one_third  el_before_av_one_full  flex_column_div av-zero-column-padding column-top-margin'   ><section class=\"av_textblock_section \"  itemscope=\"itemscope\" itemtype=\"https:\/\/schema.org\/CreativeWork\" ><div class='avia_textblock  '   itemprop=\"text\" ><form id=\"ctrl0\" action=\"desktopdefault.aspx\/tabid-1634\/2484_read-37177\/\" enctype=\"multipart\/form-data\" method=\"post\">\n<div>\n<div>\n<div>\n<div id=\"ctl01_contentpane\" data-contentxxl-layoutclass=\"LayoutZoneAny\">\n<div>\n<p>Zu einem neuerlichen Waldbrand, diesmal auf der Gamststelle-Trisselwand wurde die FF Altaussee am Montag um 11 Uhr alarmiert. Da der Einsatzpunkt in sehr unwegsamen Gel\u00e4nde oberhalb des Altausseer-See liegt, wurde unverz\u00fcglich der Waldbrandst\u00fctzpunkt Aigen sowie Hubschrauber angefordert. Dies ging relativ schnell \u00fcber die B\u00fchne, sodass fast gleichzeitig die Hubschrauber vom BMI (Polizei) und Bundesheer in Altaussee eintrafen.<\/p>\n<p>Nach einem Erkundungsflug, wurden 6 Mann mit Schanzwerkzeug und L\u00f6schrucks\u00e4cke zum Brandherd geflogen. Anschlie\u00dfend wurde in Absprache mit den Hubschraubern im See Wasser aufgenommen und \u00fcber dem Brandherd abgeworfen. In insgesamt 26 Rotationen wurden so an die 13.000 Liter Wasser eingesetzt.<\/p>\n<p>Um 14.00 Uhr konnte Brand Aus gegeben werden. Ger\u00e4t und Mannschaft wurden dankenswerterweise wieder ins Tal geflogen und so konnte dieser Einsatz zufriedenstellend abgearbeitet werden.<\/p>\n<\/div>\n<\/div>\n<\/div>\n<\/div>\n<\/div>\n<\/form>\n<\/div><\/section><\/div>\n<style type=\"text\/css\" data-created_by=\"avia_inline_auto\" id=\"style-css-av-av_one_full-6126cab7d8fab8d08143dd2dacdf673c\">\n.flex_column.av-av_one_full-6126cab7d8fab8d08143dd2dacdf673c{\nborder-radius:0px 0px 0px 0px;\n-webkit-border-radius:0px 0px 0px 0px;\n-moz-border-radius:0px 0px 0px 0px;\n}\n<\/style>\n<div class='flex_column av-av_one_full-6126cab7d8fab8d08143dd2dacdf673c av_one_full  avia-builder-el-6  el_after_av_two_third  avia-builder-el-last  first flex_column_div av-zero-column-padding column-top-margin'   ><section class=\"av_textblock_section \"  itemscope=\"itemscope\" itemtype=\"https:\/\/schema.org\/CreativeWork\" ><div class='avia_textblock  '   itemprop=\"text\" ><p><span style=\"text-decoration: underline;\">Eingesetzt waren:<\/span><br \/>\nLKW-A mit 3 Mann<br \/>\nFF Altaussee mit 2 Fahrzeuge und 8 Mann<br \/>\nHubschrauber BMI<br \/>\nHubschrauber Bundesheer<br \/>\nBergrettung<br \/>\nPolizei<\/p>\n<p><a href=\"http:\/\/www.feuerwehr-aigen.at\/?portfolio=13-08-2018-waldbrand-trisselwand\" target=\"_blank\" rel=\"noopener\">zur Bildergalerie \u00bb<\/a><\/p>\n<\/div><\/section><\/div><\/p>\n","protected":false},"excerpt":{"rendered":"","protected":false},"author":3,"featured_media":0,"parent":0,"menu_order":0,"comment_status":"closed","ping_status":"closed","template":"","meta":{"footnotes":""},"class_list":["post-3347","page","type-page","status-publish","hentry"],"jetpack_sharing_enabled":true,"_links":{"self":[{"href":"https:\/\/www.feuerwehr-aigen.at\/index.php?rest_route=\/wp\/v2\/pages\/3347","targetHints":{"allow":["GET"]}}],"collection":[{"href":"https:\/\/www.feuerwehr-aigen.at\/index.php?rest_route=\/wp\/v2\/pages"}],"about":[{"href":"https:\/\/www.feuerwehr-aigen.at\/index.php?rest_route=\/wp\/v2\/types\/page"}],"author":[{"embeddable":true,"href":"https:\/\/www.feuerwehr-aigen.at\/index.php?rest_route=\/wp\/v2\/users\/3"}],"replies":[{"embeddable":true,"href":"https:\/\/www.feuerwehr-aigen.at\/index.php?rest_route=%2Fwp%2Fv2%2Fcomments&post=3347"}],"version-history":[{"count":4,"href":"https:\/\/www.feuerwehr-aigen.at\/index.php?rest_route=\/wp\/v2\/pages\/3347\/revisions"}],"predecessor-version":[{"id":3353,"href":"https:\/\/www.feuerwehr-aigen.at\/index.php?rest_route=\/wp\/v2\/pages\/3347\/revisions\/3353"}],"wp:attachment":[{"href":"https:\/\/www.feuerwehr-aigen.at\/index.php?rest_route=%2Fwp%2Fv2%2Fmedia&parent=3347"}],"curies":[{"name":"wp","href":"https:\/\/api.w.org\/{rel}","templated":true}]}}