{"id":330,"date":"2009-04-06T19:19:53","date_gmt":"2009-04-06T19:19:53","guid":{"rendered":"http:\/\/feuerwehr-aigen.d2solution.net\/index.php\/feuerloescher\/"},"modified":"2017-09-07T01:41:20","modified_gmt":"2017-09-07T00:41:20","slug":"feuerloescher","status":"publish","type":"page","link":"https:\/\/www.feuerwehr-aigen.at\/?page_id=330","title":{"rendered":"Feuerl\u00f6scher"},"content":{"rendered":"<p align=\"left\"><strong>Richtige Handhabung von Handfeuerl\u00f6scher!\u00a0<\/strong><\/p>\n<p align=\"left\">Handfeuerl\u00f6scher sind klein, praktisch, schnell einsatzbereit und k\u00f6nnen Leben retten! Allerdings muss man wissen wie man die Handfeuerl\u00f6scher richtig und effektiv einsetzen kann. Das blo\u00dfe Vorhandensein eines L\u00f6schers l\u00f6scht noch kein Feuer! Um einen kleinen Einblick in diese Materie zu gew\u00e4hren, werden hier die wichtigsten Grundregeln dargestellt:<\/p>\n<table border=\"0\" align=\"center\">\n<tbody>\n<tr align=\"center\" valign=\"middle\">\n<td><img loading=\"lazy\" decoding=\"async\" title=\"Feuerl\u00f6scher_01\" src=\"http:\/\/feuerwehr-aigen.at\/wp-content\/uploads\/2009\/04\/Sicherheit_feuerlscher_01.jpg\" alt=\"Feuerl\u00f6scher_01\" width=\"440\" height=\"121\" border=\"0\" \/><br \/>\n<strong>Feuer immer in Windrichtung angreifen<\/strong><\/td>\n<\/tr>\n<tr align=\"left\" valign=\"middle\">\n<td>Greifen sie das Feuer n\u00e4mlich gegen den Wind an, werden ihnen sowohl Rauch, Flammen wie Hitze entgegen geblasen.Ein L\u00f6schangriff w\u00e4re daher lebensgef\u00e4hrlich!<\/td>\n<\/tr>\n<tr align=\"center\" valign=\"middle\">\n<td><img loading=\"lazy\" decoding=\"async\" class=\" size-full wp-image-325\" title=\"Feuerl\u00f6scher_02\" src=\"http:\/\/feuerwehr-aigen.at\/wp-content\/uploads\/2009\/04\/Sicherheit_feuerlscher_02.jpg\" alt=\"Feuerl\u00f6scher_02\" width=\"440\" height=\"121\" border=\"0\" srcset=\"https:\/\/www.feuerwehr-aigen.at\/wp-content\/uploads\/2009\/04\/Sicherheit_feuerlscher_02.jpg 440w, https:\/\/www.feuerwehr-aigen.at\/wp-content\/uploads\/2009\/04\/Sicherheit_feuerlscher_02-300x83.jpg 300w\" sizes=\"auto, (max-width: 440px) 100vw, 440px\" \/><br \/>\n<strong>Von vorne nach hinten und von unten nach oben l\u00f6schen<\/strong><\/td>\n<\/tr>\n<tr align=\"left\" valign=\"middle\">\n<td>Passiert das nicht so, wird der erw\u00fcnschte L\u00f6scherfolg ausbleiben, da das aufgebrachte L\u00f6schmittel kaum zum eigentlichen Brennstoff vordringen wird. Daher ist das Feuer grunds\u00e4tzlich vom Brennstoff weg zu bek\u00e4mpfen.<\/td>\n<\/tr>\n<tr align=\"center\" valign=\"middle\">\n<td><img loading=\"lazy\" decoding=\"async\" class=\" size-full wp-image-326\" title=\"Feuerl\u00f6scher_03\" src=\"http:\/\/feuerwehr-aigen.at\/wp-content\/uploads\/2009\/04\/Sicherheit_feuerlscher_03.jpg\" alt=\"Feuerl\u00f6scher_03\" width=\"440\" height=\"121\" border=\"0\" srcset=\"https:\/\/www.feuerwehr-aigen.at\/wp-content\/uploads\/2009\/04\/Sicherheit_feuerlscher_03.jpg 440w, https:\/\/www.feuerwehr-aigen.at\/wp-content\/uploads\/2009\/04\/Sicherheit_feuerlscher_03-300x83.jpg 300w\" sizes=\"auto, (max-width: 440px) 100vw, 440px\" \/><br \/>\n<strong>Aber: Tropf- und Flie\u00dfbr\u00e4nde von oben nach unten l\u00f6schen<\/strong><\/td>\n<\/tr>\n<tr align=\"left\" valign=\"middle\">\n<td>Das ist auch logisch, weil das Feuer sollte m\u00f6glichst an seinem Ursprung bek\u00e4mpft werden, und das ist bei einem Tropf- bzw. Flie\u00dfbrand nun mal der Brennstoff der von oben kommt!<\/td>\n<\/tr>\n<tr align=\"center\" valign=\"middle\">\n<td><img loading=\"lazy\" decoding=\"async\" title=\"Feuerl\u00f6scher_04\" src=\"http:\/\/feuerwehr-aigen.at\/wp-content\/uploads\/2009\/04\/Sicherheit_feuerlscher_04.jpg\" alt=\"Feuerl\u00f6scher_04\" width=\"440\" height=\"121\" border=\"0\" \/><br \/>\n<strong>Nicht hintereinander l\u00f6schen, sondern mehrere L\u00f6scher gleichzeitig einsetzen<\/strong><\/td>\n<\/tr>\n<tr align=\"left\" valign=\"middle\">\n<td>Bei gleichzeitigem Einsatz mehrerer L\u00f6scher wird die L\u00f6schwirkung verst\u00e4rkt. Insgesamt l\u00e4\u00dft sich der Brand so besser unter Kontrolle bringen.<\/td>\n<\/tr>\n<tr align=\"center\" valign=\"middle\">\n<td><img loading=\"lazy\" decoding=\"async\" title=\"Feuerl\u00f6scher_05\" src=\"http:\/\/feuerwehr-aigen.at\/wp-content\/uploads\/2009\/04\/Sicherheit_feuerlscher_05.jpg\" alt=\"Feuerl\u00f6scher_05\" width=\"440\" height=\"121\" border=\"0\" \/><br \/>\n<strong>Vorsicht vor Wiederentz\u00fcndung &#8211; Glutnester immer mit Wasser nachl\u00f6schen<\/strong><\/td>\n<\/tr>\n<tr align=\"left\" valign=\"middle\">\n<td>Auch die Feuerwehr h\u00e4lt nach jedem Brand eine &#8222;Brandwache&#8220;, da jederzeit mit versteckten Glutnestern gerechnet werden muss, welche sich bei Sauerstoffzufuhr jederzeit wieder entz\u00fcnden k\u00f6nnen.<\/td>\n<\/tr>\n<tr align=\"center\" valign=\"middle\">\n<td><img loading=\"lazy\" decoding=\"async\" title=\"Feuerl\u00f6scher_06\" src=\"http:\/\/feuerwehr-aigen.at\/wp-content\/uploads\/2009\/04\/Sicherheit_feuerlscher_06.jpg\" alt=\"Feuerl\u00f6scher_06\" width=\"440\" height=\"121\" border=\"0\" \/><br \/>\n<strong>Eingesetzte Feuerl\u00f6scher nicht mehr aufh\u00e4ngen, sondern neu f\u00fcllen lassen<\/strong><\/td>\n<\/tr>\n<tr align=\"left\" valign=\"middle\">\n<td>Es gibt nichts bl\u00f6deres, wie wenn ein Feuerl\u00f6scher, auf dessen Einsatzbereitschaft man sich verl\u00e4sst, im Ernstfall gar nicht, oder nicht richtig funktioniert. Daher sind auch nur teilweise gebrauchte Feuerl\u00f6scher einer \u00dcberpr\u00fcfung bzw. Bef\u00fcllung zu unterziehen!<\/td>\n<\/tr>\n<\/tbody>\n<\/table>\n<p align=\"left\">\n","protected":false},"excerpt":{"rendered":"<p>Richtige Handhabung von Handfeuerl\u00f6scher!\u00a0 Handfeuerl\u00f6scher sind klein, praktisch, schnell einsatzbereit und k\u00f6nnen Leben retten! Allerdings muss man wissen wie man die Handfeuerl\u00f6scher richtig und effektiv einsetzen kann. Das blo\u00dfe Vorhandensein eines L\u00f6schers l\u00f6scht noch kein Feuer! Um einen kleinen Einblick in diese Materie zu gew\u00e4hren, werden hier die wichtigsten Grundregeln dargestellt: Feuer immer in Windrichtung [&hellip;]<\/p>\n","protected":false},"author":1,"featured_media":0,"parent":308,"menu_order":6,"comment_status":"closed","ping_status":"closed","template":"","meta":{"footnotes":""},"class_list":["post-330","page","type-page","status-publish","hentry"],"jetpack_sharing_enabled":true,"_links":{"self":[{"href":"https:\/\/www.feuerwehr-aigen.at\/index.php?rest_route=\/wp\/v2\/pages\/330","targetHints":{"allow":["GET"]}}],"collection":[{"href":"https:\/\/www.feuerwehr-aigen.at\/index.php?rest_route=\/wp\/v2\/pages"}],"about":[{"href":"https:\/\/www.feuerwehr-aigen.at\/index.php?rest_route=\/wp\/v2\/types\/page"}],"author":[{"embeddable":true,"href":"https:\/\/www.feuerwehr-aigen.at\/index.php?rest_route=\/wp\/v2\/users\/1"}],"replies":[{"embeddable":true,"href":"https:\/\/www.feuerwehr-aigen.at\/index.php?rest_route=%2Fwp%2Fv2%2Fcomments&post=330"}],"version-history":[{"count":4,"href":"https:\/\/www.feuerwehr-aigen.at\/index.php?rest_route=\/wp\/v2\/pages\/330\/revisions"}],"predecessor-version":[{"id":2818,"href":"https:\/\/www.feuerwehr-aigen.at\/index.php?rest_route=\/wp\/v2\/pages\/330\/revisions\/2818"}],"up":[{"embeddable":true,"href":"https:\/\/www.feuerwehr-aigen.at\/index.php?rest_route=\/wp\/v2\/pages\/308"}],"wp:attachment":[{"href":"https:\/\/www.feuerwehr-aigen.at\/index.php?rest_route=%2Fwp%2Fv2%2Fmedia&parent=330"}],"curies":[{"name":"wp","href":"https:\/\/api.w.org\/{rel}","templated":true}]}}