{"id":323,"date":"2009-04-06T19:19:32","date_gmt":"2009-04-06T19:19:32","guid":{"rendered":"http:\/\/feuerwehr-aigen.d2solution.net\/index.php\/zivilschutzalarm\/"},"modified":"2017-09-07T01:47:38","modified_gmt":"2017-09-07T00:47:38","slug":"zivilschutzalarm","status":"publish","type":"page","link":"https:\/\/www.feuerwehr-aigen.at\/?page_id=323","title":{"rendered":"Zivilschutzalarm"},"content":{"rendered":"<p align=\"left\">\u00d6sterreich verf\u00fcgt \u00fcber ein gut ausgebautes Warn- und Alarmsystem, das vom Bundesministerium f\u00fcr Inneres gemeinsam mit den \u00c4mtern der Landesregierungen betrieben wird. Damit ist \u00d6sterreich eines von wenigen L\u00e4ndern, das \u00fcber eine fl\u00e4chendeckende Sirenenwarnung verf\u00fcgt. Die Signale k\u00f6nnen derzeit \u00fcber rund 8.055 Sirenen abgestrahlt werden. Die Ausl\u00f6sung der Signale kann je nach Gefahrensituation zentral von der Bundeswarnzentrale im Bundesministerium f\u00fcr Inneres, von den Landeswarnzentralen der Bundesl\u00e4nder oder den Bezirkswarnzentralen erfolgen.<\/p>\n<p align=\"left\">An jedem ersten Samstag im\u00a0April, Juli und Oktober\u00a0werden zwischen 12.00 und 13.00 Uhr \u00f6sterreichweite Zivilschutz-Probealarme durchgef\u00fchrt, welche je einmal von der Bezirks-,\u00a0 Landes- und Bundeswarnzentrale ausgel\u00f6st werden.<br \/>\nDie Probealarme dienen einerseits zur \u00dcberpr\u00fcfung der technischen Einrichtungen des Warn- und Alarmsystems, andererseits soll die Bev\u00f6lkerung dadurch mit den Zivilschutzsignalen vertraut gemacht werden.<\/p>\n<p><strong>Herannahende Gefahr!<\/strong><\/p>\n<div style=\"text-align: center;\"><img loading=\"lazy\" decoding=\"async\" class=\" size-full wp-image-318\" title=\"Warnsignal\" src=\"http:\/\/feuerwehr-aigen.at\/wp-content\/uploads\/2009\/04\/Sicherheit_warnung.jpg\" alt=\"Warnsignal\" width=\"520\" height=\"151\" border=\"0\" srcset=\"https:\/\/www.feuerwehr-aigen.at\/wp-content\/uploads\/2009\/04\/Sicherheit_warnung.jpg 520w, https:\/\/www.feuerwehr-aigen.at\/wp-content\/uploads\/2009\/04\/Sicherheit_warnung-300x87.jpg 300w\" sizes=\"auto, (max-width: 520px) 100vw, 520px\" \/><\/div>\n<p align=\"left\">Ein gleich bleibender Dauerton von 3 Minuten bedeutet &#8222;Warnung&#8220;&#8220;. Es besteht zur Zeit noch keine akute Gef\u00e4hrdung. Sie m\u00fcssen sich aber auf eine herannahende Gefahr einstellen. Schalten Sie Ihr Radio- oder Fernsehger\u00e4t (ORF) ein, und informieren Sie sich \u00fcber die weiteren Verhaltensma\u00dfnahmen.<\/p>\n<p><strong>Gefahr! <\/strong><\/p>\n<div style=\"text-align: center;\"><img loading=\"lazy\" decoding=\"async\" class=\" size-full wp-image-319\" title=\"Alarmsignal\" src=\"http:\/\/feuerwehr-aigen.at\/wp-content\/uploads\/2009\/04\/Sicherheit_alarm.jpg\" alt=\"Alarmsignal\" width=\"520\" height=\"155\" border=\"0\" srcset=\"https:\/\/www.feuerwehr-aigen.at\/wp-content\/uploads\/2009\/04\/Sicherheit_alarm.jpg 520w, https:\/\/www.feuerwehr-aigen.at\/wp-content\/uploads\/2009\/04\/Sicherheit_alarm-300x89.jpg 300w\" sizes=\"auto, (max-width: 520px) 100vw, 520px\" \/><\/div>\n<p>Ein auf- und abschwellender Heulton von 1 Minute bedeutet &#8222;Alarm&#8220;. Verlassen Sie die Stra\u00dfe und suchen Sie sch\u00fctzende R\u00e4umlichkeiten auf. Informieren Sie sich unbedingt \u00fcber Radio oder TV, welche Schutzma\u00dfnahmen Sie ergreifen sollen. Die weiteren Verhaltensma\u00dfnahmen werden Ihnen bekannt gegeben werden.<\/p>\n<p><strong>Ende der Gefahr!<\/strong><\/p>\n<div style=\"text-align: center;\"><img loading=\"lazy\" decoding=\"async\" class=\" size-full wp-image-320\" title=\"Entwarnung\" src=\"http:\/\/feuerwehr-aigen.at\/wp-content\/uploads\/2009\/04\/Sicherheit_entwarnung.jpg\" alt=\"Entwarnung\" width=\"520\" height=\"153\" border=\"0\" srcset=\"https:\/\/www.feuerwehr-aigen.at\/wp-content\/uploads\/2009\/04\/Sicherheit_entwarnung.jpg 520w, https:\/\/www.feuerwehr-aigen.at\/wp-content\/uploads\/2009\/04\/Sicherheit_entwarnung-300x88.jpg 300w\" sizes=\"auto, (max-width: 520px) 100vw, 520px\" \/><\/div>\n<p>Ein gleich bleibender Dauerton von 1 Minute bedeutet &#8222;Entwarnung&#8220;&#8220;. Die Gefahr ist vorbei.<br \/>\nBeachten Sie weiterhin die Durchsagen im Radio oder TV, da es vor\u00fcbergehend bestimmte Einschr\u00e4nkungen im t\u00e4glichen Lebensablauf geben kann.<\/p>\n<p>Da durch diese Signale nicht auf die Art der Gefahr und auf die richtigen Verhaltensma\u00dfnahmen hingewiesen werden kann, m\u00fcssen n\u00e4here Informationen \u00fcber Radio oder Fernsehen eingeholt werden.<\/p>\n<p><strong>Das Signal f\u00fcr den Einsatz der Feuerwehr<\/strong><br \/>\nist von den Zivilschutzsignalen aufgrund seiner kurzen Tonfolge leicht zu unterscheiden. Mit einem dreimaligen Dauerton von 15 Sekunden werden die Feuerwehrkr\u00e4fte zu einem Einsatz zusammengezogen.<\/p>\n<div style=\"text-align: center;\"><img loading=\"lazy\" decoding=\"async\" class=\" size-full wp-image-321\" title=\"Feuerwehreinsatz\" src=\"http:\/\/feuerwehr-aigen.at\/wp-content\/uploads\/2009\/04\/Sicherheit_feuerwehreinsatz.jpg\" alt=\"Feuerwehreinsatz\" width=\"520\" height=\"122\" border=\"0\" srcset=\"https:\/\/www.feuerwehr-aigen.at\/wp-content\/uploads\/2009\/04\/Sicherheit_feuerwehreinsatz.jpg 520w, https:\/\/www.feuerwehr-aigen.at\/wp-content\/uploads\/2009\/04\/Sicherheit_feuerwehreinsatz-300x70.jpg 300w\" sizes=\"auto, (max-width: 520px) 100vw, 520px\" \/><\/div>\n<p><span style=\"font-family: helvetica;\"><span style=\"color: #333333;\">\u00a0<\/span><\/span><\/p>\n<p><strong>Sirenenprobe<\/strong><br \/>\nWeiters erfolgt jeden Samstag um 12 Uhr eine Sirenenprobe.<\/p>\n<div style=\"text-align: center;\"><img loading=\"lazy\" decoding=\"async\" class=\" size-full wp-image-322\" title=\"Sirenenprobe\" src=\"http:\/\/feuerwehr-aigen.at\/wp-content\/uploads\/2009\/04\/Sicherheit_sirenenprobe.jpg\" alt=\"Seirenenprobe\" width=\"520\" height=\"121\" border=\"0\" srcset=\"https:\/\/www.feuerwehr-aigen.at\/wp-content\/uploads\/2009\/04\/Sicherheit_sirenenprobe.jpg 520w, https:\/\/www.feuerwehr-aigen.at\/wp-content\/uploads\/2009\/04\/Sicherheit_sirenenprobe-300x70.jpg 300w\" sizes=\"auto, (max-width: 520px) 100vw, 520px\" \/><\/div>\n<div style=\"text-align: center;\"><span style=\"color: #0000cd;\"><br \/>\n<\/span><\/div>\n","protected":false},"excerpt":{"rendered":"<p>\u00d6sterreich verf\u00fcgt \u00fcber ein gut ausgebautes Warn- und Alarmsystem, das vom Bundesministerium f\u00fcr Inneres gemeinsam mit den \u00c4mtern der Landesregierungen betrieben wird. Damit ist \u00d6sterreich eines von wenigen L\u00e4ndern, das \u00fcber eine fl\u00e4chendeckende Sirenenwarnung verf\u00fcgt. Die Signale k\u00f6nnen derzeit \u00fcber rund 8.055 Sirenen abgestrahlt werden. Die Ausl\u00f6sung der Signale kann je nach Gefahrensituation zentral von [&hellip;]<\/p>\n","protected":false},"author":1,"featured_media":0,"parent":308,"menu_order":11,"comment_status":"closed","ping_status":"closed","template":"","meta":{"footnotes":""},"class_list":["post-323","page","type-page","status-publish","hentry"],"jetpack_sharing_enabled":true,"_links":{"self":[{"href":"https:\/\/www.feuerwehr-aigen.at\/index.php?rest_route=\/wp\/v2\/pages\/323","targetHints":{"allow":["GET"]}}],"collection":[{"href":"https:\/\/www.feuerwehr-aigen.at\/index.php?rest_route=\/wp\/v2\/pages"}],"about":[{"href":"https:\/\/www.feuerwehr-aigen.at\/index.php?rest_route=\/wp\/v2\/types\/page"}],"author":[{"embeddable":true,"href":"https:\/\/www.feuerwehr-aigen.at\/index.php?rest_route=\/wp\/v2\/users\/1"}],"replies":[{"embeddable":true,"href":"https:\/\/www.feuerwehr-aigen.at\/index.php?rest_route=%2Fwp%2Fv2%2Fcomments&post=323"}],"version-history":[{"count":3,"href":"https:\/\/www.feuerwehr-aigen.at\/index.php?rest_route=\/wp\/v2\/pages\/323\/revisions"}],"predecessor-version":[{"id":2822,"href":"https:\/\/www.feuerwehr-aigen.at\/index.php?rest_route=\/wp\/v2\/pages\/323\/revisions\/2822"}],"up":[{"embeddable":true,"href":"https:\/\/www.feuerwehr-aigen.at\/index.php?rest_route=\/wp\/v2\/pages\/308"}],"wp:attachment":[{"href":"https:\/\/www.feuerwehr-aigen.at\/index.php?rest_route=%2Fwp%2Fv2%2Fmedia&parent=323"}],"curies":[{"name":"wp","href":"https:\/\/api.w.org\/{rel}","templated":true}]}}