{"id":3175,"date":"2018-04-15T09:09:22","date_gmt":"2018-04-15T08:09:22","guid":{"rendered":"http:\/\/www.feuerwehr-aigen.at\/?page_id=3175"},"modified":"2018-04-15T09:09:22","modified_gmt":"2018-04-15T08:09:22","slug":"14-04-2018-feuerwehr-wissenstest-2018","status":"publish","type":"page","link":"https:\/\/www.feuerwehr-aigen.at\/?page_id=3175","title":{"rendered":"14.04.2018 &#8211; Feuerwehr Wissenstest 2018"},"content":{"rendered":"<section class=\"av_textblock_section \"  itemscope=\"itemscope\" itemtype=\"https:\/\/schema.org\/CreativeWork\" ><div class='avia_textblock  '   itemprop=\"text\" ><p><strong>\u00dcber 400 Jugendliche \u00fcberpr\u00fcften ihr Feuerwehrwissen<\/strong><\/p>\n<\/div><\/section>\n\n<style type=\"text\/css\" data-created_by=\"avia_inline_auto\" id=\"style-css-av-av_one_third-6126cab7d8fab8d08143dd2dacdf673c\">\n.flex_column.av-av_one_third-6126cab7d8fab8d08143dd2dacdf673c{\nborder-radius:0px 0px 0px 0px;\n-webkit-border-radius:0px 0px 0px 0px;\n-moz-border-radius:0px 0px 0px 0px;\n}\n<\/style>\n<div class='flex_column av-av_one_third-6126cab7d8fab8d08143dd2dacdf673c av_one_third  avia-builder-el-1  el_after_av_textblock  el_before_av_two_third  first flex_column_div av-zero-column-padding column-top-margin'   ><style type=\"text\/css\" data-created_by=\"avia_inline_auto\" id=\"style-css-av-av_image-4813b11051c6b38473f4be9388d81225\">\n.avia-image-container.av-av_image-4813b11051c6b38473f4be9388d81225 .av-image-caption-overlay-center{\ncolor:#ffffff;\n}\n<\/style>\n<div  class='avia-image-container av-av_image-4813b11051c6b38473f4be9388d81225 av-styling- avia-align-center  avia-builder-el-2  avia-builder-el-no-sibling  '  itemprop=\"image\" itemscope=\"itemscope\" itemtype=\"https:\/\/schema.org\/ImageObject\" ><div class=\"avia-image-container-inner\"><div class=\"avia-image-overlay-wrap\"><a href=\"https:\/\/www.feuerwehr-aigen.at\/wp-content\/uploads\/2018\/04\/IMG-20180414-WA0002.jpg\" class='avia_image' ><img class='wp-image-3176 avia-img-lazy-loading-not-3176 avia_image' src='https:\/\/www.feuerwehr-aigen.at\/wp-content\/uploads\/2018\/04\/IMG-20180414-WA0002-300x225.jpg' alt='' title='IMG-20180414-WA0002'  itemprop=\"thumbnailUrl\"  \/><\/a><\/div><\/div><\/div><\/div>\n<style type=\"text\/css\" data-created_by=\"avia_inline_auto\" id=\"style-css-av-av_two_third-0aa7055fe62c3622faec82866afbaeb2\">\n.flex_column.av-av_two_third-0aa7055fe62c3622faec82866afbaeb2{\nborder-radius:0px 0px 0px 0px;\n-webkit-border-radius:0px 0px 0px 0px;\n-moz-border-radius:0px 0px 0px 0px;\n}\n<\/style>\n<div class='flex_column av-av_two_third-0aa7055fe62c3622faec82866afbaeb2 av_two_third  avia-builder-el-3  el_after_av_one_third  el_before_av_one_full  flex_column_div av-zero-column-padding column-top-margin'   ><section class=\"av_textblock_section \"  itemscope=\"itemscope\" itemtype=\"https:\/\/schema.org\/CreativeWork\" ><div class='avia_textblock  '   itemprop=\"text\" ><p>Der 14. April 2018 stand in\u00a0Irdning\u00a0ganz im Zeichen der Feuerwehrjugend. \u00dcber 400\u00a0Jugendliche im Alter von 10 bis 15 Jahren \u00fcberpr\u00fcften ihr Wissen im Rahmen des sogenannten Wissenstestspiels bzw. des Wissenstestes.<br \/>\nDie Er\u00f6ffnung fand p\u00fcnktlich um 09:00 Uhr\u00a0durch den\u00a0Bewerbsleiter\u00a0Oberbrandinspektor des Fachdienstes Christian\u00a0Sotlar\u00a0und dem zust\u00e4ndigen Abschnittsfeuerwehrkommandanten\u00a0Abschnittsbrandinspektor\u00a0Raimund\u00a0Rojer\u00a0statt.<\/p>\n<p>Unter den\u00a0akribischen\u00a0Augen der\u00a0Bewerter\u00a0konnten\u00a0alle Jugendliche erfolgreich ihr gestecktes Ziel erreichen.<br \/>\nDavon erlangten 86\u00a0Jugendliche das\u00a0Wissenstest-Abzeichen in Gold, 79 in Silber, 120\u00a0in Bronze und\u00a0dabei\u00a0absolvierten\u00a018\u00a0Feuerwehrm\u00e4nner ihre Module f\u00fcr die Feuerwehrgrundausbildung und erlangten damit auch das Wissenstestabzeichen in Gold.<br \/>\nBeim Wissenstestspiel f\u00fcr die j\u00fcngeren Teilnehmer wurden 115\u00a0Abzeichen erfolgreich errungen, davon 91 in Bronze und 24\u00a0in Silber.<\/p>\n<p>Erfreut und begeistert von den Leistungen der anwesenden Feuerwehrjugend war der zust\u00e4ndige\u00a0neue gew\u00e4hlte\u00a0Bereichsfeuerwehrkommandant\u00a0Oberbrandrat\u00a0Heinz\u00a0Hartl, das wurde in seiner Festansprache auch entsprechend hervorgehoben. Dies wurde durch den anwesenden Abgeordneten zum Steirischen Landtag Herrn\u00a0Albert\u00a0Royer\u00a0und dem B\u00fcrgermeister von\u00a0Irdning-Donnersbachtal\u00a0Herrn\u00a0Herbert\u00a0Gugganig\u00a0in ihren Ansprachen\u00a0ebenfalls\u00a0unterstrichen.<\/p>\n<p>Die zahlreiche Anwesenheit von hohen Feuerwehroffizieren best\u00e4tigt die Wertsch\u00e4tzung und die Anerkennung der Leistungen der Feuerwehrjugend im Bereichsfeuerwehrverband Liezen. So waren neben dem Bereichsfeuerwehrkommandant-Stellvertreter\u00a0Brandrat\u00a0Reinhold\u00a0Binder, auch die Abschnittsfeuerwehrkommandanten\u00a0Raimund\u00a0Rojer,\u00a0Peter Mayer,\u00a0Benjamin Schachner, Franz\u00a0Hadler,\u00a0Florian\u00a0Weissensteiner\u00a0und\u00a0Andreas Seebacher\u00a0aus\u00a0zahlreichen\u00a0Teilen des Bereiches\u00a0anwesend, so wie die Ehrendienstgrade Ehrenlandesfeuerwehrrat Horst Freiberger und den Ehrenabschnittsbrandinspektoren Helmut Sam und Walter Rieger.<\/p>\n<p>Das Kommando und die Kameraden der FF Aigen gratulieren nochmals unserer Jugend f\u00fcr die ausgezeichente Leistung.<span data-ccp-props=\"{&quot;201341983&quot;:0,&quot;335551550&quot;:6,&quot;335551620&quot;:6,&quot;335559739&quot;:200,&quot;335559740&quot;:240}\"><br \/>\n<\/span><\/p>\n<\/div><\/section><\/div>\n<style type=\"text\/css\" data-created_by=\"avia_inline_auto\" id=\"style-css-av-av_one_full-6126cab7d8fab8d08143dd2dacdf673c\">\n.flex_column.av-av_one_full-6126cab7d8fab8d08143dd2dacdf673c{\nborder-radius:0px 0px 0px 0px;\n-webkit-border-radius:0px 0px 0px 0px;\n-moz-border-radius:0px 0px 0px 0px;\n}\n<\/style>\n<div class='flex_column av-av_one_full-6126cab7d8fab8d08143dd2dacdf673c av_one_full  avia-builder-el-5  el_after_av_two_third  avia-builder-el-last  first flex_column_div av-zero-column-padding column-top-margin'   ><section class=\"av_textblock_section \"  itemscope=\"itemscope\" itemtype=\"https:\/\/schema.org\/CreativeWork\" ><div class='avia_textblock  '   itemprop=\"text\" ><\/div><\/section><\/div><\/p>\n","protected":false},"excerpt":{"rendered":"","protected":false},"author":3,"featured_media":0,"parent":0,"menu_order":0,"comment_status":"closed","ping_status":"closed","template":"","meta":{"footnotes":""},"class_list":["post-3175","page","type-page","status-publish","hentry"],"jetpack_sharing_enabled":true,"_links":{"self":[{"href":"https:\/\/www.feuerwehr-aigen.at\/index.php?rest_route=\/wp\/v2\/pages\/3175","targetHints":{"allow":["GET"]}}],"collection":[{"href":"https:\/\/www.feuerwehr-aigen.at\/index.php?rest_route=\/wp\/v2\/pages"}],"about":[{"href":"https:\/\/www.feuerwehr-aigen.at\/index.php?rest_route=\/wp\/v2\/types\/page"}],"author":[{"embeddable":true,"href":"https:\/\/www.feuerwehr-aigen.at\/index.php?rest_route=\/wp\/v2\/users\/3"}],"replies":[{"embeddable":true,"href":"https:\/\/www.feuerwehr-aigen.at\/index.php?rest_route=%2Fwp%2Fv2%2Fcomments&post=3175"}],"version-history":[{"count":2,"href":"https:\/\/www.feuerwehr-aigen.at\/index.php?rest_route=\/wp\/v2\/pages\/3175\/revisions"}],"predecessor-version":[{"id":5811,"href":"https:\/\/www.feuerwehr-aigen.at\/index.php?rest_route=\/wp\/v2\/pages\/3175\/revisions\/5811"}],"wp:attachment":[{"href":"https:\/\/www.feuerwehr-aigen.at\/index.php?rest_route=%2Fwp%2Fv2%2Fmedia&parent=3175"}],"curies":[{"name":"wp","href":"https:\/\/api.w.org\/{rel}","templated":true}]}}