{"id":317,"date":"2009-04-06T19:19:13","date_gmt":"2009-04-06T19:19:13","guid":{"rendered":"http:\/\/feuerwehr-aigen.d2solution.net\/index.php\/verhalten-im-brandfall\/"},"modified":"2017-09-07T01:49:21","modified_gmt":"2017-09-07T00:49:21","slug":"verhalten-im-brandfall","status":"publish","type":"page","link":"https:\/\/www.feuerwehr-aigen.at\/?page_id=317","title":{"rendered":"Verhalten im Brandfall"},"content":{"rendered":"<p align=\"left\"><strong><span style=\"color: #dc143c;\"><br \/>\n<\/span>Es brennt! Was ist zu tun?<\/strong><\/p>\n<p align=\"left\"><strong>Alarmieren<\/strong><br \/>\nBrandmeldung geht vor Brandbek\u00e4mpfung!!!<\/p>\n<p align=\"left\">Die Brandmeldung kann automatisch \u00fcber eine Brandmeldeanlage oder manuell \u00fcber Druckknopfmelder bzw. Telefon erfolgen.<\/p>\n<p align=\"left\"><strong>Geben Sie bei einem Notruf immer bekannt:<\/strong><br \/>\n\u2022\u00a0<em><strong>Wer<\/strong><\/em> spricht? (Name des Anrufers)<br \/>\n\u2022\u00a0<em><strong>Was<\/strong><\/em> ist passiert? (Brand, technisches Gebrechen)<br \/>\n\u2022\u00a0<em><strong>Wo<\/strong><\/em> wird die Feuerwehr gebraucht (Adresse, Anfahrt)<br \/>\n\u2022\u00a0<em><strong>Wie<\/strong><\/em> Hinweise auf besondere Umst\u00e4nde, z.B.<br \/>\no\u00a0eingeschlossene Personen<br \/>\no\u00a0Krankenhaus Pflegeheim<br \/>\no\u00a0Schule<br \/>\no\u00a0Hochhaus<\/p>\n<p align=\"left\"><strong>Sprechen Sie langsam und deutlich!<br \/>\nAlarmieren Sie die Feuerwehr auch bei Brandverdacht &#8211; der Feuerwehreinsatz kostet nichts!<br \/>\nVerlassen Sie sich niemals darauf, dass bereits andere die Feuerwehr verst\u00e4ndigt haben.<\/strong><\/p>\n<p align=\"left\"><strong>Retten (helfen, fl\u00fcchten)<\/strong><strong style=\"font-size: 16px;\"><br \/>\n<\/strong>Menschenrettung geht vor Brandbek\u00e4mpfung!!!<\/p>\n<p align=\"left\">Stellen Sie fest, ob Verletzte oder Behinderte aus dem Gefahrenbereich gebracht werden m\u00fcssen.<\/p>\n<p align=\"left\">Bringen Sie sich und Hilfsbed\u00fcrftige (Kinder, alte Menschen, Kranke, Gehbehinderte) m\u00f6glichst gleichzeitig mit der Alarmierung in Sicherheit.<\/p>\n<p align=\"left\">Personen, deren Kleidung in Brand geraten ist, nicht fortlaufen lassen! Brennende Kleidung mit Hilfe von Decken oder anderen Kleidungsst\u00fccken (W\u00e4lzen am Boden) l\u00f6schen.<\/p>\n<p align=\"left\"><span style=\"text-decoration: underline;\">Wenn Sie fl\u00fcchten k\u00f6nnen:<\/span><\/p>\n<p align=\"left\">\u2022\u00a0Fenster im Brandraum schlie\u00dfen<br \/>\n\u2022\u00a0Andere Mitbewohner benachrichtigen<br \/>\n\u2022\u00a0T\u00fcren hinter sich schlie\u00dfen<br \/>\n\u2022\u00a0Fenster von Fluchtwegen (Stiegen, G\u00e4nge) zur Brandrauchentl\u00fcftung \u00f6ffnen<br \/>\n\u2022\u00a0Keine Aufz\u00fcge ben\u00fctzen<br \/>\n\u2022\u00a0Geordnet und \u00fcberlegt das Haus verlassen<br \/>\n\u2022\u00a0Zusammen mit den Mitbewohnern (Nachbarn) das Eintreffen der Feuerwehr abwarten<br \/>\n\u2022\u00a0Vollz\u00e4hligkeit \u00fcberpr\u00fcfen<\/p>\n<p align=\"left\"><span style=\"text-decoration: underline;\">Wenn Sie vom Brand eingeschlossen sind:<\/span><\/p>\n<p align=\"left\">\u2022\u00a0Entfernen Sie sich soweit wie m\u00f6glich vom Brandherd<br \/>\n\u2022\u00a0Schlie\u00dfen Sie alle T\u00fcren zwischen sich und dem Brandherd<br \/>\n\u2022\u00a0T\u00fcrritzen gegen das Eindringen von Rauchgas m\u00f6glichst mit nassen T\u00fcchern abdichten<br \/>\n\u2022\u00a0Erst jetzt, wenn dies m\u00f6glich ist, Fenster \u00f6ffnen<br \/>\n\u2022\u00a0Machen Sie auf sich aufmerksam<br \/>\no\u00a0wenn m\u00f6glich telefonieren oder<br \/>\no\u00a0beim (offenen) Fenster rufen und winken<\/p>\n<p align=\"left\">Die meisten bei einem Brand verungl\u00fcckten Personen sind durch falsches Verhalten zu Schaden gekommen, daher unbedingt Ruhe und Besonnenheit bewahren!<br \/>\nAbgesehen von der Brandhitze besteht vor allem Erstickungs- und Vergiftungsgefahr durch Rauchgase.<\/p>\n<p align=\"left\"><strong>Die Feuerwehr hilft Ihnen mit allen verf\u00fcgbaren Mitteln und zwar durch:<\/strong><\/p>\n<p align=\"left\">\u2022\u00a0Vordringen zu Ihrem Aufenthaltsraum<br \/>\n\u2022\u00a0Freimachen des Fluchtweges<br \/>\n\u2022\u00a0Rettung \u00fcber Leiter, Drehleiter oder Hubsteiger<br \/>\n\u2022\u00a0Bereitstellung von Sprungt\u00fcchern oder Sprungkissen<br \/>\n\u2022\u00a0Hubschrauberrettung vom Dach des brennenden Geb\u00e4udes<\/p>\n<div style=\"text-align: center;\" align=\"left\"><span style=\"color: #333333; font-family: helvetica;\"><a href=\"http:\/\/feuerwehr-aigen.at\/wp-content\/uploads\/2009\/04\/Sicherheit_brandfall.jpg\" target=\"_blank\"><img loading=\"lazy\" decoding=\"async\" class=\"alignnone wp-image-316 size-full\" title=\"Verhalten im Brandfall\" src=\"http:\/\/www.feuerwehr-aigen.at\/wp-content\/uploads\/2009\/04\/Sicherheit_brandfall.jpg\" alt=\"Verhalten im Brandfall\" width=\"1000\" height=\"470\" border=\"0\" srcset=\"https:\/\/www.feuerwehr-aigen.at\/wp-content\/uploads\/2009\/04\/Sicherheit_brandfall.jpg 1000w, https:\/\/www.feuerwehr-aigen.at\/wp-content\/uploads\/2009\/04\/Sicherheit_brandfall-300x141.jpg 300w, https:\/\/www.feuerwehr-aigen.at\/wp-content\/uploads\/2009\/04\/Sicherheit_brandfall-768x361.jpg 768w\" sizes=\"auto, (max-width: 1000px) 100vw, 1000px\" \/><\/a><\/span><\/div>\n<p class=\"caption\" style=\"font-size: 16px;\" align=\"left\"><strong>L\u00f6schen<\/strong><\/p>\n<p class=\"caption\" align=\"left\">Etwa die H\u00e4lfte aller gemeldeten Brandf\u00e4lle werden noch vor dem Eintreffen der Feuerwehr von Privatpersonen gel\u00f6scht.<br \/>\nKenntnisse in der Ersten L\u00f6schhilfe und der richtige Einsatz von Kleinl\u00f6schger\u00e4ten k\u00f6nnen in vielen F\u00e4llen das Entstehen von Gro\u00dfbr\u00e4nden verhindern<span style=\"color: #333333; font-family: helvetica;\">. <\/span><\/p>\n<p align=\"left\"><strong>Regeln f\u00fcr die Brandbek\u00e4mpfung\u00a0<\/strong><\/p>\n<p class=\"caption\" align=\"left\">\u2022\u00a0T\u00fcren und Fenster des vom Brand betroffenen Raumes so lange geschlossen halten,<br \/>\nbis der L\u00f6schangriff nach ausreichender Bereitstellung von L\u00f6schger\u00e4ten<br \/>\nund L\u00f6schmittel vorgenommen werden kann.<br \/>\n\u2022\u00a0Beim Vorgehen in den Brandraum die Fenster im Stiegenhaus und gegebenenfalls<br \/>\nin den vor dem Brandraum liegenden R\u00e4umen \u00f6ffnen, damit die aus dem Brandraum<br \/>\nstr\u00f6menden Rauchgase ungehindert ins Freie abziehen k\u00f6nnen und das Stiegenhaus<br \/>\nnicht verqualmt wird.<br \/>\n\u2022\u00a0T\u00fcr zum Brandraum in geb\u00fcckter Stellung und unter Ausn\u00fctzung einer Deckung<br \/>\n(T\u00fcrblatt, angrenzende Mauer) \u00f6ffnen.<br \/>\n\u2022\u00a0Achtung: Gefahr durch Stichflammen!<br \/>\n\u2022\u00a0In geb\u00fcckter Haltung oder am Boden kriechend so nahe an den Brand heranarbeiten,<br \/>\ndass dieser mit dem L\u00f6schstrahl sicher getroffen werden kann.<br \/>\n\u2022\u00a0Beginn der L\u00f6scharbeit an der Stelle der gr\u00f6\u00dften Brandausbreitungsgefahr.<br \/>\n\u2022\u00a0L\u00f6schwasserstrahl nur in die Glut, nicht in Flammen und Rauch richten!<br \/>\n\u2022\u00a0Nur dann Wasser aufbringen, wenn der zu l\u00f6schende Gegenstand gesehen werden kann.<br \/>\n\u2022\u00a0Die L\u00f6schwasseraufbringung von Zeit zu Zeit unterbrechen, damit der Wasserdampf<br \/>\nabziehen kann und die brennenden Gegenst\u00e4nde wieder sichtbar werden.<\/p>\n<p align=\"left\"><strong>Verhinderung der Brandausbreitung: <\/strong><\/p>\n<p align=\"left\">Kann ein Brand mit den verf\u00fcgbaren L\u00f6schger\u00e4ten nicht gel\u00f6scht werden, dann muss versucht werden, den Brand auf den Brandraum zu begrenzen.<\/p>\n<p align=\"left\">\u2022\u00a0Noch nicht vom Brand erfasste brennbare Gegenst\u00e4nde aus dem Brandraum entfernen<br \/>\n\u2022\u00a0Wichtig: Beim Verlassen des Brandraumes T\u00fcren hinter sich schlie\u00dfen! Brandraum<br \/>\nvor dem Eintreffen der Feuerwehr nicht bel\u00fcften!<br \/>\n\u2022\u00a0T\u00fcren im Brandabschnitt geschlossen halten, vor allem die T\u00fcren zum Stiegenhaus.<br \/>\n\u2022\u00a0Klima- und L\u00fcftungsanlagen abstellen, Brandschutzklappen schlie\u00dfen.<br \/>\n\u2022\u00a0Zum Brandraum f\u00fchrende Gas- oder \u00d6lleitungen absperren.<br \/>\n\u2022\u00a0Beh\u00e4lter mit verdichteten oder brennbaren Gasen rechtzeitig ins Freie bringen,<br \/>\nVoraussetzung ist, dass die erhitzte Oberfl\u00e4che noch mit blo\u00dfen H\u00e4nden<br \/>\nbef\u00fchlt werden kann.<br \/>\n\u2022\u00a0Umgebung beobachten: Bei Funkenflug und Flugfeuer in gef\u00e4hrdeten Objekten s\u00e4mtliche<br \/>\n\u00d6ffnungen (Fenster, T\u00fcren, Dachbodenluken) schlie\u00dfen. Bei Gef\u00e4hrdung durch Funkenflug,<br \/>\nFlugfeuer oder W\u00e4rmestrahlung gef\u00e4hrdete Bereiche nass halten.<\/p>\n<p align=\"left\"><strong>Vorbereitung des Feuerwehreinsatzes <\/strong><\/p>\n<p align=\"left\">\u2022\u00a0Einsatzkr\u00e4fte bei der Hauptzufahrt erwarten und einweisen<br \/>\n\u2022\u00a0Einfahrten und Eing\u00e4nge \u00f6ffnen<br \/>\n\u2022\u00a0Rettungs- und Angriffswege freimachen<br \/>\n\u2022\u00a0Unbeteiligte Personen (Fremde, Schaulustige) fernhalten<br \/>\n\u2022\u00a0Einsatzkr\u00e4fte beim Eintreffen informieren \u00fcber:<br \/>\no\u00a0Lage des Brandherdes<br \/>\no\u00a0Eventuell vermisste Personen<br \/>\no\u00a0Eventuell noch im Brandobjekt befindliche gehbehinderte Personen<br \/>\n(Kranke, Kinder, alte Menschen)<br \/>\no\u00a0Besondere Gefahren (Spraydosen, Druckgasflaschen, Chemikalien)<br \/>\no\u00a0Bedrohte Tiere, besondere Sachwerte<br \/>\n\u2022\u00a0Feuerwehr einweisen:<br \/>\no\u00a0Steigleitungseinspeisungen,<br \/>\no\u00a0Lage von Hydranten (besonders wichtig Unterflurhydranten),<br \/>\no\u00a0sonstige Wasserentnahmestellen.<br \/>\n\u2022\u00a0Sich der Feuerwehr zur Verf\u00fcgung stellen;<br \/>\n\u2022\u00a0Selbstschutzhelfer haben vor allem wichtige Orts- und Personenkenntnisse.<\/p>\n<p class=\"caption\">\n","protected":false},"excerpt":{"rendered":"<p>Es brennt! Was ist zu tun? Alarmieren Brandmeldung geht vor Brandbek\u00e4mpfung!!! Die Brandmeldung kann automatisch \u00fcber eine Brandmeldeanlage oder manuell \u00fcber Druckknopfmelder bzw. Telefon erfolgen. Geben Sie bei einem Notruf immer bekannt: \u2022\u00a0Wer spricht? (Name des Anrufers) \u2022\u00a0Was ist passiert? (Brand, technisches Gebrechen) \u2022\u00a0Wo wird die Feuerwehr gebraucht (Adresse, Anfahrt) \u2022\u00a0Wie Hinweise auf besondere Umst\u00e4nde, [&hellip;]<\/p>\n","protected":false},"author":1,"featured_media":314,"parent":308,"menu_order":14,"comment_status":"closed","ping_status":"closed","template":"","meta":{"footnotes":""},"class_list":["post-317","page","type-page","status-publish","has-post-thumbnail","hentry"],"jetpack_sharing_enabled":true,"_links":{"self":[{"href":"https:\/\/www.feuerwehr-aigen.at\/index.php?rest_route=\/wp\/v2\/pages\/317","targetHints":{"allow":["GET"]}}],"collection":[{"href":"https:\/\/www.feuerwehr-aigen.at\/index.php?rest_route=\/wp\/v2\/pages"}],"about":[{"href":"https:\/\/www.feuerwehr-aigen.at\/index.php?rest_route=\/wp\/v2\/types\/page"}],"author":[{"embeddable":true,"href":"https:\/\/www.feuerwehr-aigen.at\/index.php?rest_route=\/wp\/v2\/users\/1"}],"replies":[{"embeddable":true,"href":"https:\/\/www.feuerwehr-aigen.at\/index.php?rest_route=%2Fwp%2Fv2%2Fcomments&post=317"}],"version-history":[{"count":4,"href":"https:\/\/www.feuerwehr-aigen.at\/index.php?rest_route=\/wp\/v2\/pages\/317\/revisions"}],"predecessor-version":[{"id":2824,"href":"https:\/\/www.feuerwehr-aigen.at\/index.php?rest_route=\/wp\/v2\/pages\/317\/revisions\/2824"}],"up":[{"embeddable":true,"href":"https:\/\/www.feuerwehr-aigen.at\/index.php?rest_route=\/wp\/v2\/pages\/308"}],"wp:featuredmedia":[{"embeddable":true,"href":"https:\/\/www.feuerwehr-aigen.at\/index.php?rest_route=\/wp\/v2\/media\/314"}],"wp:attachment":[{"href":"https:\/\/www.feuerwehr-aigen.at\/index.php?rest_route=%2Fwp%2Fv2%2Fmedia&parent=317"}],"curies":[{"name":"wp","href":"https:\/\/api.w.org\/{rel}","templated":true}]}}