{"id":2989,"date":"2017-12-30T09:45:28","date_gmt":"2017-12-30T08:45:28","guid":{"rendered":"http:\/\/www.feuerwehr-aigen.at\/?page_id=2989"},"modified":"2017-12-30T15:53:33","modified_gmt":"2017-12-30T14:53:33","slug":"28-12-2017-geburtstagsfeier-2-abteilung","status":"publish","type":"page","link":"https:\/\/www.feuerwehr-aigen.at\/?page_id=2989","title":{"rendered":"28.12.2017 &#8211; Geburtstagsfeier 2. Abteilung"},"content":{"rendered":"<section class=\"av_textblock_section \"  itemscope=\"itemscope\" itemtype=\"https:\/\/schema.org\/CreativeWork\" ><div class='avia_textblock  '   itemprop=\"text\" ><p><strong>Geburtstagsfeier der 2. Abteilung<\/strong><\/p>\n<\/div><\/section>\n\n<style type=\"text\/css\" data-created_by=\"avia_inline_auto\" id=\"style-css-av-av_one_third-6126cab7d8fab8d08143dd2dacdf673c\">\n.flex_column.av-av_one_third-6126cab7d8fab8d08143dd2dacdf673c{\nborder-radius:0px 0px 0px 0px;\n-webkit-border-radius:0px 0px 0px 0px;\n-moz-border-radius:0px 0px 0px 0px;\n}\n<\/style>\n<div class='flex_column av-av_one_third-6126cab7d8fab8d08143dd2dacdf673c av_one_third  avia-builder-el-1  el_after_av_textblock  el_before_av_two_third  first flex_column_div av-zero-column-padding column-top-margin'   ><style type=\"text\/css\" data-created_by=\"avia_inline_auto\" id=\"style-css-av-av_image-e7ea93a3af491a6d1eefb9818572fd6e\">\n.avia-image-container.av-av_image-e7ea93a3af491a6d1eefb9818572fd6e .av-image-caption-overlay-center{\ncolor:#ffffff;\n}\n<\/style>\n<div  class='avia-image-container av-av_image-e7ea93a3af491a6d1eefb9818572fd6e av-styling- avia-align-center  avia-builder-el-2  avia-builder-el-no-sibling  '  itemprop=\"image\" itemscope=\"itemscope\" itemtype=\"https:\/\/schema.org\/ImageObject\" ><div class=\"avia-image-container-inner\"><div class=\"avia-image-overlay-wrap\"><a href=\"https:\/\/www.feuerwehr-aigen.at\/wp-content\/uploads\/2017\/12\/geb_feier_2017-1030x682.jpg\" class='avia_image' ><img class='wp-image-2990 avia-img-lazy-loading-not-2990 avia_image' src='https:\/\/www.feuerwehr-aigen.at\/wp-content\/uploads\/2017\/12\/geb_feier_2017.jpg' alt='' title='geb_feier_2017'  itemprop=\"thumbnailUrl\"  \/><\/a><\/div><\/div><\/div><\/div>\n\n<style type=\"text\/css\" data-created_by=\"avia_inline_auto\" id=\"style-css-av-av_two_third-0aa7055fe62c3622faec82866afbaeb2\">\n.flex_column.av-av_two_third-0aa7055fe62c3622faec82866afbaeb2{\nborder-radius:0px 0px 0px 0px;\n-webkit-border-radius:0px 0px 0px 0px;\n-moz-border-radius:0px 0px 0px 0px;\n}\n<\/style>\n<div class='flex_column av-av_two_third-0aa7055fe62c3622faec82866afbaeb2 av_two_third  avia-builder-el-3  el_after_av_one_third  el_before_av_one_full  flex_column_div av-zero-column-padding column-top-margin'   ><section class=\"av_textblock_section \"  itemscope=\"itemscope\" itemtype=\"https:\/\/schema.org\/CreativeWork\" ><div class='avia_textblock  '   itemprop=\"text\" ><p>Am Ende jeden Jahres erlaubt sich die FF Aigen\/E die runden Geburtstagsjubilare, sowie die Kameraden der zweiten Abteilung, zu einem kleinen Beisammensein zu laden.<\/p>\n<p>Nach den Gru\u00dfworten von HBI Dietmar Wundersamer wurden kleine Geschenke an die Jubilare \u00fcberreicht.<\/p>\n<p>Eine besondere Freude war es HFM Wenzel Lemmerer zu seinem 90er zu gratulieren.<br \/>\nHFM Wenzel Lemmerer trat 1942 im Alter von 15 Jahren der FF D\u00f6llach bei.<br \/>\n1954 fand der \u00dcbertritt zur FF Aigen statt, wo ihm durch seinen Eifer, Ehrgeiz und seiner vorbildlichen Haltung das Verdienstzeichen des Landesfeuerwehrverbandes 3. Stufe verliehen wurde.<\/p>\n<p>Ebenso konnte sich OLM Josef Greimel \u00fcber die Gl\u00fcckw\u00fcnsche zum 60er sehr freuen.<\/p>\n<p>Gest\u00e4rkt durch eine Jause wurden noch Fotos aus vergangenen Jahren und Eins\u00e4tzen angeschaut.<br \/>\nAuch durften wir \u00fcber den Ein- oder Anderen Schwank aus vergangenen Jahren lachen.<br \/>\nSo verging die Zeit wie im Fluge und ein w\u00fcrdiger Abend neigte sich zu sp\u00e4ter Stunde dem Ende.<\/p>\n<p>Die FF Aigen m\u00f6chte den Jubilaren herzlich Gratulieren und ihnen alles Gute aber vor allem viel Gesundheit f\u00fcr die Zukunft w\u00fcnschen.<\/p>\n<p>(OBI Gerald Kerschhaggl)<\/p>\n<\/div><\/section><\/div>\n<style type=\"text\/css\" data-created_by=\"avia_inline_auto\" id=\"style-css-av-av_one_full-6126cab7d8fab8d08143dd2dacdf673c\">\n.flex_column.av-av_one_full-6126cab7d8fab8d08143dd2dacdf673c{\nborder-radius:0px 0px 0px 0px;\n-webkit-border-radius:0px 0px 0px 0px;\n-moz-border-radius:0px 0px 0px 0px;\n}\n<\/style>\n<div class='flex_column av-av_one_full-6126cab7d8fab8d08143dd2dacdf673c av_one_full  avia-builder-el-5  el_after_av_two_third  avia-builder-el-last  first flex_column_div av-zero-column-padding column-top-margin'   ><section class=\"av_textblock_section \"  itemscope=\"itemscope\" itemtype=\"https:\/\/schema.org\/CreativeWork\" ><div class='avia_textblock  '   itemprop=\"text\" ><\/div><\/section><\/div><\/p>\n","protected":false},"excerpt":{"rendered":"","protected":false},"author":3,"featured_media":0,"parent":0,"menu_order":0,"comment_status":"closed","ping_status":"closed","template":"","meta":{"footnotes":""},"class_list":["post-2989","page","type-page","status-publish","hentry"],"jetpack_sharing_enabled":true,"_links":{"self":[{"href":"https:\/\/www.feuerwehr-aigen.at\/index.php?rest_route=\/wp\/v2\/pages\/2989","targetHints":{"allow":["GET"]}}],"collection":[{"href":"https:\/\/www.feuerwehr-aigen.at\/index.php?rest_route=\/wp\/v2\/pages"}],"about":[{"href":"https:\/\/www.feuerwehr-aigen.at\/index.php?rest_route=\/wp\/v2\/types\/page"}],"author":[{"embeddable":true,"href":"https:\/\/www.feuerwehr-aigen.at\/index.php?rest_route=\/wp\/v2\/users\/3"}],"replies":[{"embeddable":true,"href":"https:\/\/www.feuerwehr-aigen.at\/index.php?rest_route=%2Fwp%2Fv2%2Fcomments&post=2989"}],"version-history":[{"count":2,"href":"https:\/\/www.feuerwehr-aigen.at\/index.php?rest_route=\/wp\/v2\/pages\/2989\/revisions"}],"predecessor-version":[{"id":2995,"href":"https:\/\/www.feuerwehr-aigen.at\/index.php?rest_route=\/wp\/v2\/pages\/2989\/revisions\/2995"}],"wp:attachment":[{"href":"https:\/\/www.feuerwehr-aigen.at\/index.php?rest_route=%2Fwp%2Fv2%2Fmedia&parent=2989"}],"curies":[{"name":"wp","href":"https:\/\/api.w.org\/{rel}","templated":true}]}}