{"id":288,"date":"2009-04-06T19:14:35","date_gmt":"2009-04-06T19:14:35","guid":{"rendered":"http:\/\/feuerwehr-aigen.d2solution.net\/index.php\/flugdienststuetzpunkt\/"},"modified":"2020-02-02T14:39:09","modified_gmt":"2020-02-02T13:39:09","slug":"flugdienststuetzpunkt","status":"publish","type":"page","link":"https:\/\/www.feuerwehr-aigen.at\/?page_id=288","title":{"rendered":"Flugdienstst\u00fctzpunkt"},"content":{"rendered":"<p><img decoding=\"async\" class=\"size-full wp-image-279 alignnone\" title=\"Flugdienst\" src=\"http:\/\/feuerwehr-aigen.at\/wp-content\/uploads\/2009\/04\/Sachgebiete_flugdienst.jpg\" alt=\"Flugdienst\" width=\"100\" align=\"right\" border=\"0\" hspace=\"5\" vspace=\"5\" srcset=\"https:\/\/www.feuerwehr-aigen.at\/wp-content\/uploads\/2009\/04\/Sachgebiete_flugdienst.jpg 318w, https:\/\/www.feuerwehr-aigen.at\/wp-content\/uploads\/2009\/04\/Sachgebiete_flugdienst-300x291.jpg 300w\" sizes=\"(max-width: 318px) 100vw, 318px\" \/><\/p>\n<p>Bestimmte Einsatzlagen machen den Einsatz von Flugger\u00e4ten erforderlich. Insbesonders dann, wenn zum Beispiel ein Brandherd in unwegsamen oder entlegenen Regionen nicht<br \/>\nerreicht werden kann, werden Hubschrauber zur Unterst\u00fctzung der Feuerwehrkr\u00e4fte eingesetzt. Diese besonderen Situationen erfordern von allen Beteiligten eine besondere Taktik und Technik.<\/p>\n<p>Die Feuerwehr Aigen ist durch ihre N\u00e4he zum Milit\u00e4rflugplatz Fiala Fernbrugg in Aigen und des darin stationierten Hubschraubers &#8222;Alouette III&#8220; seit den Anf\u00e4ngen des Feuerwehrflugdienstes eng mit\u00a0der Waldbrandbek\u00e4mpfung verbunden.<br \/>\nAm 21. M\u00e4rz 1977 wurde Die Feuerwehr Aigen zur St\u00fctzpunktfeuerwehr zur Bek\u00e4mpfung von Waldbr\u00e4nden.<br \/>\nIn den ersten Jahren mussten &#8222;nur&#8220; die Zusammenarbeit zwischen Feuerwehr, den Piloten, dem Hubschrauber und dem <a title=\"Ger\u00e4te\" href=\"http:\/\/www.feuerwehr-aigen.at\/?page_id=292\">Ger\u00e4t<\/a> ge\u00fcbt werden, sodass die Handhabung mit den Containern, das Arbeiten unterhalb des Hubschraubers, bzw. das Abseilen vom Hubschrauber zum Brandplatz geschult und perfektioniert wurde.<\/p>\n<p>Der Flugdienst\u00a0wurde seit den bescheidenen Anf\u00e4ngen zu Beginn der 70er Jahre des vorigen Jahrhunderts\u00a0stetig ausgebaut und hat sich seither vielfach bew\u00e4hrt.<\/p>\n<p>Diese Unterst\u00fctzung ist f\u00fcr die Feuerwehrkr\u00e4fte eine unersetzliche Hilfe, vor allem bei Waldbr\u00e4nden, bei Hochwasser, aber auch bei Br\u00e4nden in hohen <a href=\"http:\/\/www.feuerwehr-aigen.at\/wp-content\/uploads\/2009\/04\/Sachgebiete_flugdienst_01-300x225.jpg\"><img loading=\"lazy\" decoding=\"async\" class=\"alignright\" src=\"http:\/\/www.feuerwehr-aigen.at\/wp-content\/uploads\/2009\/04\/Sachgebiete_flugdienst_01-300x225.jpg\" alt=\"Flugdienst_01\" width=\"300\" height=\"225\" \/><\/a>Geb\u00e4uden (Hochh\u00e4user, Silos, Industrieanlagen) und beim Materialtransport in unwegsames Gel\u00e4nde.<br \/>\nDenken wir einmal daran, welche Vorteile uns der Einsatz von Luftfahrzeugen (insbesondere nat\u00fcrlich der Hubschrauber) bietet: Entfernungen werden verk\u00fcrzt, H\u00f6henunterschiede und Hindernisse, deren \u00dcberwindung einen enormen Aufwand an Kraft und Zeit kosten w\u00fcrde oder gar unm\u00f6glich w\u00e4re, liegen in wenigen Minuten hinter uns.<\/p>\n<p>L\u00f6schwasser, <a title=\"Ger\u00e4te\" href=\"http:\/\/www.feuerwehr-aigen.at\/?page_id=292\">Ger\u00e4te<\/a> und andere Lasten k\u00f6nnen rasch und verh\u00e4ltnism\u00e4\u00dfig einfach transportiert werden. Die Aufz\u00e4hlung dieser Vorteile l\u00e4sst sich fortsetzen bis zu der, f\u00fcr die F\u00fchrung wesentlichen Tatsache, dass man aus der Luft mehr sieht als am Boden. Damit sind bereits die Aufgaben von Luftfahrzeugen im Feuerwehreinsatz skizziert. Es sind dies Erkundung, Beobachtung, F\u00fchrung und Lufttransport. Damit die Zusammenarbeit Feuerwehr und Luftfahrzeuge klaglos funktioniert, sind einige grunds\u00e4tzliche Kenntnisse, gegenseitiges Kennenlernen und Verstehen, sowie gemeinsames \u00dcben Voraussetzung.<br \/>\n<span style=\"color: #333333; font-family: helvetica;\"><br \/>\n<\/span><strong>Die Flugdienstrichtlinie:<\/strong><br \/>\nDer Feuerwehrflugdienst des <a title=\"Landesfeuerwehrverband Steiermark\" href=\"http:\/\/www.lfv.stmk.at\/desktopdefault.aspx\" target=\"_blank\" rel=\"noopener\">Landesfeuerwehrverbandes Steiermark<\/a> gliedert sich daher in 3 gro\u00dfe Schwerpunkte und ist in der <a title=\"Richtlinie Flugdienst\" href=\"http:\/\/feuerwehr-aigen.at\/wp-content\/uploads\/2009\/04\/Download_rl_flugdienst_2006.pdf\" target=\"_blank\" rel=\"noopener\">Richtlinie f\u00fcr Flugdienst<\/a> geregelt:<\/p>\n<p><strong>Feuerwehrflugeinweiser:<\/strong><br \/>\nDie Feuerwehrflugeinweiser werden vorwiegend zur Zusammenarbeit mit Hubschraubern bei Verkehrsunf\u00e4llen zum Einsatz kommen, wenn die Feuerwehr beim Eintreffen des Flugger\u00e4tes bereits vor Ort ist. Nat\u00fcrlich sind die Feuerwehrflugeinweiser auch bei allgemeinen Feuerwehreins\u00e4tzen (Waldbr\u00e4nde, Unwettereins\u00e4tze, u.a.m.), bei welchen Hubschrauber eingesetzt werden, eine wichtige Basiseinheit.<\/p>\n<blockquote><p>\u2022 Erkunden und Vorbereiten von HS-Landepl\u00e4tzen<br \/>\n\u2022 Meldung von Flughindernissen in den Landeplatzbereichen und im Einsatzraum<br \/>\nan den fliegerischen Einsatzleiter (flEL) oder an die Piloten<br \/>\n\u2022 R\u00e4umen und Freihalten der HS-Landepl\u00e4tze Absperren der Landepl\u00e4tze<br \/>\n\u2022 Einweisen von Hubschraubern<br \/>\n\u2022 Vorbereiten von Lasten f\u00fcr den Lufttransport als Au\u00dfen- oder Innenlast<br \/>\n\u2022 \u00dcberwachen von Personen und Ger\u00e4t am Boden<\/p><\/blockquote>\n<p><span style=\"color: #333333; font-family: helvetica;\"><strong><a title=\"Flughelfer\" href=\"http:\/\/feuerwehr-aigen.at\/wp-content\/uploads\/2009\/04\/Sachgebiete_flughelfer.jpg\" target=\"_blank\" rel=\"noopener\"><img loading=\"lazy\" decoding=\"async\" class=\"alignright wp-image-283 size-medium\" title=\"Flughelfer\" src=\"http:\/\/www.feuerwehr-aigen.at\/wp-content\/uploads\/2009\/04\/Sachgebiete_flughelfer-300x164.jpg\" alt=\"Flughelfer\" width=\"300\" height=\"164\" align=\"right\" border=\"0\" hspace=\"5\" vspace=\"5\" srcset=\"https:\/\/www.feuerwehr-aigen.at\/wp-content\/uploads\/2009\/04\/Sachgebiete_flughelfer-300x164.jpg 300w, https:\/\/www.feuerwehr-aigen.at\/wp-content\/uploads\/2009\/04\/Sachgebiete_flughelfer-768x421.jpg 768w, https:\/\/www.feuerwehr-aigen.at\/wp-content\/uploads\/2009\/04\/Sachgebiete_flughelfer.jpg 1000w\" sizes=\"auto, (max-width: 300px) 100vw, 300px\" \/><\/a><\/strong><\/span><strong>Feuerwehrflughelfer:<\/strong><br \/>\nDie Feuerwehr-Flughelfer werden bei Sondereins\u00e4tzen in der Zusammenarbeit mit Hubschraubern verwendet, welche auch direkte Arbeiten nach Erfordernis und gesetzlicher und organisatorischer M\u00f6glichkeit im und am Hubschrauber erforderlich machen k\u00f6nnen.<\/p>\n<blockquote><p>\u2022 Mitteilung von Zielpunkten an den flEL oder erforderlichenfalls an die Piloten<br \/>\n\u2022 Vorbereiten von Personen f\u00fcr den Lufttransport als Au\u00dfen- oder Innenlast<br \/>\n\u2022 Arbeiten mit Ger\u00e4ten f\u00fcr den Personentransport (Bergedreieck, u.a.m.)<br \/>\n\u2022 Beobachten und Melden aus der Luft<br \/>\n\u2022 Mithilfe beim Be- und Entladen von Innenlasten<br \/>\n\u2022 Mithilfe beim Ein- und Aush\u00e4ngen von Au\u00dfenlasten<br \/>\n\u2022 Wegf\u00fchren von Evakuierten aus dem Landeplatzbereich<br \/>\n\u2022 Seilfl\u00fcge am Bergetau oder an der Seilwinde bei Brandereignissen in hohen<br \/>\nGeb\u00e4uden oder im unwegsamen Gel\u00e4nde, bei Eins\u00e4tzen nach<br \/>\nNaturkatastrophen (Hochwasser, Muren-, Lawinenabg\u00e4nge, u.a.m.) und bei<br \/>\nsonstigen technischen Schadensereignissen.<\/p><\/blockquote>\n<p><strong>Flugdienststaffel:<\/strong><br \/>\nIn der Steiermark sind f\u00fcr Eins\u00e4tze mit Unterst\u00fctzung von Luftfahrzeugen 3 Staffeln stationiert:<\/p>\n<p><a title=\"Flugdienststaffel\" href=\"http:\/\/feuerwehr-aigen.at\/wp-content\/uploads\/2009\/04\/Sachgebiete_flugdienststaffel.jpg\" target=\"_blank\" rel=\"noopener\"><img loading=\"lazy\" decoding=\"async\" title=\"Flugdienststaffel\" src=\"http:\/\/www.feuerwehr-aigen.at\/wp-content\/uploads\/2009\/04\/Sachgebiete_flugdienststaffel-300x209.jpg\" alt=\"Flugdienststaffel\" width=\"300\" height=\"209\" align=\"right\" border=\"0\" hspace=\"5\" vspace=\"5\" \/><\/a>FLUGDIENSTSTAFFEL STEIERMARK NORD<br \/>\nFF Aigen im Ennstal &#8211; Zust\u00e4ndig f\u00fcr die Bezirke: Liezen,<br \/>\nLeoben-Nord (Einsatzgrenze Pr\u00e4bichl)<\/p>\n<p>FLUGDIENSTSTAFFEL STEIERMARK OST + S\u00dcD<br \/>\n<a title=\"FF Kapfenberg Stadt\" href=\"http:\/\/www.feuerwehr-kapfenberg.at\/\" target=\"_blank\" rel=\"noopener\">FF Kapfenberg Stadt<\/a> &#8211; Zust\u00e4ndig f\u00fcr die Bezirke: Bruck a.d. Mur, Deutschlandsberg, Feldbach, F\u00fcrstenfeld, Graz, Graz-Umgebung, Hartberg, Leibnitz, Leoben-S\u00fcd (Einsatzgrenze Pr\u00e4bichl), M\u00fcrzzuschlag, Radkersburg, Voitsberg, Weiz<\/p>\n<p>FLUGDIENSTSTAFFEL STEIERMARK WEST<br \/>\n<a title=\"FF Scheifling\" href=\"http:\/\/www.ff-scheifling.at\/\" target=\"_blank\" rel=\"noopener\">FF Scheifling<\/a> &#8211; Zust\u00e4ndig f\u00fcr die Bezirke: Judenburg, Knittelfeld, Murau<\/p>\n<p>Die Aufgaben der Flugdienststaffeln sind die Unterst\u00fctzung der \u00d6rtlichen Feuerwehren bei:<\/p>\n<blockquote><p>\u2022 Brandeins\u00e4tze (in unwegsamen und\/oder alpinem Gel\u00e4nde, in gro\u00dfen H\u00f6hen)<br \/>\n\u2022 Technische Eins\u00e4tze (Flugzeugabsturz, Fahrzeugabsturz,<br \/>\nMenschenrettung in unwegsamen Gel\u00e4nde, Forstunf\u00e4lle)<br \/>\n\u2022 Sicherheitsdienste bei Gro\u00dfveranstaltungen, Naturkatastrophen<br \/>\n(Muren-, Lawinenabg\u00e4nge, Hochwasser)<\/p><\/blockquote>\n<p><span style=\"color: #333333; font-family: helvetica;\"><strong><a title=\"Alarmierung\" href=\"http:\/\/feuerwehr-aigen.at\/wp-content\/uploads\/2009\/04\/Sachgebiete_alarmierung_flug.jpg\"><img loading=\"lazy\" decoding=\"async\" class=\"alignright wp-image-287 size-medium\" title=\"Alarmierung Flugdienst\" src=\"http:\/\/www.feuerwehr-aigen.at\/wp-content\/uploads\/2009\/04\/Sachgebiete_alarmierung_flug-300x160.jpg\" alt=\"Alarmierung Flugdienst\" width=\"300\" height=\"160\" align=\"right\" border=\"0\" hspace=\"5\" vspace=\"5\" srcset=\"https:\/\/www.feuerwehr-aigen.at\/wp-content\/uploads\/2009\/04\/Sachgebiete_alarmierung_flug-300x160.jpg 300w, https:\/\/www.feuerwehr-aigen.at\/wp-content\/uploads\/2009\/04\/Sachgebiete_alarmierung_flug.jpg 708w\" sizes=\"auto, (max-width: 300px) 100vw, 300px\" \/><\/a><\/strong><\/span><strong>Der Alarmierungsablauf:<\/strong><br \/>\nDie Alarmierung (Ausgenommen Verkehrsunf\u00e4lle und Rettungseins\u00e4tze) hat unbedingt \u00fcber den Dienstweg zu erfolgen.<br \/>\nDie Einsatzleitung fordert \u00fcber die Bezirksalarmzentrale<br \/>\n<a title=\"Florian Liezen\" href=\"http:\/\/www.bfvli.steiermark.at\/desktopdefault.aspx\/tabid-300\/\" target=\"_blank\" rel=\"noopener\">\u201eFlorian Liezen\u201c<\/a> die Hubschrauberunterst\u00fctzung an.<br \/>\nDie Anforderung wird an die <a title=\"LWZ Steiermark\" href=\"http:\/\/www.katastrophenschutz.steiermark.at\/cms\/ziel\/5461\/DE\/\" target=\"_blank\" rel=\"noopener\">Landeswarnzentrale<\/a> weitergeleitet welche die weiteren Schritte veranlasst.<br \/>\nF\u00fcr Katastrophenf\u00e4lle wie Waldbr\u00e4nde ist das <a title=\"BMI\" href=\"http:\/\/www.bmi.gv.at\/cms\/BMI\/_news\/BMI.aspx\" target=\"_blank\" rel=\"noopener\">Bundesministerium f\u00fcr Inneres<\/a> zust\u00e4ndig.<br \/>\nAufgrund dieser Zust\u00e4ndigkeit wird als erste Unterst\u00fctzung die <a title=\"Flugeinsatzstelle Graz\" href=\"http:\/\/www.flugpolizei.at\/index.php?option=com_content&amp;task=view&amp;id=17&amp;Itemid=217\" target=\"_blank\" rel=\"noopener\">Flugeinsatzstelle Graz<\/a>\u00a0 alarmiert.<br \/>\nErst wenn die Ressourcen des <a title=\"BMI\" href=\"http:\/\/www.bmi.gv.at\/cms\/BMI\/_news\/BMI.aspx\" target=\"_blank\" rel=\"noopener\">Bundesministerium f\u00fcr Inneres<\/a> nicht mehr ausreichen, oder keine Maschinen zur Verf\u00fcgung stehen, kann beim <a title=\"BMLV\" href=\"http:\/\/www.bmlv.gv.at\/\" target=\"_blank\" rel=\"noopener\">Bundesministerium f\u00fcr Landesverteidigung<\/a> ein Assistenzeinsatz angefordert werden.<\/p>\n<p><strong>Die\u00a0Flugdienstbeauftragten der Feuerwehr Aigen:<\/strong><\/p>\n<table border=\"0\">\n<tbody>\n<tr>\n<td>\u00a0HBI d. F. Ing. Fritz Josef jun.<\/td>\n<td><\/td>\n<td>\u00a0von<\/td>\n<td>\u00a02007<\/td>\n<td>\u00a0bis<\/td>\n<td>\u00a02017<\/td>\n<\/tr>\n<tr>\n<td>\u00a0OBI a.d. Tiefenbacher Manfred<\/td>\n<td><\/td>\n<td>\u00a0von<\/td>\n<td>\u00a02017<\/td>\n<td>\u00a0bis<\/td>\n<td><\/td>\n<\/tr>\n<\/tbody>\n<\/table>\n<p>&nbsp;<\/p>\n<p>&nbsp;<\/p>\n","protected":false},"excerpt":{"rendered":"<p>Bestimmte Einsatzlagen machen den Einsatz von Flugger\u00e4ten erforderlich. Insbesonders dann, wenn zum Beispiel ein Brandherd in unwegsamen oder entlegenen Regionen nicht erreicht werden kann, werden Hubschrauber zur Unterst\u00fctzung der Feuerwehrkr\u00e4fte eingesetzt. Diese besonderen Situationen erfordern von allen Beteiligten eine besondere Taktik und Technik. Die Feuerwehr Aigen ist durch ihre N\u00e4he zum Milit\u00e4rflugplatz Fiala Fernbrugg in [&hellip;]<\/p>\n","protected":false},"author":1,"featured_media":0,"parent":242,"menu_order":9,"comment_status":"closed","ping_status":"closed","template":"","meta":{"footnotes":""},"class_list":["post-288","page","type-page","status-publish","hentry"],"jetpack_sharing_enabled":true,"_links":{"self":[{"href":"https:\/\/www.feuerwehr-aigen.at\/index.php?rest_route=\/wp\/v2\/pages\/288","targetHints":{"allow":["GET"]}}],"collection":[{"href":"https:\/\/www.feuerwehr-aigen.at\/index.php?rest_route=\/wp\/v2\/pages"}],"about":[{"href":"https:\/\/www.feuerwehr-aigen.at\/index.php?rest_route=\/wp\/v2\/types\/page"}],"author":[{"embeddable":true,"href":"https:\/\/www.feuerwehr-aigen.at\/index.php?rest_route=\/wp\/v2\/users\/1"}],"replies":[{"embeddable":true,"href":"https:\/\/www.feuerwehr-aigen.at\/index.php?rest_route=%2Fwp%2Fv2%2Fcomments&post=288"}],"version-history":[{"count":11,"href":"https:\/\/www.feuerwehr-aigen.at\/index.php?rest_route=\/wp\/v2\/pages\/288\/revisions"}],"predecessor-version":[{"id":4203,"href":"https:\/\/www.feuerwehr-aigen.at\/index.php?rest_route=\/wp\/v2\/pages\/288\/revisions\/4203"}],"up":[{"embeddable":true,"href":"https:\/\/www.feuerwehr-aigen.at\/index.php?rest_route=\/wp\/v2\/pages\/242"}],"wp:attachment":[{"href":"https:\/\/www.feuerwehr-aigen.at\/index.php?rest_route=%2Fwp%2Fv2%2Fmedia&parent=288"}],"curies":[{"name":"wp","href":"https:\/\/api.w.org\/{rel}","templated":true}]}}