{"id":277,"date":"2009-04-06T19:14:18","date_gmt":"2009-04-06T19:14:18","guid":{"rendered":"http:\/\/feuerwehr-aigen.d2solution.net\/index.php\/nachrichtendienst\/"},"modified":"2020-02-02T14:38:39","modified_gmt":"2020-02-02T13:38:39","slug":"nachrichtendienst","status":"publish","type":"page","link":"https:\/\/www.feuerwehr-aigen.at\/?page_id=277","title":{"rendered":"Nachrichtendienst"},"content":{"rendered":"<p><span style=\"color: #333333; font-family: helvetica;\"><img decoding=\"async\" class=\" alignright size-full wp-image-274\" title=\"Funk\" src=\"http:\/\/feuerwehr-aigen.at\/wp-content\/uploads\/2009\/04\/Sachgebiete_funk.gif\" alt=\"Funk\" width=\"100\" align=\"right\" border=\"0\" hspace=\"5\" vspace=\"5\" \/><\/span>Das Nachrichtenwesen, im Besonderen der Funk und die Alarmierung, sind im Laufe der Jahre zu einem der wichtigsten Bestandteile jeder Feuerwehr geworden.<br \/>\nVor allem in l\u00e4ndlichen Gebieten ist es besonders wichtig, Kommunikation und Erreichbarkeit innerhalb der Feuerwehr bis auf ein Maximum zu optimieren.<br \/>\nF\u00fcr die Kommunikation im steirischen Feuerwehrwesen wird ein eigenes Funknetz verwendet. Jeder Bezirk verf\u00fcgt \u00fcber einen eigenen Kanal (Frequenz) auf dem die Feuerwehren ihren Funksprechverkehr abwickeln. \u00dcber dieses Frequenzband erfolgt auch die <a title=\"Zivilschutzalarm\" href=\"http:\/\/www.feuerwehr-aigen.at\/?page_id=323\">Alarmierung<\/a> der Feuerwehren durch die Funksirenensteuerung.<\/p>\n<p>&nbsp;<\/p>\n<p><strong>Die Alarmierung:<\/strong><br \/>\nDie Alarmierung der einzelnen Feuerwehren im Bezirk Liezen kann im Einsatzfall von der Bezirksalarmzentrale <a title=\"Florian Liezen\" href=\"http:\/\/www.bfvli.steiermark.at\/desktopdefault.aspx\/tabid-300\/\" target=\"_blank\" rel=\"noopener\">\u201eFlorian Liezen\u201c<\/a> oder\u00a0der\u00a0 <a title=\"LWZ Steiermark\" href=\"http:\/\/www.katastrophenschutz.steiermark.at\/cms\/ziel\/5461\/DE\/\" target=\"_blank\" rel=\"noopener\">Landeswarnzentrale Steiermark<\/a>\u00a0 ausgel\u00f6st werden.<br \/>\nBeim Absetzen des <a title=\"Notrufnummern\" href=\"http:\/\/www.feuerwehr-aigen.at\/?page_id=313\">Notrufs<\/a> \u00fcber 122 kommt man direkt zur <a title=\"Florian Liezen\" href=\"http:\/\/www.bfvli.steiermark.at\/desktopdefault.aspx\/tabid-300\/\" target=\"_blank\" rel=\"noopener\">Bezirksalarmzentrale Liezen<\/a>.<br \/>\nEntsprechend der aufliegenden Alarmpl\u00e4ne der einzelnen Feuerwehren wird nun je nach Ereignis alarmiert.<\/p>\n<p>Die Feuerwehr Aigen wird mittels 2 Funksirenen und zus\u00e4tzlich \u00fcber Handyalarmierung alarmiert.<\/p>\n<p>Die 1. Sirene wurde im Jahre 1953 angeschaffen, und im Ortskern von Aigen (Volksschule)\u00a0 montiert.<br \/>\nIm Jahre 1971 wurde die zweite\u00a0 Funkgesteuerte Sirene beim Anwesen Strobl, vlg. Postl in Betrieb genommen.<br \/>\nBeide Sirenen alarmieren noch heute die Bev\u00f6lkerung bei Katastrophen- oder <a title=\"Zivilschutzalarm\" href=\"http:\/\/www.feuerwehr-aigen.at\/?page_id=323\">Zivilschutzvorf\u00e4llen<\/a>.<br \/>\nDa unser Einzugsgebiet sehr weitl\u00e4ufig ist, und die Sirenen von den Feuerwehrmitgliedern nicht \u00fcberall wahrgenommen wurden, ist im Jahr 2005 vom Wehrausschuss zus\u00e4tzlich die Handyalarmierung beschlossen worden.<br \/>\nDie ersten Handfunkger\u00e4te wurden im Jahre 1979 angekauft.<\/p>\n<p>&nbsp;<\/p>\n<p><strong>Die Aufgaben des Funkbeauftragten:<\/strong><br \/>\nDer Funkbeauftrage ist verantwortlich f\u00fcr die Interne Aus- und Weiterbildung der Feuerwehrm\u00e4nner im Sachgebiet Funk.<br \/>\nDes Weiteren ist er f\u00fcr den Ankauf, die Instandhaltung und die Wartung aller Kommunikationsger\u00e4te in den Fahrzeugen sowie f\u00fcr die im Feuerwehrhaus untergebrachte Funkanlage zust\u00e4ndig.<\/p>\n<p><img decoding=\"async\" title=\"FULA Gold\" src=\"http:\/\/feuerwehr-aigen.at\/wp-content\/uploads\/2009\/04\/Mannschaft_Abzeichen_fula_gold.gif\" alt=\"FULA Gold\" width=\"120\" align=\"left\" border=\"0\" hspace=\"5\" vspace=\"5\" \/><strong>FULA &#8211; Funkleistungsabzeichen:<\/strong><br \/>\nDer Funkleistungsbewerb wird in 3 Stufen (Bronze, Silber und\u00a0Gold) abgehalten.<br \/>\nMit diesem Bewerb\u00a0wird es erm\u00f6glicht, dass Feuerwehrfunker aus der Steiermark, je nach ihrem Ausbildungsstand, ihre Leistung in Form dieser Pr\u00fcfung unter Beweis stellen k\u00f6nnen.<br \/>\nDer Bewerb um das Funkleistungsabzeichen in\u00a0Bronze wird im Bezirk\u00a0abgehalten, der Gold- und Silberbewerb wird an der Feuerwehr- und Zivilschutzschule Steiermark in Lebring durchgef\u00fchrt.<br \/>\n<span style=\"color: #333333; font-family: helvetica;\"><br \/>\n<\/span><\/p>\n<p><strong>Ausbildungsstand Funk:<\/strong><br \/>\n33 Mann Funkleistungsabzeichen in Bronze<br \/>\n25 Mann Funkleistungsabzeichen in Silber<br \/>\n11 Mann Funkleistungsabzeichen in Gold<br \/>\n48 Mann Funkgrundlehrgang<br \/>\n27 Mann Funklehrgang<br \/>\n6\u00a0\u00a0 Mann Lehrgang f. Funker i. d. Einsatzleitung<br \/>\n<span style=\"color: #333333; font-family: helvetica;\"><br \/>\n<\/span><\/p>\n<p><strong>Ger\u00e4testand:<\/strong><br \/>\n1 Stk.\u00a0Ortsfeste Funkfixstation<br \/>\n5\u00a0Stk. Fahrzeugfunkger\u00e4te<br \/>\n5 Stk. Handfunkger\u00e4te 4m Band<br \/>\n4 Stk. Handfunkger\u00e4te 2m Band ( Flugfunk)<br \/>\n2 Stk. Handfunkger\u00e4te 70cm Band (Atemschutz)<\/p>\n<p><strong>Downloads:<\/strong><br \/>\n<a title=\"Funkschulung 2012\" href=\"http:\/\/feuerwehr-aigen.at\/wp-content\/uploads\/2009\/04\/Download_funkschulung2012.ppsx\" target=\"_blank\" rel=\"noopener\">Funkschulung 2012<\/a><\/p>\n<p><strong>Die Ortsfunkbeauftragten der Feuerwehr Aigen:<\/strong><\/p>\n<table border=\"0\">\n<tbody>\n<tr>\n<td>\u00a0HFM G\u00f6schl Franz<\/td>\n<td><\/td>\n<td>\u00a0von<\/td>\n<td>\u00a01979<\/td>\n<td>\u00a0bis<\/td>\n<td>\u00a01980<\/td>\n<\/tr>\n<tr>\n<td>\u00a0EHLM Radlingmaier Engelbert<\/td>\n<td><\/td>\n<td>\u00a0von<\/td>\n<td>\u00a01980<\/td>\n<td>\u00a0bis<\/td>\n<td>\u00a01996<\/td>\n<\/tr>\n<tr>\n<td>\u00a0HBI Wundersamer Dietmar<\/td>\n<td><\/td>\n<td>\u00a0von<\/td>\n<td>\u00a01996<\/td>\n<td>\u00a0bis<\/td>\n<td>\u00a02010<\/td>\n<\/tr>\n<tr>\n<td>\u00a0OLM d.V. Reiter Martin<\/td>\n<td><\/td>\n<td>\u00a0von<\/td>\n<td>\u00a02010<\/td>\n<td>\u00a0bis<\/td>\n<td>\u00a02012<\/td>\n<\/tr>\n<tr>\n<td>\u00a0HBI Wundersamer Dietmar<\/td>\n<td><\/td>\n<td>\u00a0von<\/td>\n<td>\u00a02012<\/td>\n<td>\u00a0bis<\/td>\n<td>\u00a02015<\/td>\n<\/tr>\n<tr>\n<td>\u00a0LM d.F. Th\u00f6ringer Alexander<\/td>\n<td><\/td>\n<td>\u00a0von<\/td>\n<td>\u00a02015<\/td>\n<td>\u00a0bis<\/td>\n<td><\/td>\n<\/tr>\n<\/tbody>\n<\/table>\n<p><span style=\"color: #333333; font-family: helvetica;\">\u00a0<\/span><\/p>\n","protected":false},"excerpt":{"rendered":"<p>Das Nachrichtenwesen, im Besonderen der Funk und die Alarmierung, sind im Laufe der Jahre zu einem der wichtigsten Bestandteile jeder Feuerwehr geworden. Vor allem in l\u00e4ndlichen Gebieten ist es besonders wichtig, Kommunikation und Erreichbarkeit innerhalb der Feuerwehr bis auf ein Maximum zu optimieren. F\u00fcr die Kommunikation im steirischen Feuerwehrwesen wird ein eigenes Funknetz verwendet. Jeder [&hellip;]<\/p>\n","protected":false},"author":1,"featured_media":0,"parent":242,"menu_order":8,"comment_status":"closed","ping_status":"closed","template":"","meta":{"footnotes":""},"class_list":["post-277","page","type-page","status-publish","hentry"],"jetpack_sharing_enabled":true,"_links":{"self":[{"href":"https:\/\/www.feuerwehr-aigen.at\/index.php?rest_route=\/wp\/v2\/pages\/277","targetHints":{"allow":["GET"]}}],"collection":[{"href":"https:\/\/www.feuerwehr-aigen.at\/index.php?rest_route=\/wp\/v2\/pages"}],"about":[{"href":"https:\/\/www.feuerwehr-aigen.at\/index.php?rest_route=\/wp\/v2\/types\/page"}],"author":[{"embeddable":true,"href":"https:\/\/www.feuerwehr-aigen.at\/index.php?rest_route=\/wp\/v2\/users\/1"}],"replies":[{"embeddable":true,"href":"https:\/\/www.feuerwehr-aigen.at\/index.php?rest_route=%2Fwp%2Fv2%2Fcomments&post=277"}],"version-history":[{"count":5,"href":"https:\/\/www.feuerwehr-aigen.at\/index.php?rest_route=\/wp\/v2\/pages\/277\/revisions"}],"predecessor-version":[{"id":4202,"href":"https:\/\/www.feuerwehr-aigen.at\/index.php?rest_route=\/wp\/v2\/pages\/277\/revisions\/4202"}],"up":[{"embeddable":true,"href":"https:\/\/www.feuerwehr-aigen.at\/index.php?rest_route=\/wp\/v2\/pages\/242"}],"wp:attachment":[{"href":"https:\/\/www.feuerwehr-aigen.at\/index.php?rest_route=%2Fwp%2Fv2%2Fmedia&parent=277"}],"curies":[{"name":"wp","href":"https:\/\/api.w.org\/{rel}","templated":true}]}}