{"id":273,"date":"2009-04-06T19:13:58","date_gmt":"2009-04-06T19:13:58","guid":{"rendered":"http:\/\/feuerwehr-aigen.d2solution.net\/index.php\/sanitaetsdienst\/"},"modified":"2017-09-07T01:32:37","modified_gmt":"2017-09-07T00:32:37","slug":"sanitaetsdienst","status":"publish","type":"page","link":"https:\/\/www.feuerwehr-aigen.at\/?page_id=273","title":{"rendered":"Sanit\u00e4tsdienst"},"content":{"rendered":"<p><span style=\"color: #333333; font-family: helvetica;\"><img loading=\"lazy\" decoding=\"async\" class=\" alignright size-full wp-image-239\" title=\"Sanit\u00e4tsdienst\" src=\"http:\/\/feuerwehr-aigen.at\/wp-content\/uploads\/2009\/04\/Sachgebiete_san.gif\" alt=\"Sanit\u00e4tsdienst\" width=\"100\" height=\"100\" align=\"right\" border=\"0\" hspace=\"5\" vspace=\"5\" \/><img loading=\"lazy\" decoding=\"async\" class=\" alignright size-full wp-image-271\" title=\"Arzt\" src=\"http:\/\/feuerwehr-aigen.at\/wp-content\/uploads\/2009\/04\/Sachgebiete_arzt.gif\" alt=\"Arzt\" width=\"100\" height=\"100\" align=\"right\" border=\"0\" hspace=\"5\" vspace=\"5\" \/><\/span>Erste-Hilfeleistung verunfallter oder verletzter Feuerwehrmitglieder, Menschenrettung und Betreuung verungl\u00fcckter Personen sowie\u00a0 Unterst\u00fctzung des Rettungspersonales, das sind die vorwiegenden Aufgaben der Feuerwehrsanit\u00e4ter.<\/p>\n<p>Der Sanit\u00e4tsdienst in den Feuerwehren existiert schon seit geraumer Zeit, hat aber in den letzten Jahren an Bedeutung gewonnen.<br \/>\nDie Betreuung verletzter oder verunfallter Personen erfordert umfangreiches Wissen auch auf dem Gebiet des Sanit\u00e4tsdienstes.<br \/>\nBei der Menschenrettung gibt es immer wieder Situationen, in denen die Rettungssanit\u00e4ter und Not\u00e4rzte nicht zum Verunfallten vordringen k\u00f6nnen (z.B. Personen in brennenden Geb\u00e4uden, Verunfallte in H\u00f6hen und Tiefen, Personen in Gefahrenbereichen wie Schadstoffaustritt, Geb\u00e4udeeinsturz etc.).<br \/>\nDie Feuerwehr, welche aufgrund ihrer Ausbildung und technischer Ausr\u00fcstung an vorderster Front f\u00fcr die Rettung\u00a0verletzter Personen die Verantwortung tr\u00e4gt, ist somit auch gefordert die Erste Hilfe Ma\u00dfnahmen durchzuf\u00fchren, bis die verletzte Person von den Sanit\u00e4tskr\u00e4ften \u00fcbernommen werden kann.<br \/>\nAuch die &#8222;Psychologische Betreuung&#8220; unter Schock stehender Personen\u00a0z\u00e4hlt zur &#8222;Ersten Hilfe&#8220; und wird von den Feuerwehrsanit\u00e4tern durchgef\u00fchrt.<span style=\"color: #333333; font-family: helvetica;\"><br \/>\n<\/span><\/p>\n<div style=\"text-align: center;\"><span style=\"color: #333333; font-family: helvetica;\"><img loading=\"lazy\" decoding=\"async\" class=\" size-full wp-image-272\" title=\"Feuerwehrsanit\u00e4ter\" src=\"http:\/\/feuerwehr-aigen.at\/wp-content\/uploads\/2009\/04\/Sachgebiete_sanitaet.gif\" alt=\"Feuerwehrsanit\u00e4ter\" width=\"270\" height=\"135\" border=\"0\" hspace=\"5\" vspace=\"5\" \/><\/span><\/div>\n<p><span style=\"color: #333333; font-family: helvetica;\">\u00a0<\/span><\/p>\n<p>&nbsp;<\/p>\n<p>Um verletzten Personen nicht noch weiteren Schaden zuzuf\u00fcgen, sind entsprechende Erste Hilfe Kenntnisse\u00a0 erforderlich. Der 16-st\u00fcndige Erste Hilfe Kurs ist Voraussetzung f\u00fcr mehrere Basiskurse der Feuerwehr (z.B. Atemschutzger\u00e4tetr\u00e4gerlehrgang, Technische Lehrg\u00e4nge&#8230;).<br \/>\nAufbauend auf den Erste Hilfe Kurs wird das Wissen in einem Sanit\u00e4terlehrgang an der <a title=\"Feuerwehr- und Zivilschutzschule\" href=\"http:\/\/www.lfv.stmk.at\/desktopdefault.aspx\/tabid-1346\/\" target=\"_blank\">Feuerwehr- und Zivilschutzschule Lebring<\/a> vertieft.<br \/>\nRegelm\u00e4\u00dfige \u00dcbungen zur Rettung\u00a0 verletzter oder verunfallter Personen erg\u00e4nzen den Sanit\u00e4tsdienst in der Feuerwehr.<\/p>\n<p><strong>Die Aufgaben\u00a0des Sanit\u00e4tsbeauftragten:<\/strong><br \/>\nUm diesen Einsatzanforderungen gewachsen zu sein, und das Sanit\u00e4tswesen in der Feuerwehr\u00a0 zu Koordinieren bedarf es einen Sanit\u00e4tsbeauftragten, welcher vom Feuerwehrarzt unterst\u00fctz wird.<\/p>\n<blockquote><p>\u2022 Aus- und Weiterbildung der Mannschaft im Bereich &#8222;Erste Hilfe&#8220;<br \/>\n\u2022 Wartung und Erg\u00e4nzung der notwendige Erste Hilfe Ausr\u00fcstung.<br \/>\n\u2022 Organisation der Tauglichkeitsuntersuchungen und Impfungen<\/p><\/blockquote>\n<p><strong>Ausbildungsstand Sanit\u00e4tsdienst:<\/strong><br \/>\n17 ausgebildete Feuerwehrsanit\u00e4ter<br \/>\n3 Mann Sanit\u00e4sleistungsabzeichen Bronze<\/p>\n<p><strong>Ausr\u00fcstungstand:<\/strong><br \/>\nDiverse Sanit\u00e4tsrucks\u00e4cke<br \/>\n1 Stk. Schaufeltrage<\/p>\n<p><strong>Die Sanit\u00e4tsbeauftragten der Feuerwehr Aigen:<\/strong><\/p>\n<table border=\"0\">\n<tbody>\n<tr>\n<td>\u00a0OLM Greimel Josef<\/td>\n<td><\/td>\n<td>\u00a0von<\/td>\n<td>\u00a01982<\/td>\n<td>\u00a0bis<\/td>\n<td>\u00a02003<\/td>\n<\/tr>\n<tr>\n<td>\u00a0OLM d. S. Muckenhofer Bernd<\/td>\n<td><\/td>\n<td>\u00a0von<\/td>\n<td>\u00a02003<\/td>\n<td>\u00a0bis<\/td>\n<td><\/td>\n<\/tr>\n<\/tbody>\n<\/table>\n<p>&nbsp;<\/p>\n","protected":false},"excerpt":{"rendered":"<p>Erste-Hilfeleistung verunfallter oder verletzter Feuerwehrmitglieder, Menschenrettung und Betreuung verungl\u00fcckter Personen sowie\u00a0 Unterst\u00fctzung des Rettungspersonales, das sind die vorwiegenden Aufgaben der Feuerwehrsanit\u00e4ter. Der Sanit\u00e4tsdienst in den Feuerwehren existiert schon seit geraumer Zeit, hat aber in den letzten Jahren an Bedeutung gewonnen. Die Betreuung verletzter oder verunfallter Personen erfordert umfangreiches Wissen auch auf dem Gebiet des Sanit\u00e4tsdienstes. [&hellip;]<\/p>\n","protected":false},"author":1,"featured_media":0,"parent":242,"menu_order":7,"comment_status":"closed","ping_status":"closed","template":"","meta":{"footnotes":""},"class_list":["post-273","page","type-page","status-publish","hentry"],"jetpack_sharing_enabled":true,"_links":{"self":[{"href":"https:\/\/www.feuerwehr-aigen.at\/index.php?rest_route=\/wp\/v2\/pages\/273","targetHints":{"allow":["GET"]}}],"collection":[{"href":"https:\/\/www.feuerwehr-aigen.at\/index.php?rest_route=\/wp\/v2\/pages"}],"about":[{"href":"https:\/\/www.feuerwehr-aigen.at\/index.php?rest_route=\/wp\/v2\/types\/page"}],"author":[{"embeddable":true,"href":"https:\/\/www.feuerwehr-aigen.at\/index.php?rest_route=\/wp\/v2\/users\/1"}],"replies":[{"embeddable":true,"href":"https:\/\/www.feuerwehr-aigen.at\/index.php?rest_route=%2Fwp%2Fv2%2Fcomments&post=273"}],"version-history":[{"count":2,"href":"https:\/\/www.feuerwehr-aigen.at\/index.php?rest_route=\/wp\/v2\/pages\/273\/revisions"}],"predecessor-version":[{"id":2814,"href":"https:\/\/www.feuerwehr-aigen.at\/index.php?rest_route=\/wp\/v2\/pages\/273\/revisions\/2814"}],"up":[{"embeddable":true,"href":"https:\/\/www.feuerwehr-aigen.at\/index.php?rest_route=\/wp\/v2\/pages\/242"}],"wp:attachment":[{"href":"https:\/\/www.feuerwehr-aigen.at\/index.php?rest_route=%2Fwp%2Fv2%2Fmedia&parent=273"}],"curies":[{"name":"wp","href":"https:\/\/api.w.org\/{rel}","templated":true}]}}