{"id":270,"date":"2009-04-06T19:13:42","date_gmt":"2009-04-06T19:13:42","guid":{"rendered":"http:\/\/feuerwehr-aigen.d2solution.net\/index.php\/atemschutz\/"},"modified":"2020-02-02T14:33:30","modified_gmt":"2020-02-02T13:33:30","slug":"atemschutz","status":"publish","type":"page","link":"https:\/\/www.feuerwehr-aigen.at\/?page_id=270","title":{"rendered":"Atemschutz"},"content":{"rendered":"<p><span style=\"color: #333333; font-family: helvetica;\"><img decoding=\"async\" class=\" alignright size-full wp-image-266\" title=\"Atemschutz\" src=\"http:\/\/feuerwehr-aigen.at\/wp-content\/uploads\/2009\/04\/Sachgebiete_atemschutz.jpg\" alt=\"Atemschutz\" width=\"100\" align=\"right\" border=\"0\" hspace=\"5\" vspace=\"5\" \/><\/span>Der Atemschutzdienst ist f\u00fcr die Feuerwehr in der heutigen Zeit unverzichtbar.<br \/>\nBei nahezu allen Br\u00e4nden aber auch bei Technischen Eins\u00e4tzen k\u00f6nnen sich giftige D\u00e4mpfe und Gase entwickeln bzw. entweichen, welche eine lebensbedrohliche Gefahr f\u00fcr die Feuerwehrm\u00e4nner darstellen. Um dieser Gefahr aus dem Weg zu gehen, r\u00fcsten sich die Feuerwehrm\u00e4nner mit Atemschutzger\u00e4te aus, welche ihnen das Atmen auch in kontaminierter Umgebung erm\u00f6glicht.<\/p>\n<p>&nbsp;<\/p>\n<p>Die Gef\u00e4hrlichkeit und Schwierigkeit der Eins\u00e4tze bei denen schwerer Atemschutz eingesetzt werden muss, setzt eine strenge Ausbildung in Theorie und Praxis aber auch eine gute Fitness voraus, bei der so mancher seine Leistungsgrenzen sowohl k\u00f6rperlichen als auch im psychischen Bereich kennen lernt.<\/p>\n<p>&nbsp;<\/p>\n<p>Die Einsatzszenarien f\u00fcr Atemschutzger\u00e4tetr\u00e4ger reichen von herk\u00f6mmlichen Brandeins\u00e4tzen (L\u00f6schen von Br\u00e4nden, Retten von Menschen und Tieren aus verrauchten Geb\u00e4uden) \u00fcber Technische Eins\u00e4tze in Silos, Keller oder Kl\u00e4rgruben bis hin zu Gefahrguteins\u00e4tze mit Vollk\u00f6rperschutzanz\u00fcge.<span style=\"color: #333333; font-family: helvetica;\"><br \/>\n<\/span><span style=\"color: #333333; font-family: helvetica;\"><br \/>\n<\/span><\/p>\n<p><strong>Der Atemschutztrupp:<\/strong><br \/>\nEin Atemschutztrupp besteht grunds\u00e4tzlich aus drei Mann, welcher erforderlichenfalls auch\u00a0 verst\u00e4rkt werden kann. Eine Verringerung ist auch Sicherheitsgr\u00fcnden nur in Ausnahmef\u00e4llen gestattet.<\/p>\n<p>&nbsp;<\/p>\n<p><span style=\"color: #333333; font-family: helvetica;\"><a title=\"Atemschutzausr\u00fcstung\" href=\"http:\/\/feuerwehr-aigen.at\/wp-content\/uploads\/2009\/04\/Sachgebiete_atemschutz.bmp\"><img loading=\"lazy\" decoding=\"async\" class=\"alignleft wp-image-268 size-medium\" title=\"Atemschutzausr\u00fcstung\" src=\"http:\/\/www.feuerwehr-aigen.at\/wp-content\/uploads\/2009\/04\/Sachgebiete_atemschutz-300x268.bmp\" alt=\"Atemschutzausr\u00fcstung\" width=\"300\" height=\"268\" align=\"left\" border=\"0\" hspace=\"5\" vspace=\"5\" srcset=\"https:\/\/www.feuerwehr-aigen.at\/wp-content\/uploads\/2009\/04\/Sachgebiete_atemschutz-300x268.bmp 300w, https:\/\/www.feuerwehr-aigen.at\/wp-content\/uploads\/2009\/04\/Sachgebiete_atemschutz.bmp 336w\" sizes=\"auto, (max-width: 300px) 100vw, 300px\" \/><\/a><\/span>Jeder Atemschutztr\u00e4ger tr\u00e4gt am R\u00fccken einen Pressluftatmer mit je 2 Stahlflaschen. In den Atemschutzflaschen befinden sich 2&#215;4 Liter mit 200 bar komprimiert Luft. Das hei\u00dft, dem Tr\u00e4ger stehen 1.600 Liter (2x4x200) Atemluft zur Verf\u00fcgung.<br \/>\nDie durchschnittliche Einsatzdauer betr\u00e4gt 20 &#8211; 30 Minuten und ist stark abh\u00e4ngig von der Kondition des Tr\u00e4gers und der Schwere der T\u00e4tigkeit. Bei anstrengender Arbeit steigt der Luftverbrauch und die Einsatzdauer sinkt.<br \/>\nDie Ger\u00e4te sind mit einer R\u00fcckzugswarnung ausgestattet. Das hei\u00dft, sinkt der Flaschendruck unter 50 bar, ert\u00f6nt ein Pfeifton. Der gesamte Trupp muss unverz\u00fcgliche den R\u00fcckzug antreten.<\/p>\n<p><strong>Die Aufgaben des Atemschutzwartes:<\/strong><br \/>\nGr\u00f6\u00dfte Sorgfalt bei der Reinigung, Wartung und \u00dcberpr\u00fcfung der Atemschutzger\u00e4te ist erforderlich um die Sicherheit der Einsatzkr\u00e4fte im Einsatzfall zu gew\u00e4hrleisten. Hierf\u00fcr bedarf es einen Verantwortungsvollen, Pflichtbewussten und Verl\u00e4sslichen Atemschutzwart.<br \/>\nDie T\u00e4tigkeiten des Atemschutzwartes sind vielf\u00e4ltig. Er ist derjenige, auf den sich die Kameraden verlassen m\u00fcssen wenn sie mit einem Atemschutzger\u00e4t in brennende, verqualmte R\u00e4ume, Silos und dgl. vordringen, in denen es keinen Sauerstoff zum Atmen gibt.<br \/>\nDer Atemschutzbeauftragte ist verantwortlich f\u00fcr:<\/p>\n<blockquote><p>\u2022 \u00dcberpr\u00fcfung bzw. Wartung der Atemschutzger\u00e4te und Masken<br \/>\n\u2022 Reinigung und Desinfektion der Masken nach jedem Gebrauch<br \/>\n\u2022 Protokollierung von Ger\u00e4te- und Maskenpr\u00fcfungen<br \/>\n\u2022 Aufzeichnung \u00fcber alle Atemschutzger\u00e4tetr\u00e4ger<br \/>\n(\u00dcbungen, Eins\u00e4tze, Tauglichkeit)<br \/>\n\u2022 Veranlassung von Service- oder Reparaturarbeiten an den Ger\u00e4ten und Masken<br \/>\n\u2022 F\u00fcllen der Pressluftflaschen nach Eins\u00e4tze oder \u00dcbungen im<br \/>\nAtemschutzst\u00fctzpunkt des Bezirksfeuerwehrverbandes Liezen<br \/>\n\u2022 Organisation der Tauglichkeitsuntersuchung (AKL-Test) der<br \/>\nAtemschutzger\u00e4tetr\u00e4ger. Die Untersuchung ist im 3-Jahresintervall<br \/>\n(\u00fcber 50 Jahre jedes Jahr) durchzuf\u00fchren.<\/p><\/blockquote>\n<p><strong>ASLP &#8211; Atemschutzleistungspr\u00fcfung:<\/strong><br \/>\n<img decoding=\"async\" title=\"ASLP Silber\" src=\"http:\/\/feuerwehr-aigen.at\/wp-content\/uploads\/2009\/04\/Mannschaft_Abzeichen_aslp_silber.jpg\" alt=\"ASLP Silber\" width=\"100\" align=\"left\" border=\"0\" hspace=\"5\" vspace=\"5\" \/>Zur besseren Vorbereitung auf derartige Eins\u00e4tze wurde in den letzten Jahren eine Atemschutzleistungspr\u00fcfung ins Leben gerufen.<\/p>\n<p>Die ASLP soll im Rahmen der Aus- und Weiterbildung f\u00fcr die Atemschutzger\u00e4tetr\u00e4ger, deren Eins\u00e4tze immer komplexer werden, absolviert werden.<br \/>\nBei dieser Leistungspr\u00fcfung geht es nicht um Zeit. Vielmehr sollten die wichtigsten Handgriffe und die Zusammenarbeit des Atemschutztrupps vertieft werden.<br \/>\nAuch das Arbeiten mit der Au\u00dfen\u00fcberwachung, ist wesentlich.<\/p>\n<p>Die Pr\u00fcfung wird in Truppst\u00e4rke von 1:3 durchgef\u00fchrt wobei\u00a0f\u00fcnf Stationen zu absolvieren sind:<br \/>\nStation 1: Theoretische Pr\u00fcfung (Fragenkatalog)<br \/>\nStation 2: Richtige Inbetriebnahme der Pressluftatmer und Einsatzzeitberechnung<br \/>\nStation 3: Menschenrettung<br \/>\nStation 4: Innenangriff<br \/>\nStation 5: Kurzpr\u00fcfverfahren und Einsatzdokumentation<br \/>\n<span style=\"color: #333333; font-family: helvetica;\"><br \/>\n<\/span><\/p>\n<p><strong>Ausbildungsstand Atemschutz:<\/strong><br \/>\n18 ausgebildete Atemschutzger\u00e4tetr\u00e4ger der FF-Aigen<br \/>\n4\u00a0\u00a0 Mann ASLP Silber<\/p>\n<p>&nbsp;<\/p>\n<p><strong>Ger\u00e4testand:<\/strong><br \/>\n3 Stk. Pressluftatmer Interspiro<br \/>\n9 Stk. Atemschutzmasken<br \/>\n1 Stk. Aussen\u00fcberwachung mit 3 Stk. Totmannwarner<br \/>\n2 Stk. 70 cm Funkger\u00e4te<\/p>\n<p>&nbsp;<\/p>\n<p><strong>Die Ortsatemschutzbeauftragten der Feuerwehr Aigen:<\/strong><\/p>\n<table border=\"0\">\n<tbody>\n<tr>\n<td>\u00a0EHBI Fritz Josef sen.<\/td>\n<td><\/td>\n<td>\u00a0von<\/td>\n<td>\u00a01977<\/td>\n<td>\u00a0bis<\/td>\n<td>\u00a01996<\/td>\n<\/tr>\n<tr>\n<td>\u00a0OBI d. F. Ing. Fritz Josef jun.<\/td>\n<td><\/td>\n<td>\u00a0von<\/td>\n<td>\u00a01996<\/td>\n<td>\u00a0bis<\/td>\n<td>\u00a02005<\/td>\n<\/tr>\n<tr>\n<td>\u00a0OLM d.F. Gruber-Veit Thomas<\/td>\n<td><\/td>\n<td>\u00a0von<\/td>\n<td>\u00a02005<\/td>\n<td>\u00a0bis<\/td>\n<td>\u00a02012<\/td>\n<\/tr>\n<tr>\n<td>\u00a0OLM d. F. Daniel Tiefenbacher<\/td>\n<td><\/td>\n<td>\u00a0von<\/td>\n<td>\u00a02012<\/td>\n<td>\u00a0bis<\/td>\n<td><\/td>\n<\/tr>\n<\/tbody>\n<\/table>\n<p>&nbsp;<\/p>\n","protected":false},"excerpt":{"rendered":"<p>Der Atemschutzdienst ist f\u00fcr die Feuerwehr in der heutigen Zeit unverzichtbar. Bei nahezu allen Br\u00e4nden aber auch bei Technischen Eins\u00e4tzen k\u00f6nnen sich giftige D\u00e4mpfe und Gase entwickeln bzw. entweichen, welche eine lebensbedrohliche Gefahr f\u00fcr die Feuerwehrm\u00e4nner darstellen. Um dieser Gefahr aus dem Weg zu gehen, r\u00fcsten sich die Feuerwehrm\u00e4nner mit Atemschutzger\u00e4te aus, welche ihnen das [&hellip;]<\/p>\n","protected":false},"author":1,"featured_media":0,"parent":242,"menu_order":6,"comment_status":"closed","ping_status":"closed","template":"","meta":{"footnotes":""},"class_list":["post-270","page","type-page","status-publish","hentry"],"jetpack_sharing_enabled":true,"_links":{"self":[{"href":"https:\/\/www.feuerwehr-aigen.at\/index.php?rest_route=\/wp\/v2\/pages\/270","targetHints":{"allow":["GET"]}}],"collection":[{"href":"https:\/\/www.feuerwehr-aigen.at\/index.php?rest_route=\/wp\/v2\/pages"}],"about":[{"href":"https:\/\/www.feuerwehr-aigen.at\/index.php?rest_route=\/wp\/v2\/types\/page"}],"author":[{"embeddable":true,"href":"https:\/\/www.feuerwehr-aigen.at\/index.php?rest_route=\/wp\/v2\/users\/1"}],"replies":[{"embeddable":true,"href":"https:\/\/www.feuerwehr-aigen.at\/index.php?rest_route=%2Fwp%2Fv2%2Fcomments&post=270"}],"version-history":[{"count":5,"href":"https:\/\/www.feuerwehr-aigen.at\/index.php?rest_route=\/wp\/v2\/pages\/270\/revisions"}],"predecessor-version":[{"id":4197,"href":"https:\/\/www.feuerwehr-aigen.at\/index.php?rest_route=\/wp\/v2\/pages\/270\/revisions\/4197"}],"up":[{"embeddable":true,"href":"https:\/\/www.feuerwehr-aigen.at\/index.php?rest_route=\/wp\/v2\/pages\/242"}],"wp:attachment":[{"href":"https:\/\/www.feuerwehr-aigen.at\/index.php?rest_route=%2Fwp%2Fv2%2Fmedia&parent=270"}],"curies":[{"name":"wp","href":"https:\/\/api.w.org\/{rel}","templated":true}]}}