{"id":259,"date":"2009-04-06T19:13:09","date_gmt":"2009-04-06T19:13:09","guid":{"rendered":"http:\/\/feuerwehr-aigen.d2solution.net\/index.php\/ausbildung\/"},"modified":"2020-02-02T14:37:32","modified_gmt":"2020-02-02T13:37:32","slug":"ausbildung","status":"publish","type":"page","link":"https:\/\/www.feuerwehr-aigen.at\/?page_id=259","title":{"rendered":"Ausbildung"},"content":{"rendered":"<p><img decoding=\"async\" class=\" alignright size-full wp-image-254\" title=\"Ausbildung\" src=\"http:\/\/feuerwehr-aigen.at\/wp-content\/uploads\/2009\/04\/Sachgebiete_ausbildung.jpg\" alt=\"Ausbildung\" width=\"100\" align=\"right\" border=\"0\" hspace=\"5\" \/><br \/>\nZu den Aufgaben des Zugskommandanten z\u00e4hlen die Ausbildung und \u00dcbungsausarbeitung in der Feuerwehr Aigen.<\/p>\n<p>Durch unz\u00e4hlige Schulungen, \u00dcbungen, Kurse usw. obliegt es dem Ortsausbildungsbeauftragten, die Mitglieder der Feuerwehr bestm\u00f6glich auf ihren Einsatz vorzubereiten.<\/p>\n<p>Heute muss man jedoch von einem Gesichtspunkt ausgehen wo jeder durch Arbeit, Alltag und Stress auch noch kostbare Ausbildungszeit opfern soll! In Zeiten wie diesen wird die Familie wieder in den Vordergrund ger\u00fcckt und die wenige Zeit die man hat will man lieber bei der Familie verbringen anstatt f\u00fcr einen Bewerb hart zu \u00fcben.<\/p>\n<p><a title=\"Ausbildung_01\" href=\"http:\/\/feuerwehr-aigen.at\/wp-content\/uploads\/2009\/04\/Sachgebiete_ausbildung_01.jpg\" target=\"_blank\" rel=\"noopener\"><img loading=\"lazy\" decoding=\"async\" class=\"alignleft wp-image-256 size-medium\" title=\"Ausbildung_01\" src=\"http:\/\/www.feuerwehr-aigen.at\/wp-content\/uploads\/2009\/04\/Sachgebiete_ausbildung_01-300x199.jpg\" alt=\"Ausbildung_01\" width=\"300\" height=\"199\" align=\"left\" border=\"0\" hspace=\"5\" srcset=\"https:\/\/www.feuerwehr-aigen.at\/wp-content\/uploads\/2009\/04\/Sachgebiete_ausbildung_01-300x199.jpg 300w, https:\/\/www.feuerwehr-aigen.at\/wp-content\/uploads\/2009\/04\/Sachgebiete_ausbildung_01-768x509.jpg 768w, https:\/\/www.feuerwehr-aigen.at\/wp-content\/uploads\/2009\/04\/Sachgebiete_ausbildung_01.jpg 800w\" sizes=\"auto, (max-width: 300px) 100vw, 300px\" \/><\/a>Durch die Teilnahme an Bewerben wurde damals einiges an Grundwissen \u00fcber die Ausr\u00fcstungsgegenst\u00e4nde vermittelt.\u00a0 Diese damals geleistete Pionierarbeit war auch ein Grund warum man heute noch sehr schlagkr\u00e4ftige Kameraden dabei hat die ohne mit der Wimper zu zucken das k\u00f6nnen, was so manch junger Kamerad gerade m\u00fchsam erlernen muss.<\/p>\n<p>Dennoch sollte man einen Blick in die Zukunft werfen und sich damit auseinandersetzen das auch das Feuerwehrwesen nicht stehen bleibt!<\/p>\n<p>T\u00e4glich flattern Brosch\u00fcren ins Haus was es nicht alles Neues gibt. Welche Ger\u00e4tschaften besser w\u00e4ren und ein wesentlicher Faktor ist sicherlich auch das Schauen auf die Nachbarwehren. Was hat der was wir nicht haben, k\u00f6nnen wir uns mit dieser Ausr\u00fcstung noch zeigen,\u00a0 wollen wir die ersten sein oder eher diejenigen wo es hei\u00dft, habt ihr uns schon wieder was nachgemacht!?<\/p>\n<p>Auch diese Faktoren spielen in der heutigen Zeit eine wesentliche Rolle!<br \/>\nAufgrund dieser Erkenntnisse gibt es auch in unserer Feuerwehr von Jahr zu Jahr neue teilweise unverzichtbare Ger\u00e4te und Ausr\u00fcstung.<\/p>\n<p>Man muss eingestehen das der normale Atemschutztr\u00e4ger von vor 20 Jahren nicht mehr in den Einsatz geht sondern dieser Atemschutztr\u00e4ger verglichen werden kann mit einem top ausgebildeten, ausger\u00fcsteten Hightech Angriffsmann.<br \/>\nEr ist in der Lage die Brandbek\u00e4mpfung durchzuf\u00fchren, dabei einen Flashover, Backdraft (fr\u00fcher sagte man einfach das Durchz\u00fcnden\u00a0 von Rauchgasen) zu erkennen, die Personensuche mittels W\u00e4rmebildkamera durchzuf\u00fchren, eine verletzte Person aus einem Geb\u00e4ude bringen durch Retten aus H\u00f6hen und Tiefen, dabei bereits bei der ersten Sichtung zu erkennen welche Lebensgef\u00e4hrlichen Verletzungen vorherrschen um nicht dem Verletzten noch mehr Schaden zuzuf\u00fcgen und nat\u00fcrlich den bereits Vorort befindlichen Beh\u00f6rden einen Einblick auf die vorherrschende Lage zu geben die der Einsatzleiter von au\u00dfen nicht sieht!<\/p>\n<p>Auf all diese Faktoren wird in der Ausbildung eingegangen, um das bestm\u00f6gliche Wissen bei diversen \u00dcbungen zu vermitteln. Daraus ergibt sich, das bei \u00dcbungen oder Ausbildungen etwas geboten werden muss.<\/p>\n<p><a title=\"Ausbildung_02\" href=\"http:\/\/feuerwehr-aigen.at\/wp-content\/uploads\/2009\/04\/Sachgebiete_ausbildung_02.jpg\" target=\"_blank\" rel=\"noopener\"><img loading=\"lazy\" decoding=\"async\" class=\"alignright wp-image-258 size-medium\" title=\"Ausbildung_02\" src=\"http:\/\/www.feuerwehr-aigen.at\/wp-content\/uploads\/2009\/04\/Sachgebiete_ausbildung_02-228x300.jpg\" alt=\"Ausbildung_02\" width=\"228\" height=\"300\" align=\"right\" border=\"0\" hspace=\"5\" srcset=\"https:\/\/www.feuerwehr-aigen.at\/wp-content\/uploads\/2009\/04\/Sachgebiete_ausbildung_02-228x300.jpg 228w, https:\/\/www.feuerwehr-aigen.at\/wp-content\/uploads\/2009\/04\/Sachgebiete_ausbildung_02.jpg 608w\" sizes=\"auto, (max-width: 228px) 100vw, 228px\" \/><\/a>2011 wurde in der Feuerwehr Aigen mit einem neuen Ausbildungsplan gestartet.<br \/>\nDieser setzte sich aus 5 Fr\u00fchjahrs- und 5 Herbst\u00fcbungen sowie aus zus\u00e4tzlichen Gruppen\u00fcbungen im 3 Wochen Rytmus zusammen.<\/p>\n<p>F\u00fcr die Gruppen\u00fcbungen wurden Gruppen gebildet die im 3 Wochen Rhythmus wechseln und Ausbildung im Bereich Atemschutz, Maschinist, TLF Maschinist, Gruppenkommandant, Funk und Menschenrettung betreiben.<br \/>\nIn den Gesamt\u00fcbungen (Fr\u00fchjahrs- und Hewrbst\u00fcbungen) wird das in den Gruppenausbildungen vermittelte Wissen praktisch umgesetzt.<br \/>\n<span style=\"color: #333333; font-family: helvetica;\"><br \/>\n<\/span>Somit sind in unserer Wehr alle erforderlichen Wissensgebiete abgedeckt und werden s\u00e4mtliche Ger\u00e4te und Techniken speziell und intensiv geschult.<br \/>\nDas gesamte \u00dcbungs- und Ausbildungsangebot wurde von allen Kameraden sehr positiv angenommen und zeigt, dass wir auch in Zukunft auf dem richtigen Weg sind.<\/p>\n<p>Die \u00dcbungen sowie die Teilnahme an Leistungsbewerben zeigen das wir durch die Ausbildung eine hoch motivierte Truppe besitzen welche ma\u00dfgeblich f\u00fcr die Sicherheit der Bev\u00f6lkerung beitragen, damit wir auch weiterhin unserem Leitspruch treu folgen k\u00f6nnen \u201eGott zur Ehr dem N\u00e4chsten zur Wehr\u201c<\/p>\n<p>&nbsp;<\/p>\n<p><strong>Ausbildungsstand des Aktivstandes: Stand Mai 2012 <\/strong><\/p>\n<table border=\"0\">\n<tbody>\n<tr>\n<td><strong><em><span style=\"color: #333333; font-family: helvetica;\">\u00a0<\/span>Kurs<br \/>\n<\/em><\/strong><\/td>\n<td><strong><em>\u00a0<\/em><\/strong><\/td>\n<td style=\"text-align: center;\"><strong><em>\u00a0Mitglieder <\/em><\/strong><\/td>\n<\/tr>\n<tr>\n<td>\u00a0Kommandantenpr\u00fcfung<\/td>\n<td><\/td>\n<td align=\"center\">\u00a04<\/td>\n<\/tr>\n<tr>\n<td>\u00a0Einsatzleiter &#8211; Lehrgang<\/td>\n<td><\/td>\n<td align=\"center\">\u00a07<\/td>\n<\/tr>\n<tr>\n<td>\u00a0Gruppenkommandanten &#8211; Lehrgang<\/td>\n<td><\/td>\n<td align=\"center\">\u00a012<\/td>\n<\/tr>\n<tr>\n<td>\u00a0Atemschutzger\u00e4tetr\u00e4ger &#8211; Lehrgang<\/td>\n<td><\/td>\n<td align=\"center\">\u00a021<\/td>\n<\/tr>\n<tr>\n<td>\u00a0Funk &#8211; Lehrgang<\/td>\n<td><\/td>\n<td align=\"center\">\u00a027<\/td>\n<\/tr>\n<tr>\n<td>\u00a0Lehrgang f\u00fcr Funker in der Einsatzleitung<\/td>\n<td><\/td>\n<td align=\"center\">\u00a06<\/td>\n<\/tr>\n<tr>\n<td>\u00a0Maschinisten &#8211; Lehrgang<\/td>\n<td><\/td>\n<td align=\"center\">\u00a020<\/td>\n<\/tr>\n<tr>\n<td>\u00a0TLF-Maschinisten &#8211; Lehrgang<\/td>\n<td><\/td>\n<td align=\"center\">\u00a013<\/td>\n<\/tr>\n<tr>\n<td>\u00a0Sanit\u00e4ter &#8211; Lehrgang<\/td>\n<td><\/td>\n<td align=\"center\">\u00a016<\/td>\n<\/tr>\n<tr>\n<td>\u00a0Technischer Lehrgang f\u00fcr Menschenrettung und Absturzsicherung<\/td>\n<td><\/td>\n<td align=\"center\">\u00a08<\/td>\n<\/tr>\n<tr>\n<td>\u00a0Technischer Lehrgang III &#8222;Rettungsger\u00e4t\/Menschenrettung&#8220;<\/td>\n<td><\/td>\n<td align=\"center\">\u00a03<\/td>\n<\/tr>\n<tr>\n<td>\u00a0Technischer Lehrgang II<\/td>\n<td><\/td>\n<td align=\"center\">\u00a02<\/td>\n<\/tr>\n<tr>\n<td>\u00a0Technischer Lehrgang I<\/td>\n<td><\/td>\n<td align=\"center\">\u00a02<\/td>\n<\/tr>\n<tr>\n<td>\u00a0Lehrgang f\u00fcr Feuerwehrflughelfer<\/td>\n<td><\/td>\n<td align=\"center\">\u00a07<\/td>\n<\/tr>\n<tr>\n<td>\u00a0Flugeinweiser &#8211; Lehrgang<\/td>\n<td><\/td>\n<td align=\"center\">\u00a015<\/td>\n<\/tr>\n<\/tbody>\n<\/table>\n<p><span style=\"color: #333333; font-family: helvetica;\">\u00a0<\/span><\/p>\n<p><strong>Leistungsabzeichen: Stand Mai 2012 <\/strong><\/p>\n<table border=\"0\">\n<tbody>\n<tr>\n<td rowspan=\"2\"><span style=\"color: #333333; font-family: helvetica;\">\u00a0<\/span><strong><em>Leistungsabzeichen<br \/>\n<\/em><\/strong><\/td>\n<td rowspan=\"2\"><strong><em>\u00a0<\/em><\/strong><\/td>\n<td colspan=\"3\">\n<div style=\"text-align: center;\" align=\"center\"><strong><em>Anzahl der Mitrglieder<\/em><\/strong><\/div>\n<\/td>\n<\/tr>\n<tr>\n<td style=\"text-align: center;\" align=\"center\"><strong><em>\u00a0Gold\u00a0 <\/em><\/strong><\/td>\n<td style=\"text-align: center;\"><strong><em>Silber <\/em><\/strong><\/td>\n<td style=\"text-align: center;\"><strong><em>Bronze <\/em><\/strong><\/td>\n<\/tr>\n<tr>\n<td><span style=\"color: #333333; font-family: helvetica;\">\u00a0<\/span>Feuerwehrleistungsabzeien &#8211; Steiermark<\/td>\n<td><\/td>\n<td><\/td>\n<td><\/td>\n<td align=\"center\">\u00a05<\/td>\n<\/tr>\n<tr>\n<td>\u00a0Feuerwehrleistungsabzeichen &#8211; Bundeseinheitlich<\/td>\n<td><\/td>\n<td align=\"center\">\u00a07<\/td>\n<td align=\"center\">\u00a020<\/td>\n<td align=\"center\">\u00a019<\/td>\n<\/tr>\n<tr>\n<td>\u00a0Feuerwehrleistungsabzeichen &#8211; Strahlenschutz<\/td>\n<td><\/td>\n<td><\/td>\n<td align=\"center\">\u00a01<\/td>\n<td align=\"center\">\u00a01<\/td>\n<\/tr>\n<tr>\n<td>\u00a0Feuerwehrfunkleistungsabzeichen<\/td>\n<td><\/td>\n<td align=\"center\">\u00a011<\/td>\n<td align=\"center\">\u00a025<\/td>\n<td align=\"center\">\u00a033<\/td>\n<\/tr>\n<tr>\n<td>\u00a0Pro Merito<\/td>\n<td><\/td>\n<td><\/td>\n<td align=\"center\"><\/td>\n<td align=\"center\">\u00a01<\/td>\n<\/tr>\n<tr>\n<td>\u00a0Atemschutz Leistungspr\u00fcfung<\/td>\n<td><\/td>\n<td><\/td>\n<td align=\"center\">\u00a04<\/td>\n<td align=\"center\">\u00a04<\/td>\n<\/tr>\n<tr>\n<td>\u00a0Branddienst Leistungspr\u00fcfung<\/td>\n<td><\/td>\n<td><\/td>\n<td><\/td>\n<td align=\"center\">\u00a016<\/td>\n<\/tr>\n<tr>\n<td>\u00a0Sanit\u00e4tsleistungsabzeichen<\/td>\n<td><\/td>\n<td><\/td>\n<td><\/td>\n<td align=\"center\">\u00a03<\/td>\n<\/tr>\n<tr>\n<td>\u00a0Technische Leistungspr\u00fcfung<\/td>\n<td><\/td>\n<td><\/td>\n<td align=\"center\">\u00a01<\/td>\n<td align=\"center\">\u00a02<\/td>\n<\/tr>\n<tr>\n<td><\/td>\n<td><\/td>\n<td colspan=\"3\"><\/td>\n<\/tr>\n<tr>\n<td>\u00a0Feuerwehrjugendleistungsabzeichen<\/td>\n<td><\/td>\n<td><\/td>\n<td align=\"center\">\u00a07<\/td>\n<td align=\"center\">\u00a016<\/td>\n<\/tr>\n<tr>\n<td>\u00a0Feuerwehrjugend &#8211; Wissenstestabzeichen<\/td>\n<td><\/td>\n<td align=\"center\">\u00a024<\/td>\n<td align=\"center\">\u00a023<\/td>\n<td align=\"center\">\u00a023<\/td>\n<\/tr>\n<\/tbody>\n<\/table>\n<p><span style=\"color: #333333; font-family: helvetica;\">\u00a0<\/span><\/p>\n<p><strong>Die Ortsausbildungsbeauftragten der Feuerwehr Aigen:<\/strong><\/p>\n<table border=\"0\">\n<tbody>\n<tr>\n<td>\u00a0EHBM Schweiger Peter<\/td>\n<td><\/td>\n<td>\u00a0von<\/td>\n<td>\u00a01991<\/td>\n<td>\u00a0bis<\/td>\n<td>\u00a02001<\/td>\n<\/tr>\n<tr>\n<td>\u00a0HBI Tiefenbacher Manfred<\/td>\n<td><\/td>\n<td>\u00a0von<\/td>\n<td>\u00a02001<\/td>\n<td>\u00a0bis<\/td>\n<td>\u00a02010<\/td>\n<\/tr>\n<tr>\n<td>\u00a0OBI Kerschhaggl Gerald<\/td>\n<td><\/td>\n<td>\u00a0von<\/td>\n<td>\u00a02010<\/td>\n<td>\u00a0bis<\/td>\n<td><\/td>\n<\/tr>\n<\/tbody>\n<\/table>\n<p>&nbsp;<\/p>\n<p>&nbsp;<\/p>\n<div align=\"center\"><span style=\"font-family: Helvetica;\"> <a title=\"Seitenanfang\" href=\"index.php?option=com_content&amp;view=article&amp;id=69&amp;Itemid=83\"><em><span style=\"color: #0000cd;\">&lt;Zum Seitenanfang&gt;<\/span><\/em><\/a><\/span><\/div>\n","protected":false},"excerpt":{"rendered":"<p>Zu den Aufgaben des Zugskommandanten z\u00e4hlen die Ausbildung und \u00dcbungsausarbeitung in der Feuerwehr Aigen. Durch unz\u00e4hlige Schulungen, \u00dcbungen, Kurse usw. obliegt es dem Ortsausbildungsbeauftragten, die Mitglieder der Feuerwehr bestm\u00f6glich auf ihren Einsatz vorzubereiten. Heute muss man jedoch von einem Gesichtspunkt ausgehen wo jeder durch Arbeit, Alltag und Stress auch noch kostbare Ausbildungszeit opfern soll! In [&hellip;]<\/p>\n","protected":false},"author":1,"featured_media":0,"parent":242,"menu_order":4,"comment_status":"closed","ping_status":"closed","template":"","meta":{"footnotes":""},"class_list":["post-259","page","type-page","status-publish","hentry"],"jetpack_sharing_enabled":true,"_links":{"self":[{"href":"https:\/\/www.feuerwehr-aigen.at\/index.php?rest_route=\/wp\/v2\/pages\/259","targetHints":{"allow":["GET"]}}],"collection":[{"href":"https:\/\/www.feuerwehr-aigen.at\/index.php?rest_route=\/wp\/v2\/pages"}],"about":[{"href":"https:\/\/www.feuerwehr-aigen.at\/index.php?rest_route=\/wp\/v2\/types\/page"}],"author":[{"embeddable":true,"href":"https:\/\/www.feuerwehr-aigen.at\/index.php?rest_route=\/wp\/v2\/users\/1"}],"replies":[{"embeddable":true,"href":"https:\/\/www.feuerwehr-aigen.at\/index.php?rest_route=%2Fwp%2Fv2%2Fcomments&post=259"}],"version-history":[{"count":7,"href":"https:\/\/www.feuerwehr-aigen.at\/index.php?rest_route=\/wp\/v2\/pages\/259\/revisions"}],"predecessor-version":[{"id":4201,"href":"https:\/\/www.feuerwehr-aigen.at\/index.php?rest_route=\/wp\/v2\/pages\/259\/revisions\/4201"}],"up":[{"embeddable":true,"href":"https:\/\/www.feuerwehr-aigen.at\/index.php?rest_route=\/wp\/v2\/pages\/242"}],"wp:attachment":[{"href":"https:\/\/www.feuerwehr-aigen.at\/index.php?rest_route=%2Fwp%2Fv2%2Fmedia&parent=259"}],"curies":[{"name":"wp","href":"https:\/\/api.w.org\/{rel}","templated":true}]}}