{"id":2551,"date":"2017-05-14T16:39:34","date_gmt":"2017-05-14T15:39:34","guid":{"rendered":"http:\/\/www.feuerwehr-aigen.at\/?page_id=2551"},"modified":"2017-05-14T16:48:27","modified_gmt":"2017-05-14T15:48:27","slug":"branddienstleistungspruefung-2017","status":"publish","type":"page","link":"https:\/\/www.feuerwehr-aigen.at\/?page_id=2551","title":{"rendered":"Branddienstleistungspr\u00fcfung 2017"},"content":{"rendered":"<section class=\"av_textblock_section \"  itemscope=\"itemscope\" itemtype=\"https:\/\/schema.org\/CreativeWork\" ><div class='avia_textblock  '   itemprop=\"text\" ><p><strong>Branddienstleistungsabzeichen<\/strong><\/p>\n<\/div><\/section>\n\n<style type=\"text\/css\" data-created_by=\"avia_inline_auto\" id=\"style-css-av-av_one_third-6126cab7d8fab8d08143dd2dacdf673c\">\n.flex_column.av-av_one_third-6126cab7d8fab8d08143dd2dacdf673c{\nborder-radius:0px 0px 0px 0px;\n-webkit-border-radius:0px 0px 0px 0px;\n-moz-border-radius:0px 0px 0px 0px;\n}\n<\/style>\n<div class='flex_column av-av_one_third-6126cab7d8fab8d08143dd2dacdf673c av_one_third  avia-builder-el-1  el_after_av_textblock  el_before_av_two_third  first flex_column_div av-zero-column-padding column-top-margin'   ><style type=\"text\/css\" data-created_by=\"avia_inline_auto\" id=\"style-css-av-av_image-303f565f721cf2c716128187d2ad93a2\">\n.avia-image-container.av-av_image-303f565f721cf2c716128187d2ad93a2 .av-image-caption-overlay-center{\ncolor:#ffffff;\n}\n<\/style>\n<div  class='avia-image-container av-av_image-303f565f721cf2c716128187d2ad93a2 av-styling- avia-align-center  avia-builder-el-2  avia-builder-el-no-sibling  '  itemprop=\"image\" itemscope=\"itemscope\" itemtype=\"https:\/\/schema.org\/ImageObject\" ><div class=\"avia-image-container-inner\"><div class=\"avia-image-overlay-wrap\"><a href=\"https:\/\/www.feuerwehr-aigen.at\/wp-content\/uploads\/2017\/05\/DSC_8327-1030x682.jpg\" class='avia_image' ><img class='wp-image-2553 avia-img-lazy-loading-not-2553 avia_image' src='https:\/\/www.feuerwehr-aigen.at\/wp-content\/uploads\/2017\/05\/DSC_8327.jpg' alt='' title='DSC_8327'  itemprop=\"thumbnailUrl\"  \/><\/a><\/div><\/div><\/div><\/div>\n<style type=\"text\/css\" data-created_by=\"avia_inline_auto\" id=\"style-css-av-av_two_third-0aa7055fe62c3622faec82866afbaeb2\">\n.flex_column.av-av_two_third-0aa7055fe62c3622faec82866afbaeb2{\nborder-radius:0px 0px 0px 0px;\n-webkit-border-radius:0px 0px 0px 0px;\n-moz-border-radius:0px 0px 0px 0px;\n}\n<\/style>\n<div class='flex_column av-av_two_third-0aa7055fe62c3622faec82866afbaeb2 av_two_third  avia-builder-el-3  el_after_av_one_third  el_before_av_one_full  flex_column_div av-zero-column-padding column-top-margin'   ><section class=\"av_textblock_section \"  itemscope=\"itemscope\" itemtype=\"https:\/\/schema.org\/CreativeWork\" ><div class='avia_textblock  '   itemprop=\"text\" ><p><span style=\"color: #000000; font-family: Calibri;\">Ausgezeichnete Erfolge der FF Aigen\/E<\/span><\/p>\n<p><span style=\"color: #000000; font-family: Calibri;\">Am Samstag den 13.05.2017 legte die Feuerwehr Aigen\/E die Branddienstleistungspr\u00fcfung mit 4 Gruppen ab.<\/span><\/p>\n<p><span style=\"color: #000000; font-family: Calibri;\">Dabei konnten 6 Mann das Branddienstleistungsabzeichen in Bronze, 4 Mann in Silber und 11 Mann das Abzeichen in Gold erlangen.<\/span><\/p>\n<p><span style=\"color: #000000; font-family: Calibri;\">Insgesamt wurden f\u00fcr die Erreichung des Abzeichens 400 Stunden f\u00fcr die Vorbereitung investiert. <\/span><\/p>\n<p><span style=\"color: #000000; font-family: Calibri;\">Am Tag des Bewerbes konnten dann die gezogen Aufgaben wie Fl\u00fcssigkeitsbrand, Holzstapelbrand und Scheunenbrand mit Bravour gemeistert werden.<\/span><\/p>\n<p><span style=\"color: #000000; font-family: Calibri;\">Bei allen drei Beispielen handelt es sich um Standardisierte Aufgaben im Alltag des Feuerwehrmannes.<\/span><\/p>\n<p><span style=\"color: #000000; font-family: Calibri;\">Neben dem fairen Bewerterteam konnte sich auch der B\u00fcrgermeister Raimund Hager sowie der Abschnittskommandant ABI Helmut Sam von den ausgezeichneten Ausbildungsstand \u00fcberzeugen.<\/span><\/p>\n<p><span style=\"color: #000000; font-family: Calibri;\">Nach den abschlie\u00dfenden, lobenden Worten konnten die Kameraden der FF Aigen mit gro\u00dfer Freude ihre lang ersehnten Abzeichen \u00fcbernehmen und zu einem gem\u00fctlichen Kameradschaftstag im Kreise von Freunden \u00fcbergehen.<\/span><\/p>\n<p><span style=\"text-decoration: underline;\">BDLP Bronze:<\/span><br \/>\nHFM Fritz Michael<br \/>\nHFM Komatz Markus<br \/>\nOFM Komatz Thomas<br \/>\nOFM Hinterramskogler Samuel<br \/>\nOFM Rohrer Gregor<br \/>\nOFM Winner Hannes<\/p>\n<p><span style=\"text-decoration: underline;\">BDLP Silber:<\/span><br \/>\nLM d.F. Th\u00f6ringer Alexander<br \/>\nHFM Gruber -Veit Thomas<br \/>\nOFM Tiefenbacher Alexander<br \/>\nOFM Mandlberger Albert<\/p>\n<p><span style=\"text-decoration: underline;\">BDLP Gold:<\/span><br \/>\nHBI Wundersamer Dietmar<br \/>\nOBI Kerschhaggl Gerald<br \/>\nOBI a.D.Tiefenbacher Manfred<br \/>\nOBI d.F.Fritz Josef jun.<br \/>\nOBM d.V.Wundersamer Harald<br \/>\nHLM Strobl Siegfried<br \/>\nHLM Muckenhofer Bernd<br \/>\nHLM Kerschhaggl Hannes<br \/>\nOLM d.V. Reiter Martin<br \/>\nLM d.F. Tiefenbacher Daniel<br \/>\nHFM Steindacher Roland<\/p>\n<\/div><\/section><\/div>\n<style type=\"text\/css\" data-created_by=\"avia_inline_auto\" id=\"style-css-av-av_one_full-6126cab7d8fab8d08143dd2dacdf673c\">\n.flex_column.av-av_one_full-6126cab7d8fab8d08143dd2dacdf673c{\nborder-radius:0px 0px 0px 0px;\n-webkit-border-radius:0px 0px 0px 0px;\n-moz-border-radius:0px 0px 0px 0px;\n}\n<\/style>\n<div class='flex_column av-av_one_full-6126cab7d8fab8d08143dd2dacdf673c av_one_full  avia-builder-el-5  el_after_av_two_third  avia-builder-el-last  first flex_column_div av-zero-column-padding column-top-margin'   ><section class=\"av_textblock_section \"  itemscope=\"itemscope\" itemtype=\"https:\/\/schema.org\/CreativeWork\" ><div class='avia_textblock  '   itemprop=\"text\" ><\/div><\/section><\/div><\/p>\n","protected":false},"excerpt":{"rendered":"","protected":false},"author":3,"featured_media":0,"parent":0,"menu_order":0,"comment_status":"closed","ping_status":"closed","template":"","meta":{"footnotes":""},"class_list":["post-2551","page","type-page","status-publish","hentry"],"jetpack_sharing_enabled":true,"_links":{"self":[{"href":"https:\/\/www.feuerwehr-aigen.at\/index.php?rest_route=\/wp\/v2\/pages\/2551","targetHints":{"allow":["GET"]}}],"collection":[{"href":"https:\/\/www.feuerwehr-aigen.at\/index.php?rest_route=\/wp\/v2\/pages"}],"about":[{"href":"https:\/\/www.feuerwehr-aigen.at\/index.php?rest_route=\/wp\/v2\/types\/page"}],"author":[{"embeddable":true,"href":"https:\/\/www.feuerwehr-aigen.at\/index.php?rest_route=\/wp\/v2\/users\/3"}],"replies":[{"embeddable":true,"href":"https:\/\/www.feuerwehr-aigen.at\/index.php?rest_route=%2Fwp%2Fv2%2Fcomments&post=2551"}],"version-history":[{"count":3,"href":"https:\/\/www.feuerwehr-aigen.at\/index.php?rest_route=\/wp\/v2\/pages\/2551\/revisions"}],"predecessor-version":[{"id":2557,"href":"https:\/\/www.feuerwehr-aigen.at\/index.php?rest_route=\/wp\/v2\/pages\/2551\/revisions\/2557"}],"wp:attachment":[{"href":"https:\/\/www.feuerwehr-aigen.at\/index.php?rest_route=%2Fwp%2Fv2%2Fmedia&parent=2551"}],"curies":[{"name":"wp","href":"https:\/\/api.w.org\/{rel}","templated":true}]}}