{"id":2523,"date":"2017-05-08T09:19:14","date_gmt":"2017-05-08T08:19:14","guid":{"rendered":"http:\/\/www.feuerwehr-aigen.at\/?page_id=2523"},"modified":"2017-05-15T18:02:53","modified_gmt":"2017-05-15T17:02:53","slug":"06-05-2017-florianikirchgang-der-ff-aigen","status":"publish","type":"page","link":"https:\/\/www.feuerwehr-aigen.at\/?page_id=2523","title":{"rendered":"06.05.2017 &#8211; Florianikirchgang der FF Aigen"},"content":{"rendered":"<section class=\"av_textblock_section \"  itemscope=\"itemscope\" itemtype=\"https:\/\/schema.org\/CreativeWork\" ><div class='avia_textblock  '   itemprop=\"text\" ><p><strong>W\u00fcrdiger Anlass f\u00fcr verdiente Kameraden!<\/strong><\/p>\n<\/div><\/section>\n\n<style type=\"text\/css\" data-created_by=\"avia_inline_auto\" id=\"style-css-av-av_one_third-6126cab7d8fab8d08143dd2dacdf673c\">\n.flex_column.av-av_one_third-6126cab7d8fab8d08143dd2dacdf673c{\nborder-radius:0px 0px 0px 0px;\n-webkit-border-radius:0px 0px 0px 0px;\n-moz-border-radius:0px 0px 0px 0px;\n}\n<\/style>\n<div class='flex_column av-av_one_third-6126cab7d8fab8d08143dd2dacdf673c av_one_third  avia-builder-el-1  el_after_av_textblock  el_before_av_two_third  first flex_column_div av-zero-column-padding column-top-margin'   ><style type=\"text\/css\" data-created_by=\"avia_inline_auto\" id=\"style-css-av-av_image-110dc72b75ffb3ba49c022c6bcc9e3a9\">\n.avia-image-container.av-av_image-110dc72b75ffb3ba49c022c6bcc9e3a9 .av-image-caption-overlay-center{\ncolor:#ffffff;\n}\n<\/style>\n<div  class='avia-image-container av-av_image-110dc72b75ffb3ba49c022c6bcc9e3a9 av-styling- avia-align-left  avia-builder-el-2  avia-builder-el-no-sibling  '  itemprop=\"image\" itemscope=\"itemscope\" itemtype=\"https:\/\/schema.org\/ImageObject\" ><div class=\"avia-image-container-inner\"><div class=\"avia-image-overlay-wrap\"><a href=\"https:\/\/www.feuerwehr-aigen.at\/wp-content\/uploads\/2017\/05\/18301658_1312473248833986_4470738547333527470_n1.jpg\" class='avia_image' ><img class='wp-image-2563 avia-img-lazy-loading-not-2563 avia_image' src='https:\/\/www.feuerwehr-aigen.at\/wp-content\/uploads\/2017\/05\/18301658_1312473248833986_4470738547333527470_n1.jpg' alt='' title='18301658_1312473248833986_4470738547333527470_n[1]'  itemprop=\"thumbnailUrl\"  \/><\/a><\/div><\/div><\/div><\/div>\n<style type=\"text\/css\" data-created_by=\"avia_inline_auto\" id=\"style-css-av-av_two_third-0aa7055fe62c3622faec82866afbaeb2\">\n.flex_column.av-av_two_third-0aa7055fe62c3622faec82866afbaeb2{\nborder-radius:0px 0px 0px 0px;\n-webkit-border-radius:0px 0px 0px 0px;\n-moz-border-radius:0px 0px 0px 0px;\n}\n<\/style>\n<div class='flex_column av-av_two_third-0aa7055fe62c3622faec82866afbaeb2 av_two_third  avia-builder-el-3  el_after_av_one_third  el_before_av_one_full  flex_column_div av-zero-column-padding column-top-margin'   ><section class=\"av_textblock_section \"  itemscope=\"itemscope\" itemtype=\"https:\/\/schema.org\/CreativeWork\" ><div class='avia_textblock  '   itemprop=\"text\" ><p>Am Samstag den 06. Mai hielt die Freiwillige Feuerwehr\u00a0Aigen im Ennstal ihren diesj\u00e4hrigen Florianitag ab.<\/p>\n<p>Bei herrlichem Sonnenschein machten sich unz\u00e4hlige Kameraden der Pfarre Irdning auf den Weg, um gemeinsam ihrem Schutzpatron dem Heiligen Florian zu gedenken.<br \/>\nMusikalisch umrahmt wurde der Festzug durch die Marktmusikkapelle Irdning.<br \/>\nBei einem gemeinsamen Gottesdienst mit Pfarrer Herbert Prochazka, wurde um den Segen im kommenden Jahr gebeten, damit alle Kameraden von ihren Eins\u00e4tzen und Ausr\u00fcckungen wieder gesund zu ihren Familien nach Hause kehren.<\/p>\n<p>Im Anschlu\u00df an den Gottesdienst erreichte der Festakt mit der Auszeichnung verdienter Kameraden den H\u00f6hepunkt.<br \/>\nAbschnittsbrandinspektor Helmut Sam, Vizeb\u00fcrgermeister Walter Kanduth, Gemeinde Aigen sowie Vzbgm. Mag Dr. Anton Hausleitner, Marktgemeinde Irdning Donnersbachtal nahmen die Auszeichnung vor.<\/p>\n<p>Das Ehrenzeichen f\u00fcr vielj\u00e4hrige, eifrige und ersprie\u00dfliche T\u00e4tigkeit auf dem Gebiet des Feuerwehr- und Rettungswesens f\u00fcr <span style=\"text-decoration: underline;\">25 Jahre<\/span> erhielt OBI Gerald Kerschhaggl, f\u00fcr <span style=\"text-decoration: underline;\">40 Jahre<\/span> OLM Josef Greimel und f\u00fcr <span style=\"text-decoration: underline;\">60 Jahre<\/span> EOBM Peter Segl .<br \/>\nDas Ehrenzeichen f\u00fcr Dank und Anerkennung f\u00fcr <strong><span style=\"text-decoration: underline;\">70 Jahre Mitgliedschaft<\/span><\/strong> in der Feuerwehr erhielten EOBI \u00d6konomierat Johann Lackner sowie LM Josef Reiter.<\/p>\n<p>Auszeichnungen sind der einzige Lohn der Feuerwehrleute. Sie d\u00fcrfen diese zu Recht mit Stolz tragen und damit zeigen, da\u00df sie schon jahrelang gem\u00e4\u00df ihrem Wahlspruch &#8222;Gott zur Ehr, dem N\u00e4chsten zur Wehr&#8220; verantwortungsvoll ihre freiwillig \u00fcbernommenen\u00a0 Aufgaben erf\u00fcllen.<\/p>\n<p>Nach den Auszeichnungen erfolgte das Abr\u00fccken zum Fahnenversorgen sowie zum gemeinsamen Abendessen bei einem gem\u00fctlichen Kameradschaftsabend.<\/p>\n<\/div><\/section><\/div>\n<style type=\"text\/css\" data-created_by=\"avia_inline_auto\" id=\"style-css-av-av_one_full-6126cab7d8fab8d08143dd2dacdf673c\">\n.flex_column.av-av_one_full-6126cab7d8fab8d08143dd2dacdf673c{\nborder-radius:0px 0px 0px 0px;\n-webkit-border-radius:0px 0px 0px 0px;\n-moz-border-radius:0px 0px 0px 0px;\n}\n<\/style>\n<div class='flex_column av-av_one_full-6126cab7d8fab8d08143dd2dacdf673c av_one_full  avia-builder-el-5  el_after_av_two_third  avia-builder-el-last  first flex_column_div av-zero-column-padding column-top-margin'   ><section class=\"av_textblock_section \"  itemscope=\"itemscope\" itemtype=\"https:\/\/schema.org\/CreativeWork\" ><div class='avia_textblock  '   itemprop=\"text\" ><\/div><\/section><\/div><\/p>\n","protected":false},"excerpt":{"rendered":"","protected":false},"author":3,"featured_media":0,"parent":0,"menu_order":0,"comment_status":"closed","ping_status":"closed","template":"","meta":{"footnotes":""},"class_list":["post-2523","page","type-page","status-publish","hentry"],"jetpack_sharing_enabled":true,"_links":{"self":[{"href":"https:\/\/www.feuerwehr-aigen.at\/index.php?rest_route=\/wp\/v2\/pages\/2523","targetHints":{"allow":["GET"]}}],"collection":[{"href":"https:\/\/www.feuerwehr-aigen.at\/index.php?rest_route=\/wp\/v2\/pages"}],"about":[{"href":"https:\/\/www.feuerwehr-aigen.at\/index.php?rest_route=\/wp\/v2\/types\/page"}],"author":[{"embeddable":true,"href":"https:\/\/www.feuerwehr-aigen.at\/index.php?rest_route=\/wp\/v2\/users\/3"}],"replies":[{"embeddable":true,"href":"https:\/\/www.feuerwehr-aigen.at\/index.php?rest_route=%2Fwp%2Fv2%2Fcomments&post=2523"}],"version-history":[{"count":6,"href":"https:\/\/www.feuerwehr-aigen.at\/index.php?rest_route=\/wp\/v2\/pages\/2523\/revisions"}],"predecessor-version":[{"id":2564,"href":"https:\/\/www.feuerwehr-aigen.at\/index.php?rest_route=\/wp\/v2\/pages\/2523\/revisions\/2564"}],"wp:attachment":[{"href":"https:\/\/www.feuerwehr-aigen.at\/index.php?rest_route=%2Fwp%2Fv2%2Fmedia&parent=2523"}],"curies":[{"name":"wp","href":"https:\/\/api.w.org\/{rel}","templated":true}]}}