{"id":252,"date":"2009-04-06T19:12:47","date_gmt":"2009-04-06T19:12:47","guid":{"rendered":"http:\/\/feuerwehr-aigen.d2solution.net\/index.php\/jugend\/"},"modified":"2020-02-02T14:32:55","modified_gmt":"2020-02-02T13:32:55","slug":"jugend","status":"publish","type":"page","link":"https:\/\/www.feuerwehr-aigen.at\/?page_id=252","title":{"rendered":"Jugend"},"content":{"rendered":"<p><span style=\"color: #333333; font-family: helvetica;\"><img decoding=\"async\" class=\" alignright size-full wp-image-250\" title=\"Jugend\" src=\"http:\/\/feuerwehr-aigen.at\/wp-content\/uploads\/2009\/04\/Sachgebiete_jugend.jpg\" alt=\"Jugend\" width=\"100\" align=\"right\" border=\"0\" hspace=\"5\" vspace=\"5\" \/><\/span>Die steirischen Feuerwehren geh\u00f6ren zu den Schlagkr\u00e4ftigsten Europas. Doch was w\u00e4ren wir, w\u00fcrde es niemanden geben, der diese Schlagkraft st\u00e4ndig erneuert.<\/p>\n<p>Einen der wichtigsten Teilbereiche jeder Organisation bildet die Jugendarbeit. Vernachl\u00e4ssigte Nachwuchsarbeit f\u00fchrt zu gro\u00dfen Problemen in der Altersstruktur. Kontinuierliche und gute Arbeit mit Jugendlichen ist daher entscheidend f\u00fcr ein best\u00e4ndiges Nachr\u00fccken junger und motivierter Feuerwehrm\u00e4nner.<\/p>\n<p>Die im 19. Jahrhundert gegr\u00fcndete Feuerwehr Aigen\/E kam lange Zeit ohne Feuerwehrjugend aus.<br \/>\nSo geschah es das wir beinahe eine der letzten Feuerwehren in der Steiermark waren die keine Feuerwehrjugend hatten.<br \/>\nEs dauerte bis zum Jahr 2000, wo man \u00dcberlegungen anstellte, doch eine Feuerwehrjugend zu gr\u00fcnden.<br \/>\nDer Hintergedanke, Jugendliche als qualifizierte Nachwuchskr\u00e4fte f\u00fcr die aktive Wehr heranzubilden, soll nicht der alleinige Sinn gewesen sein.<br \/>\nEine Gemeinschaft, wie sie die Feuerwehr ist, fordert demokratisches Denken und Handeln. Dazu kommen Spiele und Zeltlager. Dies alles erleichtert den Jugendfeuerwehrmitgliedern die zwangsl\u00e4ufige Integration in die Gemeinschaft der \u201eErwachsenen\u201d. Dieser Gedanke begleitet unsere Jugendfeuerwehr auf ihrem bisherigen Lebensweg bis heute.<br \/>\nAll diese Gr\u00fcnde bewegten den damaligen Feuerwehrausschuss f\u00fcr eine Feuerwehrjugend zu stimmen. So wurden im Jahr 2000 3 Quereinsteiger im Alter \u00fcber 16 Jahre und\u00a0 3 Jugendliche unter 16 Jahren provisorisch aufgenommen.<\/p>\n<p>Als Gr\u00fcndungstag der Feuerwehrjugend kann man jedoch den 27.01.2001 nennen.<br \/>\nAm Tag der Jahreshauptversammlung der Freiwilligen Feuerwehr Aigen wurden<br \/>\nJFM HARETZM\u00dcLLER Christoph, JFM HUBNER Michael und JFM TH\u00d6RINGER Michael ganz offiziell als Feuerwehrjugendmitglieder aufgenommen.<br \/>\nAls erster Ortsjugendbeauftragter wurde OFM Kerschhaggl Gerald ernannt.<\/p>\n<p>Da Jugendliche immer so agieren wie es ihnen vorgelebt wird bzw. wie man sie besch\u00e4ftigt, ist es besonders wichtig, als Jugendbeauftragter auch als Vorbild zu fungieren.<br \/>\nMan ist aber nicht nur Vorgesetzter, sondern vielmehr auch Freund und Kamerad.<\/p>\n<p>&nbsp;<\/p>\n<p><span style=\"color: #333333; font-family: helvetica;\"><img decoding=\"async\" class=\" alignright size-full wp-image-251\" title=\"Grisu\" src=\"http:\/\/feuerwehr-aigen.at\/wp-content\/uploads\/2009\/04\/Sachgebiete_grisu.jpg\" alt=\"Grisu\" width=\"150\" align=\"right\" border=\"0\" hspace=\"5\" vspace=\"5\" srcset=\"https:\/\/www.feuerwehr-aigen.at\/wp-content\/uploads\/2009\/04\/Sachgebiete_grisu.jpg 592w, https:\/\/www.feuerwehr-aigen.at\/wp-content\/uploads\/2009\/04\/Sachgebiete_grisu-296x300.jpg 296w\" sizes=\"(max-width: 592px) 100vw, 592px\" \/><\/span><strong>Hier einiges Wissenswertes zum Thema Feuerwehrjugend<\/strong><\/p>\n<p>Ab welchem Alter kann man Mitglied bei der Feuerwehrjugend werden?<br \/>\nDer Beitritt zur Feuerwehrjugend ist mit Beginn des Jahres m\u00f6glich, in dem der Jugendliche das 10. Lebensjahr erreicht.<br \/>\nMit Vollendung des 16. Lebensjahrs ist dann der \u00dcbertritt in den aktiven Feuerwehrdienst m\u00f6glich.<\/p>\n<p><strong>Was wird der Feuerwehrjugend geboten? <\/strong><br \/>\n<em>\u2022 \u00dcbungen<\/em><br \/>\nEs wird an s\u00e4mtlichen Ger\u00e4tschaften der Feuerwehr praxisnahe ge\u00fcbt, um die Jugendlichen auf den Ernstfall als aktiver Feuerwehrmann vorzubereiten.<br \/>\nNat\u00fcrlich wird auch an den Gesamt\u00fcbungen der Feuerwehr teilgenommen.<\/p>\n<p><em>\u2022 Bewerbsspiele und Leistungsbewerbe<\/em><span style=\"color: #333333; font-family: helvetica;\"><br \/>\n<\/span>Je nach Alter der Feuerwehrjugend werden verschiedene Leistungsbewerbe angeboten:<br \/>\n&#8211;\u00a0Bewerbsspiele in Bronze und Silber:<br \/>\nTeambewerb von je 2 Jugendliche im Alter 10 bis 11 Jahre<br \/>\n&#8211;\u00a0Feuerwehrjugendleistungsabzeichen in Bronze und Silber:<br \/>\nDurchf\u00fchrung als Teambewerb mit zehn Jugendlichen ab dem 12. Lebensjahr<br \/>\n&#8211;\u00a0Wissenstestabzeichen (in Bronze, Silber und Gold)<br \/>\nEinzelbewerb, ab dem 13. Lebensjahr ist Teil der Grundausbildung eines jeden<br \/>\nFeuerwehrmannes (3 Module) und besteht aus theoretischen und praktischen \u00dcbungen<\/p>\n<p><em>\u2022 Jugendzeltlager<\/em><\/p>\n<p>\u2022\u00a0Schitag<\/p>\n<p>&nbsp;<\/p>\n<p><strong>Wie kann ich der Feuerwehrjugend beitreten? <\/strong><br \/>\nFalls Du Interesse hast, oder weitere Informationen haben m\u00f6chtest, melde Dich bei einem<br \/>\nunserer Feuerwehrkameraden oder direkt beim Kommandanten: HBI Dietmar Wundersamer<br \/>\n0664\/3949386<\/p>\n<p><strong>Die Jugendbeauftragten der Feuerwehr Aigen:<\/strong><\/p>\n<table border=\"0\">\n<tbody>\n<tr>\n<td>\u00a0BM Kerschhaggl Gerald<\/td>\n<td><\/td>\n<td>\u00a0von<\/td>\n<td>\u00a02000<\/td>\n<td>\u00a0bis<\/td>\n<td>\u00a02010<\/td>\n<\/tr>\n<tr>\n<td>\u00a0LM d. F. Winner Hannes<\/td>\n<td><\/td>\n<td>\u00a0von<\/td>\n<td>\u00a02010<\/td>\n<td>\u00a0bis<\/td>\n<td>\u00a02013<\/td>\n<\/tr>\n<tr>\n<td>\u00a0OFM Strobl Manfred<\/td>\n<td><\/td>\n<td>\u00a0von<\/td>\n<td>\u00a02013<\/td>\n<td>\u00a0bis<\/td>\n<td>\u00a02017<\/td>\n<\/tr>\n<tr>\n<td>\u00a0LM\u00a0Pollin Arndt<\/td>\n<td><\/td>\n<td>\u00a0von<\/td>\n<td>\u00a02017<\/td>\n<td>\u00a0bis<\/td>\n<td>\u00a02020<\/td>\n<\/tr>\n<tr>\n<td>\u00a0FM Binder Noah<\/td>\n<td><\/td>\n<td>\u00a0von<\/td>\n<td>\u00a02020<\/td>\n<td>\u00a0bis<\/td>\n<td><\/td>\n<\/tr>\n<\/tbody>\n<\/table>\n<p><strong>Die Jugendwart der Feuerwehr Aigen:<\/strong><\/p>\n<table border=\"0\">\n<tbody>\n<tr>\n<td style=\"width: 194px;\">\u00a0HFM Steindacher Rolland<\/td>\n<td style=\"width: 15px;\"><\/td>\n<td style=\"width: 65px;\">\u00a0von<\/td>\n<td style=\"width: 41.3667px;\">\u00a02020<\/td>\n<td style=\"width: 24.4333px;\">\u00a0bis<\/td>\n<td style=\"width: 41px;\"><\/td>\n<\/tr>\n<\/tbody>\n<\/table>\n<div align=\"center\"><\/div>\n","protected":false},"excerpt":{"rendered":"<p>Die steirischen Feuerwehren geh\u00f6ren zu den Schlagkr\u00e4ftigsten Europas. Doch was w\u00e4ren wir, w\u00fcrde es niemanden geben, der diese Schlagkraft st\u00e4ndig erneuert. Einen der wichtigsten Teilbereiche jeder Organisation bildet die Jugendarbeit. Vernachl\u00e4ssigte Nachwuchsarbeit f\u00fchrt zu gro\u00dfen Problemen in der Altersstruktur. Kontinuierliche und gute Arbeit mit Jugendlichen ist daher entscheidend f\u00fcr ein best\u00e4ndiges Nachr\u00fccken junger und motivierter [&hellip;]<\/p>\n","protected":false},"author":1,"featured_media":0,"parent":242,"menu_order":3,"comment_status":"closed","ping_status":"closed","template":"","meta":{"footnotes":""},"class_list":["post-252","page","type-page","status-publish","hentry"],"jetpack_sharing_enabled":true,"_links":{"self":[{"href":"https:\/\/www.feuerwehr-aigen.at\/index.php?rest_route=\/wp\/v2\/pages\/252","targetHints":{"allow":["GET"]}}],"collection":[{"href":"https:\/\/www.feuerwehr-aigen.at\/index.php?rest_route=\/wp\/v2\/pages"}],"about":[{"href":"https:\/\/www.feuerwehr-aigen.at\/index.php?rest_route=\/wp\/v2\/types\/page"}],"author":[{"embeddable":true,"href":"https:\/\/www.feuerwehr-aigen.at\/index.php?rest_route=\/wp\/v2\/users\/1"}],"replies":[{"embeddable":true,"href":"https:\/\/www.feuerwehr-aigen.at\/index.php?rest_route=%2Fwp%2Fv2%2Fcomments&post=252"}],"version-history":[{"count":12,"href":"https:\/\/www.feuerwehr-aigen.at\/index.php?rest_route=\/wp\/v2\/pages\/252\/revisions"}],"predecessor-version":[{"id":4196,"href":"https:\/\/www.feuerwehr-aigen.at\/index.php?rest_route=\/wp\/v2\/pages\/252\/revisions\/4196"}],"up":[{"embeddable":true,"href":"https:\/\/www.feuerwehr-aigen.at\/index.php?rest_route=\/wp\/v2\/pages\/242"}],"wp:attachment":[{"href":"https:\/\/www.feuerwehr-aigen.at\/index.php?rest_route=%2Fwp%2Fv2%2Fmedia&parent=252"}],"curies":[{"name":"wp","href":"https:\/\/api.w.org\/{rel}","templated":true}]}}