{"id":2468,"date":"2017-04-13T16:30:23","date_gmt":"2017-04-13T15:30:23","guid":{"rendered":"http:\/\/www.feuerwehr-aigen.at\/?page_id=2468"},"modified":"2017-04-13T17:10:07","modified_gmt":"2017-04-13T16:10:07","slug":"08-04-2017-feuerwehr-wissenstest","status":"publish","type":"page","link":"https:\/\/www.feuerwehr-aigen.at\/?page_id=2468","title":{"rendered":"08.04.2017 &#8211; Feuerwehr Wissenstest"},"content":{"rendered":"<section class=\"av_textblock_section \"  itemscope=\"itemscope\" itemtype=\"https:\/\/schema.org\/CreativeWork\" ><div class='avia_textblock  '   itemprop=\"text\" ><p><strong>332 Jugendliche \u00fcberpr\u00fcften ihr Feuerwehrwissen<\/strong><\/p>\n<\/div><\/section>\n\n<style type=\"text\/css\" data-created_by=\"avia_inline_auto\" id=\"style-css-av-av_one_third-6126cab7d8fab8d08143dd2dacdf673c\">\n.flex_column.av-av_one_third-6126cab7d8fab8d08143dd2dacdf673c{\nborder-radius:0px 0px 0px 0px;\n-webkit-border-radius:0px 0px 0px 0px;\n-moz-border-radius:0px 0px 0px 0px;\n}\n<\/style>\n<div class='flex_column av-av_one_third-6126cab7d8fab8d08143dd2dacdf673c av_one_third  avia-builder-el-1  el_after_av_textblock  el_before_av_two_third  first flex_column_div av-zero-column-padding column-top-margin'   ><style type=\"text\/css\" data-created_by=\"avia_inline_auto\" id=\"style-css-av-av_image-5f26995bd37c105aee0a14f2fe35540e\">\n.avia-image-container.av-av_image-5f26995bd37c105aee0a14f2fe35540e .av-image-caption-overlay-center{\ncolor:#ffffff;\n}\n<\/style>\n<div  class='avia-image-container av-av_image-5f26995bd37c105aee0a14f2fe35540e av-styling- avia-align-left  avia-builder-el-2  avia-builder-el-no-sibling  '  itemprop=\"image\" itemscope=\"itemscope\" itemtype=\"https:\/\/schema.org\/ImageObject\" ><div class=\"avia-image-container-inner\"><div class=\"avia-image-overlay-wrap\"><a href=\"https:\/\/www.feuerwehr-aigen.at\/?portfolio=08-04-2017-feuerwehr-wissenstest\" class='avia_image' ><img class='wp-image-2457 avia-img-lazy-loading-not-2457 avia_image' src='https:\/\/www.feuerwehr-aigen.at\/wp-content\/uploads\/2017\/04\/GVF-4160-300x200.jpg' alt='' title='GVF-4160'  itemprop=\"thumbnailUrl\"  \/><\/a><\/div><\/div><\/div><\/div>\n\n<style type=\"text\/css\" data-created_by=\"avia_inline_auto\" id=\"style-css-av-av_two_third-0aa7055fe62c3622faec82866afbaeb2\">\n.flex_column.av-av_two_third-0aa7055fe62c3622faec82866afbaeb2{\nborder-radius:0px 0px 0px 0px;\n-webkit-border-radius:0px 0px 0px 0px;\n-moz-border-radius:0px 0px 0px 0px;\n}\n<\/style>\n<div class='flex_column av-av_two_third-0aa7055fe62c3622faec82866afbaeb2 av_two_third  avia-builder-el-3  el_after_av_one_third  el_before_av_one_full  flex_column_div av-zero-column-padding column-top-margin'   ><section class=\"av_textblock_section \"  itemscope=\"itemscope\" itemtype=\"https:\/\/schema.org\/CreativeWork\" ><div class='avia_textblock  '   itemprop=\"text\" ><p>Der 08. April 2017 stand in Aigen im Ennstal ganz im Zeichen der Feuerwehrjugend. \u00dcber 300 Jugendliche im Alter von 10 bis 15 Jahren \u00fcberpr\u00fcften ihr Wissen im Rahmen des sogenannten Wissenstestspiels bzw. des Wissenstestes. Die Er\u00f6ffnung fand p\u00fcnktlich um 09:00 Uhr durch den Bewerbsleiter Oberbrandinspektor des Fachdienstes Christian Sotlar und unter der Anwesenheit von Frau Abgeordneten zum Steirischen Landtag Michaela Grubesa, Herrn B\u00fcrgermeister Raimund Hager und dem zust\u00e4ndigen Abschnittsfeuerwehrkommandanten Herrn Abschnittsbrandinspektor Helmut Sam.<\/p>\n<p>Unter den akribischen Augen der Bewerter konnte alle Jugendliche erfolgreich ihr gestecktes Ziel erreichen. Davon erlangten 81 Jugendliche das Wissenstest-Abzeichen in Gold, 88 in Silber, 96 in Bronze und zus\u00e4tzlich absolvierten 16 Feuerwehrm\u00e4nner ihre Module f\u00fcr die Feuerwehrgrundausbildung und erlangten damit auch das Wissenstestabzeichen in Gold. Beim Wissenstestspiel f\u00fcr die j\u00fcngeren Teilnehmer wurden 67 Abzeichen erfolgreich errungen, davon 25 in Bronze und 42 in Silber.<\/p>\n<p>Die Abschlusszeremonie wurde musikalisch begleitet durch den Musikverein Aigen im Ennstal, dabei wurden auch zwei verdiente Bewerter ausgezeichnet. F\u00fcr 5-malige Bewertert\u00e4tigkeit bekamen Oberl\u00f6schmeister Gernot Burgschweiger (FF Zauchen) und Ehrenhauptl\u00f6schmeister Luis Plasenzia-Suarez (FF Bad Mitterndorf) die Bewerterspange in Bronze.<\/p>\n<p>Erfreut und begeistert von den Leistungen der anwesenden Feuerwehrjugend war der zust\u00e4ndige Bereichsfeuerwehrkommandant Landesbranddirektor-Stellvertreter Gerhard P\u00f6tsch, das wurde in seiner Festansprache auch entsprechend hervorgehoben. Dies wurde durch den anwesenden Abgeordneten zum Steirischen Landtag Herrn Albert Royer und dem B\u00fcrgermeister von Aigen im Ennstal Herrn Raimund Hager in ihren Ansprachen entsprechend unterstrichen.<\/p>\n<p>Die zahlreiche Anwesenheit von hohen Feuerwehroffizieren best\u00e4tigt die Wertsch\u00e4tzung und die Anerkennung der Leistungen der Feuerwehrjugend im Bereichsfeuerwehrverband Liezen. So waren neben dem Bereichsfeuerwehrkommandant-Stellvertreter Heinz Hartl, auch die Abschnittsfeuerwehrkommandanten Helmut Sam, Gerd Bartl, Reinhold Binder, Franz Hadler, Franz Haberl, Johann Lettner, Andreas Seebacher und Ehrenabschnittsinspektor Walter Rieger aus allen Teilen des Bereiches vertreten.<\/p>\n<p>Der organisierenden Freiwilligen Feuerwehr Aigen im Ennstal unter der Leitung von Hauptbrandinspektor Dietmar Wundersamer und Oberbrandinspektor Gerald Kerschhaggl galt es Dank und Anerkennung auszusprechen.<\/p>\n<p>Bericht und Fotos: BFV Liezen<\/p>\n<\/div><\/section><\/div>\n\n<style type=\"text\/css\" data-created_by=\"avia_inline_auto\" id=\"style-css-av-av_one_full-6126cab7d8fab8d08143dd2dacdf673c\">\n.flex_column.av-av_one_full-6126cab7d8fab8d08143dd2dacdf673c{\nborder-radius:0px 0px 0px 0px;\n-webkit-border-radius:0px 0px 0px 0px;\n-moz-border-radius:0px 0px 0px 0px;\n}\n<\/style>\n<div class='flex_column av-av_one_full-6126cab7d8fab8d08143dd2dacdf673c av_one_full  avia-builder-el-5  el_after_av_two_third  avia-builder-el-last  first flex_column_div av-zero-column-padding column-top-margin'   ><section class=\"av_textblock_section \"  itemscope=\"itemscope\" itemtype=\"https:\/\/schema.org\/CreativeWork\" ><div class='avia_textblock  '   itemprop=\"text\" ><p><a href=\"http:\/\/www.feuerwehr-aigen.at\/?portfolio=08-04-2017-feuerwehr-wissenstest\">zur Bildergalerie \u00bb<\/a><\/p>\n<\/div><\/section><\/div>\n","protected":false},"excerpt":{"rendered":"","protected":false},"author":3,"featured_media":0,"parent":0,"menu_order":0,"comment_status":"closed","ping_status":"closed","template":"","meta":{"footnotes":""},"class_list":["post-2468","page","type-page","status-publish","hentry"],"jetpack_sharing_enabled":true,"_links":{"self":[{"href":"https:\/\/www.feuerwehr-aigen.at\/index.php?rest_route=\/wp\/v2\/pages\/2468","targetHints":{"allow":["GET"]}}],"collection":[{"href":"https:\/\/www.feuerwehr-aigen.at\/index.php?rest_route=\/wp\/v2\/pages"}],"about":[{"href":"https:\/\/www.feuerwehr-aigen.at\/index.php?rest_route=\/wp\/v2\/types\/page"}],"author":[{"embeddable":true,"href":"https:\/\/www.feuerwehr-aigen.at\/index.php?rest_route=\/wp\/v2\/users\/3"}],"replies":[{"embeddable":true,"href":"https:\/\/www.feuerwehr-aigen.at\/index.php?rest_route=%2Fwp%2Fv2%2Fcomments&post=2468"}],"version-history":[{"count":7,"href":"https:\/\/www.feuerwehr-aigen.at\/index.php?rest_route=\/wp\/v2\/pages\/2468\/revisions"}],"predecessor-version":[{"id":2488,"href":"https:\/\/www.feuerwehr-aigen.at\/index.php?rest_route=\/wp\/v2\/pages\/2468\/revisions\/2488"}],"wp:attachment":[{"href":"https:\/\/www.feuerwehr-aigen.at\/index.php?rest_route=%2Fwp%2Fv2%2Fmedia&parent=2468"}],"curies":[{"name":"wp","href":"https:\/\/api.w.org\/{rel}","templated":true}]}}