{"id":242,"date":"2009-04-06T19:12:19","date_gmt":"2009-04-06T19:12:19","guid":{"rendered":"http:\/\/feuerwehr-aigen.d2solution.net\/index.php\/sachgebiete\/"},"modified":"2017-09-11T21:56:38","modified_gmt":"2017-09-11T20:56:38","slug":"sachgebiete","status":"publish","type":"page","link":"https:\/\/www.feuerwehr-aigen.at\/?page_id=242","title":{"rendered":"Sachgebiete"},"content":{"rendered":"<p>&nbsp;<\/p>\n<div style=\"text-align: center;\"><img decoding=\"async\" class=\" size-full wp-image-233\" title=\"Sachgebiet\" src=\"http:\/\/feuerwehr-aigen.at\/wp-content\/uploads\/2009\/04\/Sachgebiete_sachgebiet.jpg\" alt=\"Sachgebiet\" width=\"100%\" border=\"0\" srcset=\"https:\/\/www.feuerwehr-aigen.at\/wp-content\/uploads\/2009\/04\/Sachgebiete_sachgebiet.jpg 800w, https:\/\/www.feuerwehr-aigen.at\/wp-content\/uploads\/2009\/04\/Sachgebiete_sachgebiet-300x125.jpg 300w, https:\/\/www.feuerwehr-aigen.at\/wp-content\/uploads\/2009\/04\/Sachgebiete_sachgebiet-768x320.jpg 768w\" sizes=\"(max-width: 800px) 100vw, 800px\" \/><\/div>\n<p>Mit den Eins\u00e4tzen und der Feuerwehr sind auch die Sachgebiete im Laufe der Jahrzehnte gewachsen<\/p>\n<p>Musste die Feuerwehr vor einiger Zeit \u201enur\u201c die Brandbek\u00e4mpfung mit den geringsten zur Verf\u00fcgung stehenden technischen Hilfsmitteln bewerkstelligen, so ist sie heute zu einer hoch entwickelten, modernen Hilfseinrichtung geworden, wo die Brandbek\u00e4mpfung meist schon zur Nebensache geworden ist.<\/p>\n<p>Um die Verantwortlichkeit der Feuerwehrt\u00e4tigkeiten wie Verwaltung, technischen Dienste, und Ausbildung aufzuteilen, wurden Sachgebiete eingerichtet.<\/p>\n<p>Zus\u00e4tzlich zu den Aufgaben jeder Feuerwehr ist die Feuerwehr Aigen im Ennstal eine von<br \/>\ndrei St\u00fctzpunktfeuerwehren in der Steiermark f\u00fcr Waldbrandbek\u00e4mpfung.<\/p>\n<p>Hier erhalten Sie alle Hintergrundinformationen der Feuerwehrarbeit.<br \/>\nFalls sie weitere Fragen zu einem Sachgebiet oder zur Feuerwehr selbst haben, geben Ihnen die zust\u00e4ndigen Beauftragten gerne Auskunft dar\u00fcber.<\/p>\n<p>&nbsp;<\/p>\n<table border=\"0\" cellpadding=\"10\" align=\"center\">\n<tbody>\n<tr>\n<td align=\"center\" valign=\"middle\"><a href=\"http:\/\/www.feuerwehr-aigen.at\/?page_id=248\"><img loading=\"lazy\" decoding=\"async\" class=\"aligncenter\" title=\"EDV\" src=\"http:\/\/www.feuerwehr-aigen.at\/wp-content\/uploads\/2009\/04\/Sachgebiete_edv-150x150.jpg\" alt=\"EDV\" width=\"80\" height=\"80\" border=\"0\" hspace=\"5\" vspace=\"5\" \/><\/a><a title=\"EDV\" href=\"http:\/\/www.feuerwehr-aigen.at\/?page_id=248\">EDV<\/a><\/td>\n<td style=\"text-align: center;\" align=\"center\" valign=\"middle\"><a href=\"http:\/\/www.feuerwehr-aigen.at\/?page_id=252\"><img loading=\"lazy\" decoding=\"async\" class=\"aligncenter\" title=\"Jugend\" src=\"http:\/\/www.feuerwehr-aigen.at\/wp-content\/uploads\/2009\/04\/Sachgebiete_jugend-150x150.jpg\" alt=\"Jugend\" width=\"80\" height=\"80\" border=\"0\" hspace=\"5\" vspace=\"5\" \/><\/a><a title=\"Jugend\" href=\"http:\/\/www.feuerwehr-aigen.at\/?page_id=252\">Jugend<\/a><\/td>\n<td style=\"text-align: center;\" align=\"center\" valign=\"middle\"><a href=\"http:\/\/www.feuerwehr-aigen.at\/?page_id=259\"><img loading=\"lazy\" decoding=\"async\" class=\"aligncenter\" title=\"Ausbildung\" src=\"http:\/\/www.feuerwehr-aigen.at\/wp-content\/uploads\/2009\/04\/Sachgebiete_ausbildung-150x150.jpg\" alt=\"Ausbildung\" width=\"80\" height=\"80\" border=\"0\" hspace=\"5\" vspace=\"5\" \/><\/a><a title=\"Ausbildung\" href=\"http:\/\/www.feuerwehr-aigen.at\/?page_id=259\">Ausbildung<\/a><\/td>\n<td style=\"text-align: center;\" align=\"center\" valign=\"middle\"><a href=\"http:\/\/www.feuerwehr-aigen.at\/?page_id=264\"><img loading=\"lazy\" decoding=\"async\" class=\"aligncenter\" title=\"Verwaltung\" src=\"http:\/\/www.feuerwehr-aigen.at\/wp-content\/uploads\/2009\/04\/Sachgebiete_kassier-150x150.jpg\" alt=\"Verwaltung\" width=\"80\" height=\"80\" border=\"0\" hspace=\"5\" vspace=\"5\" \/><\/a><a title=\"Veraltung\" href=\"http:\/\/www.feuerwehr-aigen.at\/?page_id=264\">Verwaltung<\/a><\/td>\n<\/tr>\n<tr>\n<td style=\"text-align: center;\" align=\"center\" valign=\"middle\"><a href=\"http:\/\/www.feuerwehr-aigen.at\/?page_id=270\"><img loading=\"lazy\" decoding=\"async\" class=\"aligncenter\" title=\"Atemschutz\" src=\"http:\/\/www.feuerwehr-aigen.at\/wp-content\/uploads\/2009\/04\/Sachgebiete_atemschutz-150x150.jpg\" alt=\"Atemschutz\" width=\"80\" height=\"80\" border=\"0\" hspace=\"5\" vspace=\"5\" \/><\/a><a title=\"Atemschutz\" href=\"http:\/\/www.feuerwehr-aigen.at\/?page_id=270\">Atemschutz<\/a><\/td>\n<td style=\"text-align: center;\" align=\"center\" valign=\"middle\"><a href=\"http:\/\/www.feuerwehr-aigen.at\/?page_id=273\"><img loading=\"lazy\" decoding=\"async\" class=\"aligncenter\" title=\"Sanit\u00e4tsdienst\" src=\"http:\/\/feuerwehr-aigen.at\/wp-content\/uploads\/2009\/04\/Sachgebiete_san.gif\" alt=\"Sanit\u00e4tsdienst\" width=\"80\" height=\"80\" border=\"0\" hspace=\"5\" vspace=\"5\" \/><\/a><a title=\"Sanit\u00e4tsdienst\" href=\"http:\/\/www.feuerwehr-aigen.at\/?page_id=273\">Sanit\u00e4tsdienst<\/a><\/td>\n<td style=\"text-align: center;\" align=\"center\" valign=\"middle\"><a href=\"http:\/\/www.feuerwehr-aigen.at\/?page_id=277\"><img loading=\"lazy\" decoding=\"async\" class=\"aligncenter\" title=\"Nachrichtendienst\" src=\"http:\/\/feuerwehr-aigen.at\/wp-content\/uploads\/2009\/04\/Sachgebiete_funk.gif\" alt=\"Nachrichtendienst\" width=\"80\" height=\"80\" border=\"0\" hspace=\"5\" vspace=\"5\" \/><\/a><a title=\"Nachrichtendienst\" href=\"http:\/\/www.feuerwehr-aigen.at\/?page_id=277\">Nachrichtendienst<\/a><\/td>\n<td style=\"text-align: center;\" align=\"center\" valign=\"middle\"><a href=\"http:\/\/www.feuerwehr-aigen.at\/?page_id=288\"><img loading=\"lazy\" decoding=\"async\" class=\"aligncenter\" title=\"Flugdienst\" src=\"http:\/\/www.feuerwehr-aigen.at\/wp-content\/uploads\/2009\/04\/Sachgebiete_flugdienst-150x150.jpg\" alt=\"Flugdienst\" width=\"80\" height=\"80\" border=\"0\" hspace=\"5\" vspace=\"5\" \/><\/a><a title=\"Flugdienst\" href=\"http:\/\/www.feuerwehr-aigen.at\/?page_id=288\">Flugdienst<\/a><\/td>\n<\/tr>\n<\/tbody>\n<\/table>\n<p>&nbsp;<\/p>\n","protected":false},"excerpt":{"rendered":"<p>&nbsp; Mit den Eins\u00e4tzen und der Feuerwehr sind auch die Sachgebiete im Laufe der Jahrzehnte gewachsen Musste die Feuerwehr vor einiger Zeit \u201enur\u201c die Brandbek\u00e4mpfung mit den geringsten zur Verf\u00fcgung stehenden technischen Hilfsmitteln bewerkstelligen, so ist sie heute zu einer hoch entwickelten, modernen Hilfseinrichtung geworden, wo die Brandbek\u00e4mpfung meist schon zur Nebensache geworden ist. Um [&hellip;]<\/p>\n","protected":false},"author":1,"featured_media":0,"parent":0,"menu_order":1,"comment_status":"closed","ping_status":"closed","template":"","meta":{"footnotes":""},"class_list":["post-242","page","type-page","status-publish","hentry"],"jetpack_sharing_enabled":true,"_links":{"self":[{"href":"https:\/\/www.feuerwehr-aigen.at\/index.php?rest_route=\/wp\/v2\/pages\/242","targetHints":{"allow":["GET"]}}],"collection":[{"href":"https:\/\/www.feuerwehr-aigen.at\/index.php?rest_route=\/wp\/v2\/pages"}],"about":[{"href":"https:\/\/www.feuerwehr-aigen.at\/index.php?rest_route=\/wp\/v2\/types\/page"}],"author":[{"embeddable":true,"href":"https:\/\/www.feuerwehr-aigen.at\/index.php?rest_route=\/wp\/v2\/users\/1"}],"replies":[{"embeddable":true,"href":"https:\/\/www.feuerwehr-aigen.at\/index.php?rest_route=%2Fwp%2Fv2%2Fcomments&post=242"}],"version-history":[{"count":9,"href":"https:\/\/www.feuerwehr-aigen.at\/index.php?rest_route=\/wp\/v2\/pages\/242\/revisions"}],"predecessor-version":[{"id":2865,"href":"https:\/\/www.feuerwehr-aigen.at\/index.php?rest_route=\/wp\/v2\/pages\/242\/revisions\/2865"}],"wp:attachment":[{"href":"https:\/\/www.feuerwehr-aigen.at\/index.php?rest_route=%2Fwp%2Fv2%2Fmedia&parent=242"}],"curies":[{"name":"wp","href":"https:\/\/api.w.org\/{rel}","templated":true}]}}