{"id":232,"date":"2009-04-06T19:08:26","date_gmt":"2009-04-06T19:08:26","guid":{"rendered":"http:\/\/feuerwehr-aigen.d2solution.net\/index.php\/jahrhundertgedicht\/"},"modified":"2016-11-07T22:55:57","modified_gmt":"2016-11-07T22:55:57","slug":"jahrhundertgedicht","status":"publish","type":"page","link":"https:\/\/www.feuerwehr-aigen.at\/?page_id=232","title":{"rendered":"Jahrhundertgedicht"},"content":{"rendered":"<p><span style=\"color: #333333; font-family: helvetica;\"><a title=\"100 Jahrfeier 1987\" href=\"http:\/\/feuerwehr-aigen.at\/wp-content\/uploads\/2009\/04\/wirueberuns_Chronik_100jahrfeier.jpg\"><img loading=\"lazy\" decoding=\"async\" class=\"alignleft wp-image-180 size-medium\" title=\"100 Jahrfeier 1987\" src=\"http:\/\/www.feuerwehr-aigen.at\/wp-content\/uploads\/2009\/04\/wirueberuns_Chronik_100jahrfeier-300x293.jpg\" alt=\"100 Jahrfeier 1987\" width=\"300\" height=\"293\" align=\"left\" border=\"0\" hspace=\"5\" vspace=\"5\" srcset=\"https:\/\/www.feuerwehr-aigen.at\/wp-content\/uploads\/2009\/04\/wirueberuns_Chronik_100jahrfeier-300x293.jpg 300w, https:\/\/www.feuerwehr-aigen.at\/wp-content\/uploads\/2009\/04\/wirueberuns_Chronik_100jahrfeier-768x751.jpg 768w, https:\/\/www.feuerwehr-aigen.at\/wp-content\/uploads\/2009\/04\/wirueberuns_Chronik_100jahrfeier.jpg 800w\" sizes=\"auto, (max-width: 300px) 100vw, 300px\" \/><\/a><\/span>Heit schau\u00b4n ma z\u00b4ruck, goar 100 Joahr,<br \/>\nwiea Aig\u00b4n, a kloanes D\u00f6rferl woar<br \/>\nund denk ma a no weita gern,<br \/>\nin Gulling woar\u00b4n d\u00f6 Hammerherrn.<br \/>\nBei denan woar zur selig\u00b4n Zeit,<br \/>\njo schon a Feuerweher bereit.<br \/>\nDanoch wor\u00b4s Herr Keller dann,<br \/>\nder zammg\u00b4suacht hot an jed\u00b4n Monn,<br \/>\nzur Brandbek\u00e4mpfung und no mehr,<br \/>\nseitdem hot Aig\u00b4n a Feuerwehr.<\/p>\n<p>F\u00fcr\u00b4s N\u00f6tigste ham\u00b4s zammengrafft, do d\u00b4Uniform hot jeda selber kaft.<br \/>\nAn Ball hom\u00b4s gmocht und Tombola, weil do a Geld zan hol\u00b4n wa.<\/p>\n<p>\u201eGott zur Ehr \u2013 dem N\u00e4chst\u00b4n zur Wehr!\u201c<br \/>\nden Leitsotz hom\u00b4s eahna g\u00b4hobt, drum hot d\u00f6s olles a so kloppt.<br \/>\nWonn hot d\u00f6s Nebelhorn ert\u00f6nt, hot jeda g\u00b4wi\u00dft, da\u00df hiatz wo brennt.<br \/>\nUm d\u00b4Handdruckspritzn ham\u00b4s m\u00fca\u00df\u00b4n\u00a0 renna und san mit d\u00b4R\u00f6ssa,<br \/>\ndann zur Brandstatt kemma.<\/p>\n<p>Wehrhauptmann Keller is vastorb\u00b4n 1908 im Summa<br \/>\nund Herr Salzinger hot sei Amt \u00fcbanumma.<br \/>\nNoch und noch hom\u00b4s Ger\u00e4te kaft, da\u00df da Einsatz bessa laft.<\/p>\n<p>Bei den Monnan von da Feuerwehr, woar a so mancher Musiker.<br \/>\nSo is, wiea soll ma\u00b4s ondas nennan, die Feuerwehr zu oana Musikkapelln kemman.<\/p>\n<p>Es woar donn im 24er Joahr, do woar da n\u00e4chste Keller Hauptmann goar.<br \/>\nWei\u00b4s Geld no allweil z\u00b4wenig woar, hom\u00b4s am See a Maschineisschia\u00df\u00b4n g\u00b4mocht,<br \/>\nim n\u00e4chst\u00b4n Joahr.<\/p>\n<p>A H\u00f6hepunkt woar 1929 im Summa, do is d\u00f6 ersti Motorspritz\u00b4n kumma.<br \/>\nIm Keller Park woar d\u00b4Weihe donn, wiea stolz woar domols jeda Monn.<br \/>\nDie Komerodschoft hot olli zaum g\u00b4holt\u00b4n, die jungan Monna und die olt\u00b4n.<\/p>\n<p>1936 dann, is wor\u00b4n Herr Gabriel, der Wehrhauptmann.<br \/>\nIm Kriag wors donn recht schwa, die Gegend woar von Monna laa.<br \/>\nDo san die Weibaleit eing\u00b4sprunga und hom den Einsotz \u00fcbanumma.<br \/>\nDie Sofie mocht an Kurs, da\u00df sie die Spritz\u00b4n kennt und da\u00df all\u00b4s funktioniert,<br \/>\nwonn\u00b4s eppa brennt.<\/p>\n<p>Noch\u00b4n Kriag, is kemma Monn f\u00fcr Monn und hom dann wieda weiterton.<br \/>\n1946 war Herr Schrempf sen. zum Wehrhauptmann ernannt<br \/>\nund Herr Gabriel zum Bezirkskommandant.<br \/>\nDomols und a sp\u00e4ter, woar\u00b4n die Herrn Mayerhofer die Sanit\u00e4ter.<\/p>\n<p>A Jeep l\u00f6st bold die R\u00f6ssa o, a Sirene wird installiert<br \/>\nund so wird a dos Neb\u00b4lhorn, auf oamol pensioniert.<\/p>\n<p>Im 60er Jahr, kriag\u00b4n ma an G\u00b4hilf\u00b4n, auf den san ma recht froh.<br \/>\nDie Feuerwehr vom Fliegerhorst, is a ban Einsotz do.<br \/>\nJo und die Hubschrauber san jederzeit, zum Einsatz a f\u00fcr uns bereit.<\/p>\n<p>1967, woar d\u00f6s a Freid, is woarn d\u00f6s neue Feuerwehrdepot eing\u00b4weiht.<br \/>\nUnd wiea kunnt\u00b4s denn no bessa sein, im 1. Stock, is a dos Musikheim.<br \/>\nVon 50 bis 78 woar Herr Strobl Wehrhauptmann und hot viel Sorg\u00b4n g\u00b4hobt und M\u00fcha,<br \/>\ndo wos oll\u00b4s g\u00b4scheg\u00b4n is in der Zeit, do steht es schon daf\u00fcr.<\/p>\n<p>Herr Schrempf jun. ols Wehrhauptmann, hot seither a so weitertan.<br \/>\nUnd ollweil hoa\u00dft\u00b4s: \u201eGott zur Ehr, dem N\u00e4chst\u00b4n zur Wehr!\u201c<\/p>\n<p>Jo und mia Jungan wer\u00b4ns a so holt\u00b4n, wiea fr\u00fcha unsre Olt\u00b4n<br \/>\nMia gratulier\u00b4n heit daweil mit einem kr\u00e4ftig\u00b4n \u201eGut Heil\u201c!<\/p>\n<p><em>Anl\u00e4sslich dem 100 J\u00e4hrigen Bestandsjubil\u00e4um im Jahre 1987 widmete Hilde Helmhart dieses Gedicht der Freiwilligen Feuerwehr Aigen im Ennstal f\u00fcr die Festschrift.<\/em><\/p>\n","protected":false},"excerpt":{"rendered":"<p>Heit schau\u00b4n ma z\u00b4ruck, goar 100 Joahr, wiea Aig\u00b4n, a kloanes D\u00f6rferl woar und denk ma a no weita gern, in Gulling woar\u00b4n d\u00f6 Hammerherrn. Bei denan woar zur selig\u00b4n Zeit, jo schon a Feuerweher bereit. Danoch wor\u00b4s Herr Keller dann, der zammg\u00b4suacht hot an jed\u00b4n Monn, zur Brandbek\u00e4mpfung und no mehr, seitdem hot Aig\u00b4n [&hellip;]<\/p>\n","protected":false},"author":1,"featured_media":0,"parent":28,"menu_order":13,"comment_status":"closed","ping_status":"closed","template":"","meta":{"footnotes":""},"class_list":["post-232","page","type-page","status-publish","hentry"],"jetpack_sharing_enabled":true,"_links":{"self":[{"href":"https:\/\/www.feuerwehr-aigen.at\/index.php?rest_route=\/wp\/v2\/pages\/232","targetHints":{"allow":["GET"]}}],"collection":[{"href":"https:\/\/www.feuerwehr-aigen.at\/index.php?rest_route=\/wp\/v2\/pages"}],"about":[{"href":"https:\/\/www.feuerwehr-aigen.at\/index.php?rest_route=\/wp\/v2\/types\/page"}],"author":[{"embeddable":true,"href":"https:\/\/www.feuerwehr-aigen.at\/index.php?rest_route=\/wp\/v2\/users\/1"}],"replies":[{"embeddable":true,"href":"https:\/\/www.feuerwehr-aigen.at\/index.php?rest_route=%2Fwp%2Fv2%2Fcomments&post=232"}],"version-history":[{"count":2,"href":"https:\/\/www.feuerwehr-aigen.at\/index.php?rest_route=\/wp\/v2\/pages\/232\/revisions"}],"predecessor-version":[{"id":1092,"href":"https:\/\/www.feuerwehr-aigen.at\/index.php?rest_route=\/wp\/v2\/pages\/232\/revisions\/1092"}],"up":[{"embeddable":true,"href":"https:\/\/www.feuerwehr-aigen.at\/index.php?rest_route=\/wp\/v2\/pages\/28"}],"wp:attachment":[{"href":"https:\/\/www.feuerwehr-aigen.at\/index.php?rest_route=%2Fwp%2Fv2%2Fmedia&parent=232"}],"curies":[{"name":"wp","href":"https:\/\/api.w.org\/{rel}","templated":true}]}}