{"id":2293,"date":"2017-02-01T22:22:11","date_gmt":"2017-02-01T21:22:11","guid":{"rendered":"http:\/\/www.feuerwehr-aigen.at\/?page_id=2293"},"modified":"2017-02-04T13:08:12","modified_gmt":"2017-02-04T12:08:12","slug":"2293-2","status":"publish","type":"page","link":"https:\/\/www.feuerwehr-aigen.at\/?page_id=2293","title":{"rendered":"29.01.2017 &#8211; 116. Wehrversammlung"},"content":{"rendered":"<section class=\"av_textblock_section \"  itemscope=\"itemscope\" itemtype=\"https:\/\/schema.org\/CreativeWork\" ><div class='avia_textblock  '   itemprop=\"text\" ><p><strong>Kommando\u00fcbergabe der Freiwilligen Feuerwehr Aigen im Ennstal<\/strong><\/p>\n<\/div><\/section>\n\n<style type=\"text\/css\" data-created_by=\"avia_inline_auto\" id=\"style-css-av-av_three_fifth-6126cab7d8fab8d08143dd2dacdf673c\">\n.flex_column.av-av_three_fifth-6126cab7d8fab8d08143dd2dacdf673c{\nborder-radius:0px 0px 0px 0px;\n-webkit-border-radius:0px 0px 0px 0px;\n-moz-border-radius:0px 0px 0px 0px;\n}\n<\/style>\n<div class='flex_column av-av_three_fifth-6126cab7d8fab8d08143dd2dacdf673c av_three_fifth  avia-builder-el-1  el_after_av_textblock  el_before_av_two_third  first flex_column_div av-zero-column-padding column-top-margin'   ><style type=\"text\/css\" data-created_by=\"avia_inline_auto\" id=\"style-css-av-av_image-d11585f16d85be1a6f250bea9e20c06b\">\n.avia-image-container.av-av_image-d11585f16d85be1a6f250bea9e20c06b .av-image-caption-overlay-center{\ncolor:#ffffff;\n}\n<\/style>\n<div  class='avia-image-container av-av_image-d11585f16d85be1a6f250bea9e20c06b av-styling- avia-align-center  avia-builder-el-2  avia-builder-el-no-sibling  '  itemprop=\"image\" itemscope=\"itemscope\" itemtype=\"https:\/\/schema.org\/ImageObject\" ><div class=\"avia-image-container-inner\"><div class=\"avia-image-overlay-wrap\"><a href=\"https:\/\/www.feuerwehr-aigen.at\/wp-content\/uploads\/2016\/10\/DSC_8170-1030x682.jpg\" class='avia_image' ><img class='wp-image-2290 avia-img-lazy-loading-not-2290 avia_image' src='https:\/\/www.feuerwehr-aigen.at\/wp-content\/uploads\/2016\/10\/DSC_8170.jpg' alt='' title='Wehrversammlung 2017'  itemprop=\"thumbnailUrl\"  \/><\/a><\/div><\/div><\/div><\/div>\n\n<style type=\"text\/css\" data-created_by=\"avia_inline_auto\" id=\"style-css-av-av_two_third-6126cab7d8fab8d08143dd2dacdf673c\">\n.flex_column.av-av_two_third-6126cab7d8fab8d08143dd2dacdf673c{\nborder-radius:0px 0px 0px 0px;\n-webkit-border-radius:0px 0px 0px 0px;\n-moz-border-radius:0px 0px 0px 0px;\n}\n<\/style>\n<div class='flex_column av-av_two_third-6126cab7d8fab8d08143dd2dacdf673c av_two_third  avia-builder-el-3  el_after_av_three_fifth  el_before_av_one_full  first flex_column_div av-zero-column-padding '   ><section class=\"av_textblock_section \"  itemscope=\"itemscope\" itemtype=\"https:\/\/schema.org\/CreativeWork\" ><div class='avia_textblock  '   itemprop=\"text\" ><p>Am 29.01.2017 fand die 116. Wehrversammlung der\u00a0Freiwilligen Feuerwehr\u00a0Aigen im\u00a0Ennstal im GH Gra\u00dfl statt.<br \/>\nHBI Manfred Tiefenbacher konnte dazu den Abschnittsbrandinspektor Helmut Sam, Vizeb\u00fcrgermeister Walter Kanduth, die Ehrendienstgrade EHBM d.V. Herbert Mandlberger und EBM Stefan Gr\u00fcnwald sowie die zahlreich erschienen Kameradinnen und Kameraden der FF Aigen begr\u00fc\u00dfen.<\/p>\n<p>In seinem Bericht wurde das umfassende Berichtsjahr 2016 erl\u00e4utert.<br \/>\nDie Statistik beinhaltet\u00a08 Brandeins\u00e4tze, 26 technische Eins\u00e4tze, 15 Brandsicherheitswachen, 116 sonstige T\u00e4tigkeiten sowie 6 Fehlalarmierungen.<br \/>\nDie FF Aigen stand somit 7800 Stunden im Dienste des N\u00e4chsten.<br \/>\nAktuell besteht die Feuerwehr aus 87 Mitgliedern.<\/p>\n<p>An den Bericht des Kommandanten folgten die Berichte der Sonderbeauftragten.<br \/>\nAtemschutzbeauftragter LM d.F. Daniel Tiefenbacher berichtete \u00fcber die neu angeschafften Atemschutzger\u00e4te, das 6 Ger\u00e4tetr\u00e4ger die wiederkehrende Kontrolluntersuchung\u00a0 bestanden haben sowie \u00fcber 7 abgehaltene Atemschutz\u00fcbungen.<br \/>\nFunkbeauftragter LM d.F. Alexander Th\u00f6ringer brachte in seinem Bericht das die FF Aigen aktuell 11 digitale Funkger\u00e4te besitzt und neue UTM Karten angekauft wurden.<br \/>\n2016 legte ein Mann den Funkgrundkurs ab und es wurden 20 Funk\u00fcbungen abgehalten.<br \/>\nAus dem Bericht des Sanit\u00e4tsbeauftragten HLM Bernd Muckenhofer ging hervor, das im vergangenen Jahr ein Sanit\u00e4ter Auffrischungskurs sowie ein 16 Std. Erste Hilfekurs veranstaltet wurden.<br \/>\nLM d.F. Manfred Strobl berichtete das im Bereich Jugendarbeit ein umfangreiches Jahr welches aus Wissenstest und Jugendleistungsbewerben bestand, zu Ende ging.<br \/>\nJFM Noah Binder sowie JFM Christian Seggl schlossen die Grundausbildung ab und werden somit in den Aktivstand der Feuerwehr \u00fcbergeleitet und angelobt.<br \/>\nFlugdienstbeauftragter OBI d.F. Josef Fritz jun. berichtet das im vergangene Jahr 1 Waldbrand bew\u00e4ltigt sowie 3 \u00dcbungen im Bereich Waldbrand durchgef\u00fchrt<br \/>\nwurden.<br \/>\nOBM Gerald Kerschhaggl erl\u00e4uterte das Jahr aus Sicht der abgehaltenen \u00dcbungen und das 1160 Stunden f\u00fcr die Aus und Weiterbildung investiert wurden.<\/p>\n<p>Im Anschluss an die Reden erfolgten die Bef\u00f6rderungen.<br \/>\nZum OFM wurden Sabrina Strobl sowie Thomas Komatz, zum HFM Markus Komatz und zum BM d.V. Harald Wundersamer bef\u00f6rdert.<br \/>\nHLM Siegfried Strobl erhielt das Ehrenzeichen f\u00fcr 25 j\u00e4hrige T\u00e4tigkeit.<\/p>\n<p>Abschlie\u00dfend sprach der scheidende Kommandant HBI Manfred Tiefenbacher besonderen Dank an die Kameradinnen und Kameraden der FF Aigen aus und bedankte sich f\u00fcr<br \/>\ngute Zusammenarbeit seitens der Gemeinde und dem Feuerwehrbereich Liezen.<\/p>\n<p>Unmittelbar nach der Wehrversammlung wurde die Neuwahl abgehalten.<br \/>\nVorsitzender ABI Helmut Sam stellte kurz die zur Wahl vorgeschlagenen Kameraden vor.<br \/>\nNach den Wahlg\u00e4ngen stand fest das der neu gew\u00e4hlte Kommandant HBI Dietmar Wundersamer sowie sein Stellvertreter OBI Gerald Kerschhaggl sind.<\/p>\n<p>In seiner Antrittsrede dankte HBI Dietmar Wundersamer besonders dem scheidenden Kommandanten\u00a0 f\u00fcr seine geleistete Arbeit und freut sich darauf eine hervorragend<br \/>\ngef\u00fchrte Feuerwehr \u00fcbernehmen zu d\u00fcrfen.<\/p>\n<p>Abschlie\u00dfend \u00fcberbrachte Vizeb\u00fcrgermeister Walter Kanduth die Gr\u00fc\u00dfe der Gemeinde, dankte f\u00fcr die wertvolle geleistete Arbeit von Seiten der Feuerwehr.<br \/>\nBesonderen Dank sprach er dem scheidenden Kommandanten HBI Manfred Tiefenbacher f\u00fcr seine T\u00e4tigkeit als Kommandant aus.<br \/>\nWeiters gratulierte er dem neu gew\u00e4hlten Kommando und bittet auch weiterhin um gute Zusammenarbeit.<\/p>\n<\/div><\/section><\/div>\n<style type=\"text\/css\" data-created_by=\"avia_inline_auto\" id=\"style-css-av-av_one_full-6126cab7d8fab8d08143dd2dacdf673c\">\n.flex_column.av-av_one_full-6126cab7d8fab8d08143dd2dacdf673c{\nborder-radius:0px 0px 0px 0px;\n-webkit-border-radius:0px 0px 0px 0px;\n-moz-border-radius:0px 0px 0px 0px;\n}\n<\/style>\n<div class='flex_column av-av_one_full-6126cab7d8fab8d08143dd2dacdf673c av_one_full  avia-builder-el-5  el_after_av_two_third  avia-builder-el-last  first flex_column_div av-zero-column-padding column-top-margin'   ><section class=\"av_textblock_section \"  itemscope=\"itemscope\" itemtype=\"https:\/\/schema.org\/CreativeWork\" ><div class='avia_textblock  '   itemprop=\"text\" ><\/div><\/section><\/div><\/p>\n","protected":false},"excerpt":{"rendered":"","protected":false},"author":3,"featured_media":0,"parent":0,"menu_order":0,"comment_status":"closed","ping_status":"closed","template":"","meta":{"footnotes":""},"class_list":["post-2293","page","type-page","status-publish","hentry"],"jetpack_sharing_enabled":true,"_links":{"self":[{"href":"https:\/\/www.feuerwehr-aigen.at\/index.php?rest_route=\/wp\/v2\/pages\/2293","targetHints":{"allow":["GET"]}}],"collection":[{"href":"https:\/\/www.feuerwehr-aigen.at\/index.php?rest_route=\/wp\/v2\/pages"}],"about":[{"href":"https:\/\/www.feuerwehr-aigen.at\/index.php?rest_route=\/wp\/v2\/types\/page"}],"author":[{"embeddable":true,"href":"https:\/\/www.feuerwehr-aigen.at\/index.php?rest_route=\/wp\/v2\/users\/3"}],"replies":[{"embeddable":true,"href":"https:\/\/www.feuerwehr-aigen.at\/index.php?rest_route=%2Fwp%2Fv2%2Fcomments&post=2293"}],"version-history":[{"count":7,"href":"https:\/\/www.feuerwehr-aigen.at\/index.php?rest_route=\/wp\/v2\/pages\/2293\/revisions"}],"predecessor-version":[{"id":2311,"href":"https:\/\/www.feuerwehr-aigen.at\/index.php?rest_route=\/wp\/v2\/pages\/2293\/revisions\/2311"}],"wp:attachment":[{"href":"https:\/\/www.feuerwehr-aigen.at\/index.php?rest_route=%2Fwp%2Fv2%2Fmedia&parent=2293"}],"curies":[{"name":"wp","href":"https:\/\/api.w.org\/{rel}","templated":true}]}}