{"id":2241,"date":"2017-01-09T10:29:45","date_gmt":"2017-01-09T09:29:45","guid":{"rendered":"http:\/\/www.feuerwehr-aigen.at\/?page_id=2241"},"modified":"2017-01-09T11:03:40","modified_gmt":"2017-01-09T10:03:40","slug":"einsatztagebuecher-2017","status":"publish","type":"page","link":"https:\/\/www.feuerwehr-aigen.at\/?page_id=2241","title":{"rendered":"Einsatztageb\u00fccher 2017"},"content":{"rendered":"<p>Hier gelangen Sie zu unseren \u00dcbersichten \u00fcber:<\/p>\n<ul>\n<li><a href=\"http:\/\/www.feuerwehr-aigen.at\/?page_id=2247\">Eins\u00e4tze<\/a><\/li>\n<li><a href=\"http:\/\/www.feuerwehr-aigen.at\/?page_id=2257\">\u00dcbungen<\/a><\/li>\n<li><a href=\"http:\/\/www.feuerwehr-aigen.at\/?page_id=2260\">Sonstige T\u00e4tigkeiten\/Veranstaltungen<\/a><\/li>\n<\/ul>\n","protected":false},"excerpt":{"rendered":"<p>Hier gelangen Sie zu unseren \u00dcbersichten \u00fcber: Eins\u00e4tze \u00dcbungen Sonstige T\u00e4tigkeiten\/Veranstaltungen<\/p>\n","protected":false},"author":3,"featured_media":0,"parent":1133,"menu_order":5,"comment_status":"closed","ping_status":"closed","template":"","meta":{"footnotes":""},"class_list":["post-2241","page","type-page","status-publish","hentry"],"jetpack_sharing_enabled":true,"_links":{"self":[{"href":"https:\/\/www.feuerwehr-aigen.at\/index.php?rest_route=\/wp\/v2\/pages\/2241","targetHints":{"allow":["GET"]}}],"collection":[{"href":"https:\/\/www.feuerwehr-aigen.at\/index.php?rest_route=\/wp\/v2\/pages"}],"about":[{"href":"https:\/\/www.feuerwehr-aigen.at\/index.php?rest_route=\/wp\/v2\/types\/page"}],"author":[{"embeddable":true,"href":"https:\/\/www.feuerwehr-aigen.at\/index.php?rest_route=\/wp\/v2\/users\/3"}],"replies":[{"embeddable":true,"href":"https:\/\/www.feuerwehr-aigen.at\/index.php?rest_route=%2Fwp%2Fv2%2Fcomments&post=2241"}],"version-history":[{"count":4,"href":"https:\/\/www.feuerwehr-aigen.at\/index.php?rest_route=\/wp\/v2\/pages\/2241\/revisions"}],"predecessor-version":[{"id":2263,"href":"https:\/\/www.feuerwehr-aigen.at\/index.php?rest_route=\/wp\/v2\/pages\/2241\/revisions\/2263"}],"up":[{"embeddable":true,"href":"https:\/\/www.feuerwehr-aigen.at\/index.php?rest_route=\/wp\/v2\/pages\/1133"}],"wp:attachment":[{"href":"https:\/\/www.feuerwehr-aigen.at\/index.php?rest_route=%2Fwp%2Fv2%2Fmedia&parent=2241"}],"curies":[{"name":"wp","href":"https:\/\/api.w.org\/{rel}","templated":true}]}}