{"id":2190,"date":"2016-12-22T15:17:16","date_gmt":"2016-12-22T14:17:16","guid":{"rendered":"http:\/\/www.feuerwehr-aigen.at\/?page_id=2190"},"modified":"2016-12-22T18:44:04","modified_gmt":"2016-12-22T17:44:04","slug":"2190-2","status":"publish","type":"page","link":"https:\/\/www.feuerwehr-aigen.at\/?page_id=2190","title":{"rendered":"22.12.2016 &#8211; Verkehrsunfall Fischern und Vorberg"},"content":{"rendered":"<section class=\"av_textblock_section \"  itemscope=\"itemscope\" itemtype=\"https:\/\/schema.org\/CreativeWork\" ><div class='avia_textblock  '   itemprop=\"text\" ><p><strong>2 Verkehrsunf\u00e4lle binnen 2 Stunden in Fischern und Vorberg!<\/strong><\/p>\n<\/div><\/section>\n\n<style type=\"text\/css\" data-created_by=\"avia_inline_auto\" id=\"style-css-av-av_one_third-6126cab7d8fab8d08143dd2dacdf673c\">\n.flex_column.av-av_one_third-6126cab7d8fab8d08143dd2dacdf673c{\nborder-radius:0px 0px 0px 0px;\n-webkit-border-radius:0px 0px 0px 0px;\n-moz-border-radius:0px 0px 0px 0px;\n}\n<\/style>\n<div class='flex_column av-av_one_third-6126cab7d8fab8d08143dd2dacdf673c av_one_third  avia-builder-el-1  el_after_av_textblock  el_before_av_two_third  first flex_column_div av-zero-column-padding column-top-margin'   ><style type=\"text\/css\" data-created_by=\"avia_inline_auto\" id=\"style-css-av-av_image-fcd248a89f9b830e352c6ca803b9d263\">\n.avia-image-container.av-av_image-fcd248a89f9b830e352c6ca803b9d263 .av-image-caption-overlay-center{\ncolor:#ffffff;\n}\n<\/style>\n<div  class='avia-image-container av-av_image-fcd248a89f9b830e352c6ca803b9d263 av-styling- avia-align-center  avia-builder-el-2  avia-builder-el-no-sibling  '  itemprop=\"image\" itemscope=\"itemscope\" itemtype=\"https:\/\/schema.org\/ImageObject\" ><div class=\"avia-image-container-inner\"><div class=\"avia-image-overlay-wrap\"><a href=\"https:\/\/www.feuerwehr-aigen.at\/?portfolio=22-12-2016-verkehrsunfall-fischern-und-vorberg\" class='avia_image' ><img class='wp-image-2191 avia-img-lazy-loading-not-2191 avia_image' src='https:\/\/www.feuerwehr-aigen.at\/wp-content\/uploads\/2016\/12\/2016-12-22-13.09.54-300x169.jpg' alt='Verkehrsunfall vorberg' title='2016-12-22-13-09-54'  itemprop=\"thumbnailUrl\"  \/><\/a><\/div><\/div><\/div><\/div>\n\n<style type=\"text\/css\" data-created_by=\"avia_inline_auto\" id=\"style-css-av-av_two_third-0aa7055fe62c3622faec82866afbaeb2\">\n.flex_column.av-av_two_third-0aa7055fe62c3622faec82866afbaeb2{\nborder-radius:0px 0px 0px 0px;\n-webkit-border-radius:0px 0px 0px 0px;\n-moz-border-radius:0px 0px 0px 0px;\n}\n<\/style>\n<div class='flex_column av-av_two_third-0aa7055fe62c3622faec82866afbaeb2 av_two_third  avia-builder-el-3  el_after_av_one_third  el_before_av_one_full  flex_column_div av-zero-column-padding column-top-margin'   ><section class=\"av_textblock_section \"  itemscope=\"itemscope\" itemtype=\"https:\/\/schema.org\/CreativeWork\" ><div class='avia_textblock  '   itemprop=\"text\" ><p>&#8222;Sirenenalarm f\u00fcr FF Aigen\/E: T03 Fahrzeugbergung Richtung Fischern&#8220; lautete der Einsatzbefehl von Florian Steiermark an die FF Aigen im Ennstal\u00a0am 22.12.2016 um 11:42 Uhr.<\/p>\n<p>Ein aus Richtung Liezen kommendes Fahrzeug\u00a0kam aus bisher ungekl\u00e4rter Ursache von der Fahrbahn ab und landete im Stra\u00dfengraben.<br \/>\nBei der Erkundung wurden keine eingeklemmten oder verletzten Personen vorgefunden.<br \/>\nDie T\u00e4tigkeiten beschr\u00e4nkten sich daher auf absichern der Unfallstelle, Betreuung des Unfalllenkers, Aufbau eines Brandschutzes, Reinigung der Fahrbahn und\u00a0Mithilfe beim Bergen des Fahrzeuges durch ein Abschleppunternehmen.<\/p>\n<p>Nach Abschluss der Arbeiten wurde die Einsatzleitung telefonisch zu einem weiteren Einsatz in Vorberg\u00a0alarmiert.<\/p>\n<p>An einer Hofauffahrt kam aufgrund Gl\u00e4tte ein LKW in einer Kehre ins rutschen und fuhr \u00fcber die B\u00f6schung. Der LKW wurde zum Gl\u00fcck von B\u00e4umen aufgefangen, ansonsten w\u00e4re er \u00fcber die B\u00f6schung ca. 15 m auf die Gemeindestra\u00dfe und dar\u00fcber hinaus ca. 150 m ins Tal abgest\u00fcrzt.<\/p>\n<p>Nach der Sicherung des LKW mit einer Seilwinde wurde dieser mit der Seilwinde aus seiner Lage befreit und gesichert abgestellt.<\/p>\n<\/div><\/section><\/div>\n<style type=\"text\/css\" data-created_by=\"avia_inline_auto\" id=\"style-css-av-av_one_full-6126cab7d8fab8d08143dd2dacdf673c\">\n.flex_column.av-av_one_full-6126cab7d8fab8d08143dd2dacdf673c{\nborder-radius:0px 0px 0px 0px;\n-webkit-border-radius:0px 0px 0px 0px;\n-moz-border-radius:0px 0px 0px 0px;\n}\n<\/style>\n<div class='flex_column av-av_one_full-6126cab7d8fab8d08143dd2dacdf673c av_one_full  avia-builder-el-5  el_after_av_two_third  avia-builder-el-last  first flex_column_div av-zero-column-padding column-top-margin'   ><section class=\"av_textblock_section \"  itemscope=\"itemscope\" itemtype=\"https:\/\/schema.org\/CreativeWork\" ><div class='avia_textblock  '   itemprop=\"text\" ><p><span style=\"text-decoration: underline;\">Eingesetzt waren:<\/span><br \/>\nTLF-A Aigen mit\u00a05 Mann<br \/>\nKLF-A Aigen mit\u00a04 Mann<br \/>\nMTF-A Aigen mit 2 Mann<br \/>\nAbschleppunternehmen<br \/>\nGemeinde<\/p>\n<p><a href=\"http:\/\/www.feuerwehr-aigen.at\/?portfolio=22-12-2016-verkehrsunfall-fischern-und-vorberg\">zur Bildergalerie \u00bb<\/a><\/p>\n<\/div><\/section><\/div><\/p>\n","protected":false},"excerpt":{"rendered":"","protected":false},"author":3,"featured_media":0,"parent":0,"menu_order":0,"comment_status":"closed","ping_status":"closed","template":"","meta":{"footnotes":""},"class_list":["post-2190","page","type-page","status-publish","hentry"],"jetpack_sharing_enabled":true,"_links":{"self":[{"href":"https:\/\/www.feuerwehr-aigen.at\/index.php?rest_route=\/wp\/v2\/pages\/2190","targetHints":{"allow":["GET"]}}],"collection":[{"href":"https:\/\/www.feuerwehr-aigen.at\/index.php?rest_route=\/wp\/v2\/pages"}],"about":[{"href":"https:\/\/www.feuerwehr-aigen.at\/index.php?rest_route=\/wp\/v2\/types\/page"}],"author":[{"embeddable":true,"href":"https:\/\/www.feuerwehr-aigen.at\/index.php?rest_route=\/wp\/v2\/users\/3"}],"replies":[{"embeddable":true,"href":"https:\/\/www.feuerwehr-aigen.at\/index.php?rest_route=%2Fwp%2Fv2%2Fcomments&post=2190"}],"version-history":[{"count":7,"href":"https:\/\/www.feuerwehr-aigen.at\/index.php?rest_route=\/wp\/v2\/pages\/2190\/revisions"}],"predecessor-version":[{"id":2214,"href":"https:\/\/www.feuerwehr-aigen.at\/index.php?rest_route=\/wp\/v2\/pages\/2190\/revisions\/2214"}],"wp:attachment":[{"href":"https:\/\/www.feuerwehr-aigen.at\/index.php?rest_route=%2Fwp%2Fv2%2Fmedia&parent=2190"}],"curies":[{"name":"wp","href":"https:\/\/api.w.org\/{rel}","templated":true}]}}