{"id":213,"date":"2009-04-06T19:07:56","date_gmt":"2009-04-06T19:07:56","guid":{"rendered":"http:\/\/feuerwehr-aigen.d2solution.net\/index.php\/chronik-1997-2006\/"},"modified":"2016-11-17T00:31:41","modified_gmt":"2016-11-16T23:31:41","slug":"chronik-1997-2006","status":"publish","type":"page","link":"https:\/\/www.feuerwehr-aigen.at\/?page_id=213","title":{"rendered":"Chronik 1997-2006"},"content":{"rendered":"<p><strong>1997:<\/strong><br \/>\nEins\u00e4tze: Hochwasser Stra\u00dfe Aigen \u2013 Irding, Windwurf zwischen Ketten und Fischern<br \/>\nLM <em>Georg Kapp<\/em> erhielt das VZ LFV II. Stufe<br \/>\nFM <em>Roland Steindacher<\/em> und FM <em>Martin Reiter<\/em> erhielten das FLA in Bronze und Silber<br \/>\nBegr\u00e4bnis FM <em>Roland Mandlberger<\/em><\/p>\n<p><strong>1998:<\/strong><br \/>\nEins\u00e4tze: Kaminbrand bei Fam. Mandlberger vlg. Maurer in Aich, Hochwassereinsatz Gh. Lemmerer und Gh. Dornbusch, Grubenungl\u00fcck in Lassing<br \/>\nDas FULA in Silber errangen FM <em>Hannes Kerschhaggl<\/em>, OFM <em>Siegfried Strobl<\/em>, LM <em>Dietmar Wundersamer<\/em>, FM <em>Christian Daum<\/em>, FM <em>Roland Steindacher<\/em> und<br \/>\nFM <em>Robert Schweiger<\/em><br \/>\nBegr\u00e4bnis HFM <em>Gerd Sch\u00f6nthaler<\/em><\/p>\n<p><strong>1999: <\/strong><span style=\"color: #333333;\"><span style=\"font-family: helvetica;\"><br \/>\n<\/span><\/span><a title=\"Garagenbrand H\u00f6randl 1999\" href=\"http:\/\/feuerwehr-aigen.at\/wp-content\/uploads\/2009\/04\/wirueberuns_Chronik_brand_hoerandl1999.jpg\"><img loading=\"lazy\" decoding=\"async\" class=\"alignleft wp-image-195 size-medium\" title=\"Garagenbrand H\u00f6randl 1999\" src=\"http:\/\/www.feuerwehr-aigen.at\/wp-content\/uploads\/2009\/04\/wirueberuns_Chronik_brand_hoerandl1999-300x203.jpg\" alt=\"Garagenbrand H\u00f6randl 1999\" width=\"300\" height=\"203\" align=\"left\" border=\"0\" hspace=\"5\" vspace=\"5\" srcset=\"https:\/\/www.feuerwehr-aigen.at\/wp-content\/uploads\/2009\/04\/wirueberuns_Chronik_brand_hoerandl1999-300x203.jpg 300w, https:\/\/www.feuerwehr-aigen.at\/wp-content\/uploads\/2009\/04\/wirueberuns_Chronik_brand_hoerandl1999-768x520.jpg 768w, https:\/\/www.feuerwehr-aigen.at\/wp-content\/uploads\/2009\/04\/wirueberuns_Chronik_brand_hoerandl1999.jpg 800w\" sizes=\"auto, (max-width: 300px) 100vw, 300px\" \/><\/a>Ausflug 125 Jahre Partnerfeuerwehr Marlesreuth \u2013 Deutschland<br \/>\nEins\u00e4tze: Hochwassereinsatz Ketten,<br \/>\nEinsatz bei Klein Steinbichler, Verkehrsunfall mit Todesfolge in Fischern, PKW Brand Putterersee, Badeunfall Putterersee \u2013 Person ertrunken, Verkehrsunfall Bereich Wache \u2013 Fliegerhorst, Garagenbrand bei<br \/>\nFam. Moosmann vlg. H\u00f6randl, Wirtschaftsgeb\u00e4udebrand in Donnersbach bei Fam. S\u00f6lkner vlg. Melzner, LKW-Bergung aus Gullingbach, Wohnhausbrand Wechsler Bernhard in Bleiberg, Verkehrsunfall zwischen<br \/>\nAigen und Fischern, Verkehrsunfall mit Traktor und PKW<br \/>\nDas FULA Silber errangen FM <em>Hannes Kerschhaggl<\/em>, OFM <em>Gerald Kerschhaggl<\/em> und<br \/>\nOFM <em>Siegfried Strobl<\/em><br \/>\nBegr\u00e4bnis EHBI <em>Josef Schrempf<\/em><\/p>\n<p><strong>2000: <\/strong><br \/>\nEins\u00e4tze: Glimmbrand im S\u00e4gewerk Loitzl in Stainach, Keller\u00fcberflutung Fam. Leitner<br \/>\nDas FULA Gold errangen OFM <em>Hannes Kerschhaggl<\/em> und OFM <em>Siegfried Strobl<\/em><br \/>\nDas FULA Silber errangen OFM <em>Gerald Kerschhaggl<\/em>, LM <em>Dietmar Wundersamer<\/em> und OFM Christian Daum<br \/>\nDas FULA Bronze errangen LM <em>Josef Fritz jun<\/em>. und OFM <em>Martin Reiter<\/em><\/p>\n<p><em><strong>2001: <\/strong><\/em><em><strong>\u00a0\u00a0<\/strong><\/em><br \/>\n100. Wehrversammlung ergab folgende \u00c4nderung:<br \/>\nKommandant: \u00a0 \u00a0 \u00a0 \u00a0 \u00a0 \u00a0 \u00a0 \u00a0 \u00a0 \u00a0 \u00a0 \u00a0 HBI <em>Josef Fritz sen.<\/em><br \/>\nKommandant Stellvertreter: OBI <em>Manfred Tiefenbacher<\/em><br \/>\nErnannt wurden:<br \/>\nZugskommandant: \u00a0 \u00a0 \u00a0 \u00a0 \u00a0\u00a0 BM <em>Peter Schweiger<\/em><br \/>\nGruppenkommandanten: <em>Franz Gruber-Veit<\/em>, <em>Siegfried Strobl<\/em>, <em>Peter Strobl<\/em><br \/>\nKassier: \u00a0 \u00a0 \u00a0 \u00a0 \u00a0 \u00a0 \u00a0 \u00a0 \u00a0 \u00a0 \u00a0 \u00a0 \u00a0 \u00a0 \u00a0 <em>Herbert Manldberger<\/em><br \/>\nSchriftf\u00fchrer: \u00a0 \u00a0 \u00a0 \u00a0 \u00a0 \u00a0 \u00a0 \u00a0 \u00a0 \u00a0 \u00a0 <em>Harald Wundersamer<\/em><br \/>\nOrtsausbilder: \u00a0 \u00a0 \u00a0 \u00a0 \u00a0 \u00a0 \u00a0 \u00a0 \u00a0\u00a0<em> Manfred Tiefenbacher<\/em><br \/>\nAtemschutzwart: \u00a0 \u00a0 \u00a0 \u00a0 \u00a0 \u00a0\u00a0 \u00a0 <em>Josef Fritz jun.<\/em><br \/>\nFunkbeauftragter: \u00a0 \u00a0 \u00a0 \u00a0 \u00a0\u00a0 \u00a0 <em>Dietmar Wundersamer<\/em><br \/>\nOrtsjugendbeauftragter:\u00a0 <em>Gerald Kerschhaggl<\/em><br \/>\nMaschinenmeister: \u00a0 \u00a0 \u00a0 \u00a0\u00a0 <em>Bernhard L\u00e4mmerer<\/em>, <em>Hannes Kerschhaggl<\/em><br \/>\nZeugwart: \u00a0 \u00a0 \u00a0 \u00a0 \u00a0 \u00a0 \u00a0 \u00a0 \u00a0 \u00a0 \u00a0\u00a0 \u00a0\u00a0 <em>Stefan Gr\u00fcnwald<\/em>, <em>Christian Daum<\/em><br \/>\nKantineur: \u00a0 \u00a0 \u00a0 \u00a0 \u00a0 \u00a0 \u00a0 \u00a0 \u00a0 \u00a0 \u00a0 \u00a0\u00a0 <em>Josef Kerschhaggl<\/em><\/p>\n<p>Gr\u00fcndung der Feuerwehrjugend unter Jugendbeauftragten <em>Gerald Kerschhaggl<\/em>.<br \/>\nErste Feuerwehrjugendmitglieder: JFM Christoph Haretzm\u00fcller, JFM <em>Michael Hubner<\/em> und JFM <em>Michael Th\u00f6ringer<\/em>.<br \/>\nDas FULA Gold errangen LM <em>Dietmar Wundersamer<\/em>, LM <em>Gerald Kerschhaggl<\/em> und OFM <em>Christian Daum<\/em><br \/>\nDas FULA Silber errangen LM <em>Josef Fritz jun.<\/em> und OFM <em>Martin Reiter<\/em><br \/>\nDie Freiwillige Feuerwehr Fischern wird als L\u00f6schzug in die Freiwillige Feuerwehr Aigen eingegliedert.<br \/>\nBauh\u00fcttenbrand Zelzer Wolfgang in Hohenberg<\/p>\n<p><strong>2002:<\/strong><strong>\u00a0\u00a0\u00a0<\/strong> <span style=\"color: #333333;\"><span style=\"font-family: helvetica;\"><br \/>\n<\/span><\/span>Eins\u00e4tze: Heustadlbrand in Nieder\u00f6blarn, Verkehrsunfall N\u00e4he Kaserne &#8211; PKW in Gulling, Ger\u00e4teh\u00fcttenbrand Siedlung Dornbusch, Jahrhunderthochwasser im Gemeindegebiet Aigen, Silobrand Fa. Mehrl<br \/>\nParkplatzbewirtschaftung bei der Hubschrauber Weltmeisterschaft in Aigen<br \/>\nDas VZ LFV I. Stufe erhielt HBI <em>Josef Fritz<\/em><br \/>\ndas VZ LFV II. Stufe erhielt OBM <em>Peter Schweiger<\/em><br \/>\ndas VZ LFV III. Stufe erhielt OLM <em>Josef Greimel<\/em><br \/>\nDie Kommandantenpr\u00fcfung legten OBI <em>Manfred Tiefenbacher<\/em> und LM <em>Josef Fritz jun.<\/em> Sie erhielten das FLA-Steiermark in Bronze.<br \/>\nDas FULA-Silber errangen OFM <em>Martin Reiter<\/em> und OFM <em>Roland Steindacher<\/em><br \/>\nBegr\u00e4bnis <em>Hubert Mayerhofer<\/em><br \/>\n<span style=\"color: #333333;\"><span style=\"font-family: helvetica;\"><br \/>\n<\/span><\/span><strong>2003:<\/strong><strong>\u00a0<\/strong><br \/>\n<a title=\"Verkehrsunfall Fischern 2003\" href=\"http:\/\/feuerwehr-aigen.at\/wp-content\/uploads\/2009\/04\/wirueberuns_Chronik_vu2003.jpg\"><img loading=\"lazy\" decoding=\"async\" class=\"wp-image-200 size-medium alignleft\" title=\"Verkehrsunfall Fischern 2003\" src=\"http:\/\/www.feuerwehr-aigen.at\/wp-content\/uploads\/2009\/04\/wirueberuns_Chronik_vu2003-300x225.jpg\" alt=\"Verkehrsunfall Fischern 2003\" width=\"300\" height=\"225\" border=\"0\" hspace=\"5\" vspace=\"5\" srcset=\"https:\/\/www.feuerwehr-aigen.at\/wp-content\/uploads\/2009\/04\/wirueberuns_Chronik_vu2003-300x225.jpg 300w, https:\/\/www.feuerwehr-aigen.at\/wp-content\/uploads\/2009\/04\/wirueberuns_Chronik_vu2003-768x576.jpg 768w, https:\/\/www.feuerwehr-aigen.at\/wp-content\/uploads\/2009\/04\/wirueberuns_Chronik_vu2003.jpg 800w\" sizes=\"auto, (max-width: 300px) 100vw, 300px\" \/><\/a>Eins\u00e4tze: Verkehrsunf\u00e4lle Gemeindestra\u00dfe Vorberg, Tachenberg, N\u00e4he Kaserne und Fischern<br \/>\nKellerbrand bei Fam. Radlingmaier vlg. Allamoar, Wirtschafsgeb\u00e4udebrand in Ilgenberg bei <a href=\"http:\/\/www.feuerwehr-aigen.at\/wp-content\/uploads\/2009\/04\/wirueberuns_Chronik_bretstein2003.jpg\"><img loading=\"lazy\" decoding=\"async\" class=\"alignright wp-image-198 size-medium\" src=\"http:\/\/www.feuerwehr-aigen.at\/wp-content\/uploads\/2009\/04\/wirueberuns_Chronik_bretstein2003-300x225.jpg\" alt=\"Waldbrand Bretstein 2003\" width=\"300\" height=\"225\" srcset=\"https:\/\/www.feuerwehr-aigen.at\/wp-content\/uploads\/2009\/04\/wirueberuns_Chronik_bretstein2003-300x225.jpg 300w, https:\/\/www.feuerwehr-aigen.at\/wp-content\/uploads\/2009\/04\/wirueberuns_Chronik_bretstein2003.jpg 640w\" sizes=\"auto, (max-width: 300px) 100vw, 300px\" \/><\/a>Donnersbach, Kellerbrand Lantschern\u00a0 bei Gra\u00dfl Karl<br \/>\nWaldbr\u00e4nde in Wildalpen -2 Tage, Grimming \u2013 4 Tage,<br \/>\nWaldbrand in Zistl Bretstein (Bezirk Judenburg) \u2013 Insgesamt 1.500 Mann aus 9 Bezirken eingesetzt, 35 ha Waldfl\u00e4che wurden vernichtet, 1.115m\u00b3 L\u00f6schwasser und 2.184 Fl\u00fcge sowie 5.6 km Schlauchleitungen wurden ben\u00f6tigt\u2013 Einsatzdauer 14 Tage.<br \/>\nDas FULA Gold absolvierten OFM <em>Ing. Martin Reiter<\/em> und OFM <em>Roland Steindacher<\/em><span style=\"color: #333333;\"><span style=\"font-family: helvetica;\"><strong><em><br \/>\n<\/em><\/strong><\/span><\/span><\/p>\n<div style=\"text-align: center;\"><\/div>\n<p>&nbsp;<\/p>\n<p><span style=\"color: #333333;\"><span style=\"font-family: helvetica;\"><br \/>\n<\/span><\/span><strong>2004:<\/strong><strong>\u00a0\u00a0\u00a0<\/strong> <span style=\"color: #333333;\"><span style=\"font-family: helvetica;\"><br \/>\n<\/span><\/span><a title=\"Wohnhausbrand Puhl, Lantschern 2004\" href=\"http:\/\/feuerwehr-aigen.at\/wp-content\/uploads\/2009\/04\/wirueberuns_Chronik_puhl2004.jpg\" target=\"_blank\"><img loading=\"lazy\" decoding=\"async\" class=\"alignleft wp-image-202 size-medium\" title=\"Wohnhausbrnad Puhl, Lantschern 2004\" src=\"http:\/\/www.feuerwehr-aigen.at\/wp-content\/uploads\/2009\/04\/wirueberuns_Chronik_puhl2004-300x224.jpg\" alt=\"Wohnhausbrnad Puhl, Lantschern 2004\" width=\"300\" height=\"224\" align=\"left\" border=\"0\" hspace=\"5\" vspace=\"5\" srcset=\"https:\/\/www.feuerwehr-aigen.at\/wp-content\/uploads\/2009\/04\/wirueberuns_Chronik_puhl2004-300x224.jpg 300w, https:\/\/www.feuerwehr-aigen.at\/wp-content\/uploads\/2009\/04\/wirueberuns_Chronik_puhl2004-768x574.jpg 768w, https:\/\/www.feuerwehr-aigen.at\/wp-content\/uploads\/2009\/04\/wirueberuns_Chronik_puhl2004.jpg 800w\" sizes=\"auto, (max-width: 300px) 100vw, 300px\" \/><\/a>Eins\u00e4tze: T\u00f6dlicher Verkehrsunfall Landesstra\u00dfe Fischern, Wohnhausbrand Fam. Puhl in Quilk, Ger\u00e4teh\u00fcttenbrand in Schlattham bei Altreiter Erich<br \/>\nSegnung des R\u00fcsthauszubaues gemeinsam mit dem Trachtenverein Aigen. Ehrengast: Landeshauptmann Frau <em>Waltraud Klasnic<\/em><br \/>\nDas VZ LFV I. Stufe erhielten OBM <em>Peter Strobl<\/em><br \/>\nDas VZ LFV II. Stufe erhielten OBI <em>Manfred Tiefenbacher<\/em> und BM <em>Stefan Gr\u00fcnwald<\/em><br \/>\ndas VZ LFV III. Stufe wurde an LM <em>Ing. Josef Fritz jun.<\/em>, LM <em>Gerald Kerschhaggl<\/em>,\u00a0 LM <em>Hannes Kerschhaggl<\/em>, LM <em>Siegfried Strobl<\/em>, LM <em>Dietmar Wundersamer<\/em>, <a href=\"http:\/\/www.feuerwehr-aigen.at\/wp-content\/uploads\/2009\/04\/wirueberuns_Chronik_vu2004.jpg\"><img loading=\"lazy\" decoding=\"async\" class=\"alignright wp-image-203 size-medium\" src=\"http:\/\/www.feuerwehr-aigen.at\/wp-content\/uploads\/2009\/04\/wirueberuns_Chronik_vu2004-300x225.jpg\" alt=\"wirueberuns_Chronik_vu2004\" width=\"300\" height=\"225\" srcset=\"https:\/\/www.feuerwehr-aigen.at\/wp-content\/uploads\/2009\/04\/wirueberuns_Chronik_vu2004-300x225.jpg 300w, https:\/\/www.feuerwehr-aigen.at\/wp-content\/uploads\/2009\/04\/wirueberuns_Chronik_vu2004-768x576.jpg 768w, https:\/\/www.feuerwehr-aigen.at\/wp-content\/uploads\/2009\/04\/wirueberuns_Chronik_vu2004.jpg 800w\" sizes=\"auto, (max-width: 300px) 100vw, 300px\" \/><\/a><br \/>\nLM <em>Harald Wundersamer<\/em>, OFM <em>Christian Daum<\/em> und OFM <em>Roland Steindacher<\/em> \u00fcberreicht.<br \/>\nHochwassermedaillen in Bronze erhielten folgende Kameraden:<br \/>\nOBI <em>Manfred Tiefenbacher<\/em>, LM <em>Ing. Josef Fritz<\/em>, OBM <em>Herbert Mandlberger<\/em>, OBM <em>Peter Strobl<\/em>, HLM <em>Gruber-Veit Franz<\/em>, HLM <em>Engelbert Radlingmaier<\/em>, OLM <em>Josef Greimel<\/em>, OLM <em>Josef Muckenhofer<\/em>, LM <em>Siegfried Strobl<\/em>, LM <em>Harald Wundersamer<\/em>, LM <em>Christian Daum<\/em>, OFM <em>Gruber-Veit Thomas<\/em>, LM <em>Josef Kerschhaggl<\/em>, OFM <em>Michael Fritz<\/em>, HFM <em>Gerhard Schupfer<\/em>, OFM <em>Robert Schweiger<\/em>, HBM <em>Peter Schweiger<\/em>, BM <em>Stefan Gr\u00fcnwald<\/em><span style=\"color: #333333;\"><span style=\"font-family: helvetica;\"><br \/>\n<\/span><\/span><a title=\"R\u00fcsthaussegnung 2004\" href=\"http:\/\/feuerwehr-aigen.at\/wp-content\/uploads\/2009\/04\/wirueberuns_Chronik_ruesthaus2004.jpg\"><img loading=\"lazy\" decoding=\"async\" class=\"alignleft wp-image-206 size-medium\" title=\"R\u00fcsthaussegnung 2004\" src=\"http:\/\/www.feuerwehr-aigen.at\/wp-content\/uploads\/2009\/04\/wirueberuns_Chronik_ruesthaus2004-300x225.jpg\" alt=\"R\u00fcsthaussegnung 2004\" width=\"300\" height=\"225\" align=\"left\" border=\"0\" hspace=\"5\" vspace=\"5\" srcset=\"https:\/\/www.feuerwehr-aigen.at\/wp-content\/uploads\/2009\/04\/wirueberuns_Chronik_ruesthaus2004-300x225.jpg 300w, https:\/\/www.feuerwehr-aigen.at\/wp-content\/uploads\/2009\/04\/wirueberuns_Chronik_ruesthaus2004-768x576.jpg 768w, https:\/\/www.feuerwehr-aigen.at\/wp-content\/uploads\/2009\/04\/wirueberuns_Chronik_ruesthaus2004.jpg 800w\" sizes=\"auto, (max-width: 300px) 100vw, 300px\" \/><\/a>Das FLA in Bronze und Silber erhielten LM <em>Josef Fritz jun.<\/em>, FM <em>Michael Th\u00f6ringer<\/em>, FM <em>Peter Dicker<\/em>, FM <em>Michael Gindl<\/em>, FM <em>Heinz G\u00fcrtler<\/em>, FM <em>Harald Sch\u00f6nerklee<\/em> und FM <em>Klaus Wundersamer<\/em><br \/>\nBGM <em>Raimund Hager<\/em> wurde die Florianiplakette des LFV Steiermark \u00fcberreicht.<\/p>\n<p>&nbsp;<\/p>\n<p>&nbsp;<\/p>\n<p>&nbsp;<\/p>\n<p>&nbsp;<\/p>\n<p>&nbsp;<\/p>\n<p>&nbsp;<\/p>\n<p><strong>2005:<\/strong> <span style=\"color: #333333;\"><span style=\"font-family: helvetica;\"><br \/>\n<\/span><\/span>Die Neuwahl bei der 104. Wehrversammlung ergab keine \u00c4nderung des Kommandos.<br \/>\nKommandant: \u00a0 \u00a0 \u00a0 \u00a0 \u00a0 \u00a0 \u00a0 \u00a0 \u00a0 \u00a0 \u00a0 \u00a0 HBI <em>Josef Fritz<\/em><br \/>\nKommandant Stellvertreter: OBI <em>Manfred Tiefenbacher<\/em><br \/>\nErnannt wurden:<br \/>\nKassier: \u00a0 \u00a0 \u00a0 \u00a0 \u00a0 \u00a0 \u00a0 \u00a0 \u00a0 \u00a0 \u00a0 \u00a0 \u00a0 \u00a0 \u00a0 \u00a0 \u00a0\u00a0 \u00a0\u00a0 OBM <em>Herbert Mandlberger<\/em><br \/>\nKassier Stellvertreter: \u00a0 \u00a0 \u00a0 \u00a0 \u00a0 \u00a0\u00a0 \u00a0 HFM <em>Martin Reiter<\/em><br \/>\nSchriftf\u00fchrer: \u00a0 \u00a0 \u00a0 \u00a0 \u00a0 \u00a0 \u00a0 \u00a0 \u00a0 \u00a0 \u00a0 \u00a0 \u00a0 \u00a0 \u00a0\u00a0 LM <em>Harald Wundersamer<\/em><br \/>\nGruppenkommandanten: \u00a0\u00a0\u00a0 \u00a0\u00a0 HLM <em>Franz Gruber-Veit<\/em>, LM <em>Siegfried Strobl<\/em>, OLM <em>Josef Fritz jun.<\/em>,<br \/>\nLM <em>Gerald Kerschhaggl<\/em><br \/>\nZugskommandanten: \u00a0 \u00a0 \u00a0 \u00a0 \u00a0 \u00a0 \u00a0 BM <em>Ferdinand W\u00f6hrer<\/em> (LZ Fischern), BM <em>Peter Strobl<\/em>\u00a0(Aigen)<br \/>\nFeuerwehrarzt: \u00a0 \u00a0 \u00a0 \u00a0 \u00a0 \u00a0 \u00a0 \u00a0 \u00a0 \u00a0 \u00a0 \u00a0 \u00a0\u00a0 FA <em>Othmar Moser<\/em><br \/>\nOrts-Atemschutzbeauftragter: OFM <em>Thomas Gurber-Veit<\/em><br \/>\nOrtsausbilder: \u00a0 \u00a0 \u00a0 \u00a0 \u00a0 \u00a0 \u00a0 \u00a0 \u00a0 \u00a0 \u00a0 \u00a0 \u00a0\u00a0 OBI <em>Manfred Tiefenbacher<\/em><br \/>\nOrts-EDV Beauftragter: \u00a0 \u00a0 \u00a0 \u00a0 \u00a0\u00a0 OLM <em>Josef Fritz jun.<\/em><br \/>\nOrts-Funk Beauftragter: \u00a0 \u00a0 \u00a0 \u00a0 \u00a0 OLM <em>Dietmar Wundersamer<\/em><br \/>\nOrts-Jugendbeauftragter: \u00a0 \u00a0 \u00a0\u00a0 LM <em>Gerald Kerschhaggl<\/em><br \/>\nOrts-San Beauftragter: \u00a0 \u00a0 \u00a0 \u00a0 \u00a0 \u00a0 LM <em>Bernd Muckenhofer<a href=\"http:\/\/www.feuerwehr-aigen.at\/wp-content\/uploads\/2009\/04\/wirueberuns_Chronik_segnunglkw2005.jpg\"><img loading=\"lazy\" decoding=\"async\" class=\"alignright wp-image-207 size-medium\" src=\"http:\/\/www.feuerwehr-aigen.at\/wp-content\/uploads\/2009\/04\/wirueberuns_Chronik_segnunglkw2005-300x225.jpg\" alt=\"wirueberuns_Chronik_segnunglkw2005\" width=\"300\" height=\"225\" srcset=\"https:\/\/www.feuerwehr-aigen.at\/wp-content\/uploads\/2009\/04\/wirueberuns_Chronik_segnunglkw2005-300x225.jpg 300w, https:\/\/www.feuerwehr-aigen.at\/wp-content\/uploads\/2009\/04\/wirueberuns_Chronik_segnunglkw2005-768x576.jpg 768w, https:\/\/www.feuerwehr-aigen.at\/wp-content\/uploads\/2009\/04\/wirueberuns_Chronik_segnunglkw2005.jpg 800w\" sizes=\"auto, (max-width: 300px) 100vw, 300px\" \/><\/a><\/em><br \/>\nOrts-Seniorenbeauftragter: \u00a0 \u00a0 EOBM <em>Peter Segl<\/em><br \/>\nGer\u00e4temeister:\u00a0\u00a0 \u00a0 \u00a0 \u00a0 \u00a0 \u00a0 \u00a0 \u00a0 \u00a0 \u00a0 \u00a0 \u00a0\u00a0 LM <em>Christian Daum<\/em><br \/>\nMaschinenmeister: \u00a0 \u00a0 \u00a0 \u00a0 \u00a0 \u00a0 \u00a0 \u00a0\u00a0 LM <em>Hannes Kerschhaggl<\/em><br \/>\nBekleidungswart: \u00a0 \u00a0 \u00a0 \u00a0 \u00a0 \u00a0 \u00a0 \u00a0\u00a0 \u00a0\u00a0 HLM <em>Bernhard L\u00e4mmerer<\/em><br \/>\nKantineur u. Versorgung: \u00a0 \u00a0\u00a0\u00a0 FM <em>Heinz G\u00fcrtler<\/em><br \/>\nKantineur u. Versorgung Stv: LM <em>Josef Kerschhaggl<\/em><br \/>\n<span style=\"color: #333333;\"><span style=\"font-family: helvetica;\"><br \/>\n<\/span><\/span>Waldbrandfahrzeug- und Pumpensegnung.<br \/>\nDurchf\u00fchrung des ersten Seefestes am Putterersee<br \/>\nWirtschaftsgeb\u00e4udebrand in Vorberg bei L\u00e4mmerer Otto vlg. Obergrabner,<br \/>\n2 Waldbrandeins\u00e4tze am Loser in Altaussee und in der Ginsen in Donnersbachwald,<a href=\"http:\/\/www.feuerwehr-aigen.at\/wp-content\/uploads\/2009\/04\/wirueberuns_Chronik_brandlaemmerer2005-300x225.jpg\"><img loading=\"lazy\" decoding=\"async\" class=\"alignright\" src=\"http:\/\/www.feuerwehr-aigen.at\/wp-content\/uploads\/2009\/04\/wirueberuns_Chronik_brandlaemmerer2005-300x225.jpg\" alt=\"wirueberuns_Chronik_brandlaemmerer2005\" width=\"300\" height=\"225\" \/><\/a><br \/>\nK\u00fcchenbrand in der Gulling bei Fam. Pilz, mehrere Hochwassereins\u00e4tze im Gemeindegebiet,<br \/>\nVermisstensuche entlang der Gulling \u2013 Stockinger Thomas t\u00f6dlich verungl\u00fcckt, Verkehrsunfall n\u00e4he Fischern<br \/>\nBegr\u00e4bnis EHBI Josef Strobl und JFM Alexander Machherndl<br \/>\nDas FLA in Gold errangen OBI Manfred Tiefenbacher, OLM Josef Fritz jun., LM Gerald Kerschhaggl und<br \/>\nLM Siegfried Strobl.<br \/>\nTechnische Leistungspr\u00fcfung I \u2013 Bronze absolvierten<br \/>\nLM Gerald Kerschhaggl und FM Bernhard Strobl<br \/>\nDas FULA Bronze errangen FM Peter Dicker,<br \/>\nFM Harald Sch\u00f6nerklee und FM Nina Hischb\u00f6ck<\/p>\n<p><strong>2006:<\/strong><br \/>\n<a title=\"Schneeeinsatz Bad Aussee 2006\" href=\"http:\/\/feuerwehr-aigen.at\/wp-content\/uploads\/2009\/04\/wirueberuns_Chronik_schnee2006.jpg\"><img loading=\"lazy\" decoding=\"async\" class=\"alignleft wp-image-212 size-medium\" title=\"Schneeeinsatz Aussee 2006\" src=\"http:\/\/www.feuerwehr-aigen.at\/wp-content\/uploads\/2009\/04\/wirueberuns_Chronik_schnee2006-300x225.jpg\" alt=\"Schneeeinsatz Aussee 2006\" width=\"300\" height=\"225\" align=\"left\" border=\"0\" hspace=\"5\" vspace=\"5\" srcset=\"https:\/\/www.feuerwehr-aigen.at\/wp-content\/uploads\/2009\/04\/wirueberuns_Chronik_schnee2006-300x225.jpg 300w, https:\/\/www.feuerwehr-aigen.at\/wp-content\/uploads\/2009\/04\/wirueberuns_Chronik_schnee2006-768x576.jpg 768w, https:\/\/www.feuerwehr-aigen.at\/wp-content\/uploads\/2009\/04\/wirueberuns_Chronik_schnee2006.jpg 800w\" sizes=\"auto, (max-width: 300px) 100vw, 300px\" \/><\/a>Aufgrund des neuen Landesfeuerwehrgesetzes und der damit Vereinheitlichung der Wahljahre musste das Kommando neu gew\u00e4hlt werden.<br \/>\nDie Wahl ergab keine \u00c4nderungen.<br \/>\nEins\u00e4tze: 2 Waldbrandeins\u00e4tze in Ebensee und Taxenbach, Hochwassereins\u00e4tze im gesamten Gemeindegebiet Aigen, Autobrand Umfahrung Fischern, Wirtschaftsgeb\u00e4udebrand in Erlsberg, Kaminbrand in Aigen bei Franz Schauer, Verkehrsunfall bei Aiglern mit 3 verletzten Berufsch\u00fclerinnen, Schneeeinsatz in Bad Aussee (D\u00e4cher ab schaufeln \u2013 bis zu 2 Meter Schnee), Siloglimmbrand bei der Zimmerei Mehrl in Aigen,<br \/>\n3 weitere Verkehrsunf\u00e4lle<span style=\"color: #333333;\"><span style=\"font-family: helvetica;\"><br \/>\n<\/span><\/span>Begr\u00e4bnis HLM <em>Bernhard L\u00e4mmerer<\/em><br \/>\nAtemschutzleistungspr\u00fcfung Bronze absolvierten OLM <em>Josef Fritz jun.<\/em>, LM <em>Gerald Kerschhaggl<\/em>, LM <em>Hannes Kerschhaggl<\/em> und OFM <em>Thomas Gruber-Veit<\/em><br \/>\nTechnische Leistungspr\u00fcfung I \u2013 Bronze absolvierte OFM <em>Hannes Seebacher<\/em><br \/>\nFULA-Silber errang FM Nina Hirschb\u00f6ck<\/p>\n<div align=\"center\"><\/div>\n","protected":false},"excerpt":{"rendered":"<p>1997: Eins\u00e4tze: Hochwasser Stra\u00dfe Aigen \u2013 Irding, Windwurf zwischen Ketten und Fischern LM Georg Kapp erhielt das VZ LFV II. Stufe FM Roland Steindacher und FM Martin Reiter erhielten das FLA in Bronze und Silber Begr\u00e4bnis FM Roland Mandlberger 1998: Eins\u00e4tze: Kaminbrand bei Fam. Mandlberger vlg. Maurer in Aich, Hochwassereinsatz Gh. Lemmerer und Gh. Dornbusch, [&hellip;]<\/p>\n","protected":false},"author":1,"featured_media":0,"parent":28,"menu_order":11,"comment_status":"closed","ping_status":"closed","template":"","meta":{"footnotes":""},"class_list":["post-213","page","type-page","status-publish","hentry"],"jetpack_sharing_enabled":true,"_links":{"self":[{"href":"https:\/\/www.feuerwehr-aigen.at\/index.php?rest_route=\/wp\/v2\/pages\/213","targetHints":{"allow":["GET"]}}],"collection":[{"href":"https:\/\/www.feuerwehr-aigen.at\/index.php?rest_route=\/wp\/v2\/pages"}],"about":[{"href":"https:\/\/www.feuerwehr-aigen.at\/index.php?rest_route=\/wp\/v2\/types\/page"}],"author":[{"embeddable":true,"href":"https:\/\/www.feuerwehr-aigen.at\/index.php?rest_route=\/wp\/v2\/users\/1"}],"replies":[{"embeddable":true,"href":"https:\/\/www.feuerwehr-aigen.at\/index.php?rest_route=%2Fwp%2Fv2%2Fcomments&post=213"}],"version-history":[{"count":4,"href":"https:\/\/www.feuerwehr-aigen.at\/index.php?rest_route=\/wp\/v2\/pages\/213\/revisions"}],"predecessor-version":[{"id":2041,"href":"https:\/\/www.feuerwehr-aigen.at\/index.php?rest_route=\/wp\/v2\/pages\/213\/revisions\/2041"}],"up":[{"embeddable":true,"href":"https:\/\/www.feuerwehr-aigen.at\/index.php?rest_route=\/wp\/v2\/pages\/28"}],"wp:attachment":[{"href":"https:\/\/www.feuerwehr-aigen.at\/index.php?rest_route=%2Fwp%2Fv2%2Fmedia&parent=213"}],"curies":[{"name":"wp","href":"https:\/\/api.w.org\/{rel}","templated":true}]}}