{"id":167,"date":"2009-04-06T19:06:52","date_gmt":"2009-04-06T19:06:52","guid":{"rendered":"http:\/\/feuerwehr-aigen.d2solution.net\/index.php\/chronik-1951-1965\/"},"modified":"2016-11-17T00:26:22","modified_gmt":"2016-11-16T23:26:22","slug":"chronik-1951-1965","status":"publish","type":"page","link":"https:\/\/www.feuerwehr-aigen.at\/?page_id=167","title":{"rendered":"Chronik 1951-1965"},"content":{"rendered":"<p><span style=\"color: #333333;\"><span style=\"font-family: helvetica;\"><br \/>\n<\/span><\/span><strong>1951:<\/strong><br \/>\nBehandlung des neuen Feuerwehrgesetzes: Die Freiwilligen Feuerwehren sind K\u00f6rperschaften \u00f6ffentlichen Rechtes, und daher muss jeder Feuerwehrmann seine Pflichten und Rechte kennen.<br \/>\n2 Brandeins\u00e4tze: Streubl in Aich, Josef Schiestl in Aigen.<\/p>\n<p><strong>1952:<\/strong><br \/>\nAnkauf von 15 olivgr\u00fcnen Anoraks.<br \/>\nFerner Ankauf einer Fahne der Wehren der Pfarre Irdning.<\/p>\n<p>&nbsp;<\/p>\n<div style=\"text-align: center;\"><a title=\"Fahnenweihe\" href=\"http:\/\/feuerwehr-aigen.at\/wp-content\/uploads\/2009\/04\/wirueberuns_Chronik_feuerwehr1952.jpg\" target=\"_blank\"><img loading=\"lazy\" decoding=\"async\" class=\"alignnone wp-image-163 size-medium\" title=\"Fahnenweihe\" src=\"http:\/\/www.feuerwehr-aigen.at\/wp-content\/uploads\/2009\/04\/wirueberuns_Chronik_feuerwehr1952-300x137.jpg\" alt=\"Fahnenweihe\" width=\"300\" height=\"137\" border=\"0\" hspace=\"5\" vspace=\"5\" srcset=\"https:\/\/www.feuerwehr-aigen.at\/wp-content\/uploads\/2009\/04\/wirueberuns_Chronik_feuerwehr1952-300x137.jpg 300w, https:\/\/www.feuerwehr-aigen.at\/wp-content\/uploads\/2009\/04\/wirueberuns_Chronik_feuerwehr1952-768x351.jpg 768w, https:\/\/www.feuerwehr-aigen.at\/wp-content\/uploads\/2009\/04\/wirueberuns_Chronik_feuerwehr1952.jpg 800w\" sizes=\"auto, (max-width: 300px) 100vw, 300px\" \/><\/a><\/div>\n<div style=\"font-size: 10px; text-align: center;\"><em><span style=\"color: #333333; font-family: helvetica;\">Fahnenweihe 1952 <\/span><\/em><\/div>\n<p>Brandeins\u00e4tze: Huber, Keller, Lemmerer<br \/>\nTotensuche im Putterersee und in Mitterberg.<br \/>\nEs verstarb der Ehrenhauptmann <em>Josef Keller<\/em> und <em>Alois Graupp<\/em>.<br \/>\n<span style=\"color: #333333;\"><span style=\"font-family: helvetica;\"><br \/>\n<\/span><\/span><strong>1953:<\/strong><br \/>\nHerr <em>Josef Kahls<\/em> spendet der FF Aigen eine Motorspritze.<br \/>\nAnschaffung einer Sirene<br \/>\nWaldbrand in Mitterberg<\/p>\n<p><strong>1954:<\/strong><br \/>\nDie FF Aigen verf\u00fcgt derzeit \u00fcber 3 Motorspritzen.<br \/>\nFeuerwehrhauptmann <em>Josef Schrempf<\/em> wird zum Ehrenhauptmann ernannt.<br \/>\nDie stattgefundene Neuwahl ergab fast keine \u00c4nderungen.<\/p>\n<p><strong>1955:<\/strong><br \/>\nDrei Tage Hochwassereinsatz.<br \/>\nSondersitzung: Gedenken des verstorbenen Kameraden <em>Konrad Gabriel<\/em>.<br \/>\n<span style=\"color: #333333;\"><span style=\"font-family: helvetica;\"><br \/>\n<\/span><\/span><strong>1956:<\/strong><br \/>\nBrandeinsatz in Maitschern.<br \/>\nBau zweier L\u00f6schwasserbeh\u00e4lter in Ritzmannsdorf.<br \/>\nGedenken an den verstorbenen Ehrenhauptmann <em>Josef Schrempf sen.<\/em><br \/>\n<span style=\"color: #333333;\"><span style=\"font-family: helvetica;\"><br \/>\n<\/span><\/span><strong>1957:<\/strong><br \/>\nDie Neuwahl ergab als Hauptmann Stellvertreter: <em>Josef Schrempf<\/em><\/p>\n<p><strong>1958:<\/strong><span style=\"color: #333333;\"><span style=\"font-family: helvetica;\"><br \/>\n<\/span><\/span>Br\u00e4nde in Oberstuttern, Gatschen, Giselbrecht in Irdning, <em>Josef Schiestl<\/em> in Aigen, und Waldbrand in Lessern.<br \/>\nLeitmann <em>Hermann Mayerhofer<\/em> appelliert zur Teilnahme als Blutspender.<span style=\"color: #333333;\"><span style=\"font-family: helvetica;\"><br \/>\n<\/span><\/span><br \/>\n<strong>1959:<\/strong><br \/>\nHeustadelbrand bei <em>Josef Egger<\/em>, vlg. Engelberger in Sallaberg.<br \/>\nBau eines L\u00f6schwasserbeh\u00e4lters in Tachenberg.<\/p>\n<p><strong>1960:<\/strong><br \/>\nDie Neuwahl ergab keine \u00c4nderung.<br \/>\n2 Tage Hochwassereinsatz mit 30 Mann in Zusammenarbeit mit dem PI-Zug des Fliegerhorstes Fiala Fernbrugg\/Aigen.<br \/>\nVorschlag: Anschaffung eines neuen R\u00fcstwagens.<br \/>\nEs wurde der schwere R\u00fcstwagen \u201eBorgward\u201c bei der Fa. Rosenbauer in Bestellung gegeben.<br \/>\n19 Mann erwarben das Leistungsabzeichen.<\/p>\n<p><strong>1961:<\/strong><br \/>\nR\u00fcstwagenweihe am 23. April.<\/p>\n<p>&nbsp;<\/p>\n<div style=\"text-align: center;\"><a title=\"R\u00fcstautoweihe\" href=\"http:\/\/feuerwehr-aigen.at\/wp-content\/uploads\/2009\/04\/wirueberuns_Chronik_ruestwagen.jpg\" target=\"_blank\"><img loading=\"lazy\" decoding=\"async\" class=\"alignnone wp-image-166 size-medium\" title=\"R\u00fcstwagenweihe\" src=\"http:\/\/www.feuerwehr-aigen.at\/wp-content\/uploads\/2009\/04\/wirueberuns_Chronik_ruestwagen-218x300.jpg\" alt=\"R\u00fcstwagenweihe\" width=\"218\" height=\"300\" border=\"0\" hspace=\"5\" vspace=\"5\" srcset=\"https:\/\/www.feuerwehr-aigen.at\/wp-content\/uploads\/2009\/04\/wirueberuns_Chronik_ruestwagen-218x300.jpg 218w, https:\/\/www.feuerwehr-aigen.at\/wp-content\/uploads\/2009\/04\/wirueberuns_Chronik_ruestwagen-768x1056.jpg 768w, https:\/\/www.feuerwehr-aigen.at\/wp-content\/uploads\/2009\/04\/wirueberuns_Chronik_ruestwagen-745x1024.jpg 745w, https:\/\/www.feuerwehr-aigen.at\/wp-content\/uploads\/2009\/04\/wirueberuns_Chronik_ruestwagen.jpg 800w\" sizes=\"auto, (max-width: 218px) 100vw, 218px\" \/><\/a><\/div>\n<div style=\"font-size: 10px; text-align: center;\"><em><span style=\"color: #333333; font-family: helvetica;\">R\u00fcstwagenweihe am 23. April 1961 <\/span><\/em><\/div>\n<p>Der L\u00f6schwasserbeh\u00e4lter in Aich wurde von den Besitzern Neubauer und Gindl der FF Aigen zur Verf\u00fcgung gestellt.<br \/>\nHochwassereinsatz.<br \/>\n<span style=\"color: #333333;\"><span style=\"font-family: helvetica;\"><br \/>\n<\/span><\/span><strong>1962:<\/strong><br \/>\nAnkauf einer Tragkraftspritze.<br \/>\nHochwassereinsatz an der Ennsbr\u00fccke \u2013 Verklausung.<\/p>\n<p><strong>1963:<\/strong><br \/>\nDie Kameraden <em>Josef Schrempf<\/em>, <em>Gerd Sch\u00f6nthaler<\/em> und <em>Hubert Mayerhofer jun.<\/em> erwarben den Rettungsschwimmschein.<br \/>\n3 Eins\u00e4tze: Autobergung, Brand bei Furtner in Irdning und Hochwassereinsatz.<br \/>\nBau und Reparatur von L\u00f6schwasserbeh\u00e4ltern in Ritzmannsdorf, Aiglern und Hohenberg.<br \/>\nBegr\u00e4bnis des Abschnittskommandanten <em>Willi Gabriel<\/em>.<\/p>\n<p><strong>1964:<\/strong><br \/>\n13 verschiedene Eins\u00e4tze.<br \/>\nPlanung: Bau eines Gemeinschaftshauses f\u00fcr Feuerwehr und Musikverein Aigen.<br \/>\nKostenpunkt ca. 1 Million Schilling \u2013 Aufbringung durch Subventionen und Spenden.<\/p>\n<p><strong>1965:<\/strong><br \/>\n10 Hochwassereins\u00e4tze \u2013 105 Gesamtstunden \u2013 3 Fahrzeugbergungen, 1 Waldbrand,<br \/>\n1 Totenbergung, 1 erfolgreiche Suchaktion.<\/p>\n","protected":false},"excerpt":{"rendered":"<p>1951: Behandlung des neuen Feuerwehrgesetzes: Die Freiwilligen Feuerwehren sind K\u00f6rperschaften \u00f6ffentlichen Rechtes, und daher muss jeder Feuerwehrmann seine Pflichten und Rechte kennen. 2 Brandeins\u00e4tze: Streubl in Aich, Josef Schiestl in Aigen. 1952: Ankauf von 15 olivgr\u00fcnen Anoraks. Ferner Ankauf einer Fahne der Wehren der Pfarre Irdning. &nbsp; Fahnenweihe 1952 Brandeins\u00e4tze: Huber, Keller, Lemmerer Totensuche im [&hellip;]<\/p>\n","protected":false},"author":1,"featured_media":0,"parent":28,"menu_order":8,"comment_status":"closed","ping_status":"closed","template":"","meta":{"footnotes":""},"class_list":["post-167","page","type-page","status-publish","hentry"],"jetpack_sharing_enabled":true,"_links":{"self":[{"href":"https:\/\/www.feuerwehr-aigen.at\/index.php?rest_route=\/wp\/v2\/pages\/167","targetHints":{"allow":["GET"]}}],"collection":[{"href":"https:\/\/www.feuerwehr-aigen.at\/index.php?rest_route=\/wp\/v2\/pages"}],"about":[{"href":"https:\/\/www.feuerwehr-aigen.at\/index.php?rest_route=\/wp\/v2\/types\/page"}],"author":[{"embeddable":true,"href":"https:\/\/www.feuerwehr-aigen.at\/index.php?rest_route=\/wp\/v2\/users\/1"}],"replies":[{"embeddable":true,"href":"https:\/\/www.feuerwehr-aigen.at\/index.php?rest_route=%2Fwp%2Fv2%2Fcomments&post=167"}],"version-history":[{"count":5,"href":"https:\/\/www.feuerwehr-aigen.at\/index.php?rest_route=\/wp\/v2\/pages\/167\/revisions"}],"predecessor-version":[{"id":2038,"href":"https:\/\/www.feuerwehr-aigen.at\/index.php?rest_route=\/wp\/v2\/pages\/167\/revisions\/2038"}],"up":[{"embeddable":true,"href":"https:\/\/www.feuerwehr-aigen.at\/index.php?rest_route=\/wp\/v2\/pages\/28"}],"wp:attachment":[{"href":"https:\/\/www.feuerwehr-aigen.at\/index.php?rest_route=%2Fwp%2Fv2%2Fmedia&parent=167"}],"curies":[{"name":"wp","href":"https:\/\/api.w.org\/{rel}","templated":true}]}}