{"id":162,"date":"2009-04-06T19:06:38","date_gmt":"2009-04-06T19:06:38","guid":{"rendered":"http:\/\/feuerwehr-aigen.d2solution.net\/index.php\/chronik-1926-1950\/"},"modified":"2016-11-17T00:25:04","modified_gmt":"2016-11-16T23:25:04","slug":"chronik-1926-1950","status":"publish","type":"page","link":"https:\/\/www.feuerwehr-aigen.at\/?page_id=162","title":{"rendered":"Chronik 1926-1950"},"content":{"rendered":"<p><span style=\"color: #333333;\"><span style=\"font-family: helvetica;\"><br \/>\n<\/span><\/span><strong>1926:<\/strong><br \/>\nAusr\u00fcckung zu 3 Br\u00e4nden: Ilsinger Sallaberg\/Irdning, zu Toby in Irdning und<br \/>\nStallbrand zu Pichlarn.<br \/>\nDer Kassastand wird bereits in \u00f6sterreichischen Schillingen angegeben.<br \/>\nAntrag des Herrn <em>Michael Radlingmaier<\/em>: Anschaffung von 4 St\u00fcck Helmen,<br \/>\n10 St\u00fcck Hanfschl\u00e4uchen \u00e1 15 m mit Kupplungen und von 3 St\u00fcck Strahlrohren.<\/p>\n<p><strong>1927:<\/strong><br \/>\nDie Satzungen der Freiwilligen Feuerwehr und Rettungsabteilung vom Landesfeuerwehrverband wurden zugesandt.<br \/>\nWeitere Anschaffung von 6 St\u00fcck Helmen, von Hydranten und Bestandteilen.<br \/>\nHerr Greimel wird zum\u00a0 Ehrenhauptmann ernannt.<\/p>\n<p><strong>1929:<\/strong><br \/>\nUm 5.221,00 Schilling wurde eine Motorspritze angekauft.<br \/>\nZu deren F\u00fchrung werden die Herren <em>Franz Gerl<\/em> und <em>Georg Gehringer<\/em> ernannt.<\/p>\n<p>Es wurde ins Auge gefasst: Ausbau des Feuerwehrr\u00fcsthauses und Umbau des Mannschaftswagen f\u00fcr die Motorspritze.<br \/>\nDer Leitmann der Sanit\u00e4tsabteilung ersuchte um Anschaffung eines Sanit\u00e4tskastens.<br \/>\nBrand in Stainach und Zimmerbrand bei vulgo Huber in Hohenberg.<br \/>\nS\u00e4mtliche Planungen des neuen R\u00fcsthauses wurden durchgef\u00fchrt.<br \/>\nAm 9. Juni fand die Motorspritzen- und R\u00fcsthausweihe statt.<br \/>\nSomit verf\u00fcgte die Freiwillige Feuerwehr Aigen \u00fcber 1 Motorspritze, 1 Landfahrspritze und<br \/>\n1 Abprotzspritze.<\/p>\n<p>&nbsp;<\/p>\n<div style=\"text-align: center;\"><a title=\"R\u00fcsthaus 1929\" href=\"http:\/\/feuerwehr-aigen.at\/wp-content\/uploads\/2009\/04\/wirueberuns_Chronik_ruesthaus1929.jpg\" target=\"_blank\"><img loading=\"lazy\" decoding=\"async\" class=\"alignnone wp-image-156 size-medium\" title=\"R\u00fcsthaus 1929\" src=\"http:\/\/www.feuerwehr-aigen.at\/wp-content\/uploads\/2009\/04\/wirueberuns_Chronik_ruesthaus1929-300x266.jpg\" alt=\"R\u00fcsthaus 1929\" width=\"300\" height=\"266\" border=\"0\" hspace=\"5\" vspace=\"5\" srcset=\"https:\/\/www.feuerwehr-aigen.at\/wp-content\/uploads\/2009\/04\/wirueberuns_Chronik_ruesthaus1929-300x266.jpg 300w, https:\/\/www.feuerwehr-aigen.at\/wp-content\/uploads\/2009\/04\/wirueberuns_Chronik_ruesthaus1929-768x680.jpg 768w, https:\/\/www.feuerwehr-aigen.at\/wp-content\/uploads\/2009\/04\/wirueberuns_Chronik_ruesthaus1929.jpg 800w\" sizes=\"auto, (max-width: 300px) 100vw, 300px\" \/><\/a><\/div>\n<div style=\"text-align: center;\"><span style=\"color: #333333; font-family: helvetica;\"><em style=\"font-size: 10px;\">R\u00fcsthaus 1929<\/em><\/span><\/div>\n<p><span style=\"color: #333333;\"><span style=\"font-family: helvetica;\"><br \/>\n<\/span><\/span><strong>1930:<\/strong><br \/>\nDie Neuwahl ergab nur geringe \u00c4nderungen.<\/p>\n<p><strong>1931:<\/strong><br \/>\nAm 28. April verstarb der ehemalige Schriftf\u00fchrer <em>Dir. Adolf Troinko<\/em>.<br \/>\nAm 2. Mai des Jahres fand die 37. Generalversammlung statt, dar\u00fcber liegt nur eine einzige Seite auf \u2013 ohne Belang.<br \/>\n<span style=\"color: #333333;\"><span style=\"font-family: helvetica;\"><br \/>\n<\/span><\/span><strong>1934:<\/strong><br \/>\nDie n\u00e4chste Niederschrift fand erst am 2. Februar 1935 statt, und zwar als<br \/>\n41. Jahreshauptversammlung, auch dieses Protokoll ist unvollst\u00e4ndig. Es konnte trotzdem folgendes entnommen werden:<br \/>\n8. Mai 1934: Gro\u00dffeuer bei <em>Michael Radlingmaier<\/em>, vlg. Glitschner in Sallaberg\/See. F\u00fcnf Feuerwehren waren im Einsatz: Aigen, Irdning, Lantschern, Stainach, W\u00f6rschach.<\/p>\n<p><strong>1935:<\/strong><br \/>\nBrandalarm bei Herrn <em>Schwarzenberger<\/em>.<br \/>\nBetagte Feuerwehrkameraden sollen als Feuerwehrpolizisten und\u00a0 Ordonanzen verwendet werden.<br \/>\nEin weiterer Beschluss: Bei Sterbef\u00e4llen von Kameraden sollen Kondolenzbesuche von 3 Mann mit Kranz und Schleife durchgef\u00fchrt werden.<span style=\"color: #333333;\"><span style=\"font-family: helvetica;\"><br \/>\n<\/span><\/span>Antr\u00e4ge: <em>Josef Strobl<\/em>, vlg. Postl, stellt den Antrag, dass Tachenberg eine R\u00fcstung erhalten m\u00f6ge.<br \/>\nHauptmann <em>Konrad Gabriel<\/em> w\u00fcnscht, dass in Aigen ein eigener L\u00f6schzug zusammengestellt wird.<br \/>\nFerner werden 5 Schlauchrollen und 8 Feuerhaken angeschafft.<br \/>\nIn Ketten, Hohenberg und Aich wurden Kr\u00fcckenspritzen verteilt.<\/p>\n<p><strong>1936:<\/strong><span style=\"color: #333333;\"><span style=\"font-family: helvetica;\"><br \/>\n<\/span><\/span>Zum Wehrarzt wurde <em>Med.Rat Dr. Gr\u00e4nz<\/em> gew\u00e4hlt.<br \/>\nErstellung einer Jungmannschaft \u2013 Stand 12 Jugendliche \u2013 \u00dcbungsmeister Herr <em>Hans Ballek<\/em>.<br \/>\n<span style=\"color: #333333;\"><span style=\"font-family: helvetica;\"><br \/>\n<\/span><\/span>Anschaffungen: F\u00fcr 16 Mitglieder blaue Blusen und Feuerwehrkappen \u2013 jedoch auf eigene Kosten. Ferner 400 m Druckschl\u00e4uche mit Kupplungen, Steigerausr\u00fcstungen, Fackeln, Arbeitsmonturen und M\u00e4ntel, Hacken, Krampen, Schaufeln und Hakenleitern \u2013 teils f\u00fcr L\u00f6schzug in Aigen, teils R\u00fcstung in Tachenberg.<\/p>\n<p>Die Neuwahl ergab folgendes Ergebnis:<br \/>\nWehrf\u00fchrer: \u00a0 \u00a0 \u00a0 \u00a0 \u00a0 \u00a0 \u00a0 \u00a0 \u00a0 \u00a0 \u00a0 \u00a0 \u00a0 \u00a0 \u00a0 \u00a0 \u00a0 \u00a0 \u00a0 \u00a0 \u00a0 \u00a0 \u00a0 \u00a0 \u00a0 \u00a0\u00a0 \u00a0\u00a0 <em>Konrad Gabriel<\/em><br \/>\n1. Stellvertreter: \u00a0 \u00a0 \u00a0 \u00a0 \u00a0 \u00a0 \u00a0 \u00a0 \u00a0 \u00a0 \u00a0 \u00a0 \u00a0 \u00a0 \u00a0 \u00a0 \u00a0 \u00a0 \u00a0 \u00a0 \u00a0 \u00a0 \u00a0\u00a0 \u00a0 <em>Josef Schrempf<\/em><br \/>\nSchriftf\u00fchrer und Kassier: \u00a0 \u00a0 \u00a0 \u00a0 \u00a0 \u00a0 \u00a0 \u00a0 \u00a0 \u00a0 \u00a0 \u00a0 \u00a0 \u00a0 \u00a0 <em>Johann Lemmerer<\/em><br \/>\nSchriftf\u00fchrer- und Kassier \u2013 Stellvertreter:\u00a0 <em>Josef Wagner<\/em><span style=\"color: #333333;\"><span style=\"font-family: helvetica;\"><br \/>\n<\/span><\/span><br \/>\n<strong>1937:<\/strong><br \/>\nErbauung von L\u00f6schwasserbeh\u00e4ltern in Ritzmannsdorf, Tachenberg und Sallaberg\/See<br \/>\nKaminbrand bei <em>Josef Keller<\/em> in Aigen, Gro\u00dffeuer bei Lasser in Lantschern und Waldbrand in Vorberg.<\/p>\n<p><strong>1938:<\/strong><br \/>\nVerteilung von Kr\u00fcckenspritzen: 2 Stk. nach Vorberg, 12 Stk. nach Tachenberg.<br \/>\nAntrag: Vorbereitungen f\u00fcr das 50 j\u00e4hrige Bestehen der Freiwilligen Feuerwehr Aigen (kam nicht zur Durchf\u00fchrung).<br \/>\nAnschaffung von 2 Hakenleitern.<\/p>\n<p>Die Neuwahl ergab:<br \/>\nWehrf\u00fchrer: \u00a0 \u00a0 \u00a0 \u00a0 \u00a0 \u00a0 \u00a0 \u00a0 \u00a0 \u00a0 \u00a0 \u00a0 \u00a0 \u00a0 \u00a0 \u00a0 \u00a0 \u00a0 \u00a0 \u00a0<em> Johann Schiestl<\/em><br \/>\nSchriftf\u00fchrer und Kassier: \u00a0 \u00a0 \u00a0 \u00a0 \u00a0 \u00a0 \u00a0\u00a0<em> Alois Graupp<\/em><br \/>\nZeugwart: \u00a0 \u00a0 \u00a0 \u00a0 \u00a0 \u00a0 \u00a0 \u00a0 \u00a0 \u00a0 \u00a0 \u00a0 \u00a0 \u00a0 \u00a0 \u00a0 \u00a0 \u00a0 \u00a0 \u00a0 \u00a0\u00a0 <em>Georg Gehringer<\/em><br \/>\nLeitmann der Rettungsabteilung:\u00a0 <em>Hermann Mayerhofer<\/em><\/p>\n<p><em>1939 \u2013 1945:<\/em><br \/>\nVom 26. Juni 1938 bis 6. J\u00e4nner 1946 sind keine Niederschriften vorhanden.<br \/>\nFolgende Aufzeichnungen ergaben sich durch m\u00fcndliche Aussagen:<\/p>\n<p>Mit der \u00c4nderung der politischen Verh\u00e4ltnisse und dem Kriegsbeginn wird auch f\u00fcr die Feuerwehr vieles anders. Ein Gro\u00dfteil der Mitglieder wird zur \u201eDeutschen Wehrmacht\u201c eingezogen \u2013 Die Namen vieler dieser M\u00e4nner stehen heute auf dem Kriegerdenkmal.<\/p>\n<p>Hier soll auch jener Jugendlichen gedacht werden, welche in dieser harten Zeit auch ihren Mann zu stellen wussten. Dies waren die Jungen zwischen dem 15. Und 18. Lebensjahr, als Mangel am Mann auftrat, da viele, wie schon erw\u00e4hnt, den grauen Rock anziehen mussten. Es war dies der Nachschub aus der \u201eHJ\u201c (Hittler-Jugend).<span style=\"color: #333333;\"><span style=\"font-family: helvetica;\"><br \/>\n<\/span><\/span>Einige Namen k\u00f6nnen genannt werden: <em>Ernst Hummerlechner,<\/em> <em>Sepp Pehab<\/em>, <em>Josef Steiner<\/em>, <em>Wenzel Lemmerer<\/em>, u. a.<br \/>\n<span style=\"color: #333333;\"><span style=\"font-family: helvetica;\"><br \/>\n<\/span><\/span>So mancher von diesen musste dem Einberufungsbefehl Folge leisten. Kamerad <em>Hermann Mayerhofer jun.<\/em> war bis zu seiner Einberufung Exerziermeister.<\/p>\n<p>Ab <strong>1944<\/strong> &#8211; da bereits gro\u00dfer Mangel an M\u00e4nnern war, wurde eine Frauen-Feuerwehr ins Leben gerufen, deren Kommandant B\u00e4ckermeister <em>Josef Schrempf<\/em> war. Ihm unterstanden folgende wackere und m\u00e4nnerersetzende, junge Damen: <em>Sophie Gabriel<\/em>, <em>Sofie Schmiedl<\/em>, <em>Peperl Hubner<\/em> (geb. Rutar), <em>Adele Zelzer<\/em> (geb. Ha\u00dfler), <em>Helene Mayerhofer<\/em> (geb. W\u00f6hrer), <em>Maria Salzinger<\/em> (geb. W\u00f6hrer), <em>Marianne Haa<\/em> (geb. Salzinger) und <em>Stefferl Auritsch<\/em>.<\/p>\n<p>&nbsp;<\/p>\n<div style=\"text-align: center;\"><a title=\"Frauenfeuerwehr\" href=\"http:\/\/feuerwehr-aigen.at\/wp-content\/uploads\/2009\/04\/wirueberuns_Chronik_frauenfeuerwehr.jpg\" target=\"_blank\"><img loading=\"lazy\" decoding=\"async\" class=\"alignnone wp-image-159 size-medium\" title=\"Frauenfeuerwehr\" src=\"http:\/\/www.feuerwehr-aigen.at\/wp-content\/uploads\/2009\/04\/wirueberuns_Chronik_frauenfeuerwehr-300x201.jpg\" alt=\"Frauenfeuerwehr\" width=\"300\" height=\"201\" border=\"0\" hspace=\"5\" vspace=\"5\" srcset=\"https:\/\/www.feuerwehr-aigen.at\/wp-content\/uploads\/2009\/04\/wirueberuns_Chronik_frauenfeuerwehr-300x201.jpg 300w, https:\/\/www.feuerwehr-aigen.at\/wp-content\/uploads\/2009\/04\/wirueberuns_Chronik_frauenfeuerwehr.jpg 748w\" sizes=\"auto, (max-width: 300px) 100vw, 300px\" \/><\/a><\/div>\n<div style=\"text-align: center;\"><span style=\"color: #333333; font-family: helvetica;\"><em style=\"font-size: 10px;\">Das sind die tapferen Frauen<\/em><\/span><\/div>\n<p><span style=\"color: #333333;\"><span style=\"font-family: helvetica;\"><br \/>\n<\/span><\/span><strong>1946:<\/strong><br \/>\nErst am 6. J\u00e4nner 1946 fand die 1. Jahreshauptversammlung nach dem 2. Weltkrieg statt. Diese entsprach der. 45. Generalversammlung.<br \/>\n<span style=\"color: #333333;\"><span style=\"font-family: helvetica;\"><br \/>\n<\/span><\/span>Wehrf\u00fchrer Konrad Gabriel gedachte aller im Krieg gefallenen, vermissten und verstorbenen Feuerwehrkameraden.<\/p>\n<p>Die Neuwahl ergab:<br \/>\nWehrf\u00fchrer: \u00a0\u00a0 <em>Josef Schrempf<\/em><br \/>\nStellvertreter:\u00a0 <em>Josef Strobl<\/em><br \/>\nSchriftf\u00fchrer: \u00a0 <em>Hans Lemmerer<\/em><br \/>\nErnannt wurden:<br \/>\nMotorf\u00fchrer:\u00a0\u00a0\u00a0\u00a0\u00a0\u00a0\u00a0\u00a0\u00a0 <em>Georg Gehringer<\/em><br \/>\nStellvertreter: \u00a0 \u00a0 \u00a0\u00a0 <em>Hans Lemmerer<\/em>, <em>Josef Schmalengruber<\/em><br \/>\nZeugwart: \u00a0 \u00a0 \u00a0 \u00a0 \u00a0 \u00a0 <em>Georg Gehringer<\/em>, <em>Adolf Dietl<\/em><br \/>\nExerziermeister:\u00a0 <em>Peter Schachner<\/em><br \/>\nLeitm\u00e4nner: \u00a0 \u00a0 \u00a0 \u00a0 <em>Hermann Mayerhofer sen.<\/em>, <em>Peter Schachner<\/em>, <em>Johann Radlingmayer<\/em>,<br \/>\n<em>Josef Schmalengruber<\/em>.<\/p>\n<p>Der L\u00f6schzug Tachenberg verf\u00fcgt derzeit \u00fcber 1 fahrbare Abprotzspritze, 16 Schl\u00e4uche und<br \/>\n2 tragbare Schlauchhaspeln.<br \/>\n<span style=\"color: #333333;\"><span style=\"font-family: helvetica;\"><br \/>\n<\/span><\/span><strong>1947:<\/strong><br \/>\nAm 22. September fand die 46. Jahreshauptversammlung statt. Hauptmann <em>Schrempf<\/em> begr\u00fc\u00dft den zum Bezirksfeuerwehrkommandanten gew\u00e4hlten Herrn <em>Konrad Gabriel<\/em> (ehem. Hauptmann der FF Aigen).<\/p>\n<p>&nbsp;<\/p>\n<div style=\"text-align: center;\"><a title=\"Konrad Gabriel\" href=\"http:\/\/feuerwehr-aigen.at\/wp-content\/uploads\/2009\/04\/wirueberuns_Chronik_gabriel1947.jpg\" target=\"_blank\"><img loading=\"lazy\" decoding=\"async\" class=\"alignnone wp-image-161 size-medium\" title=\"Konrad Gabriel\" src=\"http:\/\/www.feuerwehr-aigen.at\/wp-content\/uploads\/2009\/04\/wirueberuns_Chronik_gabriel1947-300x184.jpg\" alt=\"Konrad Gabriel\" width=\"300\" height=\"184\" border=\"0\" hspace=\"5\" vspace=\"5\" srcset=\"https:\/\/www.feuerwehr-aigen.at\/wp-content\/uploads\/2009\/04\/wirueberuns_Chronik_gabriel1947-300x184.jpg 300w, https:\/\/www.feuerwehr-aigen.at\/wp-content\/uploads\/2009\/04\/wirueberuns_Chronik_gabriel1947-768x470.jpg 768w, https:\/\/www.feuerwehr-aigen.at\/wp-content\/uploads\/2009\/04\/wirueberuns_Chronik_gabriel1947.jpg 800w\" sizes=\"auto, (max-width: 300px) 100vw, 300px\" \/><\/a><\/div>\n<div style=\"text-align: center;\"><span style=\"color: #333333; font-family: helvetica;\"><em style=\"font-size: 10px;\">Bezirksfeuerwehrkommandant Konrad Gabriel<\/em><\/span><\/div>\n<p><span style=\"text-decoration: underline;\"><span style=\"color: #333333; text-decoration: underline;\"><span style=\"font-family: helvetica;\"><br \/>\n<\/span><\/span><\/span>Bezirksfeuerwehrkommandant <em>Konrad Gabriel<\/em> beantragt f\u00fcr die FF Aigen: Anschaffung und Ausbau von L\u00f6schwasserbeh\u00e4ltern, eine Zusatzversicherung der Feuerwehrm\u00e4nner gegen Verletzungen und Erkrankungen \u2013 zugezogen im Einsatz.<br \/>\n<span style=\"color: #333333;\"><span style=\"font-family: helvetica;\"><br \/>\n<\/span><\/span><strong>1948:<\/strong><br \/>\nAnkauf eines gebrauchten Jeeps. Instandsetzung durch einen Fachmann.<br \/>\nBrand in W\u00f6rschach \u2013 Schweiger Werkst\u00e4tte, Einsatz bei Hochwasser.<br \/>\nEs verstarben die Kameraden <em>Fred Prasthofer<\/em> und <em>Michael Radlingmaier<\/em>.<\/p>\n<p><strong>1949:<\/strong><br \/>\nZum Wehrf\u00fchrer wird einstimmig <em>Hans Helmhart<\/em> und zum Stellvertreter <em>Fred Greimel<\/em> gew\u00e4hlt.<\/p>\n<p><strong>1950:<\/strong><br \/>\nNeuwahl:<br \/>\nWehrf\u00fchrer: \u00a0 \u00a0 \u00a0 \u00a0 \u00a0 \u00a0 \u00a0 \u00a0 \u00a0 \u00a0 \u00a0 \u00a0 \u00a0 <em>Josef Strobl<\/em><br \/>\nStellvertreter: \u00a0 \u00a0 \u00a0 \u00a0 \u00a0 \u00a0 \u00a0 \u00a0 \u00a0 \u00a0 \u00a0\u00a0\u00a0 <em>Fred Greimel<\/em><br \/>\nSchriftf\u00fchrer und Kassier:\u00a0 <em>Robert Mengg<\/em><br \/>\nWeiters wurden ernannt:<br \/>\nMotorf\u00fchrer: \u00a0 \u00a0 <em>Josef Schrempf<\/em>, <em>Josef Schwarzenberger<\/em><br \/>\nStellvertreter: \u00a0 <em>Johann Waldmann<\/em>, <em>Johann Lemmerer<\/em>, <em>Georg Gehringer<\/em><br \/>\nJeepfahrer: \u00a0 \u00a0\u00a0 <em>Johann Waldmann<\/em>, <em>Johann Lemmerer<\/em>, <em>August Waldmann<\/em>, <em>Georg Gehringer<\/em><br \/>\nZeugmeister:\u00a0 <em>Josef Steiner<\/em>, <em>Johann Neunteufel<\/em><br \/>\nZeugwart: \u00a0 \u00a0 \u00a0\u00a0 <em>Johann Neunteufel<\/em>, <em>Adolf Dietl<\/em><br \/>\nLeitmann: \u00a0 \u00a0 \u00a0\u00a0 <em>Hermann Mayerhofer sen.<\/em><\/p>\n<div align=\"center\"><\/div>\n","protected":false},"excerpt":{"rendered":"<p>1926: Ausr\u00fcckung zu 3 Br\u00e4nden: Ilsinger Sallaberg\/Irdning, zu Toby in Irdning und Stallbrand zu Pichlarn. Der Kassastand wird bereits in \u00f6sterreichischen Schillingen angegeben. Antrag des Herrn Michael Radlingmaier: Anschaffung von 4 St\u00fcck Helmen, 10 St\u00fcck Hanfschl\u00e4uchen \u00e1 15 m mit Kupplungen und von 3 St\u00fcck Strahlrohren. 1927: Die Satzungen der Freiwilligen Feuerwehr und Rettungsabteilung vom [&hellip;]<\/p>\n","protected":false},"author":1,"featured_media":0,"parent":28,"menu_order":7,"comment_status":"closed","ping_status":"closed","template":"","meta":{"footnotes":""},"class_list":["post-162","page","type-page","status-publish","hentry"],"jetpack_sharing_enabled":true,"_links":{"self":[{"href":"https:\/\/www.feuerwehr-aigen.at\/index.php?rest_route=\/wp\/v2\/pages\/162","targetHints":{"allow":["GET"]}}],"collection":[{"href":"https:\/\/www.feuerwehr-aigen.at\/index.php?rest_route=\/wp\/v2\/pages"}],"about":[{"href":"https:\/\/www.feuerwehr-aigen.at\/index.php?rest_route=\/wp\/v2\/types\/page"}],"author":[{"embeddable":true,"href":"https:\/\/www.feuerwehr-aigen.at\/index.php?rest_route=\/wp\/v2\/users\/1"}],"replies":[{"embeddable":true,"href":"https:\/\/www.feuerwehr-aigen.at\/index.php?rest_route=%2Fwp%2Fv2%2Fcomments&post=162"}],"version-history":[{"count":4,"href":"https:\/\/www.feuerwehr-aigen.at\/index.php?rest_route=\/wp\/v2\/pages\/162\/revisions"}],"predecessor-version":[{"id":2037,"href":"https:\/\/www.feuerwehr-aigen.at\/index.php?rest_route=\/wp\/v2\/pages\/162\/revisions\/2037"}],"up":[{"embeddable":true,"href":"https:\/\/www.feuerwehr-aigen.at\/index.php?rest_route=\/wp\/v2\/pages\/28"}],"wp:attachment":[{"href":"https:\/\/www.feuerwehr-aigen.at\/index.php?rest_route=%2Fwp%2Fv2%2Fmedia&parent=162"}],"curies":[{"name":"wp","href":"https:\/\/api.w.org\/{rel}","templated":true}]}}