{"id":155,"date":"2009-04-06T19:06:10","date_gmt":"2009-04-06T19:06:10","guid":{"rendered":"http:\/\/feuerwehr-aigen.d2solution.net\/index.php\/chronik-1909-1925\/"},"modified":"2016-11-17T00:22:05","modified_gmt":"2016-11-16T23:22:05","slug":"chronik-1909-1925","status":"publish","type":"page","link":"https:\/\/www.feuerwehr-aigen.at\/?page_id=155","title":{"rendered":"Chronik 1908-1925"},"content":{"rendered":"<p><span style=\"color: #333333; font-family: helvetica;\"><br \/>\n<\/span><strong>1908:<\/strong><br \/>\nAus dem Protokoll vom 31. J\u00e4nner 1909: Ausr\u00fcckung zu 3 Br\u00e4nden \u2013 Irdning, Stainach, Niederstuttern mit Fahrspritze und Mannschaftswagen mit Pferdegespann.<br \/>\nAm 13. Juli verstarb Wehrhauptmann und Begr\u00fcnder der Freiwilligen Feuerwehr Aigen bei Irdning, Herr <em>J<\/em><em>osef Keller sen.<\/em><br \/>\n<span style=\"color: #333333; font-family: helvetica;\"><br \/>\n<\/span><strong>1909:<\/strong><br \/>\n31. J\u00e4nner 1909 \u2013 22. Generalversammlung<br \/>\nBei der 22. Generalversammlung wurde B\u00e4ckermeister <em>Josef Salzinger<\/em> einstimmig zum Wehrhauptmann gew\u00e4hlt, zu seinem 1. Stellvertreter <em>Josef Keller jun.<\/em>, Brauereibesitzersohn, zum 2. Stellvertreter <em>Alois Samt<\/em>.<br \/>\nIm Jahre 1909 wurde zu 4 Br\u00e4nden ausr\u00fccken: Lantschern, Irdning\/Falkenburg, Tachenberg und Unterburg.<\/p>\n<p><strong>1910:<\/strong><span style=\"color: #333333; font-family: helvetica;\"><br \/>\n<\/span>Brand in Schlattham.<br \/>\nAnschaffung von 6 M\u00e4nteln f\u00fcr die Schlauchmannschaft durch <em>Johann Lemmerer<\/em>, ferner durch Herrn Wehrhauptmann <em>Josef Salzinger<\/em> f\u00fcr die genannte Mannschaft 12 St\u00fcck Zwilichmonturen.<\/p>\n<p><strong>1911:<\/strong><br \/>\nBr\u00e4nde in Irdning, W\u00f6rschach, Mar in der Gulling.<br \/>\nAntrag des Steigf\u00fchrers <em>Felix Prasthofer<\/em>: Anschaffung von neun R\u00fcstungen und einiger kleiner Schlauchhaspeln.<br \/>\nWehrf\u00fchrer-Stellvertreter <em>Josef Keller<\/em> fordert mehrere Schlauchbinden und <em>Alois Samt<\/em> einen Uniformmantel f\u00fcr den jeweiligen Wehrhauptmann an.<br \/>\n<span style=\"color: #333333; font-family: helvetica;\"><br \/>\n<\/span><strong>1912:<\/strong><br \/>\nHerr <em>Eduard K\u00f6berl<\/em> stellt den Antrag \u2013 Ver\u00e4u\u00dferung, der in Ketten stehenden, alten und unbrauchbar gewordenen fahrbaren Spritze. Es scheinen keine Brandeins\u00e4tze auf.<\/p>\n<p><strong>1913:<\/strong><br \/>\nBrand in der Impr\u00e4gnierungsanstalt Stainach.<br \/>\nAm 15. Juni fand das 25-J\u00e4hrige Gr\u00fcndungsfest der Freiwilligen Feuerwehr Aigen statt.<\/p>\n<p>&nbsp;<\/p>\n<div style=\"text-align: center;\"><a title=\"25 Jahre FF Aigen\" href=\"http:\/\/feuerwehr-aigen.at\/wp-content\/uploads\/2009\/04\/wirueberuns_Chronik_feuerwehr1913.jpg\" target=\"_blank\"><img loading=\"lazy\" decoding=\"async\" class=\"alignnone wp-image-153 size-medium\" title=\"25 Jahre FF Aigen\" src=\"http:\/\/www.feuerwehr-aigen.at\/wp-content\/uploads\/2009\/04\/wirueberuns_Chronik_feuerwehr1913-300x219.jpg\" alt=\"25 Jahre FF Aigen\" width=\"300\" height=\"219\" border=\"0\" hspace=\"5\" vspace=\"5\" srcset=\"https:\/\/www.feuerwehr-aigen.at\/wp-content\/uploads\/2009\/04\/wirueberuns_Chronik_feuerwehr1913-300x219.jpg 300w, https:\/\/www.feuerwehr-aigen.at\/wp-content\/uploads\/2009\/04\/wirueberuns_Chronik_feuerwehr1913-768x561.jpg 768w, https:\/\/www.feuerwehr-aigen.at\/wp-content\/uploads\/2009\/04\/wirueberuns_Chronik_feuerwehr1913.jpg 1000w\" sizes=\"auto, (max-width: 300px) 100vw, 300px\" \/><\/a><\/div>\n<div style=\"text-align: center;\"><span style=\"color: #333333; font-family: helvetica;\"><em style=\"font-size: 10px;\">25 Jahre FF Aigen<\/em><\/span><\/div>\n<p><span style=\"color: #333333; font-family: helvetica;\"><br \/>\n<\/span><strong>1914 \u2013 1919:<\/strong><br \/>\nVom 29. M\u00e4rz 1914 (27. JHV) bis 1. Februar 1920 (28. JHV) scheinen aufgrund des<br \/>\n1. Weltkrieges keine Niederschriften auf.<br \/>\nDer folgende T\u00e4tigkeitsbericht f\u00fcr die Kriegsjahre 1914 \u2013 1918 wurde aus der<br \/>\n28. Jahreshauptversammlung vom 1. Februar 1920 entnommen:<\/p>\n<p><strong>1915:<\/strong><br \/>\nAusr\u00fcckung zum Gro\u00dfbrand in Lantschern<\/p>\n<p><strong>1918:<\/strong><br \/>\nBr\u00e4nde beim M\u00fchlbacher in Vorberg und beim Ringdorfer in Ketten.<\/p>\n<p><strong>1919:<\/strong><br \/>\nBrand im S\u00e4gewerk in Maitschern<\/p>\n<p><strong>1920:<\/strong><br \/>\n1. Februar 1920 \u2013 28 Jahreshauptversammlung<br \/>\nZu Beginn der Versammlung wurde der gefallenen Kameraden des 1. Weltkrieges gedacht:<br \/>\n<em>Stefan Greimel<\/em><em>\u00a0\u00a0\u00a0\u00a0\u00a0\u00a0\u00a0\u00a0\u00a0\u00a0\u00a0\u00a0\u00a0\u00a0\u00a0\u00a0\u00a0\u00a0\u00a0\u00a0 Stefan Gr\u00fcnwald<\/em><br \/>\n<em>Heinrich Zinkobel\u00a0\u00a0\u00a0\u00a0\u00a0\u00a0\u00a0\u00a0\u00a0\u00a0\u00a0\u00a0\u00a0\u00a0\u00a0 Mathias Steiner<\/em><br \/>\n<em>Georg Schwarzkogler\u00a0\u00a0\u00a0\u00a0\u00a0\u00a0\u00a0 Konrad Schiestl<\/em><br \/>\n<em>Andreas Fluch\u00a0\u00a0\u00a0\u00a0\u00a0\u00a0\u00a0\u00a0\u00a0\u00a0\u00a0\u00a0\u00a0\u00a0\u00a0\u00a0\u00a0\u00a0\u00a0\u00a0 Johann Luidold<\/em><\/p>\n<p>Die folgende Neuwahl ergab:<br \/>\nWehrhauptmann: \u00a0 \u00a0 \u00a0 \u00a0 \u00a0 \u00a0 \u00a0 \u00a0 \u00a0 \u00a0 \u00a0 \u00a0 \u00a0 \u00a0\u00a0 <em>Josef Salzinger<\/em><br \/>\n1. Stellvertreter: \u00a0 \u00a0 \u00a0 \u00a0 \u00a0 \u00a0 \u00a0 \u00a0 \u00a0 \u00a0 \u00a0 \u00a0 \u00a0 \u00a0 \u00a0 \u00a0\u00a0 <em>Josef Keller<\/em><br \/>\n2. Stellvertreter und Schriftf\u00fchrer: \u00a0 <em>Alois Samt<\/em><br \/>\nZeugwart: \u00a0 \u00a0 \u00a0 \u00a0 \u00a0 \u00a0 \u00a0 \u00a0 \u00a0 \u00a0 \u00a0 \u00a0 \u00a0 \u00a0 \u00a0 \u00a0 \u00a0 \u00a0 \u00a0 \u00a0 \u00a0 <em>Josef Kahls<\/em><br \/>\nSteigf\u00fchrer: \u00a0 \u00a0 \u00a0 \u00a0 \u00a0 \u00a0 \u00a0 \u00a0 \u00a0 \u00a0 \u00a0 \u00a0 \u00a0 \u00a0 \u00a0 \u00a0 \u00a0 \u00a0 \u00a0\u00a0 <em>Felix Salzinger<\/em><br \/>\nSteigf\u00fchrer Stellvertreter: \u00a0 \u00a0 \u00a0 \u00a0 \u00a0 \u00a0 \u00a0\u00a0 <em><span style=\"color: #000000;\">Michael Radlingmaier<\/span><\/em><br \/>\nSteigf\u00fchrer Stellvertreter: \u00a0 \u00a0 \u00a0 \u00a0 \u00a0 \u00a0 \u00a0\u00a0 <em>Stefan Gr\u00fcnwald<\/em><br \/>\nSchlauchf\u00fchrer: \u00a0 \u00a0 \u00a0 \u00a0 \u00a0 \u00a0 \u00a0 \u00a0 \u00a0 \u00a0 \u00a0 \u00a0 \u00a0 \u00a0 \u00a0\u00a0 <em>Petrus Grasl<\/em><br \/>\nSchlauchf\u00fchrer Stellvertreter: \u00a0 \u00a0 \u00a0\u00a0 <em>Jakob Leitner<\/em><\/p>\n<p><strong>1921:<\/strong><br \/>\nBr\u00e4nde: Wirtschaftsgeb\u00e4ude des <em>Michael L\u00e4mmerer<\/em> in Vorberg und das S\u00e4gewerk des <em>Franz Peer<\/em> in Altirdning.<br \/>\n<span style=\"color: #333333; font-family: helvetica;\"><br \/>\n<\/span><strong>1922:<\/strong><br \/>\nEs wird beschlossen, alle Jahre mindestens einen Ball und eine Silvester-Tombola abzuhalten.<br \/>\nAnschaffung von 100m Schlauch \u2013 Somit Bestand \u00fcber 200m.<br \/>\nDen Feuerwehrkameraden wird ans Herz gelegt, sich im Laufe des Jahres eine Uniformbluse samt Kappe auf eigene Kosten anzuschaffen.<br \/>\nAntrag des Kameraden <em>Petrus Grasl<\/em>, wo ein flie\u00dfendes und hinreichendes Gew\u00e4sser vorhanden sei, die Gemeinde zu bitten und zu beauftragen, die entsprechenden Wasserreservoire anzulegen.<br \/>\nFerner wurde der Antrag gestellt, dem Gemeindediener <em>Georg Leitner<\/em> f\u00fcr seine Boteng\u00e4nge eine Remuration von 100.000 Kronen zuzuerkennen \u2013 einstimmig angenommen.<\/p>\n<p><strong>1923:<\/strong><span style=\"color: #333333; font-family: helvetica;\"><br \/>\n<\/span>Wehrhauptmann Herr <em>Josef Salzinger<\/em> gedenkt des verstorbenen Hauptmann Stellvertreter und Schriftf\u00fchrer Herrn <em>Alois Samt<\/em>.<span style=\"color: #333333; font-family: helvetica;\"><br \/>\n<\/span>Antrag auf Ankauf einer tragbaren Stehleiter. Die Mitglieder des Musikvereines Aigen werden als Mitglieder der Freiwilligen Feuerwehr von dieser aufgenommen. Die Musik f\u00fchrt ab sofort den Namen <em>\u201eFeuerwehrmusik Aigen\u201c<\/em>.<\/p>\n<p><strong>1924:<\/strong><br \/>\nEs wird beschlossen, eine 10m lange Leiter um den Preis von 2.000.000 Kronen anzukaufen. <em>Josef Schmalengruber<\/em>, Bauer in Aiglern, spendet daf\u00fcr 500.000 Kronen.<\/p>\n<p>Die Neuwahl ergab folgende \u00c4nderung:<br \/>\nHauptmann: \u00a0 \u00a0 \u00a0 \u00a0 \u00a0 \u00a0 \u00a0 \u00a0 \u00a0 \u00a0 \u00a0 \u00a0 \u00a0\u00a0 \u00a0 <em>Josef Keller<\/em><br \/>\n1. Hauptmann Stellvertreter:\u00a0 <em>Johann Greimel<\/em><br \/>\nSchriftf\u00fchrer: \u00a0 \u00a0 \u00a0 \u00a0 \u00a0 \u00a0 \u00a0 \u00a0 \u00a0 \u00a0 \u00a0 \u00a0 \u00a0 \u00a0\u00a0 <em>Dir. Adolf Troinko<\/em><\/p>\n<p>Wehrhauptmann <em>Josef Salzinger<\/em> wird zum Ehrenhauptmann ernannt.<br \/>\nF\u00fcr 36-j\u00e4hrige T\u00e4tigkeit werden die Herren <em>Felix Salzinger<\/em> und <em>Prasthofer<\/em> zu Ehrenmitglieder ernannt.<\/p>\n<p>Am 24. Oktober 1924 wurde an der Glockenweihe zweier Glocken in Hohenberg teilgenommen.<br \/>\nEintreffen von 2 neuen Leitern. Maschin-Eisschie\u00dfen am Putterersee.<br \/>\nMannschaftsstand: 52 Mann<\/p>\n<p><strong>1925:<\/strong><br \/>\nBrand bei Schneider in Bleiberg\/Irdning<br \/>\nHerr <em>Ludwig Kopal<\/em> wird zum Sanit\u00e4tsf\u00fchrer und Herr <em>Johann Lemmerer<\/em> zum Hydrantenf\u00fchrer ernannt.<\/p>\n","protected":false},"excerpt":{"rendered":"<p>1908: Aus dem Protokoll vom 31. J\u00e4nner 1909: Ausr\u00fcckung zu 3 Br\u00e4nden \u2013 Irdning, Stainach, Niederstuttern mit Fahrspritze und Mannschaftswagen mit Pferdegespann. Am 13. Juli verstarb Wehrhauptmann und Begr\u00fcnder der Freiwilligen Feuerwehr Aigen bei Irdning, Herr Josef Keller sen. 1909: 31. J\u00e4nner 1909 \u2013 22. Generalversammlung Bei der 22. Generalversammlung wurde B\u00e4ckermeister Josef Salzinger einstimmig [&hellip;]<\/p>\n","protected":false},"author":1,"featured_media":0,"parent":28,"menu_order":6,"comment_status":"closed","ping_status":"closed","template":"","meta":{"footnotes":""},"class_list":["post-155","page","type-page","status-publish","hentry"],"jetpack_sharing_enabled":true,"_links":{"self":[{"href":"https:\/\/www.feuerwehr-aigen.at\/index.php?rest_route=\/wp\/v2\/pages\/155","targetHints":{"allow":["GET"]}}],"collection":[{"href":"https:\/\/www.feuerwehr-aigen.at\/index.php?rest_route=\/wp\/v2\/pages"}],"about":[{"href":"https:\/\/www.feuerwehr-aigen.at\/index.php?rest_route=\/wp\/v2\/types\/page"}],"author":[{"embeddable":true,"href":"https:\/\/www.feuerwehr-aigen.at\/index.php?rest_route=\/wp\/v2\/users\/1"}],"replies":[{"embeddable":true,"href":"https:\/\/www.feuerwehr-aigen.at\/index.php?rest_route=%2Fwp%2Fv2%2Fcomments&post=155"}],"version-history":[{"count":7,"href":"https:\/\/www.feuerwehr-aigen.at\/index.php?rest_route=\/wp\/v2\/pages\/155\/revisions"}],"predecessor-version":[{"id":2036,"href":"https:\/\/www.feuerwehr-aigen.at\/index.php?rest_route=\/wp\/v2\/pages\/155\/revisions\/2036"}],"up":[{"embeddable":true,"href":"https:\/\/www.feuerwehr-aigen.at\/index.php?rest_route=\/wp\/v2\/pages\/28"}],"wp:attachment":[{"href":"https:\/\/www.feuerwehr-aigen.at\/index.php?rest_route=%2Fwp%2Fv2%2Fmedia&parent=155"}],"curies":[{"name":"wp","href":"https:\/\/api.w.org\/{rel}","templated":true}]}}