{"id":1133,"date":"2016-11-07T22:50:43","date_gmt":"2016-11-07T22:50:43","guid":{"rendered":"http:\/\/www.feuerwehr-aigen.at\/?page_id=1133"},"modified":"2025-01-05T23:22:54","modified_gmt":"2025-01-05T22:22:54","slug":"einsatztagebuecher","status":"publish","type":"page","link":"https:\/\/www.feuerwehr-aigen.at\/?page_id=1133","title":{"rendered":"Einsatztageb\u00fccher"},"content":{"rendered":"<p>W\u00e4hlen Sie das gew\u00fcnschte Jahr aus um die Inhalte zu betrachten:<\/p>\n<p>&nbsp;<\/p>\n<table style=\"width: 129px;\">\n<tbody>\n<tr>\n<td style=\"text-align: center; width: 38px;\"><\/td>\n<td style=\"text-align: center; width: 35px;\"><a href=\"https:\/\/www.feuerwehr-aigen.at\/?page_id=6086\">Einsatztageb\u00fccher 2025<\/a><\/td>\n<td style=\"text-align: center; width: 36px;\"><a href=\"https:\/\/www.feuerwehr-aigen.at\/?page_id=5707\">Einsatztageb\u00fccher 2024<\/a><\/td>\n<\/tr>\n<tr>\n<td style=\"text-align: center; width: 38px;\"><a href=\"https:\/\/www.feuerwehr-aigen.at\/?page_id=5196\">Einsatztageb\u00fccher 2023<\/a><\/td>\n<td style=\"text-align: center; width: 35px;\"><a href=\"https:\/\/www.feuerwehr-aigen.at\/?page_id=4764\">Einsatztageb\u00fccher 2022<\/a><\/td>\n<td style=\"text-align: center; width: 36px;\"><a href=\"http:\/\/www.feuerwehr-aigen.at\/?page_id=4494\">Einsatztageb\u00fccher 2021<\/a><\/td>\n<\/tr>\n<tr>\n<td style=\"text-align: center; width: 38px;\"><a href=\"http:\/\/www.feuerwehr-aigen.at\/?page_id=4152\">Einsatztageb\u00fccher 2020<\/a><\/td>\n<td style=\"text-align: center; width: 35px;\"><a href=\"http:\/\/www.feuerwehr-aigen.at\/?page_id=3566\">Einsatztageb\u00fccher 2019<\/a><\/td>\n<td style=\"text-align: center; width: 36px;\"><a href=\"http:\/\/www.feuerwehr-aigen.at\/?page_id=3001\">Einsatztageb\u00fccher 2018<\/a><\/td>\n<\/tr>\n<tr>\n<td style=\"text-align: center; width: 38px;\"><a href=\"http:\/\/www.feuerwehr-aigen.at\/?page_id=2241\">Einsatztageb\u00fccher 2017<\/a><\/td>\n<td style=\"text-align: center; width: 35px;\"><a href=\"http:\/\/www.feuerwehr-aigen.at\/?page_id=1135\">Einsatztageb\u00fccher 2016<\/a><\/td>\n<td style=\"text-align: center; width: 36px;\"><a href=\"http:\/\/www.feuerwehr-aigen.at\/?page_id=603\">Einsatztagebuch 2015<\/a><\/td>\n<\/tr>\n<tr>\n<td style=\"text-align: center; width: 38px;\"><a href=\"http:\/\/www.feuerwehr-aigen.at\/?page_id=573\">Einsatztagebuch 2014<\/a><\/td>\n<td style=\"text-align: center; width: 35px;\"><a href=\"http:\/\/www.feuerwehr-aigen.at\/?page_id=553\">Einsatztagebuch 2013<\/a><\/td>\n<td style=\"text-align: center; width: 36px;\"><a href=\"http:\/\/www.feuerwehr-aigen.at\/?page_id=531\">Einsatztagebuch 2012<\/a><\/td>\n<\/tr>\n<tr>\n<td style=\"text-align: center; width: 38px;\"><a href=\"http:\/\/www.feuerwehr-aigen.at\/?page_id=452\">Einsatztagebuch 2011<\/a><\/td>\n<td style=\"text-align: center; width: 35px;\"><a href=\"http:\/\/www.feuerwehr-aigen.at\/?page_id=425\">Einsatztagebuch 2010<\/a><\/td>\n<td style=\"text-align: center; width: 36px;\"><a href=\"http:\/\/www.feuerwehr-aigen.at\/?page_id=410\">Einsatztagebuch 2009<\/a><\/td>\n<\/tr>\n<\/tbody>\n<\/table>\n<p>&nbsp;<\/p>\n","protected":false},"excerpt":{"rendered":"<p>W\u00e4hlen Sie das gew\u00fcnschte Jahr aus um die Inhalte zu betrachten: &nbsp; Einsatztageb\u00fccher 2025 Einsatztageb\u00fccher 2024 Einsatztageb\u00fccher 2023 Einsatztageb\u00fccher 2022 Einsatztageb\u00fccher 2021 Einsatztageb\u00fccher 2020 Einsatztageb\u00fccher 2019 Einsatztageb\u00fccher 2018 Einsatztageb\u00fccher 2017 Einsatztageb\u00fccher 2016 Einsatztagebuch 2015 Einsatztagebuch 2014 Einsatztagebuch 2013 Einsatztagebuch 2012 Einsatztagebuch 2011 Einsatztagebuch 2010 Einsatztagebuch 2009 &nbsp;<\/p>\n","protected":false},"author":1,"featured_media":0,"parent":0,"menu_order":0,"comment_status":"closed","ping_status":"closed","template":"","meta":{"footnotes":""},"class_list":["post-1133","page","type-page","status-publish","hentry"],"jetpack_sharing_enabled":true,"_links":{"self":[{"href":"https:\/\/www.feuerwehr-aigen.at\/index.php?rest_route=\/wp\/v2\/pages\/1133","targetHints":{"allow":["GET"]}}],"collection":[{"href":"https:\/\/www.feuerwehr-aigen.at\/index.php?rest_route=\/wp\/v2\/pages"}],"about":[{"href":"https:\/\/www.feuerwehr-aigen.at\/index.php?rest_route=\/wp\/v2\/types\/page"}],"author":[{"embeddable":true,"href":"https:\/\/www.feuerwehr-aigen.at\/index.php?rest_route=\/wp\/v2\/users\/1"}],"replies":[{"embeddable":true,"href":"https:\/\/www.feuerwehr-aigen.at\/index.php?rest_route=%2Fwp%2Fv2%2Fcomments&post=1133"}],"version-history":[{"count":15,"href":"https:\/\/www.feuerwehr-aigen.at\/index.php?rest_route=\/wp\/v2\/pages\/1133\/revisions"}],"predecessor-version":[{"id":6129,"href":"https:\/\/www.feuerwehr-aigen.at\/index.php?rest_route=\/wp\/v2\/pages\/1133\/revisions\/6129"}],"wp:attachment":[{"href":"https:\/\/www.feuerwehr-aigen.at\/index.php?rest_route=%2Fwp%2Fv2%2Fmedia&parent=1133"}],"curies":[{"name":"wp","href":"https:\/\/api.w.org\/{rel}","templated":true}]}}