{"id":1119,"date":"2016-11-07T22:43:25","date_gmt":"2016-11-07T22:43:25","guid":{"rendered":"http:\/\/www.feuerwehr-aigen.at\/?page_id=1119"},"modified":"2016-12-29T13:10:23","modified_gmt":"2016-12-29T12:10:23","slug":"sonstige-2016","status":"publish","type":"page","link":"https:\/\/www.feuerwehr-aigen.at\/?page_id=1119","title":{"rendered":"Sonstige 2016"},"content":{"rendered":"<table>\n<tbody>\n<tr>\n<td><strong>Datum\/Uhrzeit<\/strong><\/td>\n<td><strong>Veranstaltung<\/strong><\/td>\n<td><strong>Mann<\/strong><\/td>\n<td><strong>Fahrzeuge<\/strong><\/td>\n<td><strong>Bericht<\/strong><\/td>\n<\/tr>\n<tr>\n<td><\/td>\n<td><\/td>\n<td><\/td>\n<td><\/td>\n<td><\/td>\n<\/tr>\n<tr>\n<td>28.12.2016<br \/>\n12:00-22:00<\/td>\n<td>Geburtstagsfeier 2.Abteilung<\/td>\n<td>17<\/td>\n<td><\/td>\n<td><\/td>\n<\/tr>\n<tr>\n<td>27.12.2016<br \/>\n15:00-17:30<\/td>\n<td>Wartungsarbeiten KFZ<\/td>\n<td>1<\/td>\n<td><\/td>\n<td><\/td>\n<\/tr>\n<tr>\n<td>\u00a027.12.2016<br \/>\n14:15-14:45<\/td>\n<td>\u00a0Wartungsarbeiten Funk<\/td>\n<td>1<\/td>\n<td><\/td>\n<td><\/td>\n<\/tr>\n<tr>\n<td>\u00a019.12.2016<br \/>\n13:00-17:00<\/td>\n<td>Kirchgang-Begr\u00e4bnis<br \/>\nEHBI Reiter Josef\u00a0 \u00a0FF-Erlsberg<\/td>\n<td>\u00a05<\/td>\n<td>MTF-A<\/td>\n<td><\/td>\n<\/tr>\n<tr>\n<td>\u00a017.12.2016<br \/>\n19:00-01:00<\/td>\n<td>\u00a0Weihnachtsfeier R\u00fcsthaus<\/td>\n<td>42<\/td>\n<td><\/td>\n<td><\/td>\n<\/tr>\n<tr>\n<td>\u00a004.12.2016<br \/>\n11:00-19:00<\/td>\n<td>Ausschank Advent erleben<\/td>\n<td>5<\/td>\n<td>Ausschankwagen<\/td>\n<td><\/td>\n<\/tr>\n<tr>\n<td>\u00a003.12.2016<br \/>\n09:00-13:00<\/td>\n<td>Feuerl\u00f6scher\u00fcberpr\u00fcfung<\/td>\n<td>\u00a02<\/td>\n<td><\/td>\n<td><\/td>\n<\/tr>\n<tr>\n<td>02.12.2016<br \/>\n08:00-16:00<\/td>\n<td>Feuerl\u00f6scher\u00fcberpr\u00fcfung<\/td>\n<td>\u00a02<\/td>\n<td><\/td>\n<td><\/td>\n<\/tr>\n<tr>\n<td>20.11.2016<br \/>\n07:30-12:00<\/td>\n<td>Verwaltungst\u00e4tigkeiten<\/td>\n<td>1<\/td>\n<td><\/td>\n<td><\/td>\n<\/tr>\n<tr>\n<td>19.11.2016<br \/>\n09:00-12:00<\/td>\n<td>Arbeiten im R\u00fcsthaus<\/td>\n<td>2<\/td>\n<td><\/td>\n<td><\/td>\n<\/tr>\n<tr>\n<td>17.11.2016<br \/>\n18:30-21:00<\/td>\n<td>Ausschu\u00dfsitzung<\/td>\n<td>14<\/td>\n<td><\/td>\n<td><\/td>\n<\/tr>\n<tr>\n<td>06.11.2016<br \/>\n08:00-12:30<\/td>\n<td>Verwaltungst\u00e4tigkeiten<\/td>\n<td>1<\/td>\n<td><\/td>\n<td><\/td>\n<\/tr>\n<tr>\n<td>06.11.2016<br \/>\n08:00-10:00<\/td>\n<td>Wartungsarbeiten KFZ<\/td>\n<td>2<\/td>\n<td><\/td>\n<td><\/td>\n<\/tr>\n<tr>\n<td>05.11.2016<br \/>\n09:00-12:00<\/td>\n<td>Aus und Weiterbildung Funk<\/td>\n<td>2<\/td>\n<td><\/td>\n<td><\/td>\n<\/tr>\n<tr>\n<td>05.11.2016<br \/>\n14:30-17:00<\/td>\n<td>Einschulung HP Neu<br \/>\nVerwaltungst\u00e4tigkeiten<\/td>\n<td>5<\/td>\n<td><\/td>\n<td><\/td>\n<\/tr>\n<tr>\n<td>04.11.2016<br \/>\n19:00-23:00<\/td>\n<td>Kommandantentag Gsth.Fritz<\/td>\n<td>3<\/td>\n<td><\/td>\n<td><\/td>\n<\/tr>\n<tr>\n<td>02.11.2016<br \/>\n16:00-19:00<\/td>\n<td>Wartungsarbeiten KFZ<\/td>\n<td>1<\/td>\n<td><\/td>\n<td><\/td>\n<\/tr>\n<tr>\n<td>01.11.2016<br \/>\n17:00-18:00<\/td>\n<td>Bewegungsfahrt MTF-A<\/td>\n<td>1<\/td>\n<td><\/td>\n<td><\/td>\n<\/tr>\n<tr>\n<td>29.10.2016<br \/>\n10:00-11:00<\/td>\n<td>Bewegungsfahrt MTF-A<\/td>\n<td>1<\/td>\n<td><\/td>\n<td><\/td>\n<\/tr>\n<tr>\n<td>27.10.2016<br \/>\n18:30-20:00<\/td>\n<td>Bezirksheldenehrung \u00d6KB\u00a0Hauptplatz<\/td>\n<td>16<\/td>\n<td><\/td>\n<td><\/td>\n<\/tr>\n<tr>\n<td>26.10.2016<br \/>\n08:00-12:00<\/td>\n<td>Verwaltungst\u00e4tigkeiten<\/td>\n<td>1<\/td>\n<td><\/td>\n<td><\/td>\n<\/tr>\n<tr>\n<td>22.10.2016<br \/>\n07:15-17:30<\/td>\n<td>GAB 2 Bad Mitterndorf<\/td>\n<td>4<\/td>\n<td><\/td>\n<td><\/td>\n<\/tr>\n<tr>\n<td>13.10.2016<br \/>\n19:00-20:30<\/td>\n<td>Bewegungsfahrt MTF-A<\/td>\n<td>1<\/td>\n<td><\/td>\n<td><\/td>\n<\/tr>\n<tr>\n<td>12.10.2016<br \/>\n16:30-20:00<\/td>\n<td>Wartungsarbeiten Flugdienst<\/td>\n<td>1<\/td>\n<td><\/td>\n<td><\/td>\n<\/tr>\n<tr>\n<td>11.10.2016<br \/>\n14:30-18:00<\/td>\n<td>Ausarbeiten KHD \u00dcbung<\/td>\n<td>2<\/td>\n<td><\/td>\n<td><\/td>\n<\/tr>\n<tr>\n<td>\u00a003.10.2016<br \/>\n16:30-18:00<\/td>\n<td>Ausarbeiten KHD \u00dcbung<\/td>\n<td>2<\/td>\n<td>MTF-A<\/td>\n<td><\/td>\n<\/tr>\n<tr>\n<td>03.10.2016<br \/>\n07:00-16:30<\/td>\n<td>Einschulung neue Atemschutzger\u00e4te<br \/>\nin Lebring<\/td>\n<td>6<\/td>\n<td>MTF-A<\/td>\n<td><\/td>\n<\/tr>\n<tr>\n<td>01.10.2016<br \/>\n09:00-13:00<\/td>\n<td>Wartungsarbeiten EDV<\/td>\n<td>1<\/td>\n<td><\/td>\n<td><\/td>\n<\/tr>\n<tr>\n<td>21.09.2016<br \/>\n08:00-17:00<\/td>\n<td>Wartungsarbeiten KFZ<\/td>\n<td>2<\/td>\n<td><\/td>\n<td><\/td>\n<\/tr>\n<tr>\n<td>18.09.2016<br \/>\n08:00-12:00<\/td>\n<td>Verwaltungst\u00e4tigkeiten<\/td>\n<td>1<\/td>\n<td><\/td>\n<td><\/td>\n<\/tr>\n<tr>\n<td>16.09.2016<br \/>\n19:30-23:00<\/td>\n<td>Ausschu\u00dfsitzung<\/td>\n<td>15<\/td>\n<td><\/td>\n<td><\/td>\n<\/tr>\n<tr>\n<td>14.09.2016<br \/>\n13:00-17:00<\/td>\n<td>Wartungsarbeiten KFZ<\/td>\n<td>1<\/td>\n<td><\/td>\n<td><\/td>\n<\/tr>\n<tr>\n<td>12.09.2016<br \/>\n14:00-17:00<\/td>\n<td>Wartungsarbeiten KFZ<\/td>\n<td>1<\/td>\n<td><\/td>\n<td><\/td>\n<\/tr>\n<tr>\n<td>06.09.2016<br \/>\n14:15-14:45<\/td>\n<td>Wartungsarbeiten Funk<\/td>\n<td>1<\/td>\n<td><\/td>\n<td><\/td>\n<\/tr>\n<tr>\n<td>01.09.2016<br \/>\n09:00-13:00<\/td>\n<td>Wartungsarbeiten EDV<\/td>\n<td>1<\/td>\n<td><\/td>\n<td><\/td>\n<\/tr>\n<tr>\n<td>28.08.2016<br \/>\n09:00-15:00<\/td>\n<td>Zusammenr\u00e4umen Boccia Turnier<\/td>\n<td>15<\/td>\n<td><\/td>\n<td><\/td>\n<\/tr>\n<tr>\n<td>27-28.08.2016<br \/>\n09:00-04:00<\/td>\n<td>Boccia Turnier<\/td>\n<td>39<\/td>\n<td><\/td>\n<td><\/td>\n<\/tr>\n<tr>\n<td>25.08.2016<br \/>\n17:00-21:00<\/td>\n<td>Herrichten f\u00fcr Boccia Turnier<\/td>\n<td>7<\/td>\n<td><\/td>\n<td><\/td>\n<\/tr>\n<tr>\n<td>24.08.2016<br \/>\n16:00-22:00<\/td>\n<td>Zeltaufbau Boccia Turnier<\/td>\n<td>8<\/td>\n<td><\/td>\n<td><\/td>\n<\/tr>\n<tr>\n<td>23.08.2016<br \/>\n19:30-21:30<\/td>\n<td>Besprechung Boccia Turnier<\/td>\n<td>17<\/td>\n<td><\/td>\n<td><\/td>\n<\/tr>\n<tr>\n<td>19.08.2016<br \/>\n18:30-22:00<\/td>\n<td>KDT Besprechung Abschnitt03 Irdning<\/td>\n<td>1<\/td>\n<td><\/td>\n<td><\/td>\n<\/tr>\n<tr>\n<td>16.08.2016<br \/>\n14:30-15:30<\/td>\n<td>Wartungsarbeiten Funk<\/td>\n<td>1<\/td>\n<td><\/td>\n<td><\/td>\n<\/tr>\n<tr>\n<td>04.08.2016<br \/>\n19:00-21:00<\/td>\n<td>Besprechung HP neu<\/td>\n<td>3<\/td>\n<td><\/td>\n<td><\/td>\n<\/tr>\n<tr>\n<td>01.08.2016<br \/>\n09:00-13:00<\/td>\n<td>Wartungsarbeiten EDV<\/td>\n<td>1<\/td>\n<td><\/td>\n<td><\/td>\n<\/tr>\n<tr>\n<td>22.07.2016<br \/>\n10:00-16:00<\/td>\n<td>Ausflug Feuerwehrjugend<\/td>\n<td>24<\/td>\n<td>MTF-A,LFB-A<\/td>\n<td><\/td>\n<\/tr>\n<tr>\n<td>16.07.2016<br \/>\n05:30-16:00<\/td>\n<td>FJ 1 u. 2 Landesbewerb Gro\u00dfsteinbach<\/td>\n<td>15<\/td>\n<td>MTF-A,MTF<\/td>\n<td><\/td>\n<\/tr>\n<tr>\n<td>14.07.2016<br \/>\n18:00-19:30<\/td>\n<td>FJ1 Vorbereitung FJLB<\/td>\n<td>6<\/td>\n<td>MTF-A<\/td>\n<td><\/td>\n<\/tr>\n<tr>\n<td>08.07.2016<br \/>\n12:00-17:30<\/td>\n<td>W\u00e4rmebildkamera\u00fcbergabe Lebring<\/td>\n<td>2<\/td>\n<td><\/td>\n<td><\/td>\n<\/tr>\n<tr>\n<td>07.07.2016<br \/>\n20:00-23:00<\/td>\n<td>Ausschu\u00dfsitzung<\/td>\n<td>8<\/td>\n<td><\/td>\n<td><\/td>\n<\/tr>\n<tr>\n<td>05.07.2016<br \/>\n15:00-18:00<\/td>\n<td>Wartungsarbeiten R\u00fcsthaus<\/td>\n<td>2<\/td>\n<td><\/td>\n<td><\/td>\n<\/tr>\n<tr>\n<td>05.07,2016<br \/>\n14:00-17:00<\/td>\n<td>Wartungsarbeiten KFZ<\/td>\n<td>1<\/td>\n<td><\/td>\n<td><\/td>\n<\/tr>\n<tr>\n<td>02.07.2016<br \/>\n08:00-17:30<\/td>\n<td>FJ 1u.2 Bereichsjugendbewerb \u00d6blarn<\/td>\n<td>13<\/td>\n<td>MTF<\/td>\n<td><\/td>\n<\/tr>\n<tr>\n<td>01.07.2016<br \/>\n09:00-13:00<\/td>\n<td>Wartungsarbeiten EDV<\/td>\n<td>1<\/td>\n<td><\/td>\n<td><\/td>\n<\/tr>\n<tr>\n<td>30.06.2016<br \/>\n08:30-11:30<\/td>\n<td>Kindergartenbesuch<\/td>\n<td>3<\/td>\n<td>KLF-A,TLF-A<br \/>\nLFB-A<\/td>\n<td><\/td>\n<\/tr>\n<tr>\n<td>29.06.2016<br \/>\n18:45-20:30<\/td>\n<td>FJ 1 \u00dcbung f.FJLB<\/td>\n<td>7<\/td>\n<td>MTF-A<\/td>\n<td><\/td>\n<\/tr>\n<tr>\n<td>28.06.2016<br \/>\n18:00-19:45<\/td>\n<td>FJ 2 \u00dcbung f.FJLB<\/td>\n<td>8<\/td>\n<td>MTF-A<\/td>\n<td><\/td>\n<\/tr>\n<tr>\n<td>27.06.2016<br \/>\n18:45-20:15<\/td>\n<td>FJ 1 \u00dcbung f.FJLB<\/td>\n<td>7<\/td>\n<td>MTF-A<\/td>\n<td><\/td>\n<\/tr>\n<tr>\n<td>24.06.2016<br \/>\n19:00-21:00<\/td>\n<td>FJ 2 \u00dcbung f.FJLB<\/td>\n<td>8<\/td>\n<td>MTF-A<\/td>\n<td><\/td>\n<\/tr>\n<tr>\n<td>21.06.2016<br \/>\n18:00-20:45<\/td>\n<td>FJ 2 \u00dcbung f.FJLB<\/td>\n<td>7<\/td>\n<td>MTF-A<\/td>\n<td><\/td>\n<\/tr>\n<tr>\n<td>18.06.2016<br \/>\n18:30-19:45<\/td>\n<td>FJ 2 \u00dcbung f.FJLB<\/td>\n<td>8<\/td>\n<td>MTF-A<\/td>\n<td><\/td>\n<\/tr>\n<tr>\n<td>16.06.2016<br \/>\n18:00-20:15<\/td>\n<td>FJ 2 \u00dcbung f.FJLB<\/td>\n<td>9<\/td>\n<td>MTF-A<\/td>\n<td><\/td>\n<\/tr>\n<tr>\n<td>\u00a003.06.2016<br \/>\n19:00-22:00<\/td>\n<td>Zeltaufbau Ranzenkar<\/td>\n<td>6<\/td>\n<td>MTF-A<\/td>\n<td><\/td>\n<\/tr>\n<tr>\n<td>01.06.2016<br \/>\n09:00-13:00<\/td>\n<td>Wartungsarbeiten EDV<\/td>\n<td>1<\/td>\n<td><\/td>\n<td><\/td>\n<\/tr>\n<tr>\n<td>31.05.2016<br \/>\n14:00-16:00<\/td>\n<td>Enstehungsbrandbek\u00e4mpfung<br \/>\nVorf\u00fchrung Aigner Pensionisten<\/td>\n<td>2<\/td>\n<td><\/td>\n<td><\/td>\n<\/tr>\n<tr>\n<td>21.-22.05.2016<br \/>\n15:00-02:00<\/td>\n<td>120 Jahrfeier und LKW Segnung<br \/>\nFF Stainach<\/td>\n<td>5<\/td>\n<td><\/td>\n<td><\/td>\n<\/tr>\n<tr>\n<td>30.04.2016<br \/>\n09:00-21:00<\/td>\n<td>Maibaumaufstellen<\/td>\n<td>29<\/td>\n<td><\/td>\n<td><\/td>\n<\/tr>\n<tr>\n<td>24.04.2016<br \/>\n08:00-14:00<\/td>\n<td>Florianikirchgang Aigen<\/td>\n<td>37<\/td>\n<td><\/td>\n<td><\/td>\n<\/tr>\n<tr>\n<td>09.04.2016<br \/>\n08:00-17:45<\/td>\n<td>Wissenstest Feuerwehrjugend<br \/>\nSt. Martin\/Grimming<\/td>\n<td>15<\/td>\n<td><\/td>\n<td><\/td>\n<\/tr>\n<tr>\n<td>21.03.2016<br \/>\n19:00-21:00<\/td>\n<td>Ausschu\u00dfsitzung<\/td>\n<td>6<\/td>\n<td><\/td>\n<td><\/td>\n<\/tr>\n<tr>\n<td>16.03.2016<br \/>\n19:00-20:30<\/td>\n<td>Bekleidungsaufnahme<\/td>\n<td>17<\/td>\n<td><\/td>\n<td><\/td>\n<\/tr>\n<tr>\n<td>24.02.2016<br \/>\n08:00-12:00<\/td>\n<td>Verwaltungst\u00e4tigkeit<\/td>\n<td>1<\/td>\n<td><\/td>\n<td><\/td>\n<\/tr>\n<tr>\n<td>22.02.2016<br \/>\n16:45-16:00<\/td>\n<td>Jugendarbeit<\/td>\n<td>3<\/td>\n<td><\/td>\n<td><\/td>\n<\/tr>\n<tr>\n<td>21.02.2016<br \/>\n09:00-14:00<\/td>\n<td>Wehrversammlung FF Aigen im Ennstal<\/td>\n<td>48<\/td>\n<td><\/td>\n<td><a title=\"Wehrversammlung 2015\" href=\"http:\/\/www.feuerwehr-aigen.at\/?page_id=608\">lesen Sie mehr&#8230;<\/a><\/td>\n<\/tr>\n<tr>\n<td>17.02.2016<br \/>\n10:00-18:00<\/td>\n<td>Besichtigung Fl\u00fcchtlinsheim Judenburg<\/td>\n<td>3<\/td>\n<td><\/td>\n<td><\/td>\n<\/tr>\n<tr>\n<td>16.02.2016<br \/>\n09:00-11:00<\/td>\n<td>Feuerbeschau Landesberufschule Aigen<\/td>\n<td>1<\/td>\n<td><\/td>\n<td><\/td>\n<\/tr>\n<tr>\n<td>05.-09.02.2016<br \/>\n17:00-24:00<\/td>\n<td>Faschingbar<\/td>\n<td>15<\/td>\n<td><\/td>\n<td><\/td>\n<\/tr>\n<tr>\n<td>30.-31.01.2016<br \/>\n18:00-01:30<\/td>\n<td>50er Geburtstagsfeier<br \/>\nHBI Tiefenbacher Manfred<\/td>\n<td>27<\/td>\n<td>MTF-A<\/td>\n<td><\/td>\n<\/tr>\n<tr>\n<td>27.01.2016<br \/>\n15:00-17:00<\/td>\n<td>Technischer-Dienst Funk<\/td>\n<td>2<\/td>\n<td><\/td>\n<td><\/td>\n<\/tr>\n<tr>\n<td>23.-24.01.2016<br \/>\n10:00-02:00<\/td>\n<td>Wattturnier FF Aigen<\/td>\n<td>7<\/td>\n<td><\/td>\n<td><\/td>\n<\/tr>\n<tr>\n<td>15.01.2016<br \/>\n15:00-17:00<\/td>\n<td>Technischer-Dienst Funk<\/td>\n<td>1<\/td>\n<td><\/td>\n<td><\/td>\n<\/tr>\n<\/tbody>\n<\/table>\n<p>&nbsp;<\/p>\n","protected":false},"excerpt":{"rendered":"<p>Datum\/Uhrzeit Veranstaltung Mann Fahrzeuge Bericht 28.12.2016 12:00-22:00 Geburtstagsfeier 2.Abteilung 17 27.12.2016 15:00-17:30 Wartungsarbeiten KFZ 1 \u00a027.12.2016 14:15-14:45 \u00a0Wartungsarbeiten Funk 1 \u00a019.12.2016 13:00-17:00 Kirchgang-Begr\u00e4bnis EHBI Reiter Josef\u00a0 \u00a0FF-Erlsberg \u00a05 MTF-A \u00a017.12.2016 19:00-01:00 \u00a0Weihnachtsfeier R\u00fcsthaus 42 \u00a004.12.2016 11:00-19:00 Ausschank Advent erleben 5 Ausschankwagen \u00a003.12.2016 09:00-13:00 Feuerl\u00f6scher\u00fcberpr\u00fcfung \u00a02 02.12.2016 08:00-16:00 Feuerl\u00f6scher\u00fcberpr\u00fcfung \u00a02 20.11.2016 07:30-12:00 Verwaltungst\u00e4tigkeiten 1 19.11.2016 09:00-12:00 [&hellip;]<\/p>\n","protected":false},"author":1,"featured_media":0,"parent":1135,"menu_order":2,"comment_status":"closed","ping_status":"closed","template":"","meta":{"footnotes":""},"class_list":["post-1119","page","type-page","status-publish","hentry"],"jetpack_sharing_enabled":true,"_links":{"self":[{"href":"https:\/\/www.feuerwehr-aigen.at\/index.php?rest_route=\/wp\/v2\/pages\/1119","targetHints":{"allow":["GET"]}}],"collection":[{"href":"https:\/\/www.feuerwehr-aigen.at\/index.php?rest_route=\/wp\/v2\/pages"}],"about":[{"href":"https:\/\/www.feuerwehr-aigen.at\/index.php?rest_route=\/wp\/v2\/types\/page"}],"author":[{"embeddable":true,"href":"https:\/\/www.feuerwehr-aigen.at\/index.php?rest_route=\/wp\/v2\/users\/1"}],"replies":[{"embeddable":true,"href":"https:\/\/www.feuerwehr-aigen.at\/index.php?rest_route=%2Fwp%2Fv2%2Fcomments&post=1119"}],"version-history":[{"count":21,"href":"https:\/\/www.feuerwehr-aigen.at\/index.php?rest_route=\/wp\/v2\/pages\/1119\/revisions"}],"predecessor-version":[{"id":2220,"href":"https:\/\/www.feuerwehr-aigen.at\/index.php?rest_route=\/wp\/v2\/pages\/1119\/revisions\/2220"}],"up":[{"embeddable":true,"href":"https:\/\/www.feuerwehr-aigen.at\/index.php?rest_route=\/wp\/v2\/pages\/1135"}],"wp:attachment":[{"href":"https:\/\/www.feuerwehr-aigen.at\/index.php?rest_route=%2Fwp%2Fv2%2Fmedia&parent=1119"}],"curies":[{"name":"wp","href":"https:\/\/api.w.org\/{rel}","templated":true}]}}