{"id":1115,"date":"2016-11-07T22:40:02","date_gmt":"2016-11-07T22:40:02","guid":{"rendered":"http:\/\/www.feuerwehr-aigen.at\/?page_id=1115"},"modified":"2017-01-09T10:43:22","modified_gmt":"2017-01-09T09:43:22","slug":"einsaetze-2016","status":"publish","type":"page","link":"https:\/\/www.feuerwehr-aigen.at\/?page_id=1115","title":{"rendered":"Eins\u00e4tze 2016"},"content":{"rendered":"<table style=\"width: 751px;\">\n<tbody>\n<tr style=\"height: 24px;\">\n<td style=\"width: 109.95px; height: 24px;\"><strong>\u00a0Alarmierung<\/strong><\/td>\n<td style=\"width: 322.04px; height: 24px;\"><strong>\u00a0Einsatzbeschreibung<\/strong><\/td>\n<td style=\"width: 52px; height: 24px;\"><strong>\u00a0Mann<\/strong><\/td>\n<td style=\"width: 110px; height: 24px;\"><strong>\u00a0Fahrzeuge<\/strong><\/td>\n<td style=\"width: 122px; height: 24px;\"><strong>\u00a0Bericht<\/strong><\/td>\n<\/tr>\n<tr style=\"height: 24px;\">\n<td style=\"width: 109.95px; height: 24px;\"><\/td>\n<td style=\"width: 322.04px; height: 24px;\"><\/td>\n<td style=\"width: 52px; height: 24px;\"><\/td>\n<td style=\"width: 110px; height: 24px;\"><\/td>\n<td style=\"width: 122px; height: 24px;\"><\/td>\n<\/tr>\n<tr style=\"height: 24px;\">\n<td style=\"width: 109.95px; height: 24px;\">24.12.2016<br \/>\n18:53-19:15<\/td>\n<td style=\"width: 322.04px; height: 24px;\">Brandmeldealarm B06-\u00a0Jugendg\u00e4stehaus Puttererschl\u00f6\u00dfl &#8211; T\u00e4uschungsalarm<\/td>\n<td style=\"width: 52px; height: 24px;\">\u00a017<\/td>\n<td style=\"width: 110px; height: 24px;\">TLF-A, KLF-A<\/td>\n<td style=\"width: 122px; height: 24px;\"><\/td>\n<\/tr>\n<tr style=\"height: 24px;\">\n<td style=\"width: 109.95px; height: 24px;\">22.12.2016<br \/>\n12:57-14:00<\/td>\n<td style=\"width: 322.04px; height: 24px;\">Verkehrsunfall T03-\u00a0mit LKW<br \/>\nVorbergweg<\/td>\n<td style=\"width: 52px; height: 24px;\">7<\/td>\n<td style=\"width: 110px; height: 24px;\">TLF-A, MTF-A<\/td>\n<td style=\"width: 122px; height: 24px;\">\u00a0<a href=\"http:\/\/www.feuerwehr-aigen.at\/?page_id=2190\">lesen Sie mehr&#8230;<\/a><\/td>\n<\/tr>\n<tr style=\"height: 24px;\">\n<td style=\"width: 109.95px; height: 24px;\">22.12.2016<br \/>\n11:41-12:57<\/td>\n<td style=\"width: 322.04px; height: 24px;\">Verkehrsunfall T03-\u00a0mit PKW<br \/>\nFischern<\/td>\n<td style=\"width: 52px; height: 24px;\">11<\/td>\n<td style=\"width: 110px; height: 24px;\">TLF-A, KLF-A<br \/>\nMTF-A<\/td>\n<td style=\"width: 122px; height: 24px;\">\u00a0<a href=\"http:\/\/www.feuerwehr-aigen.at\/?page_id=2190\">lesen Sie mehr&#8230;<\/a><\/td>\n<\/tr>\n<tr style=\"height: 24px;\">\n<td style=\"width: 109.95px; height: 24px;\">17.12.2016<br \/>\n16:17-17:00<\/td>\n<td style=\"width: 322.04px; height: 24px;\">\u00a0Brandmeldealarm B06-\u00a0Landesberufsschule<br \/>\nT\u00e4uschungsalarm<\/td>\n<td style=\"width: 52px; height: 24px;\">13<\/td>\n<td style=\"width: 110px; height: 24px;\">TLF-A, KLF-A<\/td>\n<td style=\"width: 122px; height: 24px;\"><\/td>\n<\/tr>\n<tr style=\"height: 24px;\">\n<td style=\"width: 109.95px; height: 24px;\">14.12.2016<br \/>\n12:15-12:45<\/td>\n<td style=\"width: 322.04px; height: 24px;\">Brandeinsatz B01-starke Rauchentwicklung<br \/>\nFa. Landmarkt<\/td>\n<td style=\"width: 52px; height: 24px;\">17<\/td>\n<td style=\"width: 110px; height: 24px;\"><\/td>\n<td style=\"width: 122px; height: 24px;\"><\/td>\n<\/tr>\n<tr style=\"height: 24px;\">\n<td style=\"width: 109.95px; height: 24px;\">04.12.2016<br \/>\n11:00-19:00<\/td>\n<td style=\"width: 322.04px; height: 24px;\">Brandsicherheitswache<br \/>\nAdvent erleben<\/td>\n<td style=\"width: 52px; height: 24px;\">\u00a02<\/td>\n<td style=\"width: 110px; height: 24px;\">MTF-A<\/td>\n<td style=\"width: 122px; height: 24px;\"><\/td>\n<\/tr>\n<tr style=\"height: 24px;\">\n<td style=\"width: 109.95px; height: 24px;\">28.11.2016<br \/>\n16:45-18:00<\/td>\n<td style=\"width: 322.04px; height: 24px;\">Brandeinsatz B03-Kaminbrand<br \/>\nSallaberg\/Kulm<\/td>\n<td style=\"width: 52px; height: 24px;\">11<\/td>\n<td style=\"width: 110px; height: 24px;\">TLF-A, KLF-A<br \/>\nMTF-A<\/td>\n<td style=\"width: 122px; height: 24px;\"><\/td>\n<\/tr>\n<tr style=\"height: 24px;\">\n<td style=\"width: 109.95px; height: 24px;\">26-27.11.2016<br \/>\n22:00-04:30<\/td>\n<td style=\"width: 322.04px; height: 24px;\">Brandsicherheitswache Puttererseehalle<br \/>\nKrampusskr\u00e4nzchen<\/td>\n<td style=\"width: 52px; height: 24px;\">2<\/td>\n<td style=\"width: 110px; height: 24px;\">MTF-A<\/td>\n<td style=\"width: 122px; height: 24px;\"><\/td>\n<\/tr>\n<tr style=\"height: 24px;\">\n<td style=\"width: 109.95px; height: 24px;\">26.11.2016<br \/>\n17:30-22:00<\/td>\n<td style=\"width: 322.04px; height: 24px;\">Brandsicherheitswache 4.Krampusslauf<\/td>\n<td style=\"width: 52px; height: 24px;\">22<\/td>\n<td style=\"width: 110px; height: 24px;\">TLF-A, KLF-A<br \/>\nMTF-A<\/td>\n<td style=\"width: 122px; height: 24px;\"><\/td>\n<\/tr>\n<tr style=\"height: 24px;\">\n<td style=\"width: 109.95px; height: 24px;\">\u00a004.11.2016<br \/>\n18:13-19:30<\/td>\n<td style=\"width: 322.04px; height: 24px;\">\u00a0Brandeinsatz B08- Radladerbrand Gindl<\/td>\n<td style=\"width: 52px; height: 24px;\">18<\/td>\n<td style=\"width: 110px; height: 24px;\">TLF-A, KLF-A<\/td>\n<td style=\"width: 122px; height: 24px;\">\u00a0<a href=\"http:\/\/www.feuerwehr-aigen.at\/?page_id=1207\">lesen Sie mehr&#8230;<\/a><\/td>\n<\/tr>\n<tr style=\"height: 24px;\">\n<td style=\"width: 109.95px; height: 24px;\">28.10.2016 10:10-11:30<\/td>\n<td style=\"width: 322.04px; height: 24px;\">Technischer Einsatz T10- Verkehrsunfall PKW Schlattham<\/td>\n<td style=\"width: 52px; height: 24px;\">12<\/td>\n<td style=\"width: 110px; height: 24px;\">TLF-A, KLF-A<\/td>\n<td style=\"width: 122px; height: 24px;\"><\/td>\n<\/tr>\n<tr style=\"height: 24px;\">\n<td style=\"width: 109.95px; height: 24px;\">01.10.2016 13:30-18:00<\/td>\n<td style=\"width: 322.04px; height: 24px;\">Technischer Einsatz\u00a0 Streckenposten Bezirkslaufcup<\/td>\n<td style=\"width: 52px; height: 24px;\">9<\/td>\n<td style=\"width: 110px; height: 24px;\">KLF-A, MTF-A<\/td>\n<td style=\"width: 122px; height: 24px;\"><\/td>\n<\/tr>\n<tr style=\"height: 24px;\">\n<td style=\"width: 109.95px; height: 24px;\">24.09.2016 16:22-18:00<\/td>\n<td style=\"width: 322.04px; height: 24px;\">Technischer Einsatz T08- Tierrettung H\u00f6he W\u00f6rschach<\/td>\n<td style=\"width: 52px; height: 24px;\">6<\/td>\n<td style=\"width: 110px; height: 24px;\">TLF-A<\/td>\n<td style=\"width: 122px; height: 24px;\"><\/td>\n<\/tr>\n<tr style=\"height: 24px;\">\n<td style=\"width: 109.95px; height: 24px;\">24.09.2016 12:00-21:00<\/td>\n<td style=\"width: 322.04px; height: 24px;\">Technischer Einsatz\u00a0 Streckenposten Rally Vorberg &#8211; Oppenberg<\/td>\n<td style=\"width: 52px; height: 24px;\">13<\/td>\n<td style=\"width: 110px; height: 24px;\">KLF-A,MTF-A<\/td>\n<td style=\"width: 122px; height: 24px;\"><\/td>\n<\/tr>\n<tr style=\"height: 24px;\">\n<td style=\"width: 109.95px; height: 24px;\">04.08.2016 12:00-13:00<\/td>\n<td style=\"width: 322.04px; height: 24px;\">Technischer Einsatz\u00a0 T01- Stapflweg<\/td>\n<td style=\"width: 52px; height: 24px;\">2<\/td>\n<td style=\"width: 110px; height: 24px;\">TLF-A<\/td>\n<td style=\"width: 122px; height: 24px;\"><\/td>\n<\/tr>\n<tr style=\"height: 24px;\">\n<td style=\"width: 109.95px; height: 24px;\">25.07.2016 19:00-20:05<\/td>\n<td style=\"width: 322.04px; height: 24px;\">Technischer Einsatz T07- Hochwasser Ketten<\/td>\n<td style=\"width: 52px; height: 24px;\">16<\/td>\n<td style=\"width: 110px; height: 24px;\">TLF-A, KLF-A<\/td>\n<td style=\"width: 122px; height: 24px;\"><\/td>\n<\/tr>\n<tr style=\"height: 24px;\">\n<td style=\"width: 109.95px; height: 24px;\">18.07.2016 21:01-22:05<\/td>\n<td style=\"width: 322.04px; height: 24px;\">Brandmeldealarm B06-\u00a0Landesberufsschule<br \/>\nT\u00e4uschungsalarm<\/td>\n<td style=\"width: 52px; height: 24px;\">13<\/td>\n<td style=\"width: 110px; height: 24px;\">TLF-A, KLF-A<\/td>\n<td style=\"width: 122px; height: 24px;\"><\/td>\n<\/tr>\n<tr style=\"height: 24px;\">\n<td style=\"width: 109.95px; height: 24px;\">14.07.2016 14:15-15:30<\/td>\n<td style=\"width: 322.04px; height: 24px;\">Technischer Einsatz T01-\u00a0Hochwasser Ketten<\/td>\n<td style=\"width: 52px; height: 24px;\">4<\/td>\n<td style=\"width: 110px; height: 24px;\">TLF-A<\/td>\n<td style=\"width: 122px; height: 24px;\"><\/td>\n<\/tr>\n<tr style=\"height: 24px;\">\n<td style=\"width: 109.95px; height: 24px;\">05.07.2016 09:30-12:00<\/td>\n<td style=\"width: 322.04px; height: 24px;\">Technischer Einsatz 1 Steinbruch Fischern<\/td>\n<td style=\"width: 52px; height: 24px;\">1<\/td>\n<td style=\"width: 110px; height: 24px;\">TLF-A<\/td>\n<td style=\"width: 122px; height: 24px;\"><\/td>\n<\/tr>\n<tr style=\"height: 24px;\">\n<td style=\"width: 109.95px; height: 24px;\">02.07.2016 19:15-21:30<\/td>\n<td style=\"width: 322.04px; height: 24px;\">Technischer Einsatz 1 Wassereintritt Hohenberg<\/td>\n<td style=\"width: 52px; height: 24px;\">7<\/td>\n<td style=\"width: 110px; height: 24px;\">KLF-A<\/td>\n<td style=\"width: 122px; height: 24px;\"><\/td>\n<\/tr>\n<tr style=\"height: 24px;\">\n<td style=\"width: 109.95px; height: 24px;\">02.07.2016 20:18-21:30<\/td>\n<td style=\"width: 322.04px; height: 24px;\">Technischer Einsatz 1 Murenabgang Vorbergweg<\/td>\n<td style=\"width: 52px; height: 24px;\">9<\/td>\n<td style=\"width: 110px; height: 24px;\">TLF-A<\/td>\n<td style=\"width: 122px; height: 24px;\"><\/td>\n<\/tr>\n<tr style=\"height: 24px;\">\n<td style=\"width: 109.95px; height: 24px;\">02.07.2016 19:15-20:18<\/td>\n<td style=\"width: 322.04px; height: 24px;\">Technischer Einsatz 1\u00a0 Fahrzeugbergung Seetafel<\/td>\n<td style=\"width: 52px; height: 24px;\">9<\/td>\n<td style=\"width: 110px; height: 24px;\">TLF-A<\/td>\n<td style=\"width: 122px; height: 24px;\"><\/td>\n<\/tr>\n<tr style=\"height: 24px;\">\n<td style=\"width: 109.95px; height: 24px;\">02.07.2016 18:00-01:30<\/td>\n<td style=\"width: 322.04px; height: 24px;\">Brandsicherheitswache Bezirksmusikfest<\/td>\n<td style=\"width: 52px; height: 24px;\">3<\/td>\n<td style=\"width: 110px; height: 24px;\">MTF-A<\/td>\n<td style=\"width: 122px; height: 24px;\"><\/td>\n<\/tr>\n<tr style=\"height: 24px;\">\n<td style=\"width: 109.95px; height: 24px;\">02.07.2016 11:00-18:00<\/td>\n<td style=\"width: 322.04px; height: 24px;\">Technischer Einsatz 1\u00a0Streckenposten Bezirksmusikfest<\/td>\n<td style=\"width: 52px; height: 24px;\">11<\/td>\n<td style=\"width: 110px; height: 24px;\">MTF, KLF-A LKW-A<\/td>\n<td style=\"width: 122px; height: 24px;\"><\/td>\n<\/tr>\n<tr style=\"height: 24px;\">\n<td style=\"width: 109.95px; height: 24px;\">26.06.2016 14:00-19:00<\/td>\n<td style=\"width: 322.04px; height: 24px;\">Brandeinsatz 1 Waldbrand Nojer(Stainach)<\/td>\n<td style=\"width: 52px; height: 24px;\">5<\/td>\n<td style=\"width: 110px; height: 24px;\">LKW-A<\/td>\n<td style=\"width: 122px; height: 24px;\"><\/td>\n<\/tr>\n<tr style=\"height: 24px;\">\n<td style=\"width: 109.95px; height: 24px;\">21.06.2016 18:21-19:00<\/td>\n<td style=\"width: 322.04px; height: 24px;\">Brandeinsatz 1\u00a0 Sonnwendfeuer<\/td>\n<td style=\"width: 52px; height: 24px;\">12<\/td>\n<td style=\"width: 110px; height: 24px;\">TLF-A,KLF-A<\/td>\n<td style=\"width: 122px; height: 24px;\"><\/td>\n<\/tr>\n<tr style=\"height: 24px;\">\n<td style=\"width: 109.95px; height: 24px;\">12.06.2016 22:46-23:18<\/td>\n<td style=\"width: 322.04px; height: 24px;\">Brandmeldealarm\u00a0B06- Puttererseehalle<\/td>\n<td style=\"width: 52px; height: 24px;\">8<\/td>\n<td style=\"width: 110px; height: 24px;\">TLF-A<\/td>\n<td style=\"width: 122px; height: 24px;\"><\/td>\n<\/tr>\n<tr style=\"height: 24px;\">\n<td style=\"width: 109.95px; height: 24px;\">11.06.2016 12:30-22:00<\/td>\n<td style=\"width: 322.04px; height: 24px;\">Streckenposten Puttererseetriathlon<\/td>\n<td style=\"width: 52px; height: 24px;\">17<\/td>\n<td style=\"width: 110px; height: 24px;\">LKW-A, KLF-A MTF-A<\/td>\n<td style=\"width: 122px; height: 24px;\"><\/td>\n<\/tr>\n<tr style=\"height: 24px;\">\n<td style=\"width: 109.95px; height: 24px;\">07.06.2016 16:28-18:00<\/td>\n<td style=\"width: 322.04px; height: 24px;\">Technischer Einsatz 1 Steinbruch Fischern<\/td>\n<td style=\"width: 52px; height: 24px;\">3<\/td>\n<td style=\"width: 110px; height: 24px;\">TLF-A<\/td>\n<td style=\"width: 122px; height: 24px;\"><\/td>\n<\/tr>\n<tr style=\"height: 24px;\">\n<td style=\"width: 109.95px; height: 24px;\">26.05.2016 09:28-10:30<\/td>\n<td style=\"width: 322.04px; height: 24px;\">Technischer Einsatz 1 Wassertransport<\/td>\n<td style=\"width: 52px; height: 24px;\">1<\/td>\n<td style=\"width: 110px; height: 24px;\">TLF-A<\/td>\n<td style=\"width: 122px; height: 24px;\"><\/td>\n<\/tr>\n<tr style=\"height: 24px;\">\n<td style=\"width: 109.95px; height: 24px;\">\u00a025.05.2016<br \/>\n09:06-09:30<\/td>\n<td style=\"width: 322.04px; height: 24px;\">\u00a0Brandmeldealarm B06-\u00a0Landesberufschule\u00a0 Fehlalarm<\/td>\n<td style=\"width: 52px; height: 24px;\">\u00a09<\/td>\n<td style=\"width: 110px; height: 24px;\">TLF-A<\/td>\n<td style=\"width: 122px; height: 24px;\"><\/td>\n<\/tr>\n<tr style=\"height: 24px;\">\n<td style=\"width: 109.95px; height: 24px;\">\u00a024.05.2016<br \/>\n16:37-18:30<\/td>\n<td style=\"width: 322.04px; height: 24px;\">\u00a0M\u00fcllcontainerbrand Kl\u00e4ranlage Aigen<\/td>\n<td style=\"width: 52px; height: 24px;\">\u00a012<\/td>\n<td style=\"width: 110px; height: 24px;\">TLF-A, KLF-A<\/td>\n<td style=\"width: 122px; height: 24px;\">\u00a0<a title=\"Containerbrand Aigen 2016\" href=\"http:\/\/www.feuerwehr-aigen.at\/?page_id=611\">lesen Sie mehr&#8230;<\/a><\/td>\n<\/tr>\n<tr style=\"height: 24px;\">\n<td style=\"width: 109.95px; height: 24px;\">\u00a013.04.2016<br \/>\n05:41-06:00<\/td>\n<td style=\"width: 322.04px; height: 24px;\">\u00a0Verkehrsunfall L742<br \/>\nH\u00f6he Kl\u00e4ranlage<\/td>\n<td style=\"width: 52px; height: 24px;\">\u00a09<\/td>\n<td style=\"width: 110px; height: 24px;\">TLF-A<\/td>\n<td style=\"width: 122px; height: 24px;\"><\/td>\n<\/tr>\n<tr style=\"height: 24px;\">\n<td style=\"width: 109.95px; height: 24px;\">\u00a005.04.2016<br \/>\n17:54-18:30<\/td>\n<td style=\"width: 322.04px; height: 24px;\">\u00a0Brandmeldealarm B06-Landesberufschule<br \/>\nT\u00e4uschungsalarm<\/td>\n<td style=\"width: 52px; height: 24px;\">\u00a010<\/td>\n<td style=\"width: 110px; height: 24px;\">TLF-A<\/td>\n<td style=\"width: 122px; height: 24px;\"><\/td>\n<\/tr>\n<tr style=\"height: 24px;\">\n<td style=\"width: 109.95px; height: 24px;\">\u00a005.04.2016<br \/>\n10:50-12:00<\/td>\n<td style=\"width: 322.04px; height: 24px;\">\u00a0Wassertransport Schlattham<\/td>\n<td style=\"width: 52px; height: 24px;\">\u00a02<\/td>\n<td style=\"width: 110px; height: 24px;\">TLF-A<\/td>\n<td style=\"width: 122px; height: 24px;\"><\/td>\n<\/tr>\n<tr style=\"height: 24px;\">\n<td style=\"width: 109.95px; height: 24px;\">\u00a001.04.2016<br \/>\n00:50-01:30<\/td>\n<td style=\"width: 322.04px; height: 24px;\">\u00a0Brandmeldealarm Landesberufschule<\/td>\n<td style=\"width: 52px; height: 24px;\">\u00a08<\/td>\n<td style=\"width: 110px; height: 24px;\">TLF-A<\/td>\n<td style=\"width: 122px; height: 24px;\"><\/td>\n<\/tr>\n<tr style=\"height: 24px;\">\n<td style=\"width: 109.95px; height: 24px;\">\u00a029.03.2016<br \/>\n20:42-21:30<\/td>\n<td style=\"width: 322.04px; height: 24px;\">\u00a0Heckenbrand Ketten<\/td>\n<td style=\"width: 52px; height: 24px;\">\u00a016<\/td>\n<td style=\"width: 110px; height: 24px;\">TLF-A, KLF-A<\/td>\n<td style=\"width: 122px; height: 24px;\"><\/td>\n<\/tr>\n<tr style=\"height: 24px;\">\n<td style=\"width: 109.95px; height: 24px;\">\u00a025.03.2016<br \/>\n05:53-07:30<\/td>\n<td style=\"width: 322.04px; height: 24px;\">\u00a0Auto Sicherungsarbeiten Vorberg<\/td>\n<td style=\"width: 52px; height: 24px;\">\u00a09<\/td>\n<td style=\"width: 110px; height: 24px;\">TLF-A<\/td>\n<td style=\"width: 122px; height: 24px;\"><\/td>\n<\/tr>\n<tr style=\"height: 24px;\">\n<td style=\"width: 109.95px; height: 24px;\">\u00a019.03.2016<br \/>\n19:00-24:00<\/td>\n<td style=\"width: 322.04px; height: 24px;\">\u00a0Brandsicherheitswache Puttererseehalle<br \/>\nFr\u00fchlingskonzert<\/td>\n<td style=\"width: 52px; height: 24px;\">\u00a02<\/td>\n<td style=\"width: 110px; height: 24px;\">MTF-A<\/td>\n<td style=\"width: 122px; height: 24px;\"><\/td>\n<\/tr>\n<tr style=\"height: 24px;\">\n<td style=\"width: 109.95px; height: 24px;\">\u00a013.03.2016<br \/>\n08:00-17:00<\/td>\n<td style=\"width: 322.04px; height: 24px;\">\u00a0Brandsicherheitswache Puttererseehalle<br \/>\nTroph\u00e4enschau<\/td>\n<td style=\"width: 52px; height: 24px;\">\u00a02<\/td>\n<td style=\"width: 110px; height: 24px;\">MTF-A<\/td>\n<td style=\"width: 122px; height: 24px;\"><\/td>\n<\/tr>\n<tr style=\"height: 24px;\">\n<td style=\"width: 109.95px; height: 24px;\">\u00a012.03.2016<br \/>\n13:30-23:00<\/td>\n<td style=\"width: 322.04px; height: 24px;\">\u00a0Brandsicherheitswache Puttererseehalle<br \/>\nBezirksj\u00e4gertag<\/td>\n<td style=\"width: 52px; height: 24px;\">\u00a02<\/td>\n<td style=\"width: 110px; height: 24px;\">MTF-A<\/td>\n<td style=\"width: 122px; height: 24px;\"><\/td>\n<\/tr>\n<tr style=\"height: 24px;\">\n<td style=\"width: 109.95px; height: 24px;\">\u00a006.03.2016<br \/>\n16:35-20:00<\/td>\n<td style=\"width: 322.04px; height: 24px;\">\u00a0Verkehrsunfall Ortsgebiet Aigen<\/td>\n<td style=\"width: 52px; height: 24px;\">\u00a022<\/td>\n<td style=\"width: 110px; height: 24px;\">TLF-A, KLF-A<br \/>\nMTF-A<\/td>\n<td style=\"width: 122px; height: 24px;\">\u00a0<a title=\"Verkehrsunfall Aigen 2016\" href=\"http:\/\/www.feuerwehr-aigen.at\/?page_id=610\">lesen Sie mehr<\/a>&#8230;<\/td>\n<\/tr>\n<tr style=\"height: 24px;\">\n<td style=\"width: 109.95px; height: 24px;\">\u00a027.02.2016<br \/>\n07:30-17:30<\/td>\n<td style=\"width: 322.04px; height: 24px;\">\u00a0Brandsicherheitswache \/ Parkplatz einweisen<br \/>\nPferdetagung<\/td>\n<td style=\"width: 52px; height: 24px;\">\u00a07<\/td>\n<td style=\"width: 110px; height: 24px;\">MTF-A<\/td>\n<td style=\"width: 122px; height: 24px;\"><\/td>\n<\/tr>\n<tr style=\"height: 24px;\">\n<td style=\"width: 109.95px; height: 24px;\">\u00a026.02.2016<br \/>\n07:00-13:30<\/td>\n<td style=\"width: 322.04px; height: 24px;\">\u00a0Brandsicherheitswache \/ Parkplatz einweisen<br \/>\nJ\u00e4gertagung<\/td>\n<td style=\"width: 52px; height: 24px;\">\u00a010<\/td>\n<td style=\"width: 110px; height: 24px;\">KLF-A, MTF-A<\/td>\n<td style=\"width: 122px; height: 24px;\"><\/td>\n<\/tr>\n<tr style=\"height: 24px;\">\n<td style=\"width: 109.95px; height: 24px;\">\u00a025.-26.02.2016<br \/>\n07:25-01:30<\/td>\n<td style=\"width: 322.04px; height: 24px;\">\u00a0Brandsicherheitswache \/ Parkplatz einweisen<br \/>\nJ\u00e4gertagung<\/td>\n<td style=\"width: 52px; height: 24px;\">\u00a012<\/td>\n<td style=\"width: 110px; height: 24px;\">KLF-A, MTF-A<\/td>\n<td style=\"width: 122px; height: 24px;\"><\/td>\n<\/tr>\n<tr style=\"height: 24px;\">\n<td style=\"width: 109.95px; height: 24px;\">\u00a012.02.2016<br \/>\n07:15-13:00<\/td>\n<td style=\"width: 322.04px; height: 24px;\">\u00a0Brandsicherheitswache \/ Parkplatz einweisen<br \/>\nWintertagung<\/td>\n<td style=\"width: 52px; height: 24px;\">\u00a010<\/td>\n<td style=\"width: 110px; height: 24px;\">KLF-A, MTF-A<\/td>\n<td style=\"width: 122px; height: 24px;\"><\/td>\n<\/tr>\n<tr style=\"height: 24px;\">\n<td style=\"width: 109.95px; height: 24px;\">\u00a011.02.2016<br \/>\n07:00-24:00<\/td>\n<td style=\"width: 322.04px; height: 24px;\">\u00a0Brandsicherheitswache \/ Parkplatz einweisen<br \/>\nWintertagung<\/td>\n<td style=\"width: 52px; height: 24px;\">\u00a010<\/td>\n<td style=\"width: 110px; height: 24px;\">KLF-A, MTF-A<\/td>\n<td style=\"width: 122px; height: 24px;\"><\/td>\n<\/tr>\n<tr style=\"height: 24px;\">\n<td style=\"width: 109.95px; height: 24px;\">\u00a009.02.2016<br \/>\n13:30-19:00<\/td>\n<td style=\"width: 322.04px; height: 24px;\">\u00a0Brandsicherheitswache Puttererseehalle<br \/>\nKinderfasching<\/td>\n<td style=\"width: 52px; height: 24px;\">\u00a02<\/td>\n<td style=\"width: 110px; height: 24px;\">MTF-A<\/td>\n<td style=\"width: 122px; height: 24px;\"><\/td>\n<\/tr>\n<tr style=\"height: 24px;\">\n<td style=\"width: 109.95px; height: 24px;\">\u00a001.02.2016<br \/>\n08:17-09:00<\/td>\n<td style=\"width: 322.04px; height: 24px;\">\u00a0Brandmeldealarm Puttererseehalle<br \/>\nFehlalarm<\/td>\n<td style=\"width: 52px; height: 24px;\">\u00a08<\/td>\n<td style=\"width: 110px; height: 24px;\">TLF-A<\/td>\n<td style=\"width: 122px; height: 24px;\"><\/td>\n<\/tr>\n<tr style=\"height: 24px;\">\n<td style=\"width: 109.95px; height: 24px;\">\u00a001.02.2016<br \/>\n04:30-05:30<\/td>\n<td style=\"width: 322.04px; height: 24px;\">\u00a0Keller unter Wasser<br \/>\nTachenberg<\/td>\n<td style=\"width: 52px; height: 24px;\">\u00a01<\/td>\n<td style=\"width: 110px; height: 24px;\">KLF-A<\/td>\n<td style=\"width: 122px; height: 24px;\"><\/td>\n<\/tr>\n<tr style=\"height: 24px;\">\n<td style=\"width: 109.95px; height: 24px;\">\u00a008.01.2016<br \/>\n09:25-10:15<\/td>\n<td style=\"width: 322.04px; height: 24px;\">\u00a0Verkehrsunfall Fischern<\/td>\n<td style=\"width: 52px; height: 24px;\">\u00a07<\/td>\n<td style=\"width: 110px; height: 24px;\">TLF-A<\/td>\n<td style=\"width: 122px; height: 24px;\"><\/td>\n<\/tr>\n<tr style=\"height: 24px;\">\n<td style=\"width: 109.95px; height: 24px;\">\u00a003.01.2016<br \/>\n14:30-19:00<\/td>\n<td style=\"width: 322.04px; height: 24px;\">\u00a0Brandsicherheitswache Puttererseehalle<br \/>\nNeujahrskonzert<\/td>\n<td style=\"width: 52px; height: 24px;\">\u00a02<\/td>\n<td style=\"width: 110px; height: 24px;\">MTF-A<\/td>\n<td style=\"width: 122px; height: 24px;\"><\/td>\n<\/tr>\n<\/tbody>\n<\/table>\n<p>&nbsp;<\/p>\n","protected":false},"excerpt":{"rendered":"<p>\u00a0Alarmierung \u00a0Einsatzbeschreibung \u00a0Mann \u00a0Fahrzeuge \u00a0Bericht 24.12.2016 18:53-19:15 Brandmeldealarm B06-\u00a0Jugendg\u00e4stehaus Puttererschl\u00f6\u00dfl &#8211; T\u00e4uschungsalarm \u00a017 TLF-A, KLF-A 22.12.2016 12:57-14:00 Verkehrsunfall T03-\u00a0mit LKW Vorbergweg 7 TLF-A, MTF-A \u00a0lesen Sie mehr&#8230; 22.12.2016 11:41-12:57 Verkehrsunfall T03-\u00a0mit PKW Fischern 11 TLF-A, KLF-A MTF-A \u00a0lesen Sie mehr&#8230; 17.12.2016 16:17-17:00 \u00a0Brandmeldealarm B06-\u00a0Landesberufsschule T\u00e4uschungsalarm 13 TLF-A, KLF-A 14.12.2016 12:15-12:45 Brandeinsatz B01-starke Rauchentwicklung Fa. Landmarkt [&hellip;]<\/p>\n","protected":false},"author":1,"featured_media":0,"parent":1135,"menu_order":0,"comment_status":"closed","ping_status":"closed","template":"","meta":{"footnotes":""},"class_list":["post-1115","page","type-page","status-publish","hentry"],"jetpack_sharing_enabled":true,"_links":{"self":[{"href":"https:\/\/www.feuerwehr-aigen.at\/index.php?rest_route=\/wp\/v2\/pages\/1115","targetHints":{"allow":["GET"]}}],"collection":[{"href":"https:\/\/www.feuerwehr-aigen.at\/index.php?rest_route=\/wp\/v2\/pages"}],"about":[{"href":"https:\/\/www.feuerwehr-aigen.at\/index.php?rest_route=\/wp\/v2\/types\/page"}],"author":[{"embeddable":true,"href":"https:\/\/www.feuerwehr-aigen.at\/index.php?rest_route=\/wp\/v2\/users\/1"}],"replies":[{"embeddable":true,"href":"https:\/\/www.feuerwehr-aigen.at\/index.php?rest_route=%2Fwp%2Fv2%2Fcomments&post=1115"}],"version-history":[{"count":33,"href":"https:\/\/www.feuerwehr-aigen.at\/index.php?rest_route=\/wp\/v2\/pages\/1115\/revisions"}],"predecessor-version":[{"id":2147,"href":"https:\/\/www.feuerwehr-aigen.at\/index.php?rest_route=\/wp\/v2\/pages\/1115\/revisions\/2147"}],"up":[{"embeddable":true,"href":"https:\/\/www.feuerwehr-aigen.at\/index.php?rest_route=\/wp\/v2\/pages\/1135"}],"wp:attachment":[{"href":"https:\/\/www.feuerwehr-aigen.at\/index.php?rest_route=%2Fwp%2Fv2%2Fmedia&parent=1115"}],"curies":[{"name":"wp","href":"https:\/\/api.w.org\/{rel}","templated":true}]}}